{"id":9276,"date":"2021-11-29T11:40:52","date_gmt":"2021-11-29T15:40:52","guid":{"rendered":"https:\/\/renewablesassociation.ca\/exhibit\/"},"modified":"2026-02-13T11:52:25","modified_gmt":"2026-02-13T15:52:25","slug":"exposition","status":"publish","type":"page","link":"https:\/\/renewablesassociation.ca\/fr\/exposition\/","title":{"rendered":"Exposition"},"content":{"rendered":"\n<h2 class=\"wp-block-heading\">Pr\u00e9sentez votre technologie. Rencontrez des d\u00e9cisionnaires. Faites cro\u00eetre votre entreprise.<\/h2>\n\n\n\n<p>L\u2019Association canadienne de l\u2019\u00e9nergie renouvelable (CanREA) met en lien les entreprises, les innovateurs et les experts qui propulsent le secteur de l\u2019\u00e9olien, du solaire et du stockage d\u2019\u00e9nergie au Canada. En exposant lors d\u2019un \u00e9v\u00e9nement de CanREA, vous placez votre entreprise, quelle que soit sa taille, au centre du r\u00e9seau national d\u2019op\u00e9ration et de maintenance (O et M) des \u00e9nergies renouvelables.<\/p>\n\n\n<script>\nvar gform;gform||(document.addEventListener(\"gform_main_scripts_loaded\",function(){gform.scriptsLoaded=!0}),document.addEventListener(\"gform\/theme\/scripts_loaded\",function(){gform.themeScriptsLoaded=!0}),window.addEventListener(\"DOMContentLoaded\",function(){gform.domLoaded=!0}),gform={domLoaded:!1,scriptsLoaded:!1,themeScriptsLoaded:!1,isFormEditor:()=>\"function\"==typeof InitializeEditor,callIfLoaded:function(o){return!(!gform.domLoaded||!gform.scriptsLoaded||!gform.themeScriptsLoaded&&!gform.isFormEditor()||(gform.isFormEditor()&&console.warn(\"The use of gform.initializeOnLoaded() is deprecated in the form editor context and will be removed in Gravity Forms 3.1.\"),o(),0))},initializeOnLoaded:function(o){gform.callIfLoaded(o)||(document.addEventListener(\"gform_main_scripts_loaded\",()=>{gform.scriptsLoaded=!0,gform.callIfLoaded(o)}),document.addEventListener(\"gform\/theme\/scripts_loaded\",()=>{gform.themeScriptsLoaded=!0,gform.callIfLoaded(o)}),window.addEventListener(\"DOMContentLoaded\",()=>{gform.domLoaded=!0,gform.callIfLoaded(o)}))},hooks:{action:{},filter:{}},addAction:function(o,r,e,t){gform.addHook(\"action\",o,r,e,t)},addFilter:function(o,r,e,t){gform.addHook(\"filter\",o,r,e,t)},doAction:function(o){gform.doHook(\"action\",o,arguments)},applyFilters:function(o){return gform.doHook(\"filter\",o,arguments)},removeAction:function(o,r){gform.removeHook(\"action\",o,r)},removeFilter:function(o,r,e){gform.removeHook(\"filter\",o,r,e)},addHook:function(o,r,e,t,n){null==gform.hooks[o][r]&&(gform.hooks[o][r]=[]);var d=gform.hooks[o][r];null==n&&(n=r+\"_\"+d.length),gform.hooks[o][r].push({tag:n,callable:e,priority:t=null==t?10:t})},doHook:function(r,o,e){var t;if(e=Array.prototype.slice.call(e,1),null!=gform.hooks[r][o]&&((o=gform.hooks[r][o]).sort(function(o,r){return o.priority-r.priority}),o.forEach(function(o){\"function\"!=typeof(t=o.callable)&&(t=window[t]),\"action\"==r?t.apply(null,e):e[0]=t.apply(null,e)})),\"filter\"==r)return e[0]},removeHook:function(o,r,t,n){var e;null!=gform.hooks[o][r]&&(e=(e=gform.hooks[o][r]).filter(function(o,r,e){return!!(null!=n&&n!=o.tag||null!=t&&t!=o.priority)}),gform.hooks[o][r]=e)}});\n<\/script>\n\n                <div class='gf_browser_gecko gform_wrapper gravity-theme gform-theme--no-framework' data-form-theme='gravity-theme' data-form-index='0' id='gform_wrapper_9' >\n                        <div class='gform_heading'>\n                            <h2 class=\"gform_title\">Get in touch about exhibition opportunities<\/h2>\n                            <p class='gform_description'><\/p>\n                        <\/div><form method='post' enctype='multipart\/form-data'  id='gform_9'  action='\/fr\/wp-json\/wp\/v2\/pages\/9276' data-formid='9' novalidate><div class='gf_invisible ginput_recaptchav3' data-sitekey='6Lejc9spAAAAAGwnW5UN9Qus4aNJqNeO5ZVsxzoM' data-tabindex='0'><input id=\"input_69b374760d22d2cdc899d6ca8e89b6f8\" class=\"gfield_recaptcha_response\" type=\"hidden\" name=\"input_69b374760d22d2cdc899d6ca8e89b6f8\" value=\"\"\/><\/div>\n                        <div class='gform-body gform_body'><div id='gform_fields_9' class='gform_fields top_label form_sublabel_above description_above validation_below'><fieldset id=\"field_9_1\" class=\"gfield gfield--type-name gfield--input-type-name gfield_contains_required field_sublabel_above gfield--no-description field_description_above field_validation_below gfield_visibility_visible\"  ><legend class='gfield_label gform-field-label gfield_label_before_complex' >Name<span class=\"gfield_required\"><span class=\"gfield_required gfield_required_text\">(N\u00e9cessaire)<\/span><\/span><\/legend><div class='ginput_complex ginput_container ginput_container--name no_prefix has_first_name no_middle_name has_last_name no_suffix gf_name_has_2 ginput_container_name gform-grid-row' id='input_9_1'>\n                            \n                            <span id='input_9_1_3_container' class='name_first gform-grid-col gform-grid-col--size-auto' >\n                                                    <label for='input_9_1_3' class='gform-field-label gform-field-label--type-sub '>Pr\u00e9nom<\/label>\n                                                    <input type='text' name='input_1.3' id='input_9_1_3' value=''   aria-required='true'    autocomplete=\"given-name\" \/>\n                                                <\/span>\n                            \n                            <span id='input_9_1_6_container' class='name_last gform-grid-col gform-grid-col--size-auto' >\n                                                            <label for='input_9_1_6' class='gform-field-label gform-field-label--type-sub '>Nom<\/label>\n                                                            <input type='text' name='input_1.6' id='input_9_1_6' value=''   aria-required='true'    autocomplete=\"family-name\" \/>\n                                                        <\/span>\n                            \n                        <\/div><\/fieldset><fieldset id=\"field_9_2\" class=\"gfield gfield--type-email gfield--input-type-email gfield_contains_required field_sublabel_above gfield--no-description field_description_above field_validation_below gfield_visibility_visible\"  ><legend class='gfield_label gform-field-label gfield_label_before_complex' >Email<span class=\"gfield_required\"><span class=\"gfield_required gfield_required_text\">(N\u00e9cessaire)<\/span><\/span><\/legend><div class='ginput_complex ginput_container ginput_container_email gform-grid-row' id='input_9_2_container'>\n                                <span id='input_9_2_1_container' class='ginput_left gform-grid-col gform-grid-col--size-auto'>\n                                    <label for='input_9_2' class='gform-field-label gform-field-label--type-sub '>Saisissez un e-mail<\/label>\n                                    <input class='' type='email' name='input_2' id='input_9_2' value=''    aria-required=\"true\" aria-invalid=\"false\"  autocomplete=\"email\"\/>\n                                <\/span>\n                                <span id='input_9_2_2_container' class='ginput_right gform-grid-col gform-grid-col--size-auto'>\n                                    <label for='input_9_2_2' class='gform-field-label gform-field-label--type-sub '>Confirmez l\u2019e-mail<\/label>\n                                    <input class='' type='email' name='input_2_2' id='input_9_2_2' value=''    aria-required=\"true\" aria-invalid=\"false\"  autocomplete=\"email\"\/>\n                                <\/span>\n                                <div class='gf_clear gf_clear_complex'><\/div>\n                            <\/div><\/fieldset><div id=\"field_9_4\" class=\"gfield gfield--type-text gfield--input-type-text gfield_contains_required field_sublabel_above gfield--no-description field_description_above field_validation_below gfield_visibility_visible\"  ><label class='gfield_label gform-field-label' for='input_9_4'>Company<span class=\"gfield_required\"><span class=\"gfield_required gfield_required_text\">(N\u00e9cessaire)<\/span><\/span><\/label><div class='ginput_container ginput_container_text'><input name='input_4' id='input_9_4' type='text' value='' class='large'     aria-required=\"true\" aria-invalid=\"false\"   \/><\/div><\/div><\/div><\/div>\n        <div class='gform-footer gform_footer top_label'> <input type='submit' id='gform_submit_button_9' class='gform_button btn btn-primary button' onclick='gform.submission.handleButtonClick(this);' data-submission-type='submit' value='Submit'  \/> \n            <input type='hidden' class='gform_hidden' name='gform_submission_method' data-js='gform_submission_method_9' value='postback' \/>\n            <input type='hidden' class='gform_hidden' name='gform_theme' data-js='gform_theme_9' id='gform_theme_9' value='gravity-theme' \/>\n            <input type='hidden' class='gform_hidden' name='gform_style_settings' data-js='gform_style_settings_9' id='gform_style_settings_9' value='{&quot;inputPrimaryColor&quot;:&quot;#204ce5&quot;}' \/>\n            <input type='hidden' class='gform_hidden' name='is_submit_9' value='1' \/>\n            <input type='hidden' class='gform_hidden' name='gform_submit' value='9' \/>\n            \n            <input type='hidden' class='gform_hidden' name='gform_currency' data-currency='CAD' value='HDO2MSMc38QKowaP1CL7gAl6jPSrp3LDe0Nvo1MW02hlM10LZHT34PXojA+9o7y9V1j++IYzpvi42Qyp5oZnvotuABe\/k43QSz\/S3KJHipEMKLY=' \/>\n            <input type='hidden' class='gform_hidden' name='gform_unique_id' value='' \/>\n            <input type='hidden' class='gform_hidden' name='state_9' value='WyJbXSIsImIxODA1MWZjNzk3NmM5ZDdlZTU4NWI2YTVlMDUzNTk4Il0=' \/>\n            <input type='hidden' autocomplete='off' class='gform_hidden' name='gform_target_page_number_9' id='gform_target_page_number_9' value='0' \/>\n            <input type='hidden' autocomplete='off' class='gform_hidden' name='gform_source_page_number_9' id='gform_source_page_number_9' value='1' \/>\n            <input type='hidden' name='gform_field_values' value='' \/>\n            \n        <\/div>\n                        <\/form>\n                        <\/div><script>\ngform.initializeOnLoaded( function() {gformInitSpinner( 9, 'https:\/\/renewablesassociation.ca\/wp-content\/plugins\/gravityforms\/images\/spinner.svg', true );jQuery('#gform_ajax_frame_9').on('load',function(){var contents = jQuery(this).contents().find('*').html();var is_postback = contents.indexOf('GF_AJAX_POSTBACK') >= 0;if(!is_postback){return;}var form_content = jQuery(this).contents().find('#gform_wrapper_9');var is_confirmation = jQuery(this).contents().find('#gform_confirmation_wrapper_9').length > 0;var is_redirect = contents.indexOf('gformRedirect(){') >= 0;var is_form = form_content.length > 0 && ! is_redirect && ! is_confirmation;var mt = parseInt(jQuery('html').css('margin-top'), 10) + parseInt(jQuery('body').css('margin-top'), 10) + 100;if(is_form){jQuery('#gform_wrapper_9').html(form_content.html());if(form_content.hasClass('gform_validation_error')){jQuery('#gform_wrapper_9').addClass('gform_validation_error');} else {jQuery('#gform_wrapper_9').removeClass('gform_validation_error');}setTimeout( function() { \/* delay the scroll by 50 milliseconds to fix a bug in chrome *\/  }, 50 );if(window['gformInitDatepicker']) {gformInitDatepicker();}if(window['gformInitPriceFields']) {gformInitPriceFields();}var current_page = jQuery('#gform_source_page_number_9').val();gformInitSpinner( 9, 'https:\/\/renewablesassociation.ca\/wp-content\/plugins\/gravityforms\/images\/spinner.svg', true );jQuery(document).trigger('gform_page_loaded', [9, current_page]);window['gf_submitting_9'] = false;}else if(!is_redirect){var confirmation_content = jQuery(this).contents().find('.GF_AJAX_POSTBACK').html();if(!confirmation_content){confirmation_content = contents;}jQuery('#gform_wrapper_9').replaceWith(confirmation_content);jQuery(document).trigger('gform_confirmation_loaded', [9]);window['gf_submitting_9'] = false;wp.a11y.speak(jQuery('#gform_confirmation_message_9').text());}else{jQuery('#gform_9').append(contents);if(window['gformRedirect']) {gformRedirect();}}jQuery(document).trigger(\"gform_pre_post_render\", [{ formId: \"9\", currentPage: \"current_page\", abort: function() { this.preventDefault(); } }]);        if (event && event.defaultPrevented) {                return;        }        const gformWrapperDiv = document.getElementById( \"gform_wrapper_9\" );        if ( gformWrapperDiv ) {            const visibilitySpan = document.createElement( \"span\" );            visibilitySpan.id = \"gform_visibility_test_9\";            gformWrapperDiv.insertAdjacentElement( \"afterend\", visibilitySpan );        }        const visibilityTestDiv = document.getElementById( \"gform_visibility_test_9\" );        let postRenderFired = false;        function triggerPostRender() {            if ( postRenderFired ) {                return;            }            postRenderFired = true;            gform.core.triggerPostRenderEvents( 9, current_page );            if ( visibilityTestDiv ) {                visibilityTestDiv.parentNode.removeChild( visibilityTestDiv );            }        }        function debounce( func, wait, immediate ) {            var timeout;            return function() {                var context = this, args = arguments;                var later = function() {                    timeout = null;                    if ( !immediate ) func.apply( context, args );                };                var callNow = immediate && !timeout;                clearTimeout( timeout );                timeout = setTimeout( later, wait );                if ( callNow ) func.apply( context, args );            };        }        const debouncedTriggerPostRender = debounce( function() {            triggerPostRender();        }, 200 );        if ( visibilityTestDiv && visibilityTestDiv.offsetParent === null ) {            const observer = new MutationObserver( ( mutations ) => {                mutations.forEach( ( mutation ) => {                    if ( mutation.type === 'attributes' && visibilityTestDiv.offsetParent !== null ) {                        debouncedTriggerPostRender();                        observer.disconnect();                    }                });            });            observer.observe( document.body, {                attributes: true,                childList: false,                subtree: true,                attributeFilter: [ 'style', 'class' ],            });        } else {            triggerPostRender();        }    } );} );\n<\/script>\n\n\n\n<h2 class=\"wp-block-heading\">Pourquoi devenir exposant avec CanREA?<\/h2>\n\n\n\n<p>Parce que les \u00e9v\u00e9nements de CanREA repr\u00e9sentent une occasion strat\u00e9gique de toucher votre public, de faire rayonner votre image de marque et de trouver de nouveaux d\u00e9bouch\u00e9s prometteurs.<\/p>\n\n\n\n<h6 class=\"wp-block-heading\">Atteindre votre public cible<\/h6>\n\n\n\n<ul class=\"wp-block-list\">\n<li>Rencontrez des op\u00e9rateurs, des propri\u00e9taires d\u2019actifs, des repr\u00e9sentants des services publics, des promoteurs, des fournisseurs et des prestataires de services \u00e0 la recherche de solutions et de partenariats.<\/li>\n<\/ul>\n\n\n\n<h6 class=\"wp-block-heading\">Faire \u00e9talage de votre expertise<\/h6>\n\n\n\n<ul class=\"wp-block-list\">\n<li>Pr\u00e9sentez directement vos technologies, produits et services aux d\u00e9cisionnaires qui guident la transition du Canada vers l\u2019\u00e9nergie propre.<\/li>\n<\/ul>\n\n\n\n<h6 class=\"wp-block-heading\">Nouer des relations<\/h6>\n\n\n\n<ul class=\"wp-block-list\">\n<li>Discutez en personne avec des clients, des partenaires et des acteurs d\u2019influence dans un environnement consacr\u00e9 \u2013 et hautement favorable \u2013 aux \u00e9changes.<\/li>\n<\/ul>\n\n\n\n<h6 class=\"wp-block-heading\">Promouvoir votre marque<\/h6>\n\n\n\n<ul class=\"wp-block-list\">\n<li>Augmentez votre visibilit\u00e9 gr\u00e2ce aux publications de pr\u00e9sentation des exposants sur le profil LinkedIn national de CanREA, aux vid\u00e9os et aux photographies professionnelles lors de l\u2019\u00e9v\u00e9nement, ainsi qu\u2019\u00e0 la promotion post-\u00e9v\u00e9nementielle qui rejoint des milliers de professionnels du secteur. <\/li>\n<\/ul>\n\n\n\n<blockquote class=\"wp-block-quote is-layout-flow wp-block-quote-is-layout-flow\">\n<p><em>\u00ab&nbsp;Le Sommet des Op\u00e9rateurs \u00e9tait extr\u00eamement bien organis\u00e9, et j\u2019en suis ressortie avec beaucoup d\u2019id\u00e9es int\u00e9ressantes. En tant qu\u2019exposante, j\u2019ai aim\u00e9 la coordination impeccable et les occasions de nouer des liens avec un public tr\u00e8s investi.&nbsp;\u00bb<\/em><\/p>\n<cite><em>\u2013 Jenna Belcourt, Vector Construction<\/em><\/cite><\/blockquote>\n\n\n\n<div style=\"height:9px\" aria-hidden=\"true\" class=\"wp-block-spacer\"><\/div>\n\n\n\n<figure class=\"wp-block-image size-large\"><a href=\"https:\/\/renewablesassociation.ca\/fr\/commandite\/\" target=\"_blank\" rel=\" noreferrer noopener\"><img fetchpriority=\"high\" decoding=\"async\" width=\"1024\" height=\"161\" src=\"https:\/\/renewablesassociation.ca\/wp-content\/smush-webp\/2026\/02\/sponsorship-web-banner-FR-1024x161.png.webp\" alt=\"\" class=\"wp-image-25522\" srcset=\"https:\/\/renewablesassociation.ca\/wp-content\/smush-webp\/2026\/02\/sponsorship-web-banner-FR-1024x161.png.webp 1024w, https:\/\/renewablesassociation.ca\/wp-content\/smush-webp\/2026\/02\/sponsorship-web-banner-FR-300x47.png.webp 300w, https:\/\/renewablesassociation.ca\/wp-content\/smush-webp\/2026\/02\/sponsorship-web-banner-FR-768x121.png.webp 768w, https:\/\/renewablesassociation.ca\/wp-content\/smush-webp\/2026\/02\/sponsorship-web-banner-FR.png.webp 1274w\" sizes=\"(max-width: 1024px) 100vw, 1024px\" \/><\/a><\/figure>\n\n\n\n<blockquote class=\"wp-block-quote is-layout-flow wp-block-quote-is-layout-flow\">\n<p><strong>Vous souhaitez plut\u00f4t devenir commanditaire?<\/strong> <a href=\"https:\/\/renewablesassociation.ca\/fr\/commandite\/\" target=\"_blank\" rel=\"noreferrer noopener\">Diff\u00e9rents niveaux<\/a> de commandite donnent acc\u00e8s \u00e0 de pr\u00e9cieux avantages, tels que des tarifs r\u00e9duits et un kiosque d\u2019exposition gratuit.<\/p>\n<\/blockquote>\n\n\n\n<div style=\"height:9px\" aria-hidden=\"true\" class=\"wp-block-spacer\"><\/div>\n\n\n\n<h3 class=\"wp-block-heading\">Qui gagne \u00e0 devenir exposant?<\/h3>\n\n\n\n<p>Les expositions de CanREA attirent un large \u00e9ventail d\u2019entreprises de la cha\u00eene de valeur de l\u2019\u00e9nergie renouvelable&nbsp;:<\/p>\n\n\n\n<ul class=\"wp-block-list\">\n<li>fabricants d\u2019\u00e9quipement d\u2019origine et de composants pour les technologies \u00e9oliennes, solaires et de stockage;<\/li>\n\n\n\n<li>sp\u00e9cialistes des op\u00e9rations, de l\u2019entretien et de l\u2019inspection (services li\u00e9s \u00e0 la m\u00e9canique, \u00e0 l\u2019\u00e9lectricit\u00e9 et aux pales);<\/li>\n\n\n\n<li>prestataires de services d\u2019ing\u00e9nierie, de construction et de terrain contribuant aux infrastructures d\u2019\u00e9nergie renouvelable;<\/li>\n\n\n\n<li>soci\u00e9t\u00e9s d\u2019analyses de donn\u00e9es num\u00e9riques, d\u2019automatisation et de gestion d\u2019actifs;<\/li>\n\n\n\n<li>fournisseurs industriels proposant de l\u2019\u00e9quipement de s\u00e9curit\u00e9, des outils, du mat\u00e9riel et de l\u2019huile de graissage;<\/li>\n\n\n\n<li>organismes de formation et de perfectionnement de la main-d\u2019\u0153uvre, dont le travail est ax\u00e9 sur la s\u00e9curit\u00e9 et la certification.<\/li>\n<\/ul>\n\n\n\n<p>Entreprise d\u2019envergure mondiale ou fournisseur de services sp\u00e9cialis\u00e9s, vous occuperez le devant de la sc\u00e8ne en exposant avec CanREA. Voir des exemples d\u2019anciens exposants&nbsp;:<\/p>\n\n\n\n<figure class=\"wp-block-image size-large\"><img decoding=\"async\" width=\"1024\" height=\"628\" src=\"https:\/\/renewablesassociation.ca\/wp-content\/uploads\/2025\/11\/OpSummit-2025-Exhibitors-2-e1763659580806-1024x628.png\" alt=\"\" class=\"wp-image-24845\" srcset=\"https:\/\/renewablesassociation.ca\/wp-content\/uploads\/2025\/11\/OpSummit-2025-Exhibitors-2-e1763659580806-1024x628.png 1024w, https:\/\/renewablesassociation.ca\/wp-content\/uploads\/2025\/11\/OpSummit-2025-Exhibitors-2-e1763659580806-300x184.png 300w, https:\/\/renewablesassociation.ca\/wp-content\/uploads\/2025\/11\/OpSummit-2025-Exhibitors-2-e1763659580806-768x471.png 768w, https:\/\/renewablesassociation.ca\/wp-content\/uploads\/2025\/11\/OpSummit-2025-Exhibitors-2-e1763659580806.png 1200w\" sizes=\"(max-width: 1024px) 100vw, 1024px\" loading=\"lazy\" \/><\/figure>\n\n\n\n<p><\/p>\n","protected":false},"excerpt":{"rendered":"<p>L&rsquo;Association canadienne de l&rsquo;&eacute;nergie renouvelable (CanREA) met en lien les entreprises, les innovateurs et les experts qui propulsent le secteur de l&rsquo;&eacute;olien, du solaire et du stockage d&rsquo;&eacute;nergie au Canada. En exposant lors d&rsquo;un &eacute;v&eacute;nement de CanREA, vous placez votre entreprise, quelle que soit sa taille, au centre du r&eacute;seau national d&rsquo;op&eacute;ration et de maintenance [&hellip;]<\/p>\n","protected":false},"author":1582,"featured_media":25215,"parent":0,"menu_order":81,"comment_status":"closed","ping_status":"closed","template":"","meta":{"_acf_changed":false,"_eb_attr":"","_uag_custom_page_level_css":"","footnotes":""},"tags":[],"class_list":["post-9276","page","type-page","status-publish","has-post-thumbnail","hentry"],"acf":[],"uagb_featured_image_src":{"full":["https:\/\/renewablesassociation.ca\/wp-content\/uploads\/2026\/01\/exhibitor-page-header-FR.png",1380,1030,false],"thumbnail":["https:\/\/renewablesassociation.ca\/wp-content\/uploads\/2026\/01\/exhibitor-page-header-FR-150x150.png",150,150,true],"medium":["https:\/\/renewablesassociation.ca\/wp-content\/uploads\/2026\/01\/exhibitor-page-header-FR-300x224.png",300,224,true],"medium_large":["https:\/\/renewablesassociation.ca\/wp-content\/uploads\/2026\/01\/exhibitor-page-header-FR-768x573.png",768,573,true],"large":["https:\/\/renewablesassociation.ca\/wp-content\/uploads\/2026\/01\/exhibitor-page-header-FR-1024x764.png",1024,764,true],"1536x1536":["https:\/\/renewablesassociation.ca\/wp-content\/uploads\/2026\/01\/exhibitor-page-header-FR.png",1380,1030,false],"2048x2048":["https:\/\/renewablesassociation.ca\/wp-content\/uploads\/2026\/01\/exhibitor-page-header-FR.png",1380,1030,false],"alm-thumbnail":["https:\/\/renewablesassociation.ca\/wp-content\/uploads\/2026\/01\/exhibitor-page-header-FR-150x150.png",150,150,true],"alm-cta":["https:\/\/renewablesassociation.ca\/wp-content\/uploads\/2026\/01\/exhibitor-page-header-FR-800x450.png",800,450,true],"alm-gallery":["https:\/\/renewablesassociation.ca\/wp-content\/uploads\/2026\/01\/exhibitor-page-header-FR-800x600.png",800,600,true],"news-img-2x":["https:\/\/renewablesassociation.ca\/wp-content\/uploads\/2026\/01\/exhibitor-page-header-FR.png",1380,1030,false],"news-img":["https:\/\/renewablesassociation.ca\/wp-content\/uploads\/2026\/01\/exhibitor-page-header-FR-690x515.png",690,515,true],"gform-image-choice-sm":["https:\/\/renewablesassociation.ca\/wp-content\/uploads\/2026\/01\/exhibitor-page-header-FR.png",300,224,false],"gform-image-choice-md":["https:\/\/renewablesassociation.ca\/wp-content\/uploads\/2026\/01\/exhibitor-page-header-FR.png",400,299,false],"gform-image-choice-lg":["https:\/\/renewablesassociation.ca\/wp-content\/uploads\/2026\/01\/exhibitor-page-header-FR.png",600,448,false]},"uagb_author_info":{"display_name":"Melissa McDougall","author_link":"https:\/\/renewablesassociation.ca\/fr\/author\/bff89ed1-c4f1-4277-9caa-d943ba5a306a\/"},"uagb_comment_info":0,"uagb_excerpt":"L&rsquo;Association canadienne de l&rsquo;&eacute;nergie renouvelable (CanREA) met en lien les entreprises, les innovateurs et les experts qui propulsent le secteur de l&rsquo;&eacute;olien, du solaire et du stockage d&rsquo;&eacute;nergie au Canada. En exposant lors d&rsquo;un &eacute;v&eacute;nement de CanREA, vous placez votre entreprise, quelle que soit sa taille, au centre du r&eacute;seau national d&rsquo;op&eacute;ration et de maintenance\u2026","_links":{"self":[{"href":"https:\/\/renewablesassociation.ca\/fr\/wp-json\/wp\/v2\/pages\/9276","targetHints":{"allow":["GET"]}}],"collection":[{"href":"https:\/\/renewablesassociation.ca\/fr\/wp-json\/wp\/v2\/pages"}],"about":[{"href":"https:\/\/renewablesassociation.ca\/fr\/wp-json\/wp\/v2\/types\/page"}],"author":[{"embeddable":true,"href":"https:\/\/renewablesassociation.ca\/fr\/wp-json\/wp\/v2\/users\/1582"}],"replies":[{"embeddable":true,"href":"https:\/\/renewablesassociation.ca\/fr\/wp-json\/wp\/v2\/comments?post=9276"}],"version-history":[{"count":86,"href":"https:\/\/renewablesassociation.ca\/fr\/wp-json\/wp\/v2\/pages\/9276\/revisions"}],"predecessor-version":[{"id":25531,"href":"https:\/\/renewablesassociation.ca\/fr\/wp-json\/wp\/v2\/pages\/9276\/revisions\/25531"}],"wp:featuredmedia":[{"embeddable":true,"href":"https:\/\/renewablesassociation.ca\/fr\/wp-json\/wp\/v2\/media\/25215"}],"wp:attachment":[{"href":"https:\/\/renewablesassociation.ca\/fr\/wp-json\/wp\/v2\/media?parent=9276"}],"wp:term":[{"taxonomy":"post_tag","embeddable":true,"href":"https:\/\/renewablesassociation.ca\/fr\/wp-json\/wp\/v2\/tags?post=9276"}],"curies":[{"name":"wp","href":"https:\/\/api.w.org\/{rel}","templated":true}]}}