{"id":9273,"date":"2021-11-29T12:08:00","date_gmt":"2021-11-29T16:08:00","guid":{"rendered":"https:\/\/renewablesassociation.ca\/sponsor\/"},"modified":"2026-03-11T10:59:41","modified_gmt":"2026-03-11T14:59:41","slug":"commandite","status":"publish","type":"page","link":"https:\/\/renewablesassociation.ca\/fr\/commandite\/","title":{"rendered":"Commandite"},"content":{"rendered":"\n<p>Positionnez votre entreprise \u00e0 la t\u00eate de l\u2019\u00e9olien, du solaire et du stockage d\u2019\u00e9nergie!<\/p>\n\n\n\n<p>Les \u00e9v\u00e9nements r\u00e9gionaux et nationaux de CanREA&nbsp;: voil\u00e0 l\u2019occasion pour toutes les entreprises commanditaires de d\u00e9montrer clairement leur engagement envers la croissance de nos industries.<\/p>\n\n\n\n<p>Partenariat \u00e9lectrisant entre votre entreprise et l\u2019Association canadienne de l\u2019\u00e9nergie renouvelable, votre forfait de commandite se veut un instrument de marketing qui r\u00e9pond \u00e0 vos besoins.<\/p>\n\n\n\n<p>Que vous lanciez une nouvelle marque, fassiez la promotion de produits et services particuliers ou cherchiez \u00e0 mieux faire conna\u00eetre votre marque, nous avons des solutions qui conviennent \u00e0 votre budget et \u00e0 votre strat\u00e9gie.<\/p>\n\n\n\n<div class=\"wp-block-buttons is-layout-flex wp-block-buttons-is-layout-flex\">\n<div class=\"wp-block-button\"><a class=\"wp-block-button__link wp-element-button\" href=\"https:\/\/renewablesassociation.ca\/wp-content\/uploads\/2026\/03\/CanREA-Sponsorship-2026-brochure.pdf\" target=\"_blank\" rel=\"noreferrer noopener\">Lire notre prospectus de commandite ici<\/a><\/div>\n<\/div>\n\n\n\n<div class=\"wp-block-group alignwide supporter-cat-boxes has-verdigris-background-color has-background\"><div class=\"wp-block-group__inner-container is-layout-flow wp-block-group-is-layout-flow\">\n<h2 class=\"wp-block-heading\">Tirez le maximum des forfaits de commandites d\u2019\u00e9v\u00e9nement de CanREA&nbsp;:<\/h2>\n\n\n\n<p class=\"has-white-color has-text-color\"><a href=\"mailto:ventes@associationrenouvelable.ca\" target=\"_blank\" rel=\"noreferrer noopener\">Contactez notre \u00e9quipe<\/a> pour discuter des m\u00e9thodes int\u00e9ressantes pour vous d\u00e9marquer en tant que commanditaire et pr\u00e9senter votre entreprise comme chef de file de l\u2019industrie. Discutons-en d\u00e8s aujourd\u2019hui!<\/p>\n<\/div><\/div>\n\n\n\n<p>Les \u00e9v\u00e9nements de marque de CanREA sont des occasions d\u2019apprentissage et de r\u00e9seautage pr\u00e9cieuses qui rassemblent des professionnels de l\u2019industrie d\u2019un peu partout au Canada.<\/p>\n\n\n\n<p>Choisissez parmi un calendrier d\u2019\u00e9v\u00e9nements \u00e9lectrisants, notamment&nbsp;:<\/p>\n\n\n\n<ul class=\"wp-block-list\">\n<li>La s\u00e9rie de r\u00e9ceptions de r\u00e9seautage r\u00e9gionales \u00ab&nbsp;CanREA se branche&nbsp;\u00bb, qui ont lieu partout \u00e0 travers le pays \u00e0 l\u2019automne et au printemps chaque ann\u00e9e. On compte parmi elles la r\u00e9ception hautement attendue du solstice d\u2019\u00e9t\u00e9 \u00e0 Toronto, en juin, et \u2013 une nouveaut\u00e9 en 2025 \u2013 la premi\u00e8re \u00e9dition britanno-colombienne de l\u2019\u00e9v\u00e9nement!<\/li>\n\n\n\n<li>Quatre sommets \u00e9ducatifs chaque printemps&nbsp;: le Sommet sur l\u2019op\u00e9ration de CanREA, Carboneutralit\u00e9 Qu\u00e9bec, Le stockage d\u2019\u00e9nergie en Alberta et L\u2019\u00e9nergie propre dans la finance au Canada.<\/li>\n\n\n\n<li>Sans oublier les populaires tournois de golf de CanREA en Alberta et en Ontario!<\/li>\n<\/ul>\n\n\n\n<div style=\"height:20px\" aria-hidden=\"true\" class=\"wp-block-spacer\"><\/div>\n\n\n\n<div class=\"wp-block-buttons is-layout-flex wp-block-buttons-is-layout-flex\">\n<div class=\"wp-block-button\"><a class=\"wp-block-button__link wp-element-button\" href=\"https:\/\/members.renewablesassociation.ca\/ap\/Form\/Fill\/pgMzbcWL\" target=\"_blank\" rel=\"noreferrer noopener\">Commandite<\/a><\/div>\n<\/div>\n\n\n\n<blockquote class=\"wp-block-quote is-layout-flow wp-block-quote-is-layout-flow\">\n<p>Vous trouverez le d\u00e9tail sur les \u00e9v\u00e9nements de CanREA sur notre page \u00ab&nbsp;<a href=\"https:\/\/renewablesassociation.ca\/fr\/?page_id=1382\" target=\"_blank\" rel=\"noreferrer noopener\">\u00c9v\u00e9nements \u00e0 venir&nbsp;<\/a>\u00bb ; pour rester inform\u00e9, il suffit de s\u2019inscrire \u00e0 notre infolettre, <em><a href=\"https:\/\/renewablesassociation.ca\/fr\/?page_id=14259\" target=\"_blank\" rel=\"noreferrer noopener\">Au courant<\/a><\/em> !<\/p>\n<\/blockquote>\n\n\n\n<p><\/p>\n","protected":false},"excerpt":{"rendered":"<p>Positionnez votre entreprise &agrave; la t&ecirc;te de l&rsquo;&eacute;olien, du solaire et du stockage d&rsquo;&eacute;nergie! [&hellip;]<\/p>\n","protected":false},"author":1582,"featured_media":24231,"parent":0,"menu_order":80,"comment_status":"closed","ping_status":"closed","template":"","meta":{"_acf_changed":false,"_eb_attr":"","_uag_custom_page_level_css":"","footnotes":""},"tags":[],"class_list":["post-9273","page","type-page","status-publish","has-post-thumbnail","hentry"],"acf":[],"uagb_featured_image_src":{"full":["https:\/\/renewablesassociation.ca\/wp-content\/uploads\/2025\/09\/Sponsorship-brochure-2026-web-FR.png",1380,1030,false],"thumbnail":["https:\/\/renewablesassociation.ca\/wp-content\/uploads\/2025\/09\/Sponsorship-brochure-2026-web-FR-150x150.png",150,150,true],"medium":["https:\/\/renewablesassociation.ca\/wp-content\/uploads\/2025\/09\/Sponsorship-brochure-2026-web-FR-300x224.png",300,224,true],"medium_large":["https:\/\/renewablesassociation.ca\/wp-content\/uploads\/2025\/09\/Sponsorship-brochure-2026-web-FR-768x573.png",768,573,true],"large":["https:\/\/renewablesassociation.ca\/wp-content\/uploads\/2025\/09\/Sponsorship-brochure-2026-web-FR-1024x764.png",1024,764,true],"1536x1536":["https:\/\/renewablesassociation.ca\/wp-content\/uploads\/2025\/09\/Sponsorship-brochure-2026-web-FR.png",1380,1030,false],"2048x2048":["https:\/\/renewablesassociation.ca\/wp-content\/uploads\/2025\/09\/Sponsorship-brochure-2026-web-FR.png",1380,1030,false],"alm-thumbnail":["https:\/\/renewablesassociation.ca\/wp-content\/uploads\/2025\/09\/Sponsorship-brochure-2026-web-FR-150x150.png",150,150,true],"alm-cta":["https:\/\/renewablesassociation.ca\/wp-content\/uploads\/2025\/09\/Sponsorship-brochure-2026-web-FR-800x450.png",800,450,true],"alm-gallery":["https:\/\/renewablesassociation.ca\/wp-content\/uploads\/2025\/09\/Sponsorship-brochure-2026-web-FR-800x600.png",800,600,true],"news-img-2x":["https:\/\/renewablesassociation.ca\/wp-content\/uploads\/2025\/09\/Sponsorship-brochure-2026-web-FR.png",1380,1030,false],"news-img":["https:\/\/renewablesassociation.ca\/wp-content\/uploads\/2025\/09\/Sponsorship-brochure-2026-web-FR-690x515.png",690,515,true],"gform-image-choice-sm":["https:\/\/renewablesassociation.ca\/wp-content\/uploads\/2025\/09\/Sponsorship-brochure-2026-web-FR.png",300,224,false],"gform-image-choice-md":["https:\/\/renewablesassociation.ca\/wp-content\/uploads\/2025\/09\/Sponsorship-brochure-2026-web-FR.png",400,299,false],"gform-image-choice-lg":["https:\/\/renewablesassociation.ca\/wp-content\/uploads\/2025\/09\/Sponsorship-brochure-2026-web-FR.png",600,448,false]},"uagb_author_info":{"display_name":"Melissa McDougall","author_link":"https:\/\/renewablesassociation.ca\/fr\/author\/bff89ed1-c4f1-4277-9caa-d943ba5a306a\/"},"uagb_comment_info":0,"uagb_excerpt":"Positionnez votre entreprise &agrave; la t&ecirc;te de l&rsquo;&eacute;olien, du solaire et du stockage d&rsquo;&eacute;nergie! [&hellip;]","_links":{"self":[{"href":"https:\/\/renewablesassociation.ca\/fr\/wp-json\/wp\/v2\/pages\/9273","targetHints":{"allow":["GET"]}}],"collection":[{"href":"https:\/\/renewablesassociation.ca\/fr\/wp-json\/wp\/v2\/pages"}],"about":[{"href":"https:\/\/renewablesassociation.ca\/fr\/wp-json\/wp\/v2\/types\/page"}],"author":[{"embeddable":true,"href":"https:\/\/renewablesassociation.ca\/fr\/wp-json\/wp\/v2\/users\/1582"}],"replies":[{"embeddable":true,"href":"https:\/\/renewablesassociation.ca\/fr\/wp-json\/wp\/v2\/comments?post=9273"}],"version-history":[{"count":77,"href":"https:\/\/renewablesassociation.ca\/fr\/wp-json\/wp\/v2\/pages\/9273\/revisions"}],"predecessor-version":[{"id":25800,"href":"https:\/\/renewablesassociation.ca\/fr\/wp-json\/wp\/v2\/pages\/9273\/revisions\/25800"}],"wp:featuredmedia":[{"embeddable":true,"href":"https:\/\/renewablesassociation.ca\/fr\/wp-json\/wp\/v2\/media\/24231"}],"wp:attachment":[{"href":"https:\/\/renewablesassociation.ca\/fr\/wp-json\/wp\/v2\/media?parent=9273"}],"wp:term":[{"taxonomy":"post_tag","embeddable":true,"href":"https:\/\/renewablesassociation.ca\/fr\/wp-json\/wp\/v2\/tags?post=9273"}],"curies":[{"name":"wp","href":"https:\/\/api.w.org\/{rel}","templated":true}]}}