{"id":8939,"date":"2021-11-10T16:18:52","date_gmt":"2021-11-10T20:18:52","guid":{"rendered":"https:\/\/renewablesassociation.ca\/vision-dici-2050\/vision-outreach-sponsors\/"},"modified":"2021-11-17T16:10:51","modified_gmt":"2021-11-17T20:10:51","slug":"commanditaires-de-la-diffusion-de-la-vision","status":"publish","type":"page","link":"https:\/\/renewablesassociation.ca\/fr\/vision-dici-2050\/commanditaires-de-la-diffusion-de-la-vision\/","title":{"rendered":"Commanditaires de la diffusion de la vision"},"content":{"rendered":"\n<p>L\u2019Association canadienne de l\u2019\u00e9nergie renouvelable (CanREA) souhaite reconna\u00eetre les entreprises membres suivantes, qui ont fourni un soutien financier pour \u00e9largir le rayonnement de sa vision&nbsp;2050.<\/p>\n\n\n\n<figure class=\"wp-block-image size-full is-resized\"><img decoding=\"async\" src=\"https:\/\/renewablesassociation.ca\/wp-content\/smush-webp\/2021\/11\/bluearth.jpg.webp\" alt=\"\" class=\"wp-image-8879\" width=\"200\" height=\"59\" srcset=\"https:\/\/renewablesassociation.ca\/wp-content\/smush-webp\/2021\/11\/bluearth.jpg.webp 400w, https:\/\/renewablesassociation.ca\/wp-content\/smush-webp\/2021\/11\/bluearth-300x88.jpg.webp 300w\" sizes=\"(max-width: 200px) 100vw, 200px\" loading=\"lazy\" \/><\/figure>\n\n\n\n<blockquote class=\"wp-block-quote is-layout-flow wp-block-quote-is-layout-flow\"><p>\u00ab Laisser un h\u00e9ritage et faire une diff\u00e9rence dans les collectivit\u00e9s o\u00f9 nous vivons et travaillons est au c\u0153ur m\u00eame de notre entreprise. Nous sommes tr\u00e8s fiers d\u2019\u00e9tablir des relations solides fond\u00e9es sur la confiance et la collaboration. Alors que nous nous engageons aupr\u00e8s de toutes nos principales parties prenantes \u2013 depuis le choix de l\u2019emplacement initial d\u2019un projet et tout au long de la dur\u00e9e de vie de nos activit\u00e9s \u2013 nous travaillons \u00e0 cr\u00e9er un avenir commun o\u00f9 l\u2019\u00e9nergie renouvelable constitue un compl\u00e9ment direct \u00e0 l\u2019\u00e9nergie et \u00e0 l\u2019expertise qui existent d\u00e9j\u00e0 au sein des collectivit\u00e9s locales. \u00bb<\/p><cite><meta charset=\"utf-8\">\u2014Grant Arnold, pr\u00e9sident et chef de la direction de BluEarth Renewables.<\/cite><\/blockquote>\n\n\n\n<figure class=\"wp-block-image size-full is-resized\"><img decoding=\"async\" src=\"https:\/\/renewablesassociation.ca\/wp-content\/smush-webp\/2021\/11\/bullfrog.jpg.webp\" alt=\"\" class=\"wp-image-8880\" width=\"200\" height=\"87\" srcset=\"https:\/\/renewablesassociation.ca\/wp-content\/smush-webp\/2021\/11\/bullfrog.jpg.webp 400w, https:\/\/renewablesassociation.ca\/wp-content\/smush-webp\/2021\/11\/bullfrog-300x131.jpg.webp 300w\" sizes=\"(max-width: 200px) 100vw, 200px\" loading=\"lazy\" \/><\/figure>\n\n\n\n<blockquote class=\"wp-block-quote is-layout-flow wp-block-quote-is-layout-flow\"><p>\u00ab Les entreprises et les personnes qui font partie de la communaut\u00e9 de Bullfrog Power ont montr\u00e9 que la demande des consommateurs peut acc\u00e9l\u00e9rer le recours aux sources d\u2019\u00e9nergie renouvelable au Canada. Mais pour que nos efforts aient les plus grandes retomb\u00e9es possible, nous avons besoin de cadres r\u00e9glementaires qui \u00e9liminent les obstacles \u00e0 la d\u00e9carbonisation et priorisent les nouveaux projets \u00e9oliens, solaires et de stockage par batterie. C\u2019est pourquoi nous sommes fiers de soutenir la vision\u00a02050 de CanREA et d\u2019encourager la collaboration dans la transition vers la carboneutralit\u00e9. \u00bb<\/p><cite><meta charset=\"utf-8\"><meta charset=\"utf-8\"><meta charset=\"utf-8\">\u2014Suha Jethalal, pr\u00e9sidente, Bullfrog Power&nbsp;<\/cite><\/blockquote>\n\n\n\n<figure class=\"wp-block-image size-full is-resized\"><img decoding=\"async\" src=\"https:\/\/renewablesassociation.ca\/wp-content\/smush-webp\/2021\/11\/edf.png.webp\" alt=\"\" class=\"wp-image-8881\" width=\"200\" height=\"83\" srcset=\"https:\/\/renewablesassociation.ca\/wp-content\/smush-webp\/2021\/11\/edf.png.webp 400w, https:\/\/renewablesassociation.ca\/wp-content\/smush-webp\/2021\/11\/edf-300x124.png.webp 300w\" sizes=\"(max-width: 200px) 100vw, 200px\" loading=\"lazy\" \/><\/figure>\n\n\n\n<blockquote class=\"wp-block-quote is-layout-flow wp-block-quote-is-layout-flow\"><p>\u00ab EDF Renouvelables aimerait remercier CanREA pour son leadership dans la publication de la vision 2050. Nous sommes tout \u00e0 fait d\u2019accord\u00a0: le moment d\u2019investir dans le futur r\u00e9seau \u00e9lectrique du Canada commence aujourd\u2019hui. En tant que promoteur, propri\u00e9taire et exploitant de la production d\u2019\u00e9nergie renouvelable \u00e0 l\u2019\u00e9chelle mondiale, nous savons que le parcours vers la carboneutralit\u00e9 commence par une d\u00e9carbonisation en profondeur du r\u00e9seau \u00e9lectrique. EDF Renouvelables continuera de travailler avec diligence pour apporter de l\u2019exp\u00e9rience et des capitaux afin d\u2019offrir des installations \u00e9nerg\u00e9tiques carboneutres s\u00fbres, fiables et abordables partout au Canada. \u00bb<\/p><cite><meta charset=\"utf-8\">\u2014Cory Basil, vice-pr\u00e9sident, D\u00e9veloppement, EDF Renouvelables<\/cite><\/blockquote>\n\n\n\n<figure class=\"wp-block-image size-full is-resized\"><img loading=\"lazy\" decoding=\"async\" src=\"https:\/\/renewablesassociation.ca\/wp-content\/smush-webp\/2021\/11\/engie.jpg.webp\" alt=\"\" class=\"wp-image-8882\" width=\"200\" height=\"70\" srcset=\"https:\/\/renewablesassociation.ca\/wp-content\/smush-webp\/2021\/11\/engie.jpg.webp 400w, https:\/\/renewablesassociation.ca\/wp-content\/smush-webp\/2021\/11\/engie-300x104.jpg.webp 300w\" sizes=\"(max-width: 200px) 100vw, 200px\" \/><\/figure>\n\n\n\n<blockquote class=\"wp-block-quote is-layout-flow wp-block-quote-is-layout-flow\"><p>\u00ab Les propositions \u00e9nonc\u00e9es dans la Vision 2050 de CanREA sont \u00e0 la fois essentielles et pratiques pour acc\u00e9l\u00e9rer le parcours du Canada vers l\u2019objectif de carboneutralit\u00e9. Le d\u00e9ploiement des \u00e9nergies renouvelables doit s\u2019accompagner de la transformation de l\u2019infrastructure \u00e9lectrique et des cadres r\u00e9glementaires qui concr\u00e9tiseront cette vision. \u00bb<\/p><cite>\u2014Dave Caroll, dirigeant principal des \u00e9nergies renouvelables, ENGIE North America<\/cite><\/blockquote>\n\n\n\n<figure class=\"wp-block-image size-full is-resized\"><img loading=\"lazy\" decoding=\"async\" src=\"https:\/\/renewablesassociation.ca\/wp-content\/smush-webp\/2021\/11\/greengate.png.webp\" alt=\"\" class=\"wp-image-8886\" width=\"250\" height=\"36\" srcset=\"https:\/\/renewablesassociation.ca\/wp-content\/smush-webp\/2021\/11\/greengate.png.webp 500w, https:\/\/renewablesassociation.ca\/wp-content\/smush-webp\/2021\/11\/greengate-300x43.png.webp 300w\" sizes=\"(max-width: 250px) 100vw, 250px\" \/><\/figure>\n\n\n\n<blockquote class=\"wp-block-quote is-layout-flow wp-block-quote-is-layout-flow\"><p>\u00ab Partout sur la plan\u00e8te, nous d\u00e9laissons les mol\u00e9cules pour utiliser les \u00e9lectrons propres comme principale source d\u2019\u00e9nergie. Nos objectifs ambitieux de carboneutralit\u00e9 et l\u2019\u00e9lectrification des transports nous obligent \u00e0 augmenter fortement nos capacit\u00e9s en \u00e9nergie renouvelable et en stockage d\u2019\u00e9nergie. C\u2019est l\u2019occasion de compl\u00e8tement r\u00e9inventer l\u2019\u00e9nergie et ses liens avec la soci\u00e9t\u00e9. Les projets d\u2019\u00e9nergie renouvelable, comme ceux d\u00e9velopp\u00e9s par Greengate, repr\u00e9sentent un rare ralliement des int\u00e9r\u00eats environnementaux, financiers et sociaux, ce qui contribuera \u00e0 nous mener tous vers un avenir plus propre et plus durable, j\u2019en suis convaincu. \u00bb<\/p><cite><meta charset=\"utf-8\">\u2014Dan Balaban, directeur g\u00e9n\u00e9ral, Greengate Power Corporation<\/cite><\/blockquote>\n\n\n\n<figure class=\"wp-block-image size-full is-resized\"><img loading=\"lazy\" decoding=\"async\" src=\"https:\/\/renewablesassociation.ca\/wp-content\/smush-webp\/2021\/11\/kruger.jpg.webp\" alt=\"\" class=\"wp-image-8883\" width=\"200\" height=\"82\" srcset=\"https:\/\/renewablesassociation.ca\/wp-content\/smush-webp\/2021\/11\/kruger.jpg.webp 400w, https:\/\/renewablesassociation.ca\/wp-content\/smush-webp\/2021\/11\/kruger-300x123.jpg.webp 300w\" sizes=\"(max-width: 200px) 100vw, 200px\" \/><\/figure>\n\n\n\n<blockquote class=\"wp-block-quote is-layout-flow wp-block-quote-is-layout-flow\"><p>\u00ab L\u2019atteinte des objectifs climatiques 2050 demande non seulement des efforts concert\u00e9s, mais un changement de paradigme pour la plupart des industries. C\u2019est par ailleurs une responsabilit\u00e9 cruciale face \u00e0 nos enfants et aux g\u00e9n\u00e9rations futures. Une vision \u00e9toff\u00e9e, une feuille de route claire et des rapports d\u2019\u00e9tapes chiffr\u00e9s permettront aux acteurs en \u00e9nergies renouvelables de soutenir leur r\u00f4le central dans la d\u00e9carbonation de notre r\u00e9seau \u00e9lectrique et de notre \u00e9conomie. \u00bb<\/p><cite><meta charset=\"utf-8\"><meta charset=\"utf-8\">\u2014Jean Roy, vice-pr\u00e9sident principal et chef de l\u2019exploitation, Kruger \u00c9nergie<\/cite><\/blockquote>\n\n\n\n<figure class=\"wp-block-image size-full is-resized\"><img loading=\"lazy\" decoding=\"async\" src=\"https:\/\/renewablesassociation.ca\/wp-content\/smush-webp\/2021\/11\/northland.jpg.webp\" alt=\"\" class=\"wp-image-8885\" width=\"200\" height=\"100\" srcset=\"https:\/\/renewablesassociation.ca\/wp-content\/smush-webp\/2021\/11\/northland.jpg.webp 400w, https:\/\/renewablesassociation.ca\/wp-content\/smush-webp\/2021\/11\/northland-300x150.jpg.webp 300w\" sizes=\"(max-width: 200px) 100vw, 200px\" \/><\/figure>\n\n\n\n<blockquote class=\"wp-block-quote is-layout-flow wp-block-quote-is-layout-flow\"><p>\u00ab Northland Power est solidaire de CanREA et de son engagement \u00e0 lutter contre les changements climatiques en tirant parti de l\u2019\u00e9nergie \u00e9olienne, de l\u2019\u00e9nergie solaire et du stockage d\u2019\u00e9nergie, comme il est \u00e9nonc\u00e9 dans la vision 2050. Alors que Northland travaille \u00e0 b\u00e2tir un monde durable et sans carbone, nous exhortons les d\u00e9cideurs f\u00e9d\u00e9raux et provinciaux \u00e0 prendre les mesures qui donnent au Canada les meilleures chances de vaincre les changements climatiques pour le bien des g\u00e9n\u00e9rations futures. \u00bb<\/p><cite><meta charset=\"utf-8\">\u2014Michelle Chislett,&nbsp;directrice g\u00e9n\u00e9rale, D\u00e9veloppement au Canada et aux \u00c9tats-Unis, Northland Power<\/cite><\/blockquote>\n\n\n\n<figure class=\"wp-block-image size-full is-resized\"><img loading=\"lazy\" decoding=\"async\" src=\"https:\/\/renewablesassociation.ca\/wp-content\/smush-webp\/2021\/11\/siemens-gamesa.jpg.webp\" alt=\"\" class=\"wp-image-8887\" width=\"250\" height=\"44\" srcset=\"https:\/\/renewablesassociation.ca\/wp-content\/smush-webp\/2021\/11\/siemens-gamesa.jpg.webp 500w, https:\/\/renewablesassociation.ca\/wp-content\/smush-webp\/2021\/11\/siemens-gamesa-300x52.jpg.webp 300w\" sizes=\"(max-width: 250px) 100vw, 250px\" \/><\/figure>\n\n\n\n<blockquote class=\"wp-block-quote is-layout-flow wp-block-quote-is-layout-flow\"><p>\u00ab Nous appuyons pleinement la vision 2050 de CanREA pour notre parcours transformateur visant \u00e0 atteindre l\u2019objectif de carboneutralit\u00e9 d\u2019ici 2050. Chacune des mesures indiqu\u00e9es dans la liste des t\u00e2ches cl\u00e9s du pr\u00e9sent document nous aidera \u00e0 nous mettre sur la bonne voie pour atteindre ce but. L\u2019hydrog\u00e8ne vert, par exemple, est essentiel \u00e0 la d\u00e9carbonisation de notre \u00e9conomie, et en r\u00e9duisant les \u00e9missions de gaz \u00e0 effet de serre provenant de la production d\u2019hydrog\u00e8ne d\u2019aujourd\u2019hui \u00e0 l\u2019aide d\u2019\u00e9nergies renouvelables plut\u00f4t que de combustibles fossiles, nous pourrons offrir un avenir plus propre et plus durable. \u00bb<\/p><cite><meta charset=\"utf-8\">\u2014Shannon Sturgil, chef de la direction, Onshore North America, Siemens Gamesa Renewable Energy<\/cite><\/blockquote>\n\n\n\n<figure class=\"wp-block-image size-full is-resized\"><img loading=\"lazy\" decoding=\"async\" src=\"https:\/\/renewablesassociation.ca\/wp-content\/smush-webp\/2021\/11\/suncor.png.webp\" alt=\"\" class=\"wp-image-8884\" width=\"200\" height=\"88\" srcset=\"https:\/\/renewablesassociation.ca\/wp-content\/smush-webp\/2021\/11\/suncor.png.webp 400w, https:\/\/renewablesassociation.ca\/wp-content\/smush-webp\/2021\/11\/suncor-300x132.png.webp 300w\" sizes=\"(max-width: 200px) 100vw, 200px\" \/><\/figure>\n\n\n\n<blockquote class=\"wp-block-quote is-layout-flow wp-block-quote-is-layout-flow\"><p>\u00ab En tant que chef de file de l\u2019\u00e9nergie int\u00e9gr\u00e9e au Canada, nous reconnaissons que nous faisons partie du d\u00e9fi des \u00e9missions du pays et, pour cette raison, nous devons faire partie de la solution. Pour atteindre son propre objectif d\u2019\u00eatre une entreprise carboneutre d\u2019ici 2050, Suncor investit et participe \u00e0 diff\u00e9rentes technologies, innovations et initiatives pour r\u00e9duire les \u00e9missions de gaz \u00e0 effet de serre. Il s\u2019agit notamment de l\u2019expansion de notre production actuelle d\u2019\u00e9nergie \u00e0 faibles \u00e9missions de carbone gr\u00e2ce \u00e0 la cog\u00e9n\u00e9ration et \u00e0 l\u2019\u00e9nergie \u00e9olienne, et des travaux sur la production future d\u2019\u00e9nergie \u00e0 faibles \u00e9missions de carbone gr\u00e2ce \u00e0 l\u2019\u00e9nergie solaire et \u00e0 l\u2019hydrog\u00e8ne propre comme combustible pour la production d\u2019\u00e9lectricit\u00e9. Avec CanREA, nous assumons notre r\u00f4le pour fa\u00e7onner notre avenir \u00e9nerg\u00e9tique commun et durable. \u00bb<\/p><cite><meta charset=\"utf-8\">\u2014Kris Smith, vice-pr\u00e9sident directeur, en aval, Suncor<\/cite><\/blockquote>\n\n\n\n<div class=\"wp-block-buttons is-layout-flex wp-block-buttons-is-layout-flex\">\n<div class=\"wp-block-button\"><a class=\"wp-block-button__link\" href=\"https:\/\/renewablesassociation.ca\/wp-content\/uploads\/2021\/12\/Vision2050CanREA_Dec2021_web-1.pdf\" target=\"_blank\" rel=\"noreferrer noopener\"><meta charset=\"utf-8\"><strong>T\u00e9l\u00e9charger la version int\u00e9grale de la vision 2050 de CanREA<\/strong><\/a><\/div>\n\n\n\n<div class=\"wp-block-button\"><a class=\"wp-block-button__link\" href=\"https:\/\/renewablesassociation.ca\/wp-content\/uploads\/2021\/11\/CanREA-2050Vision-brochure-FRENCH-WEB.pdf\" target=\"_blank\" rel=\"noreferrer noopener\"><meta charset=\"utf-8\"><strong>T\u00e9l\u00e9charger la brochure sur la vision 2050 de CanREA<\/strong><\/a><\/div>\n<\/div>\n","protected":false},"excerpt":{"rendered":"<p>L&rsquo;Association canadienne de l&rsquo;&eacute;nergie renouvelable (CanREA) souhaite reconna&icirc;tre les entreprises membres suivantes, qui ont fourni un soutien financier pour &eacute;largir le rayonnement de sa vision2050. [&hellip;]<\/p>\n","protected":false},"author":1582,"featured_media":0,"parent":6570,"menu_order":1,"comment_status":"closed","ping_status":"closed","template":"page-templates\/vision-subpage.php","meta":{"_acf_changed":false,"_eb_attr":"","_uag_custom_page_level_css":"","footnotes":""},"tags":[],"class_list":["post-8939","page","type-page","status-publish","hentry"],"acf":[],"uagb_featured_image_src":{"full":false,"thumbnail":false,"medium":false,"medium_large":false,"large":false,"1536x1536":false,"2048x2048":false,"alm-thumbnail":false,"alm-cta":false,"alm-gallery":false,"news-img-2x":false,"news-img":false,"gform-image-choice-sm":false,"gform-image-choice-md":false,"gform-image-choice-lg":false},"uagb_author_info":{"display_name":"Melissa McDougall","author_link":"https:\/\/renewablesassociation.ca\/fr\/author\/bff89ed1-c4f1-4277-9caa-d943ba5a306a\/"},"uagb_comment_info":0,"uagb_excerpt":"L&rsquo;Association canadienne de l&rsquo;&eacute;nergie renouvelable (CanREA) souhaite reconna&icirc;tre les entreprises membres suivantes, qui ont fourni un soutien financier pour &eacute;largir le rayonnement de sa vision2050. [&hellip;]","_links":{"self":[{"href":"https:\/\/renewablesassociation.ca\/fr\/wp-json\/wp\/v2\/pages\/8939","targetHints":{"allow":["GET"]}}],"collection":[{"href":"https:\/\/renewablesassociation.ca\/fr\/wp-json\/wp\/v2\/pages"}],"about":[{"href":"https:\/\/renewablesassociation.ca\/fr\/wp-json\/wp\/v2\/types\/page"}],"author":[{"embeddable":true,"href":"https:\/\/renewablesassociation.ca\/fr\/wp-json\/wp\/v2\/users\/1582"}],"replies":[{"embeddable":true,"href":"https:\/\/renewablesassociation.ca\/fr\/wp-json\/wp\/v2\/comments?post=8939"}],"version-history":[{"count":8,"href":"https:\/\/renewablesassociation.ca\/fr\/wp-json\/wp\/v2\/pages\/8939\/revisions"}],"predecessor-version":[{"id":9174,"href":"https:\/\/renewablesassociation.ca\/fr\/wp-json\/wp\/v2\/pages\/8939\/revisions\/9174"}],"up":[{"embeddable":true,"href":"https:\/\/renewablesassociation.ca\/fr\/wp-json\/wp\/v2\/pages\/6570"}],"wp:attachment":[{"href":"https:\/\/renewablesassociation.ca\/fr\/wp-json\/wp\/v2\/media?parent=8939"}],"wp:term":[{"taxonomy":"post_tag","embeddable":true,"href":"https:\/\/renewablesassociation.ca\/fr\/wp-json\/wp\/v2\/tags?post=8939"}],"curies":[{"name":"wp","href":"https:\/\/api.w.org\/{rel}","templated":true}]}}