{"id":8936,"date":"2021-11-10T14:45:05","date_gmt":"2021-11-10T18:45:05","guid":{"rendered":"https:\/\/renewablesassociation.ca\/vision-dici-2050\/allies\/"},"modified":"2021-11-18T12:14:47","modified_gmt":"2021-11-18T16:14:47","slug":"allies","status":"publish","type":"page","link":"https:\/\/renewablesassociation.ca\/fr\/vision-dici-2050\/allies\/","title":{"rendered":"Alli\u00e9s"},"content":{"rendered":"\n<h2 class=\"wp-block-heading\"><strong>Alli\u00e9s pour l\u2019acc\u00e9l\u00e9ration et l\u2019expansion de la capacit\u00e9 de l\u2019\u00e9olien, du solaire et du stockage d\u2019\u00e9nergie du Canada<\/strong><\/h2>\n\n\n\n<p>Un vaste r\u00e9seau d\u2019alli\u00e9s s\u2019est ralli\u00e9 \u00e0 la n\u00e9cessit\u00e9 d\u2019accro\u00eetre consid\u00e9rablement l\u2019utilisation de l\u2019\u00e9nergie \u00e9olienne, de l\u2019\u00e9nergie solaire et du stockage d\u2019\u00e9nergie au Canada. Nous remercions toutes ces organisations d\u2019avoir partag\u00e9 leurs points de vue sur la Vision 2050 de CanREA.<\/p>\n\n\n\n<blockquote class=\"wp-block-quote is-layout-flow wp-block-quote-is-layout-flow\"><p>\u00ab La Banque Nationale du Canada appuie la vision 2050 de CanREA et tient \u00e0 participer activement \u00e0 la r\u00e9alisation de l\u2019objectif de carboneutralit\u00e9 du Canada. Tout r\u00e9cemment, nous avons annonc\u00e9 notre adh\u00e9sion \u00e0 l\u2019alliance bancaire Net Z\u00e9ro, une initiative mondiale visant \u00e0 acc\u00e9l\u00e9rer les efforts de lutte contre les changements climatiques. Nous continuons notre longue histoire de partenariats avec nos clients, en finan\u00e7ant des projets d\u2019\u00e9nergie renouvelable au pays et en soutenant les solutions novatrices qui stimuleront la croissance du secteur de l\u2019\u00e9nergie durable dont le Canada a besoin. \u00bb&nbsp;<\/p><cite>\u2014Iain Watson, directeur g\u00e9n\u00e9ral, Financi\u00e8re Banque Nationale<\/cite><\/blockquote>\n\n\n\n<blockquote class=\"wp-block-quote is-layout-flow wp-block-quote-is-layout-flow\"><p>\u00ab En tant que premier courtier d\u2019assurance et conseiller en risque au monde, Marsh a vu des preuves claires des effets croissants des changements climatiques. L\u2019acc\u00e9l\u00e9ration des investissements dans les actifs \u00e9oliens, solaires et de stockage d\u2019\u00e9nergie aidera le Canada \u00e0 r\u00e9aliser les objectifs ambitieux de carboneutralit\u00e9 et \u00e0 r\u00e9pondre \u00e0 la demande d\u2019\u00e9nergie future. Marsh appuie cette transition en investissant dans des capacit\u00e9s sp\u00e9cialis\u00e9es qui informent et soutiennent les clients dans leur parcours vers la durabilit\u00e9. \u00bb<\/p><cite><meta charset=\"utf-8\">\u2014Sarah Robson, pr\u00e9sidente et chef de la direction, Marsh Canada Limited<\/cite><\/blockquote>\n\n\n\n<blockquote class=\"wp-block-quote is-layout-flow wp-block-quote-is-layout-flow\"><p>\u00ab Le lieu est au c\u0153ur de la communaut\u00e9. Le territoire est l\u2019essence de la culture. Les gens sont la puissance de l\u2019abondance. Ces v\u00e9rit\u00e9s sont les fondements de l\u2019adoption libre et sans \u00e9quivoque d\u2019un avenir propre par les communaut\u00e9s et les peuples autochtones, d\u00e8s aujourd\u2019hui! C\u2019est que la bio\u00e9nergie et les \u00e9nergies \u00e9olienne, solaire et hydro\u00e9lectrique \u2013 r\u00e9silientes et fiables \u2013 sont notre meilleur espoir pour r\u00e9pondre aux demandes \u00e9nerg\u00e9tiques de ce si\u00e8cle de mani\u00e8re abordable tout en luttant contre les changements climatiques. La communaut\u00e9 d\u2019Indigenous Clean Energy continuera de soutenir et de favoriser le r\u00f4le d\u2019agent du changement vers l\u2019\u00e9nergie propre que peuvent jouer les relations \u00e9troites de soutien mutuel entre les peuples autochtones et leurs partenaires. Pourquoi? Parce qu\u2019il s\u2019agit d\u2019une expression essentielle de nos v\u00e9rit\u00e9s. \u00bb&nbsp;<\/p><cite><meta charset=\"utf-8\">\u2014Terri Lynn Morrison et Chris Henderson, Indigenous Clean Energy (ICE)<\/cite><\/blockquote>\n\n\n\n<blockquote class=\"wp-block-quote is-layout-flow wp-block-quote-is-layout-flow\"><p>\u00ab L\u2019approche strat\u00e9gique de Bell en mati\u00e8re de gestion des enjeux li\u00e9s aux changements climatiques comprend l\u2019atteinte des op\u00e9rations carboneutres \u00e0 compter de 2025, et la r\u00e9duction de nos \u00e9missions absolues de GES d\u2019ici 2030, conform\u00e9ment \u00e0 un sc\u00e9nario d\u2019\u00e9missions de 1,5 \u00b0C en collaboration avec l\u2019initiative des cibles fond\u00e9es sur la science. Acc\u00e9l\u00e9rer l\u2019adoption de la production d\u2019\u00e9lectricit\u00e9 et de stockage d\u00e9carbon\u00e9e, y compris la production d\u2019\u00e9nergie \u00e9olienne et solaire, est int\u00e9gral \u00e0 l\u2019atteindre efficace des objectifs de Bell en mati\u00e8re de changements climatiques. \u00bb<\/p><cite><meta charset=\"utf-8\">\u2014Marc Duchesne, vice-pr\u00e9sident, S\u00e9curit\u00e9 et responsabilit\u00e9 d\u2019entreprise, Bell<\/cite><\/blockquote>\n\n\n\n<blockquote class=\"wp-block-quote is-layout-flow wp-block-quote-is-layout-flow\"><p>\u00ab Alors que le Canada acc\u00e9l\u00e8re le d\u00e9veloppement de b\u00e2timents carboneutres et les r\u00e9novations, une plus grande production d\u2019\u00e9lectricit\u00e9 et de capacit\u00e9 de stockage d\u2019\u00e9nergie sera n\u00e9cessaire. Le Canada est un chef de file en \u00e9nergie propre, mais doit en faire davantage pour rapidement lancer des sources d\u2019\u00e9lectricit\u00e9 renouvelables comme l\u2019\u00e9nergie solaire et \u00e9olienne afin de suivre le rythme et assurer une d\u2019\u00e9lectricit\u00e9 sans carbone qui peut soutenir la d\u00e9carbonisation du parc immobilier. \u00bb<\/p><cite><meta charset=\"utf-8\">\u2014Thomas Mueller, chef de la direction, Conseil du b\u00e2timent durable du Canada<\/cite><\/blockquote>\n\n\n\n<blockquote class=\"wp-block-quote is-layout-flow wp-block-quote-is-layout-flow\"><p>\u00ab En bref, l\u2019\u00e9lectricit\u00e9 propre propulsera la transition du Canada vers une \u00e9conomie carboneutre. Elle alimentera nos v\u00e9hicules, nos maisons et nos entreprises. Elle est la colonne vert\u00e9brale qui soutient le plus grand plan d\u2019action plan\u00e9taire. Le Canada doit augmenter son offre d\u2019\u00e9nergie renouvelable et de stockage d\u2019\u00e9nergie pour de nombreuses raisons, qui vont de l\u2019atteinte de nos cibles climatiques au renforcement de notre comp\u00e9titivit\u00e9 \u00e9conomique. Nous savons aussi que cela cr\u00e9era des emplois partout au pays, y compris pour les Nations autochtones et les communaut\u00e9s rurales. En plus, c\u2019est ainsi que nous parviendrons enfin \u00e0 \u00e9chapper aux flamb\u00e9es de prix mondiales des combustibles fossiles. \u00bb&nbsp;<\/p><cite><meta charset=\"utf-8\">\u2014Merran Smith, directrice g\u00e9n\u00e9rale, Clean Energy Canada<\/cite><\/blockquote>\n\n\n\n<blockquote class=\"wp-block-quote is-layout-flow wp-block-quote-is-layout-flow\"><p>\u00ab S\u2019il y a beaucoup d\u2019incertitudes entourant la transition \u00e9nerg\u00e9tique, une chose est s\u00fbre&nbsp;: il faut grandement augmenter et acc\u00e9l\u00e9rer le d\u00e9ploiement de l\u2019\u00e9nergie renouvelable et du stockage d\u2019\u00e9nergie au Canada. En plus de l\u2019avantage de r\u00e9duction des \u00e9missions, QUEST consid\u00e8re que l\u2019int\u00e9gration de ces technologies m\u00e8nera \u00e0 une prosp\u00e9rit\u00e9 \u00e9conomique soutenue et durable et \u00e0 une meilleure r\u00e9silience \u00e9nerg\u00e9tique \u00e0 l\u2019\u00e9chelle locale. L\u2019adoption de l\u2019\u00e9nergie renouvelable et du stockage repr\u00e9sente une solution locale \u00e0 un probl\u00e8me mondial. \u00bb<\/p><cite><meta charset=\"utf-8\">\u2014Tonja Leach, directrice g\u00e9n\u00e9rale, QUEST<\/cite><\/blockquote>\n\n\n\n<blockquote class=\"wp-block-quote is-layout-flow wp-block-quote-is-layout-flow\"><p>\u00ab Le secteur financier joue un r\u00f4le essentiel dans la lutte contre les changements climatiques et dans l\u2019atteinte d\u2019un monde carboneutre. En tant que fournisseur de premier plan de protection de risque pour les solutions climatiques, Swiss Re salue les efforts de CanREA pour acc\u00e9l\u00e9rer la production et l\u2019adoption d\u2019\u00e9nergies renouvelables. Nous partageons votre engagement en assurant des parcs \u00e9oliens en mer pour garantir leur viabilit\u00e9 financi\u00e8re \u00e0 long terme. Ensemble, les secteurs public et priv\u00e9 peuvent rendre le monde plus r\u00e9silient. \u00bb<\/p><cite><meta charset=\"utf-8\">\u2014Adrian Hall, chef de la direction, Canada, Swiss Re<\/cite><\/blockquote>\n\n\n\n<blockquote class=\"wp-block-quote is-layout-flow wp-block-quote-is-layout-flow\"><p>\u00ab La mobilit\u00e9 \u00e9lectrique et l\u2019\u00e9nergie renouvelable&nbsp;: quel duo!<strong> <\/strong>Le transport est responsable de 25&nbsp;% des \u00e9missions de gaz \u00e0 effet de serre (GES) du Canada et d\u2019une part importante de sa pollution atmosph\u00e9rique. Sachant que chaque ann\u00e9e, celle-ci cause 15&nbsp;300&nbsp;d\u00e9c\u00e8s et a des r\u00e9percussions estim\u00e9es \u00e0 120&nbsp;milliards de dollars, selon Sant\u00e9 Canada (2021), nous devrions r\u00e9duire grandement nos \u00e9missions de GES et de polluants atmosph\u00e9riques, et la meilleure fa\u00e7on d\u2019y arriver consiste \u00e0 combiner la mobilit\u00e9 \u00e9lectrique \u00e0 de l\u2019\u00e9nergie renouvelable, par exemple \u00e9olienne ou solaire. Non seulement nous \u00e9conomiserons ainsi des milliards de dollars tout en cr\u00e9ant des centaines de milliers d\u2019emplois durables de qualit\u00e9, mais nous sauverons aussi des milliers de vies au Canada. Et \u00e7a, \u00e7a n\u2019a pas de prix. \u00bb<\/p><cite><meta charset=\"utf-8\">\u2014Daniel Breton, pr\u00e9sident et directeur&nbsp;g\u00e9n\u00e9ral, Mobilit\u00e9 \u00e9lectrique Canada<\/cite><\/blockquote>\n\n\n\n<blockquote class=\"wp-block-quote is-layout-flow wp-block-quote-is-layout-flow\"><p>\u00ab Le Canada doit d\u00e9carboner son secteur de l\u2019\u00e9lectricit\u00e9 d\u2019ici 2035 et accro\u00eetre l\u2019\u00e9lectrification afin de maintenir la hausse de la temp\u00e9rature mondiale \u00e0 1,5 C et de permettre une \u00e9conomie carboneutre d\u2019ici 2050. L\u2019Institut Pembina appuie le d\u00e9ploiement rapide de solutions d\u2019\u00e9nergie propre, y compris les \u00e9nergies renouvelables, le stockage, la r\u00e9ponse \u00e0 la demande, l\u2019efficacit\u00e9 et la transmission, d\u2019une mani\u00e8re qui tire parti de leurs services peu co\u00fbteux et fiables, et qui permet une transition \u00e9quitable pour les collectivit\u00e9s touch\u00e9es. Ces mesures peuvent aider \u00e0 attirer des emplois, des investissements et des entreprises ayant des objectifs de d\u00e9veloppement durable au Canada. \u00bb<\/p><cite><meta charset=\"utf-8\">\u2014Linda Coady, Directrice g\u00e9n\u00e9rale, Pembina Institute<\/cite><\/blockquote>\n\n\n\n<div class=\"wp-block-buttons is-layout-flex wp-block-buttons-is-layout-flex\">\n<div class=\"wp-block-button\"><a class=\"wp-block-button__link\" href=\"https:\/\/renewablesassociation.ca\/wp-content\/uploads\/2021\/12\/Vision2050CanREA_Dec2021_web-1.pdf\" target=\"_blank\" rel=\"noreferrer noopener\"><meta charset=\"utf-8\"><strong>T\u00e9l\u00e9charger la version int\u00e9grale de la vision 2050 de CanREA<\/strong><\/a><\/div>\n\n\n\n<div class=\"wp-block-button\"><a class=\"wp-block-button__link\" href=\"https:\/\/renewablesassociation.ca\/wp-content\/uploads\/2021\/11\/CanREA-2050Vision-brochure-FRENCH-WEB.pdf\" target=\"_blank\" rel=\"noreferrer noopener\"><meta charset=\"utf-8\"><strong>T\u00e9l\u00e9charger la brochure sur la vision 2050 de CanREA<\/strong><\/a><\/div>\n<\/div>\n","protected":false},"excerpt":{"rendered":"<p>Un vaste r&eacute;seau d&rsquo;alli&eacute;s s&rsquo;est ralli&eacute; &agrave; la n&eacute;cessit&eacute; d&rsquo;accro&icirc;tre consid&eacute;rablement l&rsquo;utilisation de l&rsquo;&eacute;nergie &eacute;olienne, de l&rsquo;&eacute;nergie solaire et du stockage d&rsquo;&eacute;nergie au Canada. Nous remercions toutes ces organisations d&rsquo;avoir partag&eacute; leurs points de vue sur la Vision 2050 de CanREA. [&hellip;]<\/p>\n","protected":false},"author":1582,"featured_media":0,"parent":6570,"menu_order":5,"comment_status":"closed","ping_status":"closed","template":"page-templates\/vision-subpage.php","meta":{"_acf_changed":false,"_eb_attr":"","_uag_custom_page_level_css":"","footnotes":""},"tags":[],"class_list":["post-8936","page","type-page","status-publish","hentry"],"acf":[],"uagb_featured_image_src":{"full":false,"thumbnail":false,"medium":false,"medium_large":false,"large":false,"1536x1536":false,"2048x2048":false,"alm-thumbnail":false,"alm-cta":false,"alm-gallery":false,"news-img-2x":false,"news-img":false,"gform-image-choice-sm":false,"gform-image-choice-md":false,"gform-image-choice-lg":false},"uagb_author_info":{"display_name":"Melissa McDougall","author_link":"https:\/\/renewablesassociation.ca\/fr\/author\/bff89ed1-c4f1-4277-9caa-d943ba5a306a\/"},"uagb_comment_info":0,"uagb_excerpt":"Un vaste r&eacute;seau d&rsquo;alli&eacute;s s&rsquo;est ralli&eacute; &agrave; la n&eacute;cessit&eacute; d&rsquo;accro&icirc;tre consid&eacute;rablement l&rsquo;utilisation de l&rsquo;&eacute;nergie &eacute;olienne, de l&rsquo;&eacute;nergie solaire et du stockage d&rsquo;&eacute;nergie au Canada. Nous remercions toutes ces organisations d&rsquo;avoir partag&eacute; leurs points de vue sur la Vision 2050 de CanREA. [&hellip;]","_links":{"self":[{"href":"https:\/\/renewablesassociation.ca\/fr\/wp-json\/wp\/v2\/pages\/8936","targetHints":{"allow":["GET"]}}],"collection":[{"href":"https:\/\/renewablesassociation.ca\/fr\/wp-json\/wp\/v2\/pages"}],"about":[{"href":"https:\/\/renewablesassociation.ca\/fr\/wp-json\/wp\/v2\/types\/page"}],"author":[{"embeddable":true,"href":"https:\/\/renewablesassociation.ca\/fr\/wp-json\/wp\/v2\/users\/1582"}],"replies":[{"embeddable":true,"href":"https:\/\/renewablesassociation.ca\/fr\/wp-json\/wp\/v2\/comments?post=8936"}],"version-history":[{"count":8,"href":"https:\/\/renewablesassociation.ca\/fr\/wp-json\/wp\/v2\/pages\/8936\/revisions"}],"predecessor-version":[{"id":9175,"href":"https:\/\/renewablesassociation.ca\/fr\/wp-json\/wp\/v2\/pages\/8936\/revisions\/9175"}],"up":[{"embeddable":true,"href":"https:\/\/renewablesassociation.ca\/fr\/wp-json\/wp\/v2\/pages\/6570"}],"wp:attachment":[{"href":"https:\/\/renewablesassociation.ca\/fr\/wp-json\/wp\/v2\/media?parent=8936"}],"wp:term":[{"taxonomy":"post_tag","embeddable":true,"href":"https:\/\/renewablesassociation.ca\/fr\/wp-json\/wp\/v2\/tags?post=8936"}],"curies":[{"name":"wp","href":"https:\/\/api.w.org\/{rel}","templated":true}]}}