{"id":8930,"date":"2021-11-10T14:36:58","date_gmt":"2021-11-10T18:36:58","guid":{"rendered":"https:\/\/renewablesassociation.ca\/vision-dici-2050\/the-industry-is-ready\/"},"modified":"2021-11-16T17:05:39","modified_gmt":"2021-11-16T21:05:39","slug":"le-secteur-est-pret","status":"publish","type":"page","link":"https:\/\/renewablesassociation.ca\/fr\/vision-dici-2050\/le-secteur-est-pret\/","title":{"rendered":"Le secteur est pr\u00eat"},"content":{"rendered":"\n<h2 class=\"wp-block-heading\"><strong><strong>Pr\u00eat \u00e0 relever le d\u00e9fi&nbsp;: le secteur de l\u2019\u00e9olien, du solaire et du stockage d\u2019\u00e9nergie du Canada<\/strong><\/strong><\/h2>\n\n\n\n<p>Le secteur de l\u2019\u00e9olien, du solaire et du stockage d\u2019\u00e9nergie est impatient de commencer \u00e0 installer et \u00e0 fournir la grande quantit\u00e9 de nouvelle puissance requise pour que le Canada devienne carboneutre. Il aura un r\u00f4le d\u00e9terminant \u00e0 jouer pour assurer une transition \u00e9nerg\u00e9tique responsable et durable.<\/p>\n\n\n\n<p>\u00c0 mesure que la nouvelle puissance est construite au Canada, il faudra veiller \u00e0 ce qu\u2019elle obtienne le soutien des collectivit\u00e9s, apporte satisfaction aux consommateurs, cr\u00e9e des avantages \u00e9conomiques pour le pays et ses collectivit\u00e9s, et contribue au d\u00e9veloppement durable et \u00e0 la protection de l\u2019environnement.<\/p>\n\n\n\n<p>CanREA l\u2019appelle \u00e0 devenir encore plus&nbsp;:<\/p>\n\n\n\n<h3 class=\"wp-block-heading\">Responsable, en obtenant le soutien des collectivit\u00e9s et en satisfaisant les consommateurs:<\/h3>\n\n\n\n<ul class=\"wp-block-list\"><li>Tous les nouveaux projets \u00e9oliens, solaires et de stockage d\u2019\u00e9nergie ont besoin d\u2019une solide base form\u00e9e de collectivit\u00e9s qui les soutiennent et de consommateurs satisfaits.<\/li><li>Chaque collectivit\u00e9 est unique. Pour comprendre et prendre en compte ses perspectives, il faut la consulter d\u00e8s le d\u00e9but, de fa\u00e7on significative et soutenue.<\/li><li>Le nombre de projets \u00e9oliens, solaires et de stockage d\u2019\u00e9nergie con\u00e7us en partenariat avec des communaut\u00e9s autochtones est en croissance rapide.<\/li><\/ul>\n\n\n\n<h3 class=\"wp-block-heading\">Florissant, en cr\u00e9ant des possibilit\u00e9s \u00e9conomiques pour les collectivit\u00e9s du Canada:<\/h3>\n\n\n\n<ul class=\"wp-block-list\"><li>Le <a href=\"https:\/\/renewablesassociation.ca\/fr\/?page_id=8908\" data-type=\"page\" data-id=\"8908\">sc\u00e9nario illustratif de CanREA<\/a> sur la nouvelle puissance \u00e9olienne et solaire requise pour que le Canada devienne carboneutre donnerait lieu \u00e0 8\u00a0milliards de dollars en investissements et \u00e0 28\u00a0000\u00a0emplois (ann\u00e9es-personnes) directs et indirects par ann\u00e9e.<\/li><li>Un projet \u00e9olien de 100\u00a0MW peut engendrer 1\u00a0million de dollars en paiement d\u2019imp\u00f4t foncier et 500\u00a0000\u00a0dollars en paiement de location aux propri\u00e9taires fonciers chaque ann\u00e9e.<\/li><li>Les projets d\u2019\u00e9nergie propre (en grande majorit\u00e9 d\u2019\u00e9nergie renouvelable) devraient fournir 1,5\u00a0milliard de dollars en emplois et en contrats aux communaut\u00e9s autochtones dans les 10\u00a0prochaines ann\u00e9es.<\/li><\/ul>\n\n\n\n<h3 class=\"wp-block-heading\">Durable, en contribuant \u00e0 la protection de l\u2019environnement:<\/h3>\n\n\n\n<ul class=\"wp-block-list\"><li>La production d\u2019\u00e9lectricit\u00e9 \u00e0 partir des \u00e9nergies \u00e9olienne et solaire n\u2019\u00e9met pas de gaz \u00e0 effet de serre ni de polluants atmosph\u00e9riques, ne consomme pas de grandes quantit\u00e9s d\u2019eau douce et ne g\u00e9n\u00e8re aucun d\u00e9chet toxique, dangereux ou radioactif.<\/li><li>Le secteur de l\u2019\u00e9olien, du solaire et du stockage d\u2019\u00e9nergie doit aller plus loin que le simple respect des r\u00e8glements sur l\u2019environnement, et chercher proactivement \u00e0 am\u00e9liorer la durabilit\u00e9 et la responsabilit\u00e9 environnementales tout au long du cycle de vie des produits et des projets.<\/li><li>CanREA appuie l\u2019\u00e9laboration de pratiques exemplaires, de lignes directrices et de rapports de l\u2019industrie, le renforcement des comp\u00e9tences et la diffusion d\u2019information, et organise chaque ann\u00e9e le plus grand \u00e9v\u00e9nement sur l\u2019op\u00e9ration d\u2019installations au Canada.<\/li><\/ul>\n\n\n\n<div class=\"wp-block-buttons is-layout-flex wp-block-buttons-is-layout-flex\">\n<div class=\"wp-block-button\"><a class=\"wp-block-button__link\" href=\"https:\/\/renewablesassociation.ca\/wp-content\/uploads\/2021\/12\/Vision2050CanREA_Dec2021_web-1.pdf\" target=\"_blank\" rel=\"noreferrer noopener\"><meta charset=\"utf-8\"><strong>T\u00e9l\u00e9charger la version int\u00e9grale de la vision 2050 de CanREA<\/strong><\/a><\/div>\n\n\n\n<div class=\"wp-block-button\"><a class=\"wp-block-button__link\" href=\"https:\/\/renewablesassociation.ca\/wp-content\/uploads\/2021\/11\/CanREA-2050Vision-brochure-FRENCH-WEB.pdf\" target=\"_blank\" rel=\"noreferrer noopener\"><meta charset=\"utf-8\"><strong>T\u00e9l\u00e9charger la brochure sur la vision 2050 de CanREA<\/strong><\/a><\/div>\n<\/div>\n","protected":false},"excerpt":{"rendered":"<p>Le secteur de l&rsquo;&eacute;olien, du solaire et du stockage d&rsquo;&eacute;nergie est impatient de commencer &agrave; installer et &agrave; fournir la grande quantit&eacute; de nouvelle puissance requise pour que le Canada devienne carboneutre. Il aura un r&ocirc;le d&eacute;terminant &agrave; jouer pour assurer une transition &eacute;nerg&eacute;tique responsable et durable. [&hellip;]<\/p>\n","protected":false},"author":1582,"featured_media":8931,"parent":6570,"menu_order":4,"comment_status":"closed","ping_status":"closed","template":"page-templates\/vision-subpage.php","meta":{"_acf_changed":false,"_eb_attr":"","_uag_custom_page_level_css":"","footnotes":""},"tags":[],"class_list":["post-8930","page","type-page","status-publish","has-post-thumbnail","hentry"],"acf":[],"uagb_featured_image_src":{"full":["https:\/\/renewablesassociation.ca\/wp-content\/uploads\/2021\/11\/5-hero-industry-ready@2x-1.jpg",1380,1030,false],"thumbnail":["https:\/\/renewablesassociation.ca\/wp-content\/uploads\/2021\/11\/5-hero-industry-ready@2x-1-150x150.jpg",150,150,true],"medium":["https:\/\/renewablesassociation.ca\/wp-content\/uploads\/2021\/11\/5-hero-industry-ready@2x-1-300x224.jpg",300,224,true],"medium_large":["https:\/\/renewablesassociation.ca\/wp-content\/uploads\/2021\/11\/5-hero-industry-ready@2x-1-768x573.jpg",768,573,true],"large":["https:\/\/renewablesassociation.ca\/wp-content\/uploads\/2021\/11\/5-hero-industry-ready@2x-1-1024x764.jpg",1024,764,true],"1536x1536":["https:\/\/renewablesassociation.ca\/wp-content\/uploads\/2021\/11\/5-hero-industry-ready@2x-1.jpg",1380,1030,false],"2048x2048":["https:\/\/renewablesassociation.ca\/wp-content\/uploads\/2021\/11\/5-hero-industry-ready@2x-1.jpg",1380,1030,false],"alm-thumbnail":["https:\/\/renewablesassociation.ca\/wp-content\/uploads\/2021\/11\/5-hero-industry-ready@2x-1.jpg",150,112,false],"alm-cta":["https:\/\/renewablesassociation.ca\/wp-content\/uploads\/2021\/11\/5-hero-industry-ready@2x-1.jpg",603,450,false],"alm-gallery":["https:\/\/renewablesassociation.ca\/wp-content\/uploads\/2021\/11\/5-hero-industry-ready@2x-1.jpg",800,597,false],"news-img-2x":["https:\/\/renewablesassociation.ca\/wp-content\/uploads\/2021\/11\/5-hero-industry-ready@2x-1-1380x1030.jpg",1380,1030,true],"news-img":["https:\/\/renewablesassociation.ca\/wp-content\/uploads\/2021\/11\/5-hero-industry-ready@2x-1-690x515.jpg",690,515,true],"gform-image-choice-sm":["https:\/\/renewablesassociation.ca\/wp-content\/uploads\/2021\/11\/5-hero-industry-ready@2x-1.jpg",300,224,false],"gform-image-choice-md":["https:\/\/renewablesassociation.ca\/wp-content\/uploads\/2021\/11\/5-hero-industry-ready@2x-1.jpg",400,299,false],"gform-image-choice-lg":["https:\/\/renewablesassociation.ca\/wp-content\/uploads\/2021\/11\/5-hero-industry-ready@2x-1.jpg",600,448,false]},"uagb_author_info":{"display_name":"Melissa McDougall","author_link":"https:\/\/renewablesassociation.ca\/fr\/author\/bff89ed1-c4f1-4277-9caa-d943ba5a306a\/"},"uagb_comment_info":0,"uagb_excerpt":"Le secteur de l&rsquo;&eacute;olien, du solaire et du stockage d&rsquo;&eacute;nergie est impatient de commencer &agrave; installer et &agrave; fournir la grande quantit&eacute; de nouvelle puissance requise pour que le Canada devienne carboneutre. Il aura un r&ocirc;le d&eacute;terminant &agrave; jouer pour assurer une transition &eacute;nerg&eacute;tique responsable et durable. [&hellip;]","_links":{"self":[{"href":"https:\/\/renewablesassociation.ca\/fr\/wp-json\/wp\/v2\/pages\/8930","targetHints":{"allow":["GET"]}}],"collection":[{"href":"https:\/\/renewablesassociation.ca\/fr\/wp-json\/wp\/v2\/pages"}],"about":[{"href":"https:\/\/renewablesassociation.ca\/fr\/wp-json\/wp\/v2\/types\/page"}],"author":[{"embeddable":true,"href":"https:\/\/renewablesassociation.ca\/fr\/wp-json\/wp\/v2\/users\/1582"}],"replies":[{"embeddable":true,"href":"https:\/\/renewablesassociation.ca\/fr\/wp-json\/wp\/v2\/comments?post=8930"}],"version-history":[{"count":6,"href":"https:\/\/renewablesassociation.ca\/fr\/wp-json\/wp\/v2\/pages\/8930\/revisions"}],"predecessor-version":[{"id":9084,"href":"https:\/\/renewablesassociation.ca\/fr\/wp-json\/wp\/v2\/pages\/8930\/revisions\/9084"}],"up":[{"embeddable":true,"href":"https:\/\/renewablesassociation.ca\/fr\/wp-json\/wp\/v2\/pages\/6570"}],"wp:featuredmedia":[{"embeddable":true,"href":"https:\/\/renewablesassociation.ca\/fr\/wp-json\/wp\/v2\/media\/8931"}],"wp:attachment":[{"href":"https:\/\/renewablesassociation.ca\/fr\/wp-json\/wp\/v2\/media?parent=8930"}],"wp:term":[{"taxonomy":"post_tag","embeddable":true,"href":"https:\/\/renewablesassociation.ca\/fr\/wp-json\/wp\/v2\/tags?post=8930"}],"curies":[{"name":"wp","href":"https:\/\/api.w.org\/{rel}","templated":true}]}}