{"id":8913,"date":"2021-11-10T14:16:04","date_gmt":"2021-11-10T18:16:04","guid":{"rendered":"https:\/\/renewablesassociation.ca\/vision-dici-2050\/canadas-to-do-list\/"},"modified":"2021-11-16T17:04:29","modified_gmt":"2021-11-16T21:04:29","slug":"la-liste-des-taches-du-canada","status":"publish","type":"page","link":"https:\/\/renewablesassociation.ca\/fr\/vision-dici-2050\/la-liste-des-taches-du-canada\/","title":{"rendered":"La liste des t\u00e2ches du Canada"},"content":{"rendered":"\n<h2 class=\"wp-block-heading\"><strong>Un appel \u00e0 l\u2019action urgent pour les d\u00e9cideurs en mati\u00e8re d\u2019\u00e9lectricit\u00e9<\/strong><\/h2>\n\n\n\n<p>La vision&nbsp;2050 de CanREA pr\u00e9sente 5&nbsp;t\u00e2ches cl\u00e9s et 15&nbsp;mesures imm\u00e9diates incombant aux gouvernements, aux services publics, aux op\u00e9rateurs de r\u00e9seaux et aux autorit\u00e9s de r\u00e9glementation, qui doivent coop\u00e9rer pour d\u00e9ployer ces technologies critiques \u00e0 une \u00e9chelle gigantesque de mani\u00e8re responsable et durable.<\/p>\n\n\n\n<div class=\"wp-block-media-text alignwide is-stacked-on-mobile is-vertically-aligned-top\" style=\"grid-template-columns:25% auto\"><figure class=\"wp-block-media-text__media\"><img fetchpriority=\"high\" decoding=\"async\" width=\"300\" height=\"295\" src=\"https:\/\/renewablesassociation.ca\/wp-content\/smush-webp\/2021\/11\/1-circled-Numbers.png.webp\" alt=\"\" class=\"wp-image-8914 size-full\"\/><\/figure><div class=\"wp-block-media-text__content\">\n<p class=\"has-verdigris-color has-text-color\"><strong><strong>T\u00e2che&nbsp;1&nbsp;: D\u00e9carboner la production d\u2019\u00e9lectricit\u00e9 du Canada d\u2019ici 2035.<\/strong><\/strong><\/p>\n\n\n\n<ul class=\"wp-block-list\"><li>Adopter une norme sur l\u2019\u00e9lectricit\u00e9 propre \u00e9tablissant des limites d\u2019\u00e9missions de gaz \u00e0 effet de serre (GES) qui obligeront la d\u00e9carbonisation du r\u00e9seau \u00e9lectrique d\u2019ici 2035.<\/li><li>Veiller \u00e0 ce que les centrales au gaz naturel existantes soient expos\u00e9es progressivement au prix du carbone, dans les cadres f\u00e9d\u00e9ral et provinciaux de tarification, jusqu\u2019\u00e0 l\u2019\u00eatre enti\u00e8rement en 2030.&nbsp;&nbsp;<\/li><li>R\u00e9fl\u00e9chir \u00e0 l\u2019interaction potentielle entre ces mesures et en tenir compte dans leur conception.<\/li><\/ul>\n<\/div><\/div>\n\n\n\n<hr class=\"wp-block-separator has-text-color has-background has-verdigris-background-color has-verdigris-color is-style-wide\"\/>\n\n\n\n<div class=\"wp-block-media-text alignwide is-stacked-on-mobile is-vertically-aligned-top\" style=\"grid-template-columns:25% auto\"><figure class=\"wp-block-media-text__media\"><img decoding=\"async\" width=\"300\" height=\"295\" src=\"https:\/\/renewablesassociation.ca\/wp-content\/smush-webp\/2021\/11\/2-circled-Numbers.png.webp\" alt=\"\" class=\"wp-image-8917 size-full\" loading=\"lazy\" \/><\/figure><div class=\"wp-block-media-text__content\">\n<p class=\"has-verdigris-color has-text-color\"><strong><strong>T\u00e2che&nbsp;2&nbsp;: Moderniser les march\u00e9s de l\u2019\u00e9lectricit\u00e9 et les cadres r\u00e9glementaires du Canada pour permettre la d\u00e9carbonisation et l\u2019expansion du r\u00e9seau au plus bas co\u00fbt possible.<\/strong><\/strong><\/p>\n\n\n\n<ul class=\"wp-block-list\"><li>\u00c9tablir et pr\u00e9voir la valeur \u00e9conomique des services qui maintiennent la stabilit\u00e9 et la s\u00e9curit\u00e9 du r\u00e9seau.<\/li><li>Encourager l\u2019innovation et l\u2019exp\u00e9rimentation en ce qui concerne le d\u00e9ploiement des technologies qui fournissent ces services, et la r\u00e9mun\u00e9ration de ceux-ci.&nbsp;<\/li><li>\u00c9liminer les obstacles \u00e0 l\u2019int\u00e9gration de ces technologies au r\u00e9seau.&nbsp;<\/li><li>Cr\u00e9er des conditions qui permettent au plus grand nombre possible de fournisseurs de se livrer concurrence pour fournir ces services.&nbsp;<\/li><\/ul>\n<\/div><\/div>\n\n\n\n<hr class=\"wp-block-separator has-text-color has-background has-verdigris-background-color has-verdigris-color is-style-wide\"\/>\n\n\n\n<div class=\"wp-block-media-text alignwide is-stacked-on-mobile is-vertically-aligned-top\" style=\"grid-template-columns:25% auto\"><figure class=\"wp-block-media-text__media\"><img decoding=\"async\" width=\"300\" height=\"295\" src=\"https:\/\/renewablesassociation.ca\/wp-content\/smush-webp\/2021\/11\/3-circled-Numbers.png.webp\" alt=\"\" class=\"wp-image-8918 size-full\" loading=\"lazy\" \/><\/figure><div class=\"wp-block-media-text__content\">\n<p class=\"has-verdigris-color has-text-color\"><strong><strong>T\u00e2che&nbsp;3&nbsp;: Construire de nouvelles installations \u00e9oliennes, solaires et de stockage d\u2019\u00e9nergie au Canada en veillant \u00e0 la rentabilit\u00e9 des r\u00e9sultats des processus d\u2019approvisionnement qui ciblent une nouvelle production d\u2019\u00e9lectricit\u00e9 d\u00e9carbonis\u00e9e.<\/strong><\/strong><\/p>\n\n\n\n<ul class=\"wp-block-list\"><li>Dans le march\u00e9 d\u00e9r\u00e9glement\u00e9 de l\u2019Alberta, mener des r\u00e9formes du march\u00e9 et de la r\u00e9glementation pour \u00e9liminer les obstacles au d\u00e9ploiement des technologies perturbatrices, comme le stockage d\u2019\u00e9nergie et les ressources d\u2019\u00e9nergie distribu\u00e9es.&nbsp;<\/li><li>Dans les autres march\u00e9s du Canada, veiller \u00e0 ce que les processus d\u2019approvisionnement soient con\u00e7us de sorte \u00e0 produire des r\u00e9sultats rentables pour les contribuables, c\u2019est-\u00e0-dire qu\u2019ils maximisent la concurrence et fournissent des renseignements de qualit\u00e9 pour l\u2019obtention d\u2019offres concurrentielles.<\/li><li>Dans tous les march\u00e9s, explorer des approches d\u2019approvisionnement novatrices qui r\u00e9pondent \u00e0 la demande croissante des consommateurs et respectent les structures uniques des march\u00e9s de l\u2019\u00e9lectricit\u00e9 provinciaux.<\/li><\/ul>\n<\/div><\/div>\n\n\n\n<hr class=\"wp-block-separator has-text-color has-background has-verdigris-background-color has-verdigris-color is-style-wide\"\/>\n\n\n\n<div class=\"wp-block-media-text alignwide is-stacked-on-mobile is-vertically-aligned-top\" style=\"grid-template-columns:25% auto\"><figure class=\"wp-block-media-text__media\"><img loading=\"lazy\" decoding=\"async\" width=\"300\" height=\"295\" src=\"https:\/\/renewablesassociation.ca\/wp-content\/smush-webp\/2021\/11\/4-circled-Numbers.png.webp\" alt=\"\" class=\"wp-image-8919 size-full\"\/><\/figure><div class=\"wp-block-media-text__content\">\n<p class=\"has-verdigris-color has-text-color\"><strong><strong>T\u00e2che&nbsp;4&nbsp;: Repenser les investissements dans les infrastructures \u00e9lectriques du Canada et voir \u00e0 r\u00e9duire au minimum le co\u00fbt des nouvelles infrastructures de transport et de distribution requises pour augmenter la production d\u2019\u00e9lectricit\u00e9.<\/strong><\/strong><\/p>\n\n\n\n<ul class=\"wp-block-list\"><li>Utiliser plus efficacement les infrastructures en place en r\u00e9duisant la demande de pointe pour \u00e9viter ou reporter la n\u00e9cessit\u00e9 de nouveaux investissements, en examinant et en d\u00e9ployant des solutions non c\u00e2bl\u00e9es (p. ex., technologies de stockage d\u2019\u00e9nergie et ressources d\u2019\u00e9nergie distribu\u00e9es).<\/li><li>Dans les cas o\u00f9 il faut investir dans le transport, r\u00e9fl\u00e9chir \u00e0 cet investissement d\u2019un point de vue r\u00e9gional, et non uniquement provincial.<\/li><li>Am\u00e9liorer la collaboration et la coop\u00e9ration r\u00e9gionales en ce qui a trait aux infrastructures et \u00e0 l\u2019exploitation du r\u00e9seau \u00e9lectrique pour r\u00e9duire les d\u00e9penses n\u00e9cessaires \u00e0 l\u2019atteinte des cibles de r\u00e9duction des \u00e9missions de GES du Canada.<\/li><\/ul>\n<\/div><\/div>\n\n\n\n<hr class=\"wp-block-separator has-text-color has-background has-verdigris-background-color has-verdigris-color is-style-wide\"\/>\n\n\n\n<div class=\"wp-block-media-text alignwide is-stacked-on-mobile is-vertically-aligned-top\" style=\"grid-template-columns:25% auto\"><figure class=\"wp-block-media-text__media\"><img loading=\"lazy\" decoding=\"async\" width=\"300\" height=\"295\" src=\"https:\/\/renewablesassociation.ca\/wp-content\/smush-webp\/2021\/11\/5-circled-Numbers.png.webp\" alt=\"\" class=\"wp-image-8920 size-full\"\/><\/figure><div class=\"wp-block-media-text__content\">\n<p class=\"has-verdigris-color has-text-color\"><strong><strong>T\u00e2che&nbsp;5&nbsp;: Utiliser l\u2019\u00e9nergie d\u00e9carbonis\u00e9e pour r\u00e9duire les \u00e9missions de GES des secteurs industriel, des transports et des b\u00e2timents du Canada.<\/strong><\/strong><\/p>\n\n\n\n<ul class=\"wp-block-list\"><li>\u00c9laborer et mettre en \u0153uvre des strat\u00e9gies d\u2019\u00e9lectrification compl\u00e8tes pour ces secteurs qui indiquent clairement aux investisseurs la n\u00e9cessit\u00e9 d\u2019une plus grande quantit\u00e9 d\u2019\u00e9lectricit\u00e9 d\u00e9carbonis\u00e9e.<\/li><li>\u00c9laborer des strat\u00e9gies relatives \u00e0 l\u2019hydrog\u00e8ne pour faire en sorte que le Canada soit bien pr\u00e9par\u00e9 \u00e0 affronter la concurrence sur les march\u00e9s futurs qui accorderont de plus en plus de valeur \u00e0 l\u2019hydrog\u00e8ne vert \u00e0 l\u2019intensit\u00e9 carbonique la plus faible.<\/li><\/ul>\n\n\n\n<p><\/p>\n<\/div><\/div>\n\n\n\n<div class=\"wp-block-buttons is-layout-flex wp-block-buttons-is-layout-flex\">\n<div class=\"wp-block-button\"><a class=\"wp-block-button__link\" href=\"https:\/\/renewablesassociation.ca\/wp-content\/uploads\/2021\/12\/Vision2050CanREA_Dec2021_web-1.pdf\" target=\"_blank\" rel=\"noreferrer noopener\"><meta charset=\"utf-8\"><strong>T\u00e9l\u00e9charger la version int\u00e9grale de la vision 2050 de CanREA<\/strong><\/a><\/div>\n\n\n\n<div class=\"wp-block-button\"><a class=\"wp-block-button__link\" href=\"https:\/\/renewablesassociation.ca\/wp-content\/uploads\/2021\/11\/CanREA-2050Vision-brochure-FRENCH-WEB.pdf\" target=\"_blank\" rel=\"noreferrer noopener\"><meta charset=\"utf-8\"><strong>T\u00e9l\u00e9charger la brochure sur la vision 2050 de CanREA<\/strong><\/a><\/div>\n<\/div>\n","protected":false},"excerpt":{"rendered":"<p>La vision2050 de CanREA pr&eacute;sente 5t&acirc;ches cl&eacute;s et 15mesures imm&eacute;diates incombant aux gouvernements, aux services publics, aux op&eacute;rateurs de r&eacute;seaux et aux autorit&eacute;s de r&eacute;glementation, qui doivent coop&eacute;rer pour d&eacute;ployer ces technologies critiques &agrave; une &eacute;chelle gigantesque de mani&egrave;re responsable et durable. [&hellip;]<\/p>\n","protected":false},"author":1582,"featured_media":8915,"parent":6570,"menu_order":0,"comment_status":"closed","ping_status":"closed","template":"page-templates\/vision-subpage.php","meta":{"_acf_changed":false,"_eb_attr":"","_uag_custom_page_level_css":"","footnotes":""},"tags":[],"class_list":["post-8913","page","type-page","status-publish","has-post-thumbnail","hentry"],"acf":[],"uagb_featured_image_src":{"full":["https:\/\/renewablesassociation.ca\/wp-content\/uploads\/2021\/11\/4-hero-to-do-list@2x.jpg",1380,1030,false],"thumbnail":["https:\/\/renewablesassociation.ca\/wp-content\/uploads\/2021\/11\/4-hero-to-do-list@2x-150x150.jpg",150,150,true],"medium":["https:\/\/renewablesassociation.ca\/wp-content\/uploads\/2021\/11\/4-hero-to-do-list@2x-300x224.jpg",300,224,true],"medium_large":["https:\/\/renewablesassociation.ca\/wp-content\/uploads\/2021\/11\/4-hero-to-do-list@2x-768x573.jpg",768,573,true],"large":["https:\/\/renewablesassociation.ca\/wp-content\/uploads\/2021\/11\/4-hero-to-do-list@2x-1024x764.jpg",1024,764,true],"1536x1536":["https:\/\/renewablesassociation.ca\/wp-content\/uploads\/2021\/11\/4-hero-to-do-list@2x.jpg",1380,1030,false],"2048x2048":["https:\/\/renewablesassociation.ca\/wp-content\/uploads\/2021\/11\/4-hero-to-do-list@2x.jpg",1380,1030,false],"alm-thumbnail":["https:\/\/renewablesassociation.ca\/wp-content\/uploads\/2021\/11\/4-hero-to-do-list@2x.jpg",150,112,false],"alm-cta":["https:\/\/renewablesassociation.ca\/wp-content\/uploads\/2021\/11\/4-hero-to-do-list@2x.jpg",603,450,false],"alm-gallery":["https:\/\/renewablesassociation.ca\/wp-content\/uploads\/2021\/11\/4-hero-to-do-list@2x.jpg",800,597,false],"news-img-2x":["https:\/\/renewablesassociation.ca\/wp-content\/uploads\/2021\/11\/4-hero-to-do-list@2x-1380x1030.jpg",1380,1030,true],"news-img":["https:\/\/renewablesassociation.ca\/wp-content\/uploads\/2021\/11\/4-hero-to-do-list@2x-690x515.jpg",690,515,true],"gform-image-choice-sm":["https:\/\/renewablesassociation.ca\/wp-content\/uploads\/2021\/11\/4-hero-to-do-list@2x.jpg",300,224,false],"gform-image-choice-md":["https:\/\/renewablesassociation.ca\/wp-content\/uploads\/2021\/11\/4-hero-to-do-list@2x.jpg",400,299,false],"gform-image-choice-lg":["https:\/\/renewablesassociation.ca\/wp-content\/uploads\/2021\/11\/4-hero-to-do-list@2x.jpg",600,448,false]},"uagb_author_info":{"display_name":"Melissa McDougall","author_link":"https:\/\/renewablesassociation.ca\/fr\/author\/bff89ed1-c4f1-4277-9caa-d943ba5a306a\/"},"uagb_comment_info":0,"uagb_excerpt":"La vision2050 de CanREA pr&eacute;sente 5t&acirc;ches cl&eacute;s et 15mesures imm&eacute;diates incombant aux gouvernements, aux services publics, aux op&eacute;rateurs de r&eacute;seaux et aux autorit&eacute;s de r&eacute;glementation, qui doivent coop&eacute;rer pour d&eacute;ployer ces technologies critiques &agrave; une &eacute;chelle gigantesque de mani&egrave;re responsable et durable. [&hellip;]","_links":{"self":[{"href":"https:\/\/renewablesassociation.ca\/fr\/wp-json\/wp\/v2\/pages\/8913","targetHints":{"allow":["GET"]}}],"collection":[{"href":"https:\/\/renewablesassociation.ca\/fr\/wp-json\/wp\/v2\/pages"}],"about":[{"href":"https:\/\/renewablesassociation.ca\/fr\/wp-json\/wp\/v2\/types\/page"}],"author":[{"embeddable":true,"href":"https:\/\/renewablesassociation.ca\/fr\/wp-json\/wp\/v2\/users\/1582"}],"replies":[{"embeddable":true,"href":"https:\/\/renewablesassociation.ca\/fr\/wp-json\/wp\/v2\/comments?post=8913"}],"version-history":[{"count":18,"href":"https:\/\/renewablesassociation.ca\/fr\/wp-json\/wp\/v2\/pages\/8913\/revisions"}],"predecessor-version":[{"id":9082,"href":"https:\/\/renewablesassociation.ca\/fr\/wp-json\/wp\/v2\/pages\/8913\/revisions\/9082"}],"up":[{"embeddable":true,"href":"https:\/\/renewablesassociation.ca\/fr\/wp-json\/wp\/v2\/pages\/6570"}],"wp:featuredmedia":[{"embeddable":true,"href":"https:\/\/renewablesassociation.ca\/fr\/wp-json\/wp\/v2\/media\/8915"}],"wp:attachment":[{"href":"https:\/\/renewablesassociation.ca\/fr\/wp-json\/wp\/v2\/media?parent=8913"}],"wp:term":[{"taxonomy":"post_tag","embeddable":true,"href":"https:\/\/renewablesassociation.ca\/fr\/wp-json\/wp\/v2\/tags?post=8913"}],"curies":[{"name":"wp","href":"https:\/\/api.w.org\/{rel}","templated":true}]}}