{"id":8908,"date":"2021-11-10T12:26:20","date_gmt":"2021-11-10T16:26:20","guid":{"rendered":"https:\/\/renewablesassociation.ca\/vision-dici-2050\/the-challenge\/"},"modified":"2021-11-16T23:43:18","modified_gmt":"2021-11-17T03:43:18","slug":"le-defi","status":"publish","type":"page","link":"https:\/\/renewablesassociation.ca\/fr\/vision-dici-2050\/le-defi\/","title":{"rendered":"Le d\u00e9fi"},"content":{"rendered":"\n<h2 class=\"wp-block-heading\"><strong>Il n\u2019y a pas de temps \u00e0 perdre<\/strong><\/h2>\n\n\n\n<p>Les changements climatiques sont la pire menace pour l\u2019humanit\u00e9. Le Canada s\u2019est engag\u00e9 \u00e0 r\u00e9duire ses \u00e9missions de gaz \u00e0 effet de serre (GES) de 40 \u00e0 45&nbsp;% par rapport aux niveaux de 2005 d\u2019ici 2030, et \u00e0 atteindre la carboneutralit\u00e9 d\u2019ici 2050. Mais il n\u2019a r\u00e9ussi qu\u2019\u00e0 stabiliser ses \u00e9missions, pas \u00e0 les r\u00e9duire. En 2019, il ne les avait fait baisser que de 1&nbsp;% sous les niveaux de 2005.<\/p>\n\n\n\n<p><em>\u00c9lectrifier le parcours du Canada vers la carboneutralit\u00e9&nbsp;: la vision&nbsp;2050 de CanREA<\/em> explique pourquoi le Canada a grand besoin de l\u2019\u00e9nergie \u00e9olienne, de l\u2019\u00e9nergie solaire et des technologies de stockage d\u2019\u00e9nergie tandis qu\u2019il entame sa transformation pour atteindre la carboneutralit\u00e9 d\u2019ici 2050.<\/p>\n\n\n\n<p><strong>Le Canada doit d\u00e9carboner sa production d\u2019\u00e9lectricit\u00e9<\/strong><\/p>\n\n\n\n<p>Le Canada doit d\u00e9carboner compl\u00e8tement son r\u00e9seau \u00e9lectrique d\u2019ici 2035 pour atteindre la carboneutralit\u00e9 dans l\u2019ensemble de l\u2019\u00e9conomie d\u2019ici 2050. Bien que la production d\u2019\u00e9lectricit\u00e9 au pays est propre \u00e0 80&nbsp;%, nous ne sommes m\u00eame pas en voie de d\u00e9carboner notre r\u00e9seau d\u2019ici 2050.&nbsp;<\/p>\n\n\n\n<p><strong>Le Canada doit augmenter sa production d\u2019\u00e9lectricit\u00e9 pour appuyer l\u2019\u00e9lectrification<\/strong><\/p>\n\n\n\n<p>De nombreuses \u00e9tudes montrent que le Canada doit doubler sa production d\u2019\u00e9lectricit\u00e9 pour \u00eatre carboneutre d\u2019ici 2050. L\u2019utilisation d\u2019\u00e9lectricit\u00e9 d\u00e9carbonis\u00e9e est le moyen le plus rentable de r\u00e9duire les \u00e9missions de GES dans un grand nombre d\u2019applications industrielles, des transports et des b\u00e2timents. L\u2019\u00e9lectricit\u00e9 d\u00e9carbonis\u00e9e peut aussi servir \u00e0 produire de l\u2019hydrog\u00e8ne vert, qui est pressenti comme une future solution rentable pour certaines applications difficiles \u00e0 \u00e9lectrifier.<\/p>\n\n\n\n<p><strong>Le Canada doit choisir les parcours au moindre co\u00fbt vers la carboneutralit\u00e9<\/strong><\/p>\n\n\n\n<p>Pour pr\u00e9server la comp\u00e9titivit\u00e9 de l\u2019industrie et prot\u00e9ger les m\u00e9nages \u00e0 faible revenu du Canada, il est crucial de r\u00e9duire au minimum les co\u00fbts de la d\u00e9carbonisation et de l\u2019augmentation de la production d\u2019\u00e9lectricit\u00e9. Puisqu\u2019elles sont les sources de nouvelle production les moins co\u00fbteuses exploitables aujourd\u2019hui et jusqu\u2019en 2050, les \u00e9nergies \u00e9olienne et solaire joueront un r\u00f4le central dans tout parcours vers la carboneutralit\u00e9. Pour d\u00e9terminer les technologies \u00e0 associer aux installations \u00e9oliennes, solaires et de stockage d\u2019\u00e9nergie, il est essentiel de tenir compte du co\u00fbt ainsi que des avantages pour le r\u00e9seau \u00e9lectrique.<\/p>\n\n\n\n<p><strong>Le Canada doit investir dans de nouvelles installations \u00e9oliennes, solaires et de stockage d\u2019\u00e9nergie<\/strong><\/p>\n\n\n\n<p>S\u2019appuyant sur un corpus croissant d\u2019\u00e9tudes, la vision\u00a02050 de CanREA pr\u00e9sente un sc\u00e9nario illustratif, mais r\u00e9aliste, dans lequel le Canada installe en moyenne 3\u00a0800\u00a0MW de puissance \u00e9olienne et 1\u00a0600\u00a0MW de puissance solaire chaque ann\u00e9e pendant les 29\u00a0prochaines ann\u00e9es. C\u2019est une multiplication par presque 10 de sa puissance install\u00e9e actuelle. L\u2019ampleur et la vitesse du d\u00e9ploiement requis sont in\u00e9dites.<\/p>\n\n\n\n<p><strong>Le Canada doit se positionner pour atteindre la carboneutralit\u00e9<\/strong><\/p>\n\n\n\n<p>En ce moment, le d\u00e9ploiement de ces technologies au Canada n\u2019est nettement pas assez rapide. Voir pour preuve ces trois statistiques qui donnent \u00e0 r\u00e9fl\u00e9chir&nbsp;:<\/p>\n\n\n\n<ul class=\"wp-block-list\"><li>La puissance \u00e9olienne et solaire install\u00e9e au Canada durant les cinq derni\u00e8res ann\u00e9es n\u2019est que de 3&nbsp;129&nbsp;MW, soit tr\u00e8s loin des 27&nbsp;000&nbsp;MW requis selon notre sc\u00e9nario illustratif.<\/li><li>La plus grande puissance \u00e9olienne et solaire jamais install\u00e9e sur une p\u00e9riode de cinq ans au Canada ne s\u2019\u00e9l\u00e8ve qu\u2019\u00e0 9&nbsp;200&nbsp;MW (2011-2015).<\/li><li>La puissance \u00e9olienne et solaire qui sera install\u00e9e au pays selon le sc\u00e9nario de l\u2019\u00e9volution des politiques de la R\u00e9gie de l\u2019\u00e9nergie du Canada (2020) n\u2019atteint que 7&nbsp;375&nbsp;MW par p\u00e9riode de cinq ans, en moyenne, pour les 30&nbsp;prochaines ann\u00e9es.<\/li><\/ul>\n\n\n\n<p>La situation doit changer, sans tarder. Pour \u00e9lectrifier le parcours du Canada vers la carboneutralit\u00e9, il importe d\u2019agir imm\u00e9diatement et d\u2019acc\u00e9l\u00e9rer rapidement la construction de nouvelles installations \u00e9oliennes, solaires et de stockage d\u2019\u00e9nergie partout au pays.<\/p>\n\n\n\n<p>C\u2019est dans cette optique que la vision&nbsp;2050 de CanREA pr\u00e9sente 5&nbsp;t\u00e2ches cl\u00e9s et 15&nbsp;mesures imm\u00e9diates incombant aux gouvernements, aux services publics, aux op\u00e9rateurs de r\u00e9seaux et aux autorit\u00e9s de r\u00e9glementation. Voir <strong><a href=\"https:\/\/renewablesassociation.ca\/fr\/?page_id=8913\" data-type=\"page\" data-id=\"8913\">la liste des t\u00e2ches du Canada<\/a><\/strong>.<\/p>\n\n\n\n<p>Compl\u00e9ter cette liste aidera le Canada \u00e0 devenir carboneutre de la fa\u00e7on la plus \u00e9conomique, la plus fiable, la plus responsable et la plus durable possible, tout en assurant les meilleures retomb\u00e9es pour la population.<\/p>\n\n\n\n<div class=\"wp-block-buttons is-layout-flex wp-block-buttons-is-layout-flex\">\n<div class=\"wp-block-button\"><a class=\"wp-block-button__link\" href=\"https:\/\/renewablesassociation.ca\/wp-content\/uploads\/2021\/12\/Vision2050CanREA_Dec2021_web-1.pdf\" target=\"_blank\" rel=\"noreferrer noopener\"><meta charset=\"utf-8\"><strong>T\u00e9l\u00e9charger la version int\u00e9grale de la vision 2050 de CanREA<\/strong><\/a><\/div>\n\n\n\n<div class=\"wp-block-button\"><a class=\"wp-block-button__link\" href=\"https:\/\/renewablesassociation.ca\/wp-content\/uploads\/2021\/11\/CanREA-2050Vision-brochure-FRENCH-WEB.pdf\" target=\"_blank\" rel=\"noreferrer noopener\"><meta charset=\"utf-8\"><strong>T\u00e9l\u00e9charger la brochure sur la vision 2050 de CanREA<\/strong><\/a><\/div>\n<\/div>\n","protected":false},"excerpt":{"rendered":"<p>Les changements climatiques sont la pire menace pour l&rsquo;humanit&eacute;. Le Canada s&rsquo;est engag&eacute; &agrave; r&eacute;duire ses &eacute;missions de gaz &agrave; effet de serre (GES) de 40 &agrave; 45% par rapport aux niveaux de 2005 d&rsquo;ici 2030, et &agrave; atteindre la carboneutralit&eacute; d&rsquo;ici 2050. Mais il n&rsquo;a r&eacute;ussi qu&rsquo;&agrave; stabiliser ses &eacute;missions, pas &agrave; les r&eacute;duire. [&hellip;]<\/p>\n","protected":false},"author":1582,"featured_media":8909,"parent":6570,"menu_order":3,"comment_status":"closed","ping_status":"closed","template":"page-templates\/vision-subpage.php","meta":{"_acf_changed":false,"_eb_attr":"","_uag_custom_page_level_css":"","footnotes":""},"tags":[],"class_list":["post-8908","page","type-page","status-publish","has-post-thumbnail","hentry"],"acf":[],"uagb_featured_image_src":{"full":["https:\/\/renewablesassociation.ca\/wp-content\/uploads\/2021\/11\/3-hero-the-challenge@2x-1.jpg",1380,1030,false],"thumbnail":["https:\/\/renewablesassociation.ca\/wp-content\/uploads\/2021\/11\/3-hero-the-challenge@2x-1-150x150.jpg",150,150,true],"medium":["https:\/\/renewablesassociation.ca\/wp-content\/uploads\/2021\/11\/3-hero-the-challenge@2x-1-300x224.jpg",300,224,true],"medium_large":["https:\/\/renewablesassociation.ca\/wp-content\/uploads\/2021\/11\/3-hero-the-challenge@2x-1-768x573.jpg",768,573,true],"large":["https:\/\/renewablesassociation.ca\/wp-content\/uploads\/2021\/11\/3-hero-the-challenge@2x-1-1024x764.jpg",1024,764,true],"1536x1536":["https:\/\/renewablesassociation.ca\/wp-content\/uploads\/2021\/11\/3-hero-the-challenge@2x-1.jpg",1380,1030,false],"2048x2048":["https:\/\/renewablesassociation.ca\/wp-content\/uploads\/2021\/11\/3-hero-the-challenge@2x-1.jpg",1380,1030,false],"alm-thumbnail":["https:\/\/renewablesassociation.ca\/wp-content\/uploads\/2021\/11\/3-hero-the-challenge@2x-1.jpg",150,112,false],"alm-cta":["https:\/\/renewablesassociation.ca\/wp-content\/uploads\/2021\/11\/3-hero-the-challenge@2x-1.jpg",603,450,false],"alm-gallery":["https:\/\/renewablesassociation.ca\/wp-content\/uploads\/2021\/11\/3-hero-the-challenge@2x-1.jpg",800,597,false],"news-img-2x":["https:\/\/renewablesassociation.ca\/wp-content\/uploads\/2021\/11\/3-hero-the-challenge@2x-1-1380x1030.jpg",1380,1030,true],"news-img":["https:\/\/renewablesassociation.ca\/wp-content\/uploads\/2021\/11\/3-hero-the-challenge@2x-1-690x515.jpg",690,515,true],"gform-image-choice-sm":["https:\/\/renewablesassociation.ca\/wp-content\/uploads\/2021\/11\/3-hero-the-challenge@2x-1.jpg",300,224,false],"gform-image-choice-md":["https:\/\/renewablesassociation.ca\/wp-content\/uploads\/2021\/11\/3-hero-the-challenge@2x-1.jpg",400,299,false],"gform-image-choice-lg":["https:\/\/renewablesassociation.ca\/wp-content\/uploads\/2021\/11\/3-hero-the-challenge@2x-1.jpg",600,448,false]},"uagb_author_info":{"display_name":"Melissa McDougall","author_link":"https:\/\/renewablesassociation.ca\/fr\/author\/bff89ed1-c4f1-4277-9caa-d943ba5a306a\/"},"uagb_comment_info":0,"uagb_excerpt":"Les changements climatiques sont la pire menace pour l&rsquo;humanit&eacute;. Le Canada s&rsquo;est engag&eacute; &agrave; r&eacute;duire ses &eacute;missions de gaz &agrave; effet de serre (GES) de 40 &agrave; 45% par rapport aux niveaux de 2005 d&rsquo;ici 2030, et &agrave; atteindre la carboneutralit&eacute; d&rsquo;ici 2050. Mais il n&rsquo;a r&eacute;ussi qu&rsquo;&agrave; stabiliser ses &eacute;missions, pas &agrave; les r&eacute;duire.\u2026","_links":{"self":[{"href":"https:\/\/renewablesassociation.ca\/fr\/wp-json\/wp\/v2\/pages\/8908","targetHints":{"allow":["GET"]}}],"collection":[{"href":"https:\/\/renewablesassociation.ca\/fr\/wp-json\/wp\/v2\/pages"}],"about":[{"href":"https:\/\/renewablesassociation.ca\/fr\/wp-json\/wp\/v2\/types\/page"}],"author":[{"embeddable":true,"href":"https:\/\/renewablesassociation.ca\/fr\/wp-json\/wp\/v2\/users\/1582"}],"replies":[{"embeddable":true,"href":"https:\/\/renewablesassociation.ca\/fr\/wp-json\/wp\/v2\/comments?post=8908"}],"version-history":[{"count":8,"href":"https:\/\/renewablesassociation.ca\/fr\/wp-json\/wp\/v2\/pages\/8908\/revisions"}],"predecessor-version":[{"id":9131,"href":"https:\/\/renewablesassociation.ca\/fr\/wp-json\/wp\/v2\/pages\/8908\/revisions\/9131"}],"up":[{"embeddable":true,"href":"https:\/\/renewablesassociation.ca\/fr\/wp-json\/wp\/v2\/pages\/6570"}],"wp:featuredmedia":[{"embeddable":true,"href":"https:\/\/renewablesassociation.ca\/fr\/wp-json\/wp\/v2\/media\/8909"}],"wp:attachment":[{"href":"https:\/\/renewablesassociation.ca\/fr\/wp-json\/wp\/v2\/media?parent=8908"}],"wp:term":[{"taxonomy":"post_tag","embeddable":true,"href":"https:\/\/renewablesassociation.ca\/fr\/wp-json\/wp\/v2\/tags?post=8908"}],"curies":[{"name":"wp","href":"https:\/\/api.w.org\/{rel}","templated":true}]}}