{"id":8019,"date":"2021-09-24T16:53:07","date_gmt":"2021-09-24T20:53:07","guid":{"rendered":"https:\/\/renewablesassociation.ca\/?page_id=8019"},"modified":"2021-09-24T17:07:26","modified_gmt":"2021-09-24T21:07:26","slug":"association-canadienne-de-lenergie-renouvelable-gestionnaire-des-politiques","status":"publish","type":"page","link":"https:\/\/renewablesassociation.ca\/fr\/carrieres\/association-canadienne-de-lenergie-renouvelable-gestionnaire-des-politiques\/","title":{"rendered":"Association canadienne de l\u2019\u00e9nergie renouvelable \u2013 Gestionnaire des politiques"},"content":{"rendered":"\n<h2 class=\"wp-block-heading\">Qui nous sommes<\/h2>\n\n\n\n<p>L\u2019Association canadienne de l\u2019\u00e9nergie renouvelable (CanREA) travaille \u00e0 assurer une place centrale aux \u00e9nergies \u00e9olienne et solaire et au stockage d\u2019\u00e9nergie dans l\u2019\u00e9volution du bouquet \u00e9nerg\u00e9tique canadien, en faisant valoir tout le potentiel synergique que rec\u00e8lent ces technologies pour l\u2019offre de solutions \u00e9nerg\u00e9tiques propres, flexibles et abordables. Elle est r\u00e9solue \u00e0 participer \u00e0 la cr\u00e9ation d\u2019un avenir durable pour le Canada et sa population.<\/p>\n\n\n\n<h2 class=\"wp-block-heading\">Le poste<\/h2>\n\n\n\n<p>CanREA est \u00e0 la recherche d\u2019une ou d\u2019un gestionnaire des politiques pour assumer un r\u00f4le de soutien dans l\u2019\u00e9quipe des politiques. Cette derni\u00e8re contribue au mandat g\u00e9n\u00e9ral de l\u2019organisation&nbsp;: elle fait la promotion de politiques, de march\u00e9s et d\u2019environnements r\u00e9glementaires favorables pour encourager les membres de CanREA \u00e0 d\u00e9ployer leurs technologies partout au Canada. Les professionnels dynamiques et exp\u00e9riment\u00e9s qui la composent assurent la participation active des membres, g\u00e8rent les relations avec les parties prenantes et les gouvernements et appuient les \u00e9quipes des communications, et de l\u2019adh\u00e9sion et des \u00e9v\u00e9nements.<\/p>\n\n\n\n<h2 class=\"wp-block-heading\">Description du poste<\/h2>\n\n\n\n<p>La ou le gestionnaire des politiques est indispensable au bon fonctionnement de l\u2019\u00e9quipe des politiques. Elle ou il occupe un r\u00f4le de soutien aux multiples facettes impliquant de grandes responsabilit\u00e9s administratives.<\/p>\n\n\n\n<p>Sous la direction de la vice-pr\u00e9sidente, Politiques publiques, affaires gouvernementales et r\u00e9glementaires, la ou le titulaire du poste s\u2019occupe d\u2019un large \u00e9ventail de t\u00e2ches en appui \u00e0 l\u2019\u00e9quipe des politiques, notamment la coordination administrative, la liaison avec les autres \u00e9quipes de CanREA et la coordination des ressources de l\u2019\u00e9quipe. Elle ou il doit aussi travailler en \u00e9troite collaboration avec la direction principale des politiques \u00e0 des t\u00e2ches et des projets pr\u00e9cis, en suivant ses directives.<\/p>\n\n\n\n<p>La ou le gestionnaire des politiques n\u2019a pas \u00e0 assumer un r\u00f4le de porte-parole externe aupr\u00e8s des m\u00e9dias ou des parties prenantes, mais il lui faut parfois assurer la liaison avec les membres de CanREA dans le cadre de t\u00e2ches ou de projets pr\u00e9cis selon les besoins.<\/p>\n\n\n\n<p>Malgr\u00e9 sa fonction de soutien, ce poste offre des occasions d\u2019\u00e9panouissement professionnel et la possibilit\u00e9 de prendre plus de responsabilit\u00e9s au fil du temps.<\/p>\n\n\n\n<p><strong>\u00c9chelle salariale \u2013<\/strong> 58&nbsp;000&nbsp;$ \u00e0 64&nbsp;000&nbsp;$<\/p>\n\n\n\n<h2 class=\"wp-block-heading\">Responsabilit\u00e9s principales<\/h2>\n\n\n\n<h3 class=\"wp-block-heading\">Administration<\/h3>\n\n\n\n<p><strong>Coordination des r\u00e9unions de l\u2019\u00e9quipe des politiques<\/strong><\/p>\n\n\n\n<ul class=\"wp-block-list\"><li>Pr\u00e9paration de l\u2019ordre du jour des r\u00e9unions hebdomadaires, des proc\u00e8s-verbaux et des r\u00e9sum\u00e9s selon les t\u00e2ches assign\u00e9es.<ul><li>Coordination des r\u00e9unions strat\u00e9giques trimestrielles en personne (calendrier, logistique des d\u00e9placements, r\u00e9servation de lieu de r\u00e9union et de chambres d\u2019h\u00f4tel,&nbsp;etc.).<ul><li>Pr\u00e9paration de l\u2019ordre du jour, des proc\u00e8s-verbaux et des rapports sommaires.<\/li><\/ul><\/li><\/ul><\/li><\/ul>\n\n\n\n<p><strong>Administration des caucus et des groupes de travail<\/strong><\/p>\n\n\n\n<ul class=\"wp-block-list\"><li>Cr\u00e9ation et gestion des calendriers de r\u00e9unions des caucus.<ul><li>Gestion des invitations et des listes de distribution pour certains caucus de CanREA.<\/li><\/ul><ul><li>Pr\u00e9paration des ordres du jour, du mat\u00e9riel de pr\u00e9sentation et coordination des documents d\u2019appoint.<\/li><\/ul><ul><li>R\u00e9daction et distribution des proc\u00e8s-verbaux et des rapports sommaires.<\/li><\/ul><ul><li>Aide aux pr\u00e9sidences des caucus dans la collecte des commentaires des membres et la recherche de consensus sur les positions de principe.<\/li><\/ul><ul><li>\u00c9tablissement des dates butoirs pour la coordination des communications avec le gouvernement et des retours sur les politiques par les caucus.<\/li><\/ul><\/li><\/ul>\n\n\n\n<p><strong>Administration de divers livrables de l\u2019\u00e9quipe des politiques<\/strong><\/p>\n\n\n\n<ul class=\"wp-block-list\"><li>Gestion de l\u2019enregistrement des lobbyistes provinciaux et f\u00e9d\u00e9raux.<ul><li>Gestion de l\u2019\u00e9lection annuelle du comit\u00e9 directeur.<\/li><\/ul><ul><li>Pr\u00e9paration et suivi des demandes de r\u00e9unions externes.<\/li><\/ul><ul><li>Coordination de la correspondance et suivi des r\u00e9unions (messages de f\u00e9licitations, demandes de r\u00e9unions,&nbsp;etc.) selon les t\u00e2ches assign\u00e9es.<\/li><\/ul><ul><li>Coordination du contenu des infolettres aux membres et aux parties prenantes externes.<\/li><\/ul><ul><li>Coordination du mat\u00e9riel pour les r\u00e9unions du conseil d\u2019administration de CanREA.<\/li><\/ul><ul><li>Aide \u00e0 la pr\u00e9paration des pr\u00e9sentations externes pour les d\u00e9put\u00e9s f\u00e9d\u00e9raux, provinciaux et territoriaux, les parties prenantes et diverses conf\u00e9rences.<\/li><\/ul><ul><li>Aide \u00e0 la pr\u00e9paration et au d\u00e9breffage des membres haut plac\u00e9s de l\u2019\u00e9quipe lors des entrevues avec les m\u00e9dias et des points de presse.<\/li><\/ul><\/li><\/ul>\n\n\n\n<h3 class=\"wp-block-heading\">Responsabilit\u00e9s de soutien strat\u00e9gique<\/h3>\n\n\n\n<p><strong>Liaison entre l\u2019\u00e9quipe des politiques et les autres \u00e9quipes de CanREA<\/strong><\/p>\n\n\n\n<p>L\u2019\u00e9quipe des politiques de CanREA travaille beaucoup en soutien aux autres \u00e9quipes, notamment les \u00e9quipes des \u00e9v\u00e9nements, des communications et du d\u00e9veloppement des affaires. \u00c0 cette fin, la ou le gestionnaire des politiques s\u2019acquitte entre autres des t\u00e2ches suivantes&nbsp;:<\/p>\n\n\n\n<ul class=\"wp-block-list\"><li><ul><li>l\u2019\u00e9quipe des politiques pour l\u2019\u00e9quipe des communications, aux fins d\u2019utilisation dans les infolettres aux membres et externes.<\/li><\/ul><ul><li>l\u2019\u00e9quipe des communications.<\/li><\/ul><ul><li>l\u2019\u00e9quipe des communications dans la mise \u00e0 jour des documents de messages cl\u00e9s de CanREA.<\/li><\/ul><\/li><\/ul>\n\n\n\n<p><strong>Soutien \u00e0 la strat\u00e9gie et au leadership de l\u2019\u00e9quipe des politiques<\/strong><\/p>\n\n\n\n<ul class=\"wp-block-list\"><li>Collaboration \u00e9troite avec la vice-pr\u00e9sidente, Politiques publiques, affaires gouvernementales et r\u00e9glementaires, les directeurs principaux de CanREA et les autres directeurs des politiques sur les dossiers li\u00e9s \u00e0 la croissance de l\u2019organisation et \u00e0 l\u2019\u00e9tablissement du budget et des objectifs strat\u00e9giques annuels.<\/li><li>Collaboration avec toute l\u2019\u00e9quipe de CanREA \u00e0 l\u2019atteinte des r\u00e9sultats organisationnels, notamment quant au recrutement et \u00e0 la r\u00e9tention des membres.<\/li><li>Transmission d\u2019informations \u00e0 la direction principale des politiques et \u00e0 la vice-pr\u00e9sidente, Politiques publiques, affaires gouvernementales et r\u00e9glementaires et accomplissement d\u2019autres t\u00e2ches, dont les suivantes, sur demande&nbsp;:<ul><li>Participation aux r\u00e9unions et aux \u00e9v\u00e9nements et pr\u00e9paration de comptes rendus analysant les principaux points d\u2019int\u00e9r\u00eat pour CanREA;<\/li><\/ul><ul><li>Soutien \u00e0 la recherche;<\/li><\/ul><ul><li>Lecture et r\u00e9sum\u00e9 de documents, dont les propositions de politiques et les documents de consultation gouvernementaux, les rapports d\u2019\u00e9tudes,&nbsp;etc.;<\/li><\/ul><ul><li>Liaison avec les consultants pour faciliter l\u2019administration et la mise en \u0153uvre des plans de travail et de r\u00e9tention g\u00e9r\u00e9s par divers membres de l\u2019\u00e9quipe des politiques.<\/li><\/ul><\/li><\/ul>\n\n\n\n<h2 class=\"wp-block-heading\">Comp\u00e9tences recherch\u00e9es<\/h2>\n\n\n\n<ul class=\"wp-block-list\"><li>Connaissance du secteur de l\u2019\u00e9nergie renouvelable, des ressources d\u2019\u00e9nergie distribu\u00e9es, du stockage d\u2019\u00e9nergie et des politiques environnementales ou int\u00e9r\u00eat pour ce sujet fortement recommand\u00e9.<\/li><li>Id\u00e9alement au moins deux ans d\u2019exp\u00e9rience de travail pertinente (une combinaison d\u2019\u00e9tudes et d\u2019exp\u00e9rience de travail pertinente pourrait \u00eatre accept\u00e9e).<\/li><li>Dipl\u00f4me d\u2019\u00e9tudes postsecondaires.<\/li><li>Dipl\u00f4me d\u2019\u00e9tudes postsecondaires en sciences sociales, un atout pour les personnes souhaitant utiliser ce poste pour propulser une carri\u00e8re en politiques publiques et en promotion des int\u00e9r\u00eats.<\/li><li>Comp\u00e9tences en organisation et en administration \u2013 grand sens de l\u2019organisation et exp\u00e9rience en soutien administratif dans un environnement d\u2019\u00e9quipe dynamique.<\/li><li>Aptitudes pour la r\u00e9daction et la communication \u2013 capacit\u00e9 \u00e0 communiquer de fa\u00e7on claire et facile \u00e0 comprendre, \u00e0 l\u2019oral et \u00e0 l\u2019\u00e9crit.<\/li><li>Travail \u00e0 distance \u2013 capacit\u00e9 \u00e0 travailler de la maison avec assurance et comp\u00e9tence.<\/li><li>Habilet\u00e9 avec la suite Microsoft Office, surtout PowerPoint.<\/li><li>Exp\u00e9rience et aptitudes \u00e9prouv\u00e9es en administration.<\/li><li>Ma\u00eetrise de l\u2019anglais (parl\u00e9 et \u00e9crit).<\/li><li>Ma\u00eetrise du fran\u00e7ais (parl\u00e9 et \u00e9crit), un atout.<\/li><\/ul>\n\n\n\n<h3 class=\"wp-block-heading\">Administration<\/h3>\n\n\n\n<ul class=\"wp-block-list\"><li>Capacit\u00e9 \u00e0 se d\u00e9placer au besoin pour assister \u00e0 des \u00e9v\u00e9nements de CanREA et \u00e0 des r\u00e9unions d\u2019\u00e9quipe en soutien \u00e0 l\u2019\u00e9quipe des politiques (environ trois ou quatre fois par an).<\/li><li>Capacit\u00e9 \u00e0 travailler de mani\u00e8re autonome de la maison.<\/li><\/ul>\n\n\n\n<p>Nous invitons les personnes int\u00e9ress\u00e9es \u00e0 envoyer leur CV et une lettre de pr\u00e9sentation d\u2019une page \u00e0 l\u2019adresse crolland@businesssherpagroup.com d\u2019ici le 22&nbsp;octobre&nbsp;2021. Les candidatures seront examin\u00e9es au moment de leur r\u00e9ception.<\/p>\n\n\n\n<div class=\"wp-block-buttons is-layout-flex wp-block-buttons-is-layout-flex\">\n<div class=\"wp-block-button\"><a class=\"wp-block-button__link\" href=\"mailto:crolland@businesssherpagroup.com\" target=\"_blank\" rel=\"noreferrer noopener\">Postuler<\/a><\/div>\n<\/div>\n\n\n\n<p><em>L\u2019Association canadienne de l\u2019\u00e9nergie renouvelable souscrit au principe de l\u2019\u00e9galit\u00e9 d\u2019acc\u00e8s \u00e0 l\u2019emploi, encourage la diversit\u00e9 au travail et invite toutes les personnes qualifi\u00e9es \u00e0 pr\u00e9senter leur candidature. Elle invite et encourage les personnes handicap\u00e9es \u00e0 poser leur candidature. Des mesures d\u2019adaptation peuvent \u00eatre mises en place sur demande \u00e0 toutes les \u00e9tapes du processus de s\u00e9lection.<\/em><\/p>\n","protected":false},"excerpt":{"rendered":"<p>L&rsquo;Association canadienne de l&rsquo;&eacute;nergie renouvelable (CanREA) travaille &agrave; assurer une place centrale aux &eacute;nergies &eacute;olienne et solaire et au stockage d&rsquo;&eacute;nergie dans l&rsquo;&eacute;volution du bouquet &eacute;nerg&eacute;tique canadien, en faisant valoir tout le potentiel synergique que rec&egrave;lent ces technologies pour l&rsquo;offre de solutions &eacute;nerg&eacute;tiques propres, flexibles et abordables. Elle est r&eacute;solue &agrave; participer &agrave; la cr&eacute;ation [&hellip;]<\/p>\n","protected":false},"author":1205,"featured_media":0,"parent":1407,"menu_order":7,"comment_status":"closed","ping_status":"closed","template":"","meta":{"_acf_changed":false,"_eb_attr":"","_uag_custom_page_level_css":"","footnotes":""},"tags":[],"class_list":["post-8019","page","type-page","status-publish","hentry"],"acf":[],"uagb_featured_image_src":{"full":false,"thumbnail":false,"medium":false,"medium_large":false,"large":false,"1536x1536":false,"2048x2048":false,"alm-thumbnail":false,"alm-cta":false,"alm-gallery":false,"news-img-2x":false,"news-img":false,"gform-image-choice-sm":false,"gform-image-choice-md":false,"gform-image-choice-lg":false},"uagb_author_info":{"display_name":"Chris Martin","author_link":"https:\/\/renewablesassociation.ca\/fr\/author\/004fe34f-77c6-4a77-9e89-ba722b964257\/"},"uagb_comment_info":0,"uagb_excerpt":"L&rsquo;Association canadienne de l&rsquo;&eacute;nergie renouvelable (CanREA) travaille &agrave; assurer une place centrale aux &eacute;nergies &eacute;olienne et solaire et au stockage d&rsquo;&eacute;nergie dans l&rsquo;&eacute;volution du bouquet &eacute;nerg&eacute;tique canadien, en faisant valoir tout le potentiel synergique que rec&egrave;lent ces technologies pour l&rsquo;offre de solutions &eacute;nerg&eacute;tiques propres, flexibles et abordables. Elle est r&eacute;solue &agrave; participer &agrave; la cr&eacute;ation\u2026","_links":{"self":[{"href":"https:\/\/renewablesassociation.ca\/fr\/wp-json\/wp\/v2\/pages\/8019","targetHints":{"allow":["GET"]}}],"collection":[{"href":"https:\/\/renewablesassociation.ca\/fr\/wp-json\/wp\/v2\/pages"}],"about":[{"href":"https:\/\/renewablesassociation.ca\/fr\/wp-json\/wp\/v2\/types\/page"}],"author":[{"embeddable":true,"href":"https:\/\/renewablesassociation.ca\/fr\/wp-json\/wp\/v2\/users\/1205"}],"replies":[{"embeddable":true,"href":"https:\/\/renewablesassociation.ca\/fr\/wp-json\/wp\/v2\/comments?post=8019"}],"version-history":[{"count":6,"href":"https:\/\/renewablesassociation.ca\/fr\/wp-json\/wp\/v2\/pages\/8019\/revisions"}],"predecessor-version":[{"id":8030,"href":"https:\/\/renewablesassociation.ca\/fr\/wp-json\/wp\/v2\/pages\/8019\/revisions\/8030"}],"up":[{"embeddable":true,"href":"https:\/\/renewablesassociation.ca\/fr\/wp-json\/wp\/v2\/pages\/1407"}],"wp:attachment":[{"href":"https:\/\/renewablesassociation.ca\/fr\/wp-json\/wp\/v2\/media?parent=8019"}],"wp:term":[{"taxonomy":"post_tag","embeddable":true,"href":"https:\/\/renewablesassociation.ca\/fr\/wp-json\/wp\/v2\/tags?post=8019"}],"curies":[{"name":"wp","href":"https:\/\/api.w.org\/{rel}","templated":true}]}}