{"id":6570,"date":"2021-05-31T13:46:48","date_gmt":"2021-05-31T17:46:48","guid":{"rendered":"https:\/\/renewablesassociation.ca\/?page_id=6570"},"modified":"2021-12-16T17:14:36","modified_gmt":"2021-12-16T21:14:36","slug":"vision-dici-2050","status":"publish","type":"page","link":"https:\/\/renewablesassociation.ca\/fr\/vision-dici-2050\/","title":{"rendered":"\u00c9lectrifier le parcours du Canada vers la carboneutralit\u00e9 : la vision 2050 de CanREA"},"content":{"rendered":"\n<h2 class=\"wp-block-heading\"><strong><strong>Le Canada entame sa transformation pour atteindre la carboneutralit\u00e9 d\u2019ici 2050. Pour y parvenir, nous avons grand besoin de l\u2019\u00e9nergie \u00e9olienne, de l\u2019\u00e9nergie solaire et des technologies de stockage d\u2019\u00e9nergie.<\/strong><\/strong><\/h2>\n\n\n\n<p><em>\u00c9lectrifier le parcours du Canada vers la carboneutralit\u00e9&nbsp;: la vision&nbsp;2050 de CanREA<\/em> est un signal d\u2019alarme, un appel \u00e0 l\u2019action urgent pour les gouvernements, les services publics, les autorit\u00e9s de r\u00e9glementation, les op\u00e9rateurs de r\u00e9seaux et le secteur de l\u2019\u00e9nergie renouvelable&nbsp;: il faut que le Canada commence ses d\u00e9marches pour respecter son engagement d\u2019atteindre la carboneutralit\u00e9 d\u2019ici 2050.<\/p>\n\n\n\n<p>Afin de r\u00e9aliser cet objectif, le Canada doit d\u00e9carboniser et doubler sa production d\u2019\u00e9lectricit\u00e9. Par chance, il dispose d\u2019une abondance de ressources \u00e9oliennes et solaires inexploit\u00e9es et peu co\u00fbteuses, qui seront d\u00e9terminantes pour sa transition \u00e9nerg\u00e9tique. La vision 2050 de CanREA pr\u00e9sente un sc\u00e9nario illustratif, mais conservateur, qui exigerait que la capacit\u00e9 du Canada en mati\u00e8re d\u2019\u00e9nergie \u00e9olienne et solaire se multiplie par dix au cours des trois prochaines d\u00e9cennies.&nbsp;&nbsp;<\/p>\n\n\n\n<p>L\u2019ampleur et la rapidit\u00e9 de ce d\u00e9ploiement sont sans pr\u00e9c\u00e9dent. Bien que le secteur de l\u2019\u00e9olien, du solaire et du stockage d\u2019\u00e9nergie est pr\u00eat \u00e0 relever le d\u00e9fi, les l\u00e9gislateurs, les autorit\u00e9s de r\u00e9glementation et les autres d\u00e9cideurs concern\u00e9s doivent agir d\u00e8s maintenant pour lui permettre de fournir au Canada ce dont il a besoin.<\/p>\n\n\n\n<p>Il faut \u00e9galement accro\u00eetre la collaboration entre les intervenants du secteur de l\u2019\u00e9lectricit\u00e9 au Canada. Des investissements importants dans d\u2019autres formes de production d\u2019\u00e9lectricit\u00e9 et d\u2019infrastructure seront n\u00e9cessaires pour permettre la croissance de l\u2019\u00e9nergie \u00e9olienne et solaire requise. CanREA s\u2019engage \u00e0 travailler avec tous les intervenants pour veiller \u00e0 ce que le Canada mette en \u0153uvre le parcours le moins co\u00fbteux, fiable et durable vers l\u2019objectif de carboneutralit\u00e9 du Canada.<\/p>\n\n\n\n<p>Pour de plus amples renseignements, veuillez consulter les pages de ce site Web, o\u00f9 vous pouvez t\u00e9l\u00e9charger la version int\u00e9grale du document et consulter une courte brochure id\u00e9ale pour le partage. Vous pouvez \u00e9galement visionner la <a href=\"https:\/\/www.youtube.com\/watch?v=PfeP5b6L8D8&amp;t=598s\" target=\"_blank\" rel=\"noreferrer noopener\">vid\u00e9o du lancement et la discussion de groupe<\/a> du 17&nbsp;novembre sur la cha\u00eene YouTube de CanREA.<\/p>\n\n\n\n<p>Sur le <a href=\"https:\/\/canrea-login.wicketcloud.com\/login?service=https:\/\/renewablesassociation.ca\/fr\/\/fr\/account-centre\/&amp;locale=fr\">site Web r\u00e9serv\u00e9 aux membres de CanREA<\/a>, ceux-ci peuvent visionner un enregistrement du webinaire r\u00e9serv\u00e9 aux membres \u00e0 propos de la vision, et t\u00e9l\u00e9charger une trousse de ressources de communication attrayantes \u00e0 partager sur les m\u00e9dias sociaux et dans les infolettres destin\u00e9es aux employ\u00e9s. Cela permettra de diffuser la vision et aidera CanREA \u00e0 faire avancer les choses en permettant une expansion massive de l\u2019\u00e9nergie \u00e9olienne, de l\u2019\u00e9nergie solaire et du stockage d\u2019\u00e9nergie au Canada.<\/p>\n\n\n\n<p><strong>Il faut agir maintenant, ensemble.<\/strong><\/p>\n\n\n\n<div class=\"wp-block-buttons is-layout-flex wp-block-buttons-is-layout-flex\">\n<div class=\"wp-block-button\"><a class=\"wp-block-button__link\" href=\"https:\/\/renewablesassociation.ca\/wp-content\/uploads\/2021\/12\/Vision2050CanREA_Dec2021_web-1.pdf\" target=\"_blank\" rel=\"noreferrer noopener\"><meta charset=\"utf-8\"><strong>T\u00e9l\u00e9charger la version int\u00e9grale de la vision 2050 de CanREA<\/strong><\/a><\/div>\n\n\n\n<div class=\"wp-block-button\"><a class=\"wp-block-button__link\" href=\"https:\/\/renewablesassociation.ca\/wp-content\/uploads\/2021\/11\/CanREA-2050Vision-brochure-FRENCH-WEB.pdf\" target=\"_blank\" rel=\"noreferrer noopener\"><meta charset=\"utf-8\"><strong>T\u00e9l\u00e9charger la brochure sur la vision 2050 de CanREA<\/strong><\/a><\/div>\n<\/div>\n\n\n\n<p><\/p>\n","protected":false},"excerpt":{"rendered":"<p>&Eacute;lectrifier le parcours du Canada vers la carboneutralit&eacute;: la vision2050 de CanREA est un signal d&rsquo;alarme, un appel &agrave; l&rsquo;action urgent pour les gouvernements, les services publics, les autorit&eacute;s de r&eacute;glementation, les op&eacute;rateurs de r&eacute;seaux et le secteur de l&rsquo;&eacute;nergie renouvelable: il faut que le Canada commence ses d&eacute;marches pour respecter son engagement d&rsquo;atteindre la [&hellip;]<\/p>\n","protected":false},"author":1582,"featured_media":8946,"parent":0,"menu_order":144,"comment_status":"closed","ping_status":"closed","template":"","meta":{"_acf_changed":false,"_eb_attr":"","_uag_custom_page_level_css":"","footnotes":""},"tags":[],"class_list":["post-6570","page","type-page","status-publish","has-post-thumbnail","hentry"],"acf":[],"uagb_featured_image_src":{"full":["https:\/\/renewablesassociation.ca\/wp-content\/uploads\/2021\/11\/2-hero-vision-main@2x-1.jpg",1380,1030,false],"thumbnail":["https:\/\/renewablesassociation.ca\/wp-content\/uploads\/2021\/11\/2-hero-vision-main@2x-1-150x150.jpg",150,150,true],"medium":["https:\/\/renewablesassociation.ca\/wp-content\/uploads\/2021\/11\/2-hero-vision-main@2x-1-300x224.jpg",300,224,true],"medium_large":["https:\/\/renewablesassociation.ca\/wp-content\/uploads\/2021\/11\/2-hero-vision-main@2x-1-768x573.jpg",768,573,true],"large":["https:\/\/renewablesassociation.ca\/wp-content\/uploads\/2021\/11\/2-hero-vision-main@2x-1-1024x764.jpg",1024,764,true],"1536x1536":["https:\/\/renewablesassociation.ca\/wp-content\/uploads\/2021\/11\/2-hero-vision-main@2x-1.jpg",1380,1030,false],"2048x2048":["https:\/\/renewablesassociation.ca\/wp-content\/uploads\/2021\/11\/2-hero-vision-main@2x-1.jpg",1380,1030,false],"alm-thumbnail":["https:\/\/renewablesassociation.ca\/wp-content\/uploads\/2021\/11\/2-hero-vision-main@2x-1.jpg",150,112,false],"alm-cta":["https:\/\/renewablesassociation.ca\/wp-content\/uploads\/2021\/11\/2-hero-vision-main@2x-1.jpg",603,450,false],"alm-gallery":["https:\/\/renewablesassociation.ca\/wp-content\/uploads\/2021\/11\/2-hero-vision-main@2x-1.jpg",800,597,false],"news-img-2x":["https:\/\/renewablesassociation.ca\/wp-content\/uploads\/2021\/11\/2-hero-vision-main@2x-1-1380x1030.jpg",1380,1030,true],"news-img":["https:\/\/renewablesassociation.ca\/wp-content\/uploads\/2021\/11\/2-hero-vision-main@2x-1-690x515.jpg",690,515,true],"gform-image-choice-sm":["https:\/\/renewablesassociation.ca\/wp-content\/uploads\/2021\/11\/2-hero-vision-main@2x-1.jpg",300,224,false],"gform-image-choice-md":["https:\/\/renewablesassociation.ca\/wp-content\/uploads\/2021\/11\/2-hero-vision-main@2x-1.jpg",400,299,false],"gform-image-choice-lg":["https:\/\/renewablesassociation.ca\/wp-content\/uploads\/2021\/11\/2-hero-vision-main@2x-1.jpg",600,448,false]},"uagb_author_info":{"display_name":"Melissa McDougall","author_link":"https:\/\/renewablesassociation.ca\/fr\/author\/bff89ed1-c4f1-4277-9caa-d943ba5a306a\/"},"uagb_comment_info":0,"uagb_excerpt":"&Eacute;lectrifier le parcours du Canada vers la carboneutralit&eacute;: la vision2050 de CanREA est un signal d&rsquo;alarme, un appel &agrave; l&rsquo;action urgent pour les gouvernements, les services publics, les autorit&eacute;s de r&eacute;glementation, les op&eacute;rateurs de r&eacute;seaux et le secteur de l&rsquo;&eacute;nergie renouvelable: il faut que le Canada commence ses d&eacute;marches pour respecter son engagement d&rsquo;atteindre la\u2026","_links":{"self":[{"href":"https:\/\/renewablesassociation.ca\/fr\/wp-json\/wp\/v2\/pages\/6570","targetHints":{"allow":["GET"]}}],"collection":[{"href":"https:\/\/renewablesassociation.ca\/fr\/wp-json\/wp\/v2\/pages"}],"about":[{"href":"https:\/\/renewablesassociation.ca\/fr\/wp-json\/wp\/v2\/types\/page"}],"author":[{"embeddable":true,"href":"https:\/\/renewablesassociation.ca\/fr\/wp-json\/wp\/v2\/users\/1582"}],"replies":[{"embeddable":true,"href":"https:\/\/renewablesassociation.ca\/fr\/wp-json\/wp\/v2\/comments?post=6570"}],"version-history":[{"count":10,"href":"https:\/\/renewablesassociation.ca\/fr\/wp-json\/wp\/v2\/pages\/6570\/revisions"}],"predecessor-version":[{"id":9474,"href":"https:\/\/renewablesassociation.ca\/fr\/wp-json\/wp\/v2\/pages\/6570\/revisions\/9474"}],"wp:featuredmedia":[{"embeddable":true,"href":"https:\/\/renewablesassociation.ca\/fr\/wp-json\/wp\/v2\/media\/8946"}],"wp:attachment":[{"href":"https:\/\/renewablesassociation.ca\/fr\/wp-json\/wp\/v2\/media?parent=6570"}],"wp:term":[{"taxonomy":"post_tag","embeddable":true,"href":"https:\/\/renewablesassociation.ca\/fr\/wp-json\/wp\/v2\/tags?post=6570"}],"curies":[{"name":"wp","href":"https:\/\/api.w.org\/{rel}","templated":true}]}}