{"id":5522,"date":"2021-02-12T18:04:08","date_gmt":"2021-02-12T22:04:08","guid":{"rendered":"https:\/\/renewablesassociation.ca\/?page_id=5522"},"modified":"2021-09-30T09:33:04","modified_gmt":"2021-09-30T13:33:04","slug":"reequipement-mise-hors-service-et-demantelement","status":"publish","type":"page","link":"https:\/\/renewablesassociation.ca\/fr\/reequipement-mise-hors-service-et-demantelement\/","title":{"rendered":"R\u00e9\u00e9quipement, mise hors service et d\u00e9mant\u00e8lement"},"content":{"rendered":"\n<p>Comme des innovations font sans arr\u00eat leur apparition dans le secteur dynamique de l\u2019\u00e9olien, du solaire et du stockage d\u2019\u00e9nergie, il faut remplacer les anciennes technologies. Le r\u00e9\u00e9quipement, la mise hors service et le d\u00e9mant\u00e8lement forment la derni\u00e8re phase du cycle de vie de nos trois technologies, les autres \u00e9tant le d\u00e9veloppement, la construction et l\u2019installation, et l\u2019op\u00e9ration et la maintenance.<\/p>\n\n\n\n<p>Durant le d\u00e9veloppement d\u2019un projet, des experts d\u00e9terminent la dur\u00e9e de vie utile de tout le syst\u00e8me de production d\u2019\u00e9nergie renouvelable. Cela dit, de nombreux syst\u00e8mes \u00e9oliens et solaires en service au Canada devraient continuer de fonctionner apr\u00e8s la date pr\u00e9vue \u00e0 leur contrat, gr\u00e2ce \u00e0 leur technologie fiable et au soin apport\u00e9 \u00e0 leur op\u00e9ration et \u00e0 leur maintenance au fil des ans. Les composants d\u2019un projet ne deviennent pas soudainement v\u00e9tustes lorsque le contrat qui les vise vient \u00e0 \u00e9ch\u00e9ance.<\/p>\n\n\n\n<p>En fait, beaucoup de projets \u00e9oliens et solaires en fin de vie peuvent profiter d\u2019un vent de jeunesse&nbsp;: les \u00e9oliennes, panneaux solaires, onduleurs et autres pi\u00e8ces us\u00e9es sont remplac\u00e9s par de l\u2019\u00e9quipement moderne \u00e0 l\u2019efficacit\u00e9 accrue, qui apportent au projet les avantages du progr\u00e8s technique r\u00e9alis\u00e9 depuis sa construction.<\/p>\n\n\n\n<p>Il est possible par exemple de remplacer un panneau solaire par un nouveau mod\u00e8le plus efficace ayant les m\u00eames dimensions, de sorte qu\u2019il s\u2019installe sur les rails d\u00e9j\u00e0 en place. Dans le cas d\u2019une \u00e9olienne, les pales et la g\u00e9n\u00e9ratrice peuvent laisser place \u00e0 des mod\u00e8les plus efficaces, et la tour, \u00e0 un mod\u00e8le plus grand.<\/p>\n\n\n\n<p>La faisabilit\u00e9 de ces remplacements d\u00e9pend de quelques facteurs, comme l\u2019\u00e9tat des fondations et d\u2019autres \u00e9l\u00e9ments sur le site, les retomb\u00e9es \u00e9conomiques de la production d\u2019\u00e9nergie, et la nouvelle technologie disponible.<\/p>\n\n\n\n<p>Le r\u00e9\u00e9quipement d\u2019un site en prolonge la dur\u00e9e de vie et repousse la n\u00e9cessit\u00e9 de d\u00e9velopper de nouveaux projets.<\/p>\n\n\n\n<p>Il arrive n\u00e9anmoins que le propri\u00e9taire d\u00e9cide de mettre hors service et de d\u00e9manteler compl\u00e8tement son installation. Pour des raisons \u00e9conomiques ou li\u00e9es \u00e0 l\u2019usure naturelle ou \u00e0 d\u2019autres facteurs, il est parfois n\u00e9cessaire d\u2019enlever le projet et de rendre au terrain son \u00e9tat original.<\/p>\n\n\n\n<p>La mise hors service et le d\u00e9mant\u00e8lement consistent \u00e0 retirer toutes les pi\u00e8ces du site en les triant pour recycler ce qui peut l\u2019\u00eatre (acier, b\u00e9ton, verre, etc.) et \u00e9liminer le reste conform\u00e9ment aux r\u00e8glements locaux.<\/p>\n\n\n\n<p>\u00c0 l\u2019heure actuelle, notre secteur se pr\u00e9pare \u00e0 prendre davantage en charge certains composants propres \u00e0 ses projets. <strong>[Voir les ressources <strong>\u00ab\u00a0Recyclage et renouvelable\u00a0\u00bb<\/strong> de CanREA \u00e0 propos des <a href=\"https:\/\/renewablesassociation.ca\/wp-content\/uploads\/2021\/04\/Recycling-Wind-Turbines-French-Web.pdf\" target=\"_blank\" rel=\"noreferrer noopener\">composants d\u2019\u00e9olienne<\/a>, des <a href=\"https:\/\/renewablesassociation.ca\/wp-content\/uploads\/2021\/04\/Recycling-Batteries-French-Web.pdf\" target=\"_blank\" rel=\"noreferrer noopener\">batteries au lithium-ion<\/a> et des <a href=\"https:\/\/renewablesassociation.ca\/wp-content\/uploads\/2021\/04\/Recycling-Solar-Panels-French-Web.pdf\" target=\"_blank\" rel=\"noreferrer noopener\">panneaux solaires<\/a>.]<\/strong> Ainsi, nous serons pr\u00eats lorsqu\u2019il faudra mettre en branle la logistique inverse. Le d\u00e9veloppement durable \u00e9tant inh\u00e9rent \u00e0 notre industrie, nous attachons une grande importance \u00e0 l\u2019\u00e9conomie circulaire.<\/p>\n\n\n\n<p>Tr\u00e8s peu de projets ont \u00e9t\u00e9 mis hors service ou r\u00e9\u00e9quip\u00e9s au Canada jusqu\u2019\u00e0 maintenant, \u00e9tant donn\u00e9 la relative jeunesse des installations, la sup\u00e9riorit\u00e9 de nos technologies par rapport aux attentes, et l\u2019excellent \u00e9tat de nos syst\u00e8mes, maintenu gr\u00e2ce aux bonnes pratiques recommand\u00e9es par l\u2019Association.<\/p>\n\n\n\n<p>Malgr\u00e9 tout, l\u2019Association et ses membres travaillent d\u00e9j\u00e0 \u00e0 concevoir une approche responsable de la fin de vie, qui laisserait autant place \u00e0 la durabilit\u00e9 et \u00e0 la s\u00e9curit\u00e9 que les autres phases du cycle de vie de nos technologies.<\/p>\n\n\n\n<p>Explorez les pages sur le cycle de vie de nos technologies pour en apprendre plus sur ses quatre phases&nbsp;: 1 \u2013 <a href=\"https:\/\/renewablesassociation.ca\/fr\/?page_id=5502\" class=\"rank-math-link\">d\u00e9veloppement<\/a>, 2 \u2013 <a href=\"https:\/\/renewablesassociation.ca\/fr\/?page_id=5509\" class=\"rank-math-link\">construction et installation<\/a>, 3 \u2013 <a href=\"https:\/\/renewablesassociation.ca\/fr\/?page_id=5515\" class=\"rank-math-link\">op\u00e9ration et maintenance<\/a>, et 4 \u2013 <a href=\"https:\/\/renewablesassociation.ca\/fr\/?page_id=5522\" class=\"rank-math-link\">r\u00e9\u00e9quipement, mise hors service et d\u00e9mant\u00e8lement<\/a>.<\/p>\n","protected":false},"excerpt":{"rendered":"<p>Comme des innovations font sans arr&ecirc;t leur apparition dans le secteur dynamique de l&rsquo;&eacute;olien, du solaire et du stockage d&rsquo;&eacute;nergie, il faut remplacer les anciennes technologies. Le r&eacute;&eacute;quipement, la mise hors service et le d&eacute;mant&egrave;lement forment la derni&egrave;re phase du cycle de vie de nos trois technologies, les autres &eacute;tant le d&eacute;veloppement, la construction et [&hellip;]<\/p>\n","protected":false},"author":3,"featured_media":5547,"parent":0,"menu_order":126,"comment_status":"closed","ping_status":"closed","template":"","meta":{"_acf_changed":false,"_eb_attr":"","_uag_custom_page_level_css":"","footnotes":""},"tags":[],"class_list":["post-5522","page","type-page","status-publish","has-post-thumbnail","hentry"],"acf":[],"uagb_featured_image_src":{"full":["https:\/\/renewablesassociation.ca\/wp-content\/uploads\/2021\/01\/canrea-decomm-and-repowering@2x.png",2760,2060,false],"thumbnail":["https:\/\/renewablesassociation.ca\/wp-content\/uploads\/2021\/01\/canrea-decomm-and-repowering@2x-150x150.png",150,150,true],"medium":["https:\/\/renewablesassociation.ca\/wp-content\/uploads\/2021\/01\/canrea-decomm-and-repowering@2x-300x224.png",300,224,true],"medium_large":["https:\/\/renewablesassociation.ca\/wp-content\/uploads\/2021\/01\/canrea-decomm-and-repowering@2x-768x573.png",768,573,true],"large":["https:\/\/renewablesassociation.ca\/wp-content\/uploads\/2021\/01\/canrea-decomm-and-repowering@2x-1024x764.png",1024,764,true],"1536x1536":["https:\/\/renewablesassociation.ca\/wp-content\/uploads\/2021\/01\/canrea-decomm-and-repowering@2x-1536x1146.png",1536,1146,true],"2048x2048":["https:\/\/renewablesassociation.ca\/wp-content\/uploads\/2021\/01\/canrea-decomm-and-repowering@2x-2048x1529.png",2048,1529,true],"alm-thumbnail":["https:\/\/renewablesassociation.ca\/wp-content\/uploads\/2021\/01\/canrea-decomm-and-repowering@2x.png",150,112,false],"alm-cta":["https:\/\/renewablesassociation.ca\/wp-content\/uploads\/2021\/01\/canrea-decomm-and-repowering@2x.png",603,450,false],"alm-gallery":["https:\/\/renewablesassociation.ca\/wp-content\/uploads\/2021\/01\/canrea-decomm-and-repowering@2x.png",800,597,false],"news-img-2x":["https:\/\/renewablesassociation.ca\/wp-content\/uploads\/2021\/01\/canrea-decomm-and-repowering@2x-1380x1030.png",1380,1030,true],"news-img":["https:\/\/renewablesassociation.ca\/wp-content\/uploads\/2021\/01\/canrea-decomm-and-repowering@2x-690x515.png",690,515,true],"gform-image-choice-sm":["https:\/\/renewablesassociation.ca\/wp-content\/uploads\/2021\/01\/canrea-decomm-and-repowering@2x.png",300,224,false],"gform-image-choice-md":["https:\/\/renewablesassociation.ca\/wp-content\/uploads\/2021\/01\/canrea-decomm-and-repowering@2x.png",400,299,false],"gform-image-choice-lg":["https:\/\/renewablesassociation.ca\/wp-content\/uploads\/2021\/01\/canrea-decomm-and-repowering@2x.png",600,448,false]},"uagb_author_info":{"display_name":"Lejla Latifovic","author_link":"https:\/\/renewablesassociation.ca\/fr\/author\/lejla\/"},"uagb_comment_info":0,"uagb_excerpt":"Comme des innovations font sans arr&ecirc;t leur apparition dans le secteur dynamique de l&rsquo;&eacute;olien, du solaire et du stockage d&rsquo;&eacute;nergie, il faut remplacer les anciennes technologies. Le r&eacute;&eacute;quipement, la mise hors service et le d&eacute;mant&egrave;lement forment la derni&egrave;re phase du cycle de vie de nos trois technologies, les autres &eacute;tant le d&eacute;veloppement, la construction et\u2026","_links":{"self":[{"href":"https:\/\/renewablesassociation.ca\/fr\/wp-json\/wp\/v2\/pages\/5522","targetHints":{"allow":["GET"]}}],"collection":[{"href":"https:\/\/renewablesassociation.ca\/fr\/wp-json\/wp\/v2\/pages"}],"about":[{"href":"https:\/\/renewablesassociation.ca\/fr\/wp-json\/wp\/v2\/types\/page"}],"author":[{"embeddable":true,"href":"https:\/\/renewablesassociation.ca\/fr\/wp-json\/wp\/v2\/users\/3"}],"replies":[{"embeddable":true,"href":"https:\/\/renewablesassociation.ca\/fr\/wp-json\/wp\/v2\/comments?post=5522"}],"version-history":[{"count":5,"href":"https:\/\/renewablesassociation.ca\/fr\/wp-json\/wp\/v2\/pages\/5522\/revisions"}],"predecessor-version":[{"id":8053,"href":"https:\/\/renewablesassociation.ca\/fr\/wp-json\/wp\/v2\/pages\/5522\/revisions\/8053"}],"wp:featuredmedia":[{"embeddable":true,"href":"https:\/\/renewablesassociation.ca\/fr\/wp-json\/wp\/v2\/media\/5547"}],"wp:attachment":[{"href":"https:\/\/renewablesassociation.ca\/fr\/wp-json\/wp\/v2\/media?parent=5522"}],"wp:term":[{"taxonomy":"post_tag","embeddable":true,"href":"https:\/\/renewablesassociation.ca\/fr\/wp-json\/wp\/v2\/tags?post=5522"}],"curies":[{"name":"wp","href":"https:\/\/api.w.org\/{rel}","templated":true}]}}