{"id":5515,"date":"2021-02-12T18:03:25","date_gmt":"2021-02-12T22:03:25","guid":{"rendered":"https:\/\/renewablesassociation.ca\/?page_id=5515"},"modified":"2021-02-12T18:14:43","modified_gmt":"2021-02-12T22:14:43","slug":"operation-et-maintenance","status":"publish","type":"page","link":"https:\/\/renewablesassociation.ca\/fr\/operation-et-maintenance\/","title":{"rendered":"Op\u00e9ration et maintenance"},"content":{"rendered":"\n<p>Le secteur de l\u2019\u00e9olien, du solaire et du stockage d\u2019\u00e9nergie se transforme rapidement, et des nouveaut\u00e9s sont continuellement int\u00e9gr\u00e9es aux m\u00e9thodes d\u2019op\u00e9ration et de maintenance des installations. L\u2019op\u00e9ration et la maintenance constituent la troisi\u00e8me phase du cycle de vie de nos technologies, apr\u00e8s le d\u00e9veloppement, puis la construction et l\u2019installation.<\/p>\n\n\n\n<p>Une fois un projet mis en service, sa responsabilit\u00e9 est transf\u00e9r\u00e9e \u00e0 l\u2019\u00e9quipe d\u2019exploitation, qui se charge de l\u2019op\u00e9rer et le maintenir.<\/p>\n\n\n\n<p>Cette \u00e9quipe peut se composer d\u2019employ\u00e9s du propri\u00e9taire du site ou du fabricant d\u2019\u00e9quipement d\u2019origine, selon les provisions de la garantie, ou bien d\u2019une combinaison de parties (pouvant inclure des fournisseurs de services ind\u00e9pendants) qui assument ensemble les responsabilit\u00e9s.<\/p>\n\n\n\n<p>Dans tous les cas, la sant\u00e9 et la s\u00e9curit\u00e9 des personnes pr\u00e9sentes sur le site, qu\u2019elles soient des employ\u00e9s ou des entrepreneurs, priment sur tout. L\u2019Association travaille avec ses membres pour cr\u00e9er des ressources sur de nombreuses situations op\u00e9rationnelles, comme ses <em><a href=\"https:\/\/renewablesassociation.ca\/wp-content\/uploads\/2021\/02\/Sante-et-securite-pour-les-parcs-eoliens-en-climats-givrant-et-froid_juin2020.pdf\" class=\"rank-math-link\">Meilleures pratiques de sant\u00e9 et s\u00e9curit\u00e9 pour les parcs \u00e9oliens en climats givrant et froid<\/a><\/em>, et de courts feuillets cibl\u00e9s, comme son <a href=\"https:\/\/renewablesassociation.ca\/wp-content\/uploads\/2021\/02\/Sensibilisation-au-traumatisme-de-suspension_juillet2018.pdf\" class=\"rank-math-link\">d\u00e9pliant de sensibilisation au traumatisme de suspension pour les premiers r\u00e9pondants<\/a>.<\/p>\n\n\n\n<p>Les exigences de maintenance varient selon le type d\u2019installation.<\/p>\n\n\n\n<p>L\u2019op\u00e9ration et la maintenance d\u2019\u00e9oliennes n\u00e9cessitent un travail en hauteur avec de l\u2019\u00e9quipement industriel. Nettoyer les pales, changer l\u2019huile, resserrer les vis et faire un contr\u00f4le de routine sont parmi les t\u00e2ches courantes. Les installations sont complexes, form\u00e9es de nombreuses pi\u00e8ces mobiles et de syst\u00e8mes de commande perfectionn\u00e9s. Notre guide <em><a href=\"https:\/\/renewablesassociation.ca\/wp-content\/uploads\/2021\/02\/Competences-fondamentales-des-techniciens-en-eoliennes_dec2019.pdf\" class=\"rank-math-link\">Comp\u00e9tences fondamentales des techniciens en \u00e9oliennes<\/a><\/em> vous en dira plus sur cette profession et sur le profil de comp\u00e9tences requises particulier.<\/p>\n\n\n\n<p>Les petites \u00e9oliennes, qui conviennent aux fermes et aux r\u00e9sidences, ont aussi besoin d\u2019\u00eatre maintenues. C\u2019est leur conception qui d\u00e9termine si le propri\u00e9taire peut faire lui-m\u00eame les travaux ou doit faire appel \u00e0 des techniciens.<\/p>\n\n\n\n<p>Quant aux installations solaires, leur maintenance comprend le nettoyage des panneaux, la gestion de la v\u00e9g\u00e9tation, la maintenance des \u00e9ventuels syst\u00e8mes de poursuite solaire et le remplacement des pi\u00e8ces endommag\u00e9es.<\/p>\n\n\n\n<p>Les r\u00e9seaux solaires de petite taille ou install\u00e9s sur les toits ne n\u00e9cessitent cependant pas un programme d\u2019op\u00e9ration et de maintenance complet. Ils n\u2019exigent g\u00e9n\u00e9ralement que peu de travail&nbsp;: une simple surveillance et le recours \u00e0 un professionnel en cas de dommage ou de baisse de la production.<\/p>\n\n\n\n<p>Les installations de stockage d\u2019\u00e9nergie utilisent de nombreuses technologies diff\u00e9rentes, soit tout un \u00e9ventail de batteries, de volants d\u2019inertie m\u00e9caniques et de dispositifs de pompage et de stockage de l\u2019\u00e9nergie thermique. Par cons\u00e9quent, leurs besoins d\u2019op\u00e9ration et de maintenance sont tr\u00e8s vari\u00e9s.<\/p>\n\n\n\n<p>N\u00e9anmoins, certains besoins sont communs aux trois technologies, par exemple la maintenance des transformateurs, des onduleurs, des sous-stations et des lignes \u00e9lectriques qui y sont connect\u00e9es. L\u2019Association a d\u2019ailleurs produit un <em><a href=\"https:\/\/renewablesassociation.ca\/wp-content\/uploads\/2021\/02\/Guide-des-meilleures-pratiques-de-securite-electrique-pour-les-parcs-eoliens_octobre2018-1.pdf\" class=\"rank-math-link\">Guide des meilleures pratiques de s\u00e9curit\u00e9 \u00e9lectrique pour les parcs \u00e9oliens<\/a><\/em>.<\/p>\n\n\n\n<p>L\u2019Association est fi\u00e8re de regrouper de nombreuses entreprises membres qui offrent des services li\u00e9s \u00e0 cette phase du cycle de vie des technologies \u00e9oliennes, solaires et de stockage d\u2019\u00e9nergie, et permettent ainsi au secteur de garantir \u00e0 ses clients un acc\u00e8s fiable et abordable \u00e0 l\u2019\u00e9lectricit\u00e9, au moment o\u00f9 ils en ont besoin.<\/p>\n\n\n\n<p>Explorez les pages sur le cycle de vie de nos technologies pour en apprendre plus sur ses quatre phases\u00a0: 1 \u2013 <a href=\"https:\/\/renewablesassociation.ca\/fr\/?page_id=5502\" class=\"rank-math-link\">d\u00e9veloppement<\/a>, 2 \u2013 <a href=\"https:\/\/renewablesassociation.ca\/fr\/?page_id=5509\" class=\"rank-math-link\">construction et installation<\/a>, 3 \u2013 <a href=\"https:\/\/renewablesassociation.ca\/fr\/?page_id=5515\" class=\"rank-math-link\">op\u00e9ration et maintenance<\/a>, et 4 \u2013 <a href=\"https:\/\/renewablesassociation.ca\/fr\/?page_id=5522\" class=\"rank-math-link\">r\u00e9\u00e9quipement, mise hors service et d\u00e9mant\u00e8lement<\/a>.<\/p>\n","protected":false},"excerpt":{"rendered":"<p>Le secteur de l&rsquo;&eacute;olien, du solaire et du stockage d&rsquo;&eacute;nergie se transforme rapidement, et des nouveaut&eacute;s sont continuellement int&eacute;gr&eacute;es aux m&eacute;thodes d&rsquo;op&eacute;ration et de maintenance des installations. L&rsquo;op&eacute;ration et la maintenance constituent la troisi&egrave;me phase du cycle de vie de nos technologies, apr&egrave;s le d&eacute;veloppement, puis la construction et l&rsquo;installation. [&hellip;]<\/p>\n","protected":false},"author":3,"featured_media":5541,"parent":0,"menu_order":125,"comment_status":"closed","ping_status":"closed","template":"","meta":{"_acf_changed":false,"_eb_attr":"","_uag_custom_page_level_css":"","footnotes":""},"tags":[],"class_list":["post-5515","page","type-page","status-publish","has-post-thumbnail","hentry"],"acf":[],"uagb_featured_image_src":{"full":["https:\/\/renewablesassociation.ca\/wp-content\/uploads\/2021\/01\/canrea-operations-and-maintenance@2x.png",2760,2060,false],"thumbnail":["https:\/\/renewablesassociation.ca\/wp-content\/uploads\/2021\/01\/canrea-operations-and-maintenance@2x-150x150.png",150,150,true],"medium":["https:\/\/renewablesassociation.ca\/wp-content\/uploads\/2021\/01\/canrea-operations-and-maintenance@2x-300x224.png",300,224,true],"medium_large":["https:\/\/renewablesassociation.ca\/wp-content\/uploads\/2021\/01\/canrea-operations-and-maintenance@2x-768x573.png",768,573,true],"large":["https:\/\/renewablesassociation.ca\/wp-content\/uploads\/2021\/01\/canrea-operations-and-maintenance@2x-1024x764.png",1024,764,true],"1536x1536":["https:\/\/renewablesassociation.ca\/wp-content\/uploads\/2021\/01\/canrea-operations-and-maintenance@2x-1536x1146.png",1536,1146,true],"2048x2048":["https:\/\/renewablesassociation.ca\/wp-content\/uploads\/2021\/01\/canrea-operations-and-maintenance@2x-2048x1529.png",2048,1529,true],"alm-thumbnail":["https:\/\/renewablesassociation.ca\/wp-content\/uploads\/2021\/01\/canrea-operations-and-maintenance@2x.png",150,112,false],"alm-cta":["https:\/\/renewablesassociation.ca\/wp-content\/uploads\/2021\/01\/canrea-operations-and-maintenance@2x.png",603,450,false],"alm-gallery":["https:\/\/renewablesassociation.ca\/wp-content\/uploads\/2021\/01\/canrea-operations-and-maintenance@2x.png",800,597,false],"news-img-2x":["https:\/\/renewablesassociation.ca\/wp-content\/uploads\/2021\/01\/canrea-operations-and-maintenance@2x-1380x1030.png",1380,1030,true],"news-img":["https:\/\/renewablesassociation.ca\/wp-content\/uploads\/2021\/01\/canrea-operations-and-maintenance@2x-690x515.png",690,515,true],"gform-image-choice-sm":["https:\/\/renewablesassociation.ca\/wp-content\/uploads\/2021\/01\/canrea-operations-and-maintenance@2x.png",300,224,false],"gform-image-choice-md":["https:\/\/renewablesassociation.ca\/wp-content\/uploads\/2021\/01\/canrea-operations-and-maintenance@2x.png",400,299,false],"gform-image-choice-lg":["https:\/\/renewablesassociation.ca\/wp-content\/uploads\/2021\/01\/canrea-operations-and-maintenance@2x.png",600,448,false]},"uagb_author_info":{"display_name":"Lejla Latifovic","author_link":"https:\/\/renewablesassociation.ca\/fr\/author\/lejla\/"},"uagb_comment_info":0,"uagb_excerpt":"Le secteur de l&rsquo;&eacute;olien, du solaire et du stockage d&rsquo;&eacute;nergie se transforme rapidement, et des nouveaut&eacute;s sont continuellement int&eacute;gr&eacute;es aux m&eacute;thodes d&rsquo;op&eacute;ration et de maintenance des installations. L&rsquo;op&eacute;ration et la maintenance constituent la troisi&egrave;me phase du cycle de vie de nos technologies, apr&egrave;s le d&eacute;veloppement, puis la construction et l&rsquo;installation. [&hellip;]","_links":{"self":[{"href":"https:\/\/renewablesassociation.ca\/fr\/wp-json\/wp\/v2\/pages\/5515","targetHints":{"allow":["GET"]}}],"collection":[{"href":"https:\/\/renewablesassociation.ca\/fr\/wp-json\/wp\/v2\/pages"}],"about":[{"href":"https:\/\/renewablesassociation.ca\/fr\/wp-json\/wp\/v2\/types\/page"}],"author":[{"embeddable":true,"href":"https:\/\/renewablesassociation.ca\/fr\/wp-json\/wp\/v2\/users\/3"}],"replies":[{"embeddable":true,"href":"https:\/\/renewablesassociation.ca\/fr\/wp-json\/wp\/v2\/comments?post=5515"}],"version-history":[{"count":5,"href":"https:\/\/renewablesassociation.ca\/fr\/wp-json\/wp\/v2\/pages\/5515\/revisions"}],"predecessor-version":[{"id":5577,"href":"https:\/\/renewablesassociation.ca\/fr\/wp-json\/wp\/v2\/pages\/5515\/revisions\/5577"}],"wp:featuredmedia":[{"embeddable":true,"href":"https:\/\/renewablesassociation.ca\/fr\/wp-json\/wp\/v2\/media\/5541"}],"wp:attachment":[{"href":"https:\/\/renewablesassociation.ca\/fr\/wp-json\/wp\/v2\/media?parent=5515"}],"wp:term":[{"taxonomy":"post_tag","embeddable":true,"href":"https:\/\/renewablesassociation.ca\/fr\/wp-json\/wp\/v2\/tags?post=5515"}],"curies":[{"name":"wp","href":"https:\/\/api.w.org\/{rel}","templated":true}]}}