{"id":5509,"date":"2021-02-12T18:02:02","date_gmt":"2021-02-12T22:02:02","guid":{"rendered":"https:\/\/renewablesassociation.ca\/?page_id=5509"},"modified":"2026-02-12T18:40:54","modified_gmt":"2026-02-12T22:40:54","slug":"construction-et-installation","status":"publish","type":"page","link":"https:\/\/renewablesassociation.ca\/fr\/construction-et-installation\/","title":{"rendered":"Construction et installation"},"content":{"rendered":"\n<p>Dans le secteur en pleine \u00e9volution de l\u2019\u00e9olien, du solaire et du stockage d\u2019\u00e9nergie, les id\u00e9es nouvelles s\u2019ajoutent constamment \u00e0 la construction et l\u2019installation, la deuxi\u00e8me phase du cycle de vie de nos trois technologies, qui s\u2019entame apr\u00e8s la planification du projet, le choix du site, l\u2019obtention des permis et la conclusion des contrats et des ententes.<\/p>\n\n\n\n<p>Les projets en construction de nos jours exigent un \u00e9quipement toujours plus gros et plus complexe. Ainsi, pour le transport terrestre des composants d\u2019\u00e9olienne, il faut parfois une remorque plus longue qu\u2019un terrain de football, et les nouveaux r\u00e9seaux de grands panneaux solaires sont tels qu\u2019ils ont la capacit\u00e9 d\u2019alimenter des collectivit\u00e9s enti\u00e8res.<\/p>\n\n\n\n<p>Des installations de stockage d\u2019\u00e9nergie apparaissent aussi un peu partout, notamment sur les sites de production \u00e9olienne et solaire. Il y a clairement une synergie entre les technologies \u00e9oliennes, solaires et de stockage \u00e0 toutes les phases de leur cycle de vie, y compris la construction.<\/p>\n\n\n\n<p>Et \u00e7a ne s\u2019arr\u00eate pas l\u00e0. Ces technologies en d\u00e9ploiement partout au pays sont un moteur de modernisation du r\u00e9seau&nbsp;: r\u00e9seaux intelligents, bornes de recharge pour v\u00e9hicules \u00e9lectriques, initiatives de r\u00e9silience, et autres innovations de pointe.<\/p>\n\n\n\n<p>D\u2019un bout \u00e0 l\u2019autre du Canada, des \u00e9quipes chevronn\u00e9es travaillent dur \u00e0 construire et \u00e0 installer l\u2019infrastructure de production et de stockage d\u2019\u00e9nergie de fa\u00e7on s\u00e9curitaire et efficace, aid\u00e9es par des experts techniques et des gestionnaires visionnaires de toute la cha\u00eene d\u2019approvisionnement.<\/p>\n\n\n\n<p>En effet, la cha\u00eene d\u2019approvisionnement du pays est primordiale au succ\u00e8s d\u2019un projet, qu\u2019il s\u2019agisse de produire quelques kilowatts ou des centaines de m\u00e9gawatts. Il faut une vaste expertise logistique et un r\u00e9seau international pour obtenir les bonnes pi\u00e8ces \u00e0 un bon prix, au bon moment. L\u2019Association est fi\u00e8re de souligner que de nombreux composants de grande qualit\u00e9 pour projets d\u2019\u00e9nergie renouvelable sont fabriqu\u00e9s chez nous.<\/p>\n\n\n\n<p>Le Canada compte aussi plusieurs \u00e9quipes sp\u00e9cialis\u00e9es dans la construction de ces projets, capables de fournir des \u00e9oliennes terrestres parmi les plus grandes au monde et des technologies photovolta\u00efques parmi les plus avanc\u00e9es. Tout ce travail permet \u00e0 des propri\u00e9taires, \u00e0 des municipalit\u00e9s et \u00e0 des entreprises du pays d\u2019obtenir de l\u2019\u00e9lectricit\u00e9 propre et abordable.<\/p>\n\n\n\n<p>Les membres de l\u2019Association s\u2019appliquent \u00e0 respecter \u2013 et m\u00eame \u00e0 d\u00e9passer \u2013 les normes et les r\u00e8glements sur la construction et l\u2019installation en vigueur \u00e0 chaque endroit.<\/p>\n\n\n\n<p>Sachant toute l\u2019importance de la s\u00e9curit\u00e9 pour la construction et l\u2019installation, l\u2019Association collabore activement avec ses membres pour cr\u00e9er des ressources et diffuser les connaissances en la mati\u00e8re. Par exemple, vous trouverez ici son <a href=\"https:\/\/renewablesassociation.ca\/wp-content\/uploads\/2026\/02\/\u200bGuide-des-meilleures-pour-lutilisation-securitaire-des-grues-mobiles-dans-les-parcs-eoliens.pdf\"><em>Guide des meilleures pratiques pour l\u2019utilisation s\u00e9curitaire des grues mobiles dans les parcs \u00e9oliens<\/em>.\u00a0\u00a0<\/a><\/p>\n\n\n\n<p>Explorez les pages sur le cycle de vie de nos technologies pour en apprendre plus sur ses quatre phases&nbsp;: 1 \u2013 <a href=\"https:\/\/renewablesassociation.ca\/fr\/?page_id=5502\" class=\"rank-math-link\">d\u00e9veloppement<\/a>, 2 \u2013 <a href=\"https:\/\/renewablesassociation.ca\/fr\/?page_id=5509\" class=\"rank-math-link\">construction et installation<\/a>, 3 \u2013 <a href=\"https:\/\/renewablesassociation.ca\/fr\/?page_id=5515\" class=\"rank-math-link\">op\u00e9ration et maintenance<\/a>, et 4 \u2013 <a href=\"https:\/\/renewablesassociation.ca\/fr\/?page_id=5522\" class=\"rank-math-link\">r\u00e9\u00e9quipement, mise hors service et d\u00e9mant\u00e8lement<\/a>.<\/p>\n","protected":false},"excerpt":{"rendered":"<p>Dans le secteur en pleine &eacute;volution de l&rsquo;&eacute;olien, du solaire et du stockage d&rsquo;&eacute;nergie, les id&eacute;es nouvelles s&rsquo;ajoutent constamment &agrave; la construction et l&rsquo;installation, la deuxi&egrave;me phase du cycle de vie de nos trois technologies, qui s&rsquo;entame apr&egrave;s la planification du projet, le choix du site, l&rsquo;obtention des permis et la conclusion des contrats et [&hellip;]<\/p>\n","protected":false},"author":3,"featured_media":5528,"parent":0,"menu_order":123,"comment_status":"closed","ping_status":"closed","template":"","meta":{"_acf_changed":false,"_eb_attr":"","_uag_custom_page_level_css":"","footnotes":""},"tags":[],"class_list":["post-5509","page","type-page","status-publish","has-post-thumbnail","hentry"],"acf":[],"uagb_featured_image_src":{"full":["https:\/\/renewablesassociation.ca\/wp-content\/uploads\/2021\/01\/canrea-construction-and-installation@2x.png",2760,2060,false],"thumbnail":["https:\/\/renewablesassociation.ca\/wp-content\/uploads\/2021\/01\/canrea-construction-and-installation@2x-150x150.png",150,150,true],"medium":["https:\/\/renewablesassociation.ca\/wp-content\/uploads\/2021\/01\/canrea-construction-and-installation@2x-300x224.png",300,224,true],"medium_large":["https:\/\/renewablesassociation.ca\/wp-content\/uploads\/2021\/01\/canrea-construction-and-installation@2x-768x573.png",768,573,true],"large":["https:\/\/renewablesassociation.ca\/wp-content\/uploads\/2021\/01\/canrea-construction-and-installation@2x-1024x764.png",1024,764,true],"1536x1536":["https:\/\/renewablesassociation.ca\/wp-content\/uploads\/2021\/01\/canrea-construction-and-installation@2x-1536x1146.png",1536,1146,true],"2048x2048":["https:\/\/renewablesassociation.ca\/wp-content\/uploads\/2021\/01\/canrea-construction-and-installation@2x-2048x1529.png",2048,1529,true],"alm-thumbnail":["https:\/\/renewablesassociation.ca\/wp-content\/uploads\/2021\/01\/canrea-construction-and-installation@2x.png",150,112,false],"alm-cta":["https:\/\/renewablesassociation.ca\/wp-content\/uploads\/2021\/01\/canrea-construction-and-installation@2x.png",603,450,false],"alm-gallery":["https:\/\/renewablesassociation.ca\/wp-content\/uploads\/2021\/01\/canrea-construction-and-installation@2x.png",800,597,false],"news-img-2x":["https:\/\/renewablesassociation.ca\/wp-content\/uploads\/2021\/01\/canrea-construction-and-installation@2x-1380x1030.png",1380,1030,true],"news-img":["https:\/\/renewablesassociation.ca\/wp-content\/uploads\/2021\/01\/canrea-construction-and-installation@2x-690x515.png",690,515,true],"gform-image-choice-sm":["https:\/\/renewablesassociation.ca\/wp-content\/uploads\/2021\/01\/canrea-construction-and-installation@2x.png",300,224,false],"gform-image-choice-md":["https:\/\/renewablesassociation.ca\/wp-content\/uploads\/2021\/01\/canrea-construction-and-installation@2x.png",400,299,false],"gform-image-choice-lg":["https:\/\/renewablesassociation.ca\/wp-content\/uploads\/2021\/01\/canrea-construction-and-installation@2x.png",600,448,false]},"uagb_author_info":{"display_name":"Lejla Latifovic","author_link":"https:\/\/renewablesassociation.ca\/fr\/author\/lejla\/"},"uagb_comment_info":0,"uagb_excerpt":"Dans le secteur en pleine &eacute;volution de l&rsquo;&eacute;olien, du solaire et du stockage d&rsquo;&eacute;nergie, les id&eacute;es nouvelles s&rsquo;ajoutent constamment &agrave; la construction et l&rsquo;installation, la deuxi&egrave;me phase du cycle de vie de nos trois technologies, qui s&rsquo;entame apr&egrave;s la planification du projet, le choix du site, l&rsquo;obtention des permis et la conclusion des contrats et\u2026","_links":{"self":[{"href":"https:\/\/renewablesassociation.ca\/fr\/wp-json\/wp\/v2\/pages\/5509","targetHints":{"allow":["GET"]}}],"collection":[{"href":"https:\/\/renewablesassociation.ca\/fr\/wp-json\/wp\/v2\/pages"}],"about":[{"href":"https:\/\/renewablesassociation.ca\/fr\/wp-json\/wp\/v2\/types\/page"}],"author":[{"embeddable":true,"href":"https:\/\/renewablesassociation.ca\/fr\/wp-json\/wp\/v2\/users\/3"}],"replies":[{"embeddable":true,"href":"https:\/\/renewablesassociation.ca\/fr\/wp-json\/wp\/v2\/comments?post=5509"}],"version-history":[{"count":9,"href":"https:\/\/renewablesassociation.ca\/fr\/wp-json\/wp\/v2\/pages\/5509\/revisions"}],"predecessor-version":[{"id":25517,"href":"https:\/\/renewablesassociation.ca\/fr\/wp-json\/wp\/v2\/pages\/5509\/revisions\/25517"}],"wp:featuredmedia":[{"embeddable":true,"href":"https:\/\/renewablesassociation.ca\/fr\/wp-json\/wp\/v2\/media\/5528"}],"wp:attachment":[{"href":"https:\/\/renewablesassociation.ca\/fr\/wp-json\/wp\/v2\/media?parent=5509"}],"wp:term":[{"taxonomy":"post_tag","embeddable":true,"href":"https:\/\/renewablesassociation.ca\/fr\/wp-json\/wp\/v2\/tags?post=5509"}],"curies":[{"name":"wp","href":"https:\/\/api.w.org\/{rel}","templated":true}]}}