{"id":5502,"date":"2021-02-12T18:02:28","date_gmt":"2021-02-12T22:02:28","guid":{"rendered":"https:\/\/renewablesassociation.ca\/?page_id=5502"},"modified":"2021-02-12T18:12:29","modified_gmt":"2021-02-12T22:12:29","slug":"developpement","status":"publish","type":"page","link":"https:\/\/renewablesassociation.ca\/fr\/developpement\/","title":{"rendered":"D\u00e9veloppement"},"content":{"rendered":"\n<p>En \u00e9volution rapide, le secteur de l\u2019\u00e9olien, du solaire et du stockage d\u2019\u00e9nergie produit constamment des innovations. La premi\u00e8re phase du cycle de vie de nos trois technologies est le d\u00e9veloppement.<\/p>\n\n\n\n<p>Il faut une vision novatrice, une planification minutieuse et beaucoup de travail pour concevoir un projet d\u2019\u00e9nergie renouvelable, tant pour un propri\u00e9taire souhaitant produire et stocker de l\u2019\u00e9nergie sur son terrain que pour une multinationale d\u00e9sirant investir dans un projet commercial.<\/p>\n\n\n\n<p>Dans tous les cas, le choix du site et la mobilisation de la communaut\u00e9 sont d\u2019une importance capitale.<\/p>\n\n\n\n<h3 class=\"wp-block-heading\"><strong><strong>Choix du site<\/strong><\/strong><\/h3>\n\n\n\n<p>Le succ\u00e8s d\u2019une nouvelle installation \u00e9olienne ou solaire d\u00e9pend en grande partie du site choisi.<\/p>\n\n\n\n<p>D\u2019un point de vue pratique, il est sens\u00e9 de trouver l\u2019endroit o\u00f9 la ressource \u00e9olienne ou solaire est la plus grande. Le promoteur prend donc des mesures pour v\u00e9rifier la puissance et la fiabilit\u00e9 de la ressource. Il s\u2019assure aussi que le site permet la connexion au r\u00e9seau ou le transport de l\u2019\u00e9lectricit\u00e9 jusqu\u2019au consommateur.<\/p>\n\n\n\n<p>Les \u00e9l\u00e9ments d\u2019int\u00e9r\u00eat du site (monts, vall\u00e9es, v\u00e9g\u00e9tation, faune, b\u00e2timents et infrastructure en place, etc.) sont \u00e9tudi\u00e9s \u00e0 l\u2019aide d\u2019outils de calcul sophistiqu\u00e9s, tandis que des experts cherchent la disposition des panneaux solaires ou des \u00e9oliennes qui capturera le maximum d\u2019\u00e9nergie.<\/p>\n\n\n\n<p>Le choix doit \u00e9galement \u00eatre fait de fa\u00e7on responsable, dans un esprit de durabilit\u00e9. Le promoteur analyse toutes les cons\u00e9quences \u00e9ventuelles de son projet sur l\u2019environnement, y compris la faune, la biodiversit\u00e9 v\u00e9g\u00e9tale et les caract\u00e9ristiques du patrimoine naturel, et veille dans sa planification \u00e0 \u00e9viter ou \u00e0 r\u00e9duire ces cons\u00e9quences.<\/p>\n\n\n\n<p>Le promoteur t\u00e2che aussi de faire de son site un atout pour l\u2019environnement. Par exemple, il peut r\u00e9server la majorit\u00e9 du terrain \u00e0 l\u2019habitat de la faune et des pollinisateurs indig\u00e8nes et \u00e0 des activit\u00e9s agricoles compl\u00e9mentaires, comme le p\u00e2turage en rotation, qui contribue \u00e0 la s\u00e9questration du carbone dans le sol.&nbsp;<\/p>\n\n\n\n<p>Il peut aussi destiner le terrain \u00e0 l\u2019agriculture, puisque les plantations peuvent s\u2019\u00e9tendre jusqu\u2019\u00e0 la base des \u00e9oliennes et \u00eatre r\u00e9colt\u00e9es avec la machinerie habituelle. Le b\u00e9tail peut \u00e9galement continuer d\u2019y pa\u00eetre, m\u00eame lorsque les \u00e9oliennes fonctionnent.<\/p>\n\n\n\n<p>Ces activit\u00e9s b\u00e9n\u00e9fiques \u00e0 l\u2019environnement sont possibles gr\u00e2ce \u00e0 deux caract\u00e9ristiques des parcs \u00e9oliens et solaires. La premi\u00e8re est leur grande stabilit\u00e9&nbsp;: lorsque l\u2019\u00e9quipement est install\u00e9, il n\u2019y a pratiquement plus besoin d\u2019intervention humaine pour les 25 \u00e0 40&nbsp;ann\u00e9es suivantes.<\/p>\n\n\n\n<p>La deuxi\u00e8me est l\u2019espacement \u2013 typiquement grand \u2013 entre les installations. L\u2019\u00e9quipement d\u2019un parc \u00e9olien, par exemple, ne couvre qu\u2019une petite partie du terrain (environ 5&nbsp;%); les \u00e9oliennes ont une base ne mesurant que 8 \u00e0 10&nbsp;m\u00e8tres, et sont espac\u00e9es de 250 \u00e0 800&nbsp;m\u00e8tres.<\/p>\n\n\n\n<h3 class=\"wp-block-heading\"><strong><strong>Mobilisation de la communaut\u00e9<\/strong><\/strong><\/h3>\n\n\n\n<p>Aucun projet \u00e9olien ou solaire ne peut r\u00e9ussir sans un soutien solide de la communaut\u00e9 h\u00f4te. Apr\u00e8s tout, il devra s\u2019y int\u00e9grer pendant de nombreuses ann\u00e9es.<\/p>\n\n\n\n<p>La mobilisation de la communaut\u00e9 est donc une \u00e9tape d\u00e9terminante dans le d\u00e9veloppement d\u2019un projet. Le promoteur m\u00e8ne des consultations approfondies pour bien comprendre les priorit\u00e9s locales et en tenir compte dans la conception.<\/p>\n\n\n\n<p>Ceci implique aussi d\u2019analyser et de clairement communiquer les retomb\u00e9es \u00e9conomiques du projet pour la communaut\u00e9 et pour chacun des propri\u00e9taires qui acceptent d\u2019accueillir le projet sur leur terrain.<\/p>\n\n\n\n<p>Ensuite, le promoteur collabore avec la communaut\u00e9 pour concr\u00e9tiser ces retomb\u00e9es dans la plus grande mesure possible. Toutes ces d\u00e9marches font partie du processus de d\u00e9veloppement responsable.<\/p>\n\n\n\n<p>L\u2019Association canadienne de l\u2019\u00e9nergie renouvelable a \u00e0 c\u0153ur d\u2019aider ses membres dans leurs activit\u00e9s de mobilisation. Elle offre plusieurs ressources utiles, dont les suivantes&nbsp;:<\/p>\n\n\n\n<ul class=\"wp-block-list\"><li><a href=\"https:\/\/renewablesassociation.ca\/fr\/?page_id=1372\">Pratiques d\u2019excellence en mati\u00e8re d\u2019engagement des Autochtones et du public<\/a>&nbsp;<\/li><li><a href=\"https:\/\/renewablesassociation.ca\/fr\/?page_id=1378\">Transition vers le solaire<\/a><\/li><\/ul>\n\n\n\n<p><\/p>\n\n\n\n<p>Explorez les pages sur le cycle de vie de nos technologies pour en apprendre plus sur ses quatre phases\u00a0: 1 \u2013 <a href=\"https:\/\/renewablesassociation.ca\/fr\/?page_id=5502\" class=\"rank-math-link\">d\u00e9veloppement<\/a>, 2 \u2013 <a href=\"https:\/\/renewablesassociation.ca\/fr\/?page_id=5509\" class=\"rank-math-link\">construction et installation<\/a>, 3 \u2013 <a href=\"https:\/\/renewablesassociation.ca\/fr\/?page_id=5515\" class=\"rank-math-link\">op\u00e9ration et maintenance<\/a>, et 4 \u2013 <a href=\"https:\/\/renewablesassociation.ca\/fr\/?page_id=5522\" class=\"rank-math-link\">r\u00e9\u00e9quipement, mise hors service et d\u00e9mant\u00e8lement<\/a>.<\/p>\n","protected":false},"excerpt":{"rendered":"<p>En &eacute;volution rapide, le secteur de l&rsquo;&eacute;olien, du solaire et du stockage d&rsquo;&eacute;nergie produit constamment des innovations. La premi&egrave;re phase du cycle de vie de nos trois technologies est le d&eacute;veloppement. [&hellip;]<\/p>\n","protected":false},"author":3,"featured_media":5532,"parent":0,"menu_order":122,"comment_status":"closed","ping_status":"closed","template":"","meta":{"_acf_changed":false,"_eb_attr":"","_uag_custom_page_level_css":"","footnotes":""},"tags":[],"class_list":["post-5502","page","type-page","status-publish","has-post-thumbnail","hentry"],"acf":[],"uagb_featured_image_src":{"full":["https:\/\/renewablesassociation.ca\/wp-content\/uploads\/2021\/01\/canrea-development@2x.png",2760,2060,false],"thumbnail":["https:\/\/renewablesassociation.ca\/wp-content\/uploads\/2021\/01\/canrea-development@2x-150x150.png",150,150,true],"medium":["https:\/\/renewablesassociation.ca\/wp-content\/uploads\/2021\/01\/canrea-development@2x-300x224.png",300,224,true],"medium_large":["https:\/\/renewablesassociation.ca\/wp-content\/uploads\/2021\/01\/canrea-development@2x-768x573.png",768,573,true],"large":["https:\/\/renewablesassociation.ca\/wp-content\/uploads\/2021\/01\/canrea-development@2x-1024x764.png",1024,764,true],"1536x1536":["https:\/\/renewablesassociation.ca\/wp-content\/uploads\/2021\/01\/canrea-development@2x-1536x1146.png",1536,1146,true],"2048x2048":["https:\/\/renewablesassociation.ca\/wp-content\/uploads\/2021\/01\/canrea-development@2x-2048x1529.png",2048,1529,true],"alm-thumbnail":["https:\/\/renewablesassociation.ca\/wp-content\/uploads\/2021\/01\/canrea-development@2x.png",150,112,false],"alm-cta":["https:\/\/renewablesassociation.ca\/wp-content\/uploads\/2021\/01\/canrea-development@2x.png",603,450,false],"alm-gallery":["https:\/\/renewablesassociation.ca\/wp-content\/uploads\/2021\/01\/canrea-development@2x.png",800,597,false],"news-img-2x":["https:\/\/renewablesassociation.ca\/wp-content\/uploads\/2021\/01\/canrea-development@2x-1380x1030.png",1380,1030,true],"news-img":["https:\/\/renewablesassociation.ca\/wp-content\/uploads\/2021\/01\/canrea-development@2x-690x515.png",690,515,true],"gform-image-choice-sm":["https:\/\/renewablesassociation.ca\/wp-content\/uploads\/2021\/01\/canrea-development@2x.png",300,224,false],"gform-image-choice-md":["https:\/\/renewablesassociation.ca\/wp-content\/uploads\/2021\/01\/canrea-development@2x.png",400,299,false],"gform-image-choice-lg":["https:\/\/renewablesassociation.ca\/wp-content\/uploads\/2021\/01\/canrea-development@2x.png",600,448,false]},"uagb_author_info":{"display_name":"Lejla Latifovic","author_link":"https:\/\/renewablesassociation.ca\/fr\/author\/lejla\/"},"uagb_comment_info":0,"uagb_excerpt":"En &eacute;volution rapide, le secteur de l&rsquo;&eacute;olien, du solaire et du stockage d&rsquo;&eacute;nergie produit constamment des innovations. La premi&egrave;re phase du cycle de vie de nos trois technologies est le d&eacute;veloppement. [&hellip;]","_links":{"self":[{"href":"https:\/\/renewablesassociation.ca\/fr\/wp-json\/wp\/v2\/pages\/5502","targetHints":{"allow":["GET"]}}],"collection":[{"href":"https:\/\/renewablesassociation.ca\/fr\/wp-json\/wp\/v2\/pages"}],"about":[{"href":"https:\/\/renewablesassociation.ca\/fr\/wp-json\/wp\/v2\/types\/page"}],"author":[{"embeddable":true,"href":"https:\/\/renewablesassociation.ca\/fr\/wp-json\/wp\/v2\/users\/3"}],"replies":[{"embeddable":true,"href":"https:\/\/renewablesassociation.ca\/fr\/wp-json\/wp\/v2\/comments?post=5502"}],"version-history":[{"count":9,"href":"https:\/\/renewablesassociation.ca\/fr\/wp-json\/wp\/v2\/pages\/5502\/revisions"}],"predecessor-version":[{"id":5571,"href":"https:\/\/renewablesassociation.ca\/fr\/wp-json\/wp\/v2\/pages\/5502\/revisions\/5571"}],"wp:featuredmedia":[{"embeddable":true,"href":"https:\/\/renewablesassociation.ca\/fr\/wp-json\/wp\/v2\/media\/5532"}],"wp:attachment":[{"href":"https:\/\/renewablesassociation.ca\/fr\/wp-json\/wp\/v2\/media?parent=5502"}],"wp:term":[{"taxonomy":"post_tag","embeddable":true,"href":"https:\/\/renewablesassociation.ca\/fr\/wp-json\/wp\/v2\/tags?post=5502"}],"curies":[{"name":"wp","href":"https:\/\/api.w.org\/{rel}","templated":true}]}}