{"id":5500,"date":"2021-02-12T18:02:15","date_gmt":"2021-02-12T22:02:15","guid":{"rendered":"https:\/\/renewablesassociation.ca\/?page_id=5500"},"modified":"2021-02-12T18:11:26","modified_gmt":"2021-02-12T22:11:26","slug":"cycle-de-vie","status":"publish","type":"page","link":"https:\/\/renewablesassociation.ca\/fr\/cycle-de-vie\/","title":{"rendered":"Cycle de vie"},"content":{"rendered":"\n<h2 class=\"wp-block-heading\"><strong><strong>Le cycle de vie de nos trois technologies<\/strong><\/strong><\/h2>\n\n\n\n<p>L\u2019\u00e9nergie renouvelable est une ressource in\u00e9puisable et naturelle. Mais pour exploiter la pleine puissance du soleil et du vent, il faut des technologies sp\u00e9cialis\u00e9es. Les entreprises membres de l\u2019Association utilisent donc de l\u2019\u00e9quipement de pointe pour produire les solutions \u00e9oliennes, solaires et de stockage d\u2019\u00e9nergie qu\u2019elles livrent aux Canadiens.<\/p>\n\n\n\n<p>C\u2019est un domaine en \u00e9volution rapide, o\u00f9 des innovations sont sans cesse con\u00e7ues, install\u00e9es et exploit\u00e9es.<\/p>\n\n\n\n<p>Savez-vous comment une invention technique ou technologique passe de la planche \u00e0 dessin \u00e0 un site de production pouvant alimenter un lampadaire ou une ville enti\u00e8re? Quels types d\u2019emplois sont n\u00e9cessaires sur place pour que tout se d\u00e9roule bien? Et que devient l\u2019\u00e9quipement apr\u00e8s son remplacement par un nouveau mod\u00e8le plus efficace?<\/p>\n\n\n\n<p>Le cycle de vie des technologies \u00e9oliennes, solaires et de stockage d\u2019\u00e9nergie se divise en quatre phases&nbsp;:<\/p>\n\n\n\n<ol class=\"wp-block-list\"><li>D\u00e9veloppement<\/li><li>Construction et installation<\/li><li>Op\u00e9ration et maintenance<\/li><li>R\u00e9\u00e9quipement, mise hors service et d\u00e9mant\u00e8lement<\/li><\/ol>\n\n\n\n<p><\/p>\n\n\n\n<p>L\u2019Association s\u2019est donn\u00e9 pour mandat de veiller \u00e0 ce que chaque \u00e9tape de ce cycle se d\u00e9roule de fa\u00e7on s\u00e9curitaire et durable.<\/p>\n\n\n\n<p>Elle est fi\u00e8re de repr\u00e9senter des membres issus de divers horizons qui \u0153uvrent dans tous les volets du cycle de vie des projets \u00e9oliens, solaires et de stockage d\u2019\u00e9nergie au Canada.<\/p>\n\n\n\n<p>Pour accomplir son mandat, l\u2019Association travaille, au nom des promoteurs et des installateurs de projets, \u00e0 \u00e9tablir un solide \u00e9cosyst\u00e8me politique, r\u00e9glementaire, environnemental et commercial dans tout le pays et ainsi \u00e0 attirer les investissements mondiaux dans le secteur.<\/p>\n\n\n\n<p>Bien entendu, l\u2019objectif ultime est d\u2019assurer la production d\u2019une \u00e9lectricit\u00e9 propre, abordable et fiable qui alimente les m\u00e9nages et les entreprises de fa\u00e7on durable et appuie les grands engagements climatiques pris par les diff\u00e9rents ordres de gouvernement.<\/p>\n\n\n\n<p>Explorez les pages sur le cycle de vie de nos technologies pour en apprendre plus sur ses quatre phases\u00a0: 1 \u2013 <a href=\"https:\/\/renewablesassociation.ca\/fr\/?page_id=5502\" class=\"rank-math-link\">d\u00e9veloppement<\/a>, 2 \u2013 <a href=\"https:\/\/renewablesassociation.ca\/fr\/?page_id=5509\" class=\"rank-math-link\">construction et installation<\/a>, 3 \u2013 <a href=\"https:\/\/renewablesassociation.ca\/fr\/?page_id=5515\" class=\"rank-math-link\">op\u00e9ration et maintenance<\/a>, et 4 \u2013 <a href=\"https:\/\/renewablesassociation.ca\/fr\/?page_id=5522\" class=\"rank-math-link\">r\u00e9\u00e9quipement, mise hors service et d\u00e9mant\u00e8lement<\/a>.<\/p>\n","protected":false},"excerpt":{"rendered":"<p>L&rsquo;&eacute;nergie renouvelable est une ressource in&eacute;puisable et naturelle. Mais pour exploiter la pleine puissance du soleil et du vent, il faut des technologies sp&eacute;cialis&eacute;es. Les entreprises membres de l&rsquo;Association utilisent donc de l&rsquo;&eacute;quipement de pointe pour produire les solutions &eacute;oliennes, solaires et de stockage d&rsquo;&eacute;nergie qu&rsquo;elles livrent aux Canadiens. [&hellip;]<\/p>\n","protected":false},"author":3,"featured_media":5530,"parent":0,"menu_order":111,"comment_status":"closed","ping_status":"closed","template":"","meta":{"_acf_changed":false,"_eb_attr":"","_uag_custom_page_level_css":"","footnotes":""},"tags":[],"class_list":["post-5500","page","type-page","status-publish","has-post-thumbnail","hentry"],"acf":[],"uagb_featured_image_src":{"full":["https:\/\/renewablesassociation.ca\/wp-content\/uploads\/2021\/01\/hero-life-cycle@2x.jpg",1380,1030,false],"thumbnail":["https:\/\/renewablesassociation.ca\/wp-content\/uploads\/2021\/01\/hero-life-cycle@2x-150x150.jpg",150,150,true],"medium":["https:\/\/renewablesassociation.ca\/wp-content\/uploads\/2021\/01\/hero-life-cycle@2x-300x224.jpg",300,224,true],"medium_large":["https:\/\/renewablesassociation.ca\/wp-content\/uploads\/2021\/01\/hero-life-cycle@2x-768x573.jpg",768,573,true],"large":["https:\/\/renewablesassociation.ca\/wp-content\/uploads\/2021\/01\/hero-life-cycle@2x-1024x764.jpg",1024,764,true],"1536x1536":["https:\/\/renewablesassociation.ca\/wp-content\/uploads\/2021\/01\/hero-life-cycle@2x.jpg",1380,1030,false],"2048x2048":["https:\/\/renewablesassociation.ca\/wp-content\/uploads\/2021\/01\/hero-life-cycle@2x.jpg",1380,1030,false],"alm-thumbnail":["https:\/\/renewablesassociation.ca\/wp-content\/uploads\/2021\/01\/hero-life-cycle@2x.jpg",150,112,false],"alm-cta":["https:\/\/renewablesassociation.ca\/wp-content\/uploads\/2021\/01\/hero-life-cycle@2x.jpg",603,450,false],"alm-gallery":["https:\/\/renewablesassociation.ca\/wp-content\/uploads\/2021\/01\/hero-life-cycle@2x.jpg",800,597,false],"news-img-2x":["https:\/\/renewablesassociation.ca\/wp-content\/uploads\/2021\/01\/hero-life-cycle@2x-1380x1030.jpg",1380,1030,true],"news-img":["https:\/\/renewablesassociation.ca\/wp-content\/uploads\/2021\/01\/hero-life-cycle@2x-690x515.jpg",690,515,true],"gform-image-choice-sm":["https:\/\/renewablesassociation.ca\/wp-content\/uploads\/2021\/01\/hero-life-cycle@2x.jpg",300,224,false],"gform-image-choice-md":["https:\/\/renewablesassociation.ca\/wp-content\/uploads\/2021\/01\/hero-life-cycle@2x.jpg",400,299,false],"gform-image-choice-lg":["https:\/\/renewablesassociation.ca\/wp-content\/uploads\/2021\/01\/hero-life-cycle@2x.jpg",600,448,false]},"uagb_author_info":{"display_name":"Lejla Latifovic","author_link":"https:\/\/renewablesassociation.ca\/fr\/author\/lejla\/"},"uagb_comment_info":0,"uagb_excerpt":"L&rsquo;&eacute;nergie renouvelable est une ressource in&eacute;puisable et naturelle. Mais pour exploiter la pleine puissance du soleil et du vent, il faut des technologies sp&eacute;cialis&eacute;es. Les entreprises membres de l&rsquo;Association utilisent donc de l&rsquo;&eacute;quipement de pointe pour produire les solutions &eacute;oliennes, solaires et de stockage d&rsquo;&eacute;nergie qu&rsquo;elles livrent aux Canadiens. [&hellip;]","_links":{"self":[{"href":"https:\/\/renewablesassociation.ca\/fr\/wp-json\/wp\/v2\/pages\/5500","targetHints":{"allow":["GET"]}}],"collection":[{"href":"https:\/\/renewablesassociation.ca\/fr\/wp-json\/wp\/v2\/pages"}],"about":[{"href":"https:\/\/renewablesassociation.ca\/fr\/wp-json\/wp\/v2\/types\/page"}],"author":[{"embeddable":true,"href":"https:\/\/renewablesassociation.ca\/fr\/wp-json\/wp\/v2\/users\/3"}],"replies":[{"embeddable":true,"href":"https:\/\/renewablesassociation.ca\/fr\/wp-json\/wp\/v2\/comments?post=5500"}],"version-history":[{"count":4,"href":"https:\/\/renewablesassociation.ca\/fr\/wp-json\/wp\/v2\/pages\/5500\/revisions"}],"predecessor-version":[{"id":5569,"href":"https:\/\/renewablesassociation.ca\/fr\/wp-json\/wp\/v2\/pages\/5500\/revisions\/5569"}],"wp:featuredmedia":[{"embeddable":true,"href":"https:\/\/renewablesassociation.ca\/fr\/wp-json\/wp\/v2\/media\/5530"}],"wp:attachment":[{"href":"https:\/\/renewablesassociation.ca\/fr\/wp-json\/wp\/v2\/media?parent=5500"}],"wp:term":[{"taxonomy":"post_tag","embeddable":true,"href":"https:\/\/renewablesassociation.ca\/fr\/wp-json\/wp\/v2\/tags?post=5500"}],"curies":[{"name":"wp","href":"https:\/\/api.w.org\/{rel}","templated":true}]}}