{"id":5498,"date":"2021-02-12T18:03:42","date_gmt":"2021-02-12T22:03:42","guid":{"rendered":"https:\/\/renewablesassociation.ca\/?page_id=5498"},"modified":"2021-02-12T18:09:40","modified_gmt":"2021-02-12T22:09:40","slug":"projets-hybrides","status":"publish","type":"page","link":"https:\/\/renewablesassociation.ca\/fr\/projets-hybrides\/","title":{"rendered":"Projets hybrides"},"content":{"rendered":"\n<p>Les synergies entre l\u2019\u00e9olien, le solaire et le stockage d\u2019\u00e9nergie m\u00e9tamorphosent le paysage \u00e9nerg\u00e9tique de tout le Canada. De plus en plus d\u2019acteurs s\u2019int\u00e9ressent au d\u00e9ploiement conjoint de ces technologies, qui peuvent \u00eatre regroup\u00e9es au m\u00eame endroit, voire combin\u00e9es dans un m\u00eame projet hybride.<\/p>\n\n\n\n<p>Et cela est possible \u00e0 diverses \u00e9chelles.<\/p>\n\n\n\n<p>Par exemple, de nombreux propri\u00e9taires d\u2019immeubles investissent dans des installations solaires de toiture combin\u00e9es \u00e0 des batteries&nbsp;: ainsi, l\u2019\u00e9lectricit\u00e9 produite peut \u00eatre utilis\u00e9e directement, export\u00e9e sur le r\u00e9seau ou stock\u00e9e pour un usage ult\u00e9rieur, avec pour r\u00e9sultat un gain de contr\u00f4le, d\u2019autonomie et de r\u00e9silience.<\/p>\n\n\n\n<p>Des tendances semblables se dessinent \u00e0 l\u2019\u00e9chelle des services publics.<\/p>\n\n\n\n<p>De plus en plus d\u2019entreprises s\u2019int\u00e9ressent au regroupement des projets \u00e9oliens et solaires; il ne s\u2019agit pas simplement de tabler sur les synergies entre ces technologies, mais aussi d\u2019utiliser plus efficacement les terrains et l\u2019infrastructure \u00e9lectrique (comme les transformateurs et les lignes de transport) n\u00e9cessaires \u00e0 ces projets.<\/p>\n\n\n\n<p>Les projets \u00e9oliens et solaires commerciaux recourent \u00e9galement davantage au stockage d\u2019\u00e9nergie. Par exemple, TransAlta a r\u00e9cemment install\u00e9 une batterie dans son parc \u00e9olien de Summerview pour permettre aux installations de fournir plus de services au r\u00e9seau \u00e9lectrique, de fa\u00e7on plus efficace. \u00c0 plus petite \u00e9chelle, la Premi\u00e8re Nation de Cowesses et l\u2019Institut de l\u2019\u00e9nergie \u00e9olienne du Canada disposent maintenant d\u2019installations utilisant \u00e0 la fois l\u2019\u00e9nergie \u00e9olienne, l\u2019\u00e9nergie solaire et le stockage d\u2019\u00e9nergie.<\/p>\n\n\n\n<p>Si l\u2019\u00e9nergie solaire, l\u2019\u00e9nergie \u00e9olienne et le stockage d\u2019\u00e9nergie sont des technologies bien distinctes, ce sont aussi des alli\u00e9s naturels. Apprenez \u00e0 conna\u00eetre ces technologies et leur immense potentiel synergique\u00a0: <a href=\"https:\/\/renewablesassociation.ca\/fr\/?page_id=5490\" class=\"rank-math-link\">\u00e9olien<\/a>, <a href=\"https:\/\/renewablesassociation.ca\/fr\/?page_id=5493\" class=\"rank-math-link\">solaire<\/a>, <a href=\"https:\/\/renewablesassociation.ca\/fr\/?page_id=5495\" class=\"rank-math-link\">stockage<\/a>, <a href=\"https:\/\/renewablesassociation.ca\/fr\/?page_id=5498\" class=\"rank-math-link\">hybride<\/a>.<\/p>\n","protected":false},"excerpt":{"rendered":"<p>Les synergies entre l&rsquo;&eacute;olien, le solaire et le stockage d&rsquo;&eacute;nergie m&eacute;tamorphosent le paysage &eacute;nerg&eacute;tique de tout le Canada. De plus en plus d&rsquo;acteurs s&rsquo;int&eacute;ressent au d&eacute;ploiement conjoint de ces technologies, qui peuvent &ecirc;tre regroup&eacute;es au m&ecirc;me endroit, voire combin&eacute;es dans un m&ecirc;me projet hybride. [&hellip;]<\/p>\n","protected":false},"author":3,"featured_media":5545,"parent":0,"menu_order":109,"comment_status":"closed","ping_status":"closed","template":"","meta":{"_acf_changed":false,"_eb_attr":"","_uag_custom_page_level_css":"","footnotes":""},"tags":[],"class_list":["post-5498","page","type-page","status-publish","has-post-thumbnail","hentry"],"acf":[],"uagb_featured_image_src":{"full":["https:\/\/renewablesassociation.ca\/wp-content\/uploads\/2021\/01\/hero-hybrid@2x.jpg",1380,1030,false],"thumbnail":["https:\/\/renewablesassociation.ca\/wp-content\/uploads\/2021\/01\/hero-hybrid@2x-150x150.jpg",150,150,true],"medium":["https:\/\/renewablesassociation.ca\/wp-content\/uploads\/2021\/01\/hero-hybrid@2x-300x224.jpg",300,224,true],"medium_large":["https:\/\/renewablesassociation.ca\/wp-content\/uploads\/2021\/01\/hero-hybrid@2x-768x573.jpg",768,573,true],"large":["https:\/\/renewablesassociation.ca\/wp-content\/uploads\/2021\/01\/hero-hybrid@2x-1024x764.jpg",1024,764,true],"1536x1536":["https:\/\/renewablesassociation.ca\/wp-content\/uploads\/2021\/01\/hero-hybrid@2x.jpg",1380,1030,false],"2048x2048":["https:\/\/renewablesassociation.ca\/wp-content\/uploads\/2021\/01\/hero-hybrid@2x.jpg",1380,1030,false],"alm-thumbnail":["https:\/\/renewablesassociation.ca\/wp-content\/uploads\/2021\/01\/hero-hybrid@2x.jpg",150,112,false],"alm-cta":["https:\/\/renewablesassociation.ca\/wp-content\/uploads\/2021\/01\/hero-hybrid@2x.jpg",603,450,false],"alm-gallery":["https:\/\/renewablesassociation.ca\/wp-content\/uploads\/2021\/01\/hero-hybrid@2x.jpg",800,597,false],"news-img-2x":["https:\/\/renewablesassociation.ca\/wp-content\/uploads\/2021\/01\/hero-hybrid@2x-1380x1030.jpg",1380,1030,true],"news-img":["https:\/\/renewablesassociation.ca\/wp-content\/uploads\/2021\/01\/hero-hybrid@2x-690x515.jpg",690,515,true],"gform-image-choice-sm":["https:\/\/renewablesassociation.ca\/wp-content\/uploads\/2021\/01\/hero-hybrid@2x.jpg",300,224,false],"gform-image-choice-md":["https:\/\/renewablesassociation.ca\/wp-content\/uploads\/2021\/01\/hero-hybrid@2x.jpg",400,299,false],"gform-image-choice-lg":["https:\/\/renewablesassociation.ca\/wp-content\/uploads\/2021\/01\/hero-hybrid@2x.jpg",600,448,false]},"uagb_author_info":{"display_name":"Lejla Latifovic","author_link":"https:\/\/renewablesassociation.ca\/fr\/author\/lejla\/"},"uagb_comment_info":0,"uagb_excerpt":"Les synergies entre l&rsquo;&eacute;olien, le solaire et le stockage d&rsquo;&eacute;nergie m&eacute;tamorphosent le paysage &eacute;nerg&eacute;tique de tout le Canada. De plus en plus d&rsquo;acteurs s&rsquo;int&eacute;ressent au d&eacute;ploiement conjoint de ces technologies, qui peuvent &ecirc;tre regroup&eacute;es au m&ecirc;me endroit, voire combin&eacute;es dans un m&ecirc;me projet hybride. [&hellip;]","_links":{"self":[{"href":"https:\/\/renewablesassociation.ca\/fr\/wp-json\/wp\/v2\/pages\/5498","targetHints":{"allow":["GET"]}}],"collection":[{"href":"https:\/\/renewablesassociation.ca\/fr\/wp-json\/wp\/v2\/pages"}],"about":[{"href":"https:\/\/renewablesassociation.ca\/fr\/wp-json\/wp\/v2\/types\/page"}],"author":[{"embeddable":true,"href":"https:\/\/renewablesassociation.ca\/fr\/wp-json\/wp\/v2\/users\/3"}],"replies":[{"embeddable":true,"href":"https:\/\/renewablesassociation.ca\/fr\/wp-json\/wp\/v2\/comments?post=5498"}],"version-history":[{"count":4,"href":"https:\/\/renewablesassociation.ca\/fr\/wp-json\/wp\/v2\/pages\/5498\/revisions"}],"predecessor-version":[{"id":5566,"href":"https:\/\/renewablesassociation.ca\/fr\/wp-json\/wp\/v2\/pages\/5498\/revisions\/5566"}],"wp:featuredmedia":[{"embeddable":true,"href":"https:\/\/renewablesassociation.ca\/fr\/wp-json\/wp\/v2\/media\/5545"}],"wp:attachment":[{"href":"https:\/\/renewablesassociation.ca\/fr\/wp-json\/wp\/v2\/media?parent=5498"}],"wp:term":[{"taxonomy":"post_tag","embeddable":true,"href":"https:\/\/renewablesassociation.ca\/fr\/wp-json\/wp\/v2\/tags?post=5498"}],"curies":[{"name":"wp","href":"https:\/\/api.w.org\/{rel}","templated":true}]}}