{"id":5495,"date":"2021-02-12T18:04:32","date_gmt":"2021-02-12T22:04:32","guid":{"rendered":"https:\/\/renewablesassociation.ca\/?page_id=5495"},"modified":"2025-03-19T15:48:37","modified_gmt":"2025-03-19T19:48:37","slug":"stockage-denergie","status":"publish","type":"page","link":"https:\/\/renewablesassociation.ca\/fr\/stockage-denergie\/","title":{"rendered":"Stockage d\u2019\u00e9nergie"},"content":{"rendered":"\n<p>Stocker de l\u2019\u00e9nergie, c\u2019est convertir une source d\u2019\u00e9nergie difficile \u00e0 conserver \u2013 comme l\u2019\u00e9lectricit\u00e9 \u2013 en une forme qui permet de l\u2019utiliser plus tard.<\/p>\n\n\n\n<p>Nombreuses et vari\u00e9es, les technologies de stockage d\u2019\u00e9nergie permettent de conserver l\u2019\u00e9nergie de quelques secondes \u00e0 quelques mois.<\/p>\n\n\n\n<p>Si leur d\u00e9ploiement en est encore \u00e0 un stade relativement pr\u00e9coce au Canada, nombre d\u2019entre elles sont d\u00e9j\u00e0 en exploitation ou en d\u00e9veloppement.<\/p>\n\n\n\n<p>L\u2019\u00e9lectricit\u00e9 produite par l\u2019\u00e9nergie \u00e9olienne ou solaire peut \u00eatre stock\u00e9e par diff\u00e9rents moyens&nbsp;:<\/p>\n\n\n\n<ul class=\"wp-block-list\">\n<li>\u00e9lectrochimiques (batteries);<\/li>\n\n\n\n<li>m\u00e9caniques (pompage, air comprim\u00e9, volants d\u2019inertie);<\/li>\n\n\n\n<li>thermiques (chauffage d\u2019un mat\u00e9riau);<\/li>\n\n\n\n<li>chimiques (production d\u2019hydrog\u00e8ne);<\/li>\n\n\n\n<li>etc.<\/li>\n<\/ul>\n\n\n\n<p><\/p>\n\n\n\n<p>Beaucoup de ces technologies peuvent \u00eatre d\u00e9ploy\u00e9es \u00e0 diff\u00e9rentes \u00e9chelles, mais les batteries repr\u00e9sentent la plus flexible. Par exemple, un syst\u00e8me de stockage de batteries \u00e0 domicile peut avoir la capacit\u00e9 d\u2019emmagasiner 10 kWh d\u2019\u00e9nergie, tandis que la m\u00eame technologie modulaire peut \u00eatre r\u00e9seaut\u00e9e, ce qui permetterait aux services publics d\u2019emmagasiner 1\u00a0million de kWh.<\/p>\n\n\n\n<p>La diversit\u00e9 des technologies de stockage n\u2019a d\u2019\u00e9gale que celle des services qu\u2019elles fournissent aux exploitants de r\u00e9seaux&nbsp;: gestion de la puissance r\u00e9active et r\u00e9gulation de la tension pour am\u00e9liorer l\u2019efficacit\u00e9 et la fiabilit\u00e9 du r\u00e9seau, par exemple.&nbsp;<\/p>\n\n\n\n<p>Soulignons \u00e9galement que les r\u00e9servoirs hydro\u00e9lectriques constituent une autre fa\u00e7on de stocker l\u2019\u00e9nergie qui facilite l\u2019int\u00e9gration des installations \u00e9oliennes et solaires au r\u00e9seau&nbsp;: pendant que ces derni\u00e8res produisent de l\u2019\u00e9lectricit\u00e9, les barrages retiennent l\u2019eau, gardant en r\u00e9serve cette source d\u2019\u00e9nergie pour l\u2019utiliser au besoin.<\/p>\n\n\n\n<p>Si l\u2019\u00e9nergie solaire, l\u2019\u00e9nergie \u00e9olienne et le stockage d\u2019\u00e9nergie sont des technologies bien distinctes, ce sont aussi des alli\u00e9s naturels. Apprenez \u00e0 conna\u00eetre ces technologies et leur immense potentiel synergique&nbsp;: <a class=\"rank-math-link\" href=\"https:\/\/renewablesassociation.ca\/fr\/?page_id=5490\">\u00e9olien<\/a>, <a class=\"rank-math-link\" href=\"https:\/\/renewablesassociation.ca\/fr\/?page_id=5493\">solaire<\/a>, <a class=\"rank-math-link\" href=\"https:\/\/renewablesassociation.ca\/fr\/?page_id=5495\">stockage<\/a>, <a class=\"rank-math-link\" href=\"https:\/\/renewablesassociation.ca\/fr\/?page_id=5498\">hybride<\/a>.<\/p>\n\n\n\n<p>Pour en savoir plus sur les six priorit\u00e9s de CanREA en mati\u00e8re de stockage d\u2019\u00e9nergie, consultez notre livre blanc intitul\u00e9 <a href=\"https:\/\/renewablesassociation.ca\/wp-content\/uploads\/2022\/02\/CanREA-EnergyStorage-Jan2022-Fre.pdf\" target=\"_blank\" rel=\"noreferrer noopener\">\u00ab\u202fJeter les bases\u202f: Six priorit\u00e9s pour soutenir la d\u00e9carbonisation du r\u00e9seau \u00e9lectrique du Canada par le stockage d\u2019\u00e9nergie \u00bb\u202f<\/a>.<\/p>\n","protected":false},"excerpt":{"rendered":"<p>Stocker de l&rsquo;&eacute;nergie, c&rsquo;est convertir une source d&rsquo;&eacute;nergie difficile &agrave; conserver &ndash; comme l&rsquo;&eacute;lectricit&eacute; &ndash; en une forme qui permet de l&rsquo;utiliser plus tard. [&hellip;]<\/p>\n","protected":false},"author":3,"featured_media":5548,"parent":0,"menu_order":120,"comment_status":"closed","ping_status":"closed","template":"","meta":{"_acf_changed":false,"_eb_attr":"","_uag_custom_page_level_css":"","footnotes":""},"tags":[],"class_list":["post-5495","page","type-page","status-publish","has-post-thumbnail","hentry"],"acf":[],"uagb_featured_image_src":{"full":["https:\/\/renewablesassociation.ca\/wp-content\/uploads\/2021\/01\/storage_101_img@2x.jpg",1380,1030,false],"thumbnail":["https:\/\/renewablesassociation.ca\/wp-content\/uploads\/2021\/01\/storage_101_img@2x-150x150.jpg",150,150,true],"medium":["https:\/\/renewablesassociation.ca\/wp-content\/uploads\/2021\/01\/storage_101_img@2x-300x224.jpg",300,224,true],"medium_large":["https:\/\/renewablesassociation.ca\/wp-content\/uploads\/2021\/01\/storage_101_img@2x-768x573.jpg",768,573,true],"large":["https:\/\/renewablesassociation.ca\/wp-content\/uploads\/2021\/01\/storage_101_img@2x-1024x764.jpg",1024,764,true],"1536x1536":["https:\/\/renewablesassociation.ca\/wp-content\/uploads\/2021\/01\/storage_101_img@2x.jpg",1380,1030,false],"2048x2048":["https:\/\/renewablesassociation.ca\/wp-content\/uploads\/2021\/01\/storage_101_img@2x.jpg",1380,1030,false],"alm-thumbnail":["https:\/\/renewablesassociation.ca\/wp-content\/uploads\/2021\/01\/storage_101_img@2x.jpg",150,112,false],"alm-cta":["https:\/\/renewablesassociation.ca\/wp-content\/uploads\/2021\/01\/storage_101_img@2x.jpg",603,450,false],"alm-gallery":["https:\/\/renewablesassociation.ca\/wp-content\/uploads\/2021\/01\/storage_101_img@2x.jpg",800,597,false],"news-img-2x":["https:\/\/renewablesassociation.ca\/wp-content\/uploads\/2021\/01\/storage_101_img@2x-1380x1030.jpg",1380,1030,true],"news-img":["https:\/\/renewablesassociation.ca\/wp-content\/uploads\/2021\/01\/storage_101_img@2x-690x515.jpg",690,515,true],"gform-image-choice-sm":["https:\/\/renewablesassociation.ca\/wp-content\/uploads\/2021\/01\/storage_101_img@2x.jpg",300,224,false],"gform-image-choice-md":["https:\/\/renewablesassociation.ca\/wp-content\/uploads\/2021\/01\/storage_101_img@2x.jpg",400,299,false],"gform-image-choice-lg":["https:\/\/renewablesassociation.ca\/wp-content\/uploads\/2021\/01\/storage_101_img@2x.jpg",600,448,false]},"uagb_author_info":{"display_name":"Lejla Latifovic","author_link":"https:\/\/renewablesassociation.ca\/fr\/author\/lejla\/"},"uagb_comment_info":0,"uagb_excerpt":"Stocker de l&rsquo;&eacute;nergie, c&rsquo;est convertir une source d&rsquo;&eacute;nergie difficile &agrave; conserver &ndash; comme l&rsquo;&eacute;lectricit&eacute; &ndash; en une forme qui permet de l&rsquo;utiliser plus tard. [&hellip;]","_links":{"self":[{"href":"https:\/\/renewablesassociation.ca\/fr\/wp-json\/wp\/v2\/pages\/5495","targetHints":{"allow":["GET"]}}],"collection":[{"href":"https:\/\/renewablesassociation.ca\/fr\/wp-json\/wp\/v2\/pages"}],"about":[{"href":"https:\/\/renewablesassociation.ca\/fr\/wp-json\/wp\/v2\/types\/page"}],"author":[{"embeddable":true,"href":"https:\/\/renewablesassociation.ca\/fr\/wp-json\/wp\/v2\/users\/3"}],"replies":[{"embeddable":true,"href":"https:\/\/renewablesassociation.ca\/fr\/wp-json\/wp\/v2\/comments?post=5495"}],"version-history":[{"count":6,"href":"https:\/\/renewablesassociation.ca\/fr\/wp-json\/wp\/v2\/pages\/5495\/revisions"}],"predecessor-version":[{"id":22255,"href":"https:\/\/renewablesassociation.ca\/fr\/wp-json\/wp\/v2\/pages\/5495\/revisions\/22255"}],"wp:featuredmedia":[{"embeddable":true,"href":"https:\/\/renewablesassociation.ca\/fr\/wp-json\/wp\/v2\/media\/5548"}],"wp:attachment":[{"href":"https:\/\/renewablesassociation.ca\/fr\/wp-json\/wp\/v2\/media?parent=5495"}],"wp:term":[{"taxonomy":"post_tag","embeddable":true,"href":"https:\/\/renewablesassociation.ca\/fr\/wp-json\/wp\/v2\/tags?post=5495"}],"curies":[{"name":"wp","href":"https:\/\/api.w.org\/{rel}","templated":true}]}}