{"id":5493,"date":"2021-02-12T18:03:00","date_gmt":"2021-02-12T22:03:00","guid":{"rendered":"https:\/\/renewablesassociation.ca\/?page_id=5493"},"modified":"2021-02-12T18:07:52","modified_gmt":"2021-02-12T22:07:52","slug":"energie-solaire","status":"publish","type":"page","link":"https:\/\/renewablesassociation.ca\/fr\/energie-solaire\/","title":{"rendered":"\u00c9nergie solaire"},"content":{"rendered":"\n<p>L\u2019\u00e9nergie solaire, c\u2019est la conversion de la lumi\u00e8re du soleil en \u00e9lectricit\u00e9 gr\u00e2ce \u00e0 des cellules photovolta\u00efques.&nbsp;<\/p>\n\n\n\n<p>Elle peut \u00eatre d\u00e9ploy\u00e9e \u00e0 petite ou \u00e0 grande \u00e9chelle&nbsp;: une seule cellule photovolta\u00efque peut alimenter une calculatrice ou une lampe de poche, alors qu\u2019un panneau solaire \u2013 qui regroupe plusieurs cellules \u2013 fournit l\u2019\u00e9nergie n\u00e9cessaire \u00e0 un panneau de signalisation routi\u00e8re ou \u00e0 l\u2019\u00e9clairage d\u2019une autocaravane.<\/p>\n\n\n\n<p>Il est \u00e9galement possible de combiner plusieurs panneaux solaires en r\u00e9seau pour fournir directement de l\u2019\u00e9nergie \u00e0 des r\u00e9sidences ou des entreprises, et m\u00eame de les d\u00e9ployer \u00e0 l\u2019\u00e9chelle de services publics pour alimenter un r\u00e9seau \u00e9lectrique ou r\u00e9pondre aux besoins de localit\u00e9s \u00e9loign\u00e9es hors r\u00e9seau.<\/p>\n\n\n\n<p>Au Canada, plus de 43&nbsp;000&nbsp;installations d\u2019\u00e9nergie solaire plac\u00e9es sur les toits alimentent directement r\u00e9sidences, commerces et entreprises.<\/p>\n\n\n\n<p>Il y a plusieurs avantages \u00e0 produire ainsi de l\u2019\u00e9nergie solaire sur place&nbsp;:<\/p>\n\n\n\n<ul class=\"wp-block-list\"><li>Une plus grande autonomie \u00e9nerg\u00e9tique.&nbsp;<\/li><li>Des \u00e9conomies pour les m\u00e9nages et les entreprises, qui ach\u00e8tent moins d\u2019\u00e9lectricit\u00e9 sur le r\u00e9seau.<\/li><li>Des co\u00fbts r\u00e9duits pour les services publics, qui n\u00e9cessitent moins d\u2019infrastructures de production, de transport et de distribution d\u2019\u00e9lectricit\u00e9.<\/li><\/ul>\n\n\n\n<p><\/p>\n\n\n\n<p>La plus grande partie de la puissance solaire au pays provient des installations solaires de services publics, les centrales solaires. Cette fili\u00e8re \u00e9nerg\u00e9tique est \u00e0 l\u2019aube d\u2019une croissance importante rendue possible par la r\u00e9duction substantielle des co\u00fbts et la n\u00e9cessit\u00e9 de recourir \u00e0 une production sans gaz \u00e0 effet de serre pour lutter contre les changements climatiques.&nbsp;<\/p>\n\n\n\n<p>Si l\u2019\u00e9nergie solaire, l\u2019\u00e9nergie \u00e9olienne et le stockage d\u2019\u00e9nergie sont des technologies bien distinctes, ce sont aussi des alli\u00e9s naturels. Apprenez \u00e0 conna\u00eetre ces technologies et leur immense potentiel synergique\u00a0: <a href=\"https:\/\/renewablesassociation.ca\/fr\/?page_id=5490\" class=\"rank-math-link\">\u00e9olien<\/a>, <a href=\"https:\/\/renewablesassociation.ca\/fr\/?page_id=5493\" class=\"rank-math-link\">solaire<\/a>, <a href=\"https:\/\/renewablesassociation.ca\/fr\/?page_id=5495\" class=\"rank-math-link\">stockage<\/a>, <a href=\"https:\/\/renewablesassociation.ca\/fr\/?page_id=5498\" class=\"rank-math-link\">hybride<\/a>.<\/p>\n","protected":false},"excerpt":{"rendered":"<p>L&rsquo;&eacute;nergie solaire, c&rsquo;est la conversion de la lumi&egrave;re du soleil en &eacute;lectricit&eacute; gr&acirc;ce &agrave; des cellules photovolta&iuml;ques. [&hellip;]<\/p>\n","protected":false},"author":3,"featured_media":5536,"parent":0,"menu_order":107,"comment_status":"closed","ping_status":"closed","template":"","meta":{"_acf_changed":false,"_eb_attr":"","_uag_custom_page_level_css":"","footnotes":""},"tags":[],"class_list":["post-5493","page","type-page","status-publish","has-post-thumbnail","hentry"],"acf":[],"uagb_featured_image_src":{"full":["https:\/\/renewablesassociation.ca\/wp-content\/uploads\/2021\/01\/solar_101_img@2x.jpg",1380,1030,false],"thumbnail":["https:\/\/renewablesassociation.ca\/wp-content\/uploads\/2021\/01\/solar_101_img@2x-150x150.jpg",150,150,true],"medium":["https:\/\/renewablesassociation.ca\/wp-content\/uploads\/2021\/01\/solar_101_img@2x-300x224.jpg",300,224,true],"medium_large":["https:\/\/renewablesassociation.ca\/wp-content\/uploads\/2021\/01\/solar_101_img@2x-768x573.jpg",768,573,true],"large":["https:\/\/renewablesassociation.ca\/wp-content\/uploads\/2021\/01\/solar_101_img@2x-1024x764.jpg",1024,764,true],"1536x1536":["https:\/\/renewablesassociation.ca\/wp-content\/uploads\/2021\/01\/solar_101_img@2x.jpg",1380,1030,false],"2048x2048":["https:\/\/renewablesassociation.ca\/wp-content\/uploads\/2021\/01\/solar_101_img@2x.jpg",1380,1030,false],"alm-thumbnail":["https:\/\/renewablesassociation.ca\/wp-content\/uploads\/2021\/01\/solar_101_img@2x.jpg",150,112,false],"alm-cta":["https:\/\/renewablesassociation.ca\/wp-content\/uploads\/2021\/01\/solar_101_img@2x.jpg",603,450,false],"alm-gallery":["https:\/\/renewablesassociation.ca\/wp-content\/uploads\/2021\/01\/solar_101_img@2x.jpg",800,597,false],"news-img-2x":["https:\/\/renewablesassociation.ca\/wp-content\/uploads\/2021\/01\/solar_101_img@2x-1380x1030.jpg",1380,1030,true],"news-img":["https:\/\/renewablesassociation.ca\/wp-content\/uploads\/2021\/01\/solar_101_img@2x-690x515.jpg",690,515,true],"gform-image-choice-sm":["https:\/\/renewablesassociation.ca\/wp-content\/uploads\/2021\/01\/solar_101_img@2x.jpg",300,224,false],"gform-image-choice-md":["https:\/\/renewablesassociation.ca\/wp-content\/uploads\/2021\/01\/solar_101_img@2x.jpg",400,299,false],"gform-image-choice-lg":["https:\/\/renewablesassociation.ca\/wp-content\/uploads\/2021\/01\/solar_101_img@2x.jpg",600,448,false]},"uagb_author_info":{"display_name":"Lejla Latifovic","author_link":"https:\/\/renewablesassociation.ca\/fr\/author\/lejla\/"},"uagb_comment_info":0,"uagb_excerpt":"L&rsquo;&eacute;nergie solaire, c&rsquo;est la conversion de la lumi&egrave;re du soleil en &eacute;lectricit&eacute; gr&acirc;ce &agrave; des cellules photovolta&iuml;ques. [&hellip;]","_links":{"self":[{"href":"https:\/\/renewablesassociation.ca\/fr\/wp-json\/wp\/v2\/pages\/5493","targetHints":{"allow":["GET"]}}],"collection":[{"href":"https:\/\/renewablesassociation.ca\/fr\/wp-json\/wp\/v2\/pages"}],"about":[{"href":"https:\/\/renewablesassociation.ca\/fr\/wp-json\/wp\/v2\/types\/page"}],"author":[{"embeddable":true,"href":"https:\/\/renewablesassociation.ca\/fr\/wp-json\/wp\/v2\/users\/3"}],"replies":[{"embeddable":true,"href":"https:\/\/renewablesassociation.ca\/fr\/wp-json\/wp\/v2\/comments?post=5493"}],"version-history":[{"count":4,"href":"https:\/\/renewablesassociation.ca\/fr\/wp-json\/wp\/v2\/pages\/5493\/revisions"}],"predecessor-version":[{"id":5562,"href":"https:\/\/renewablesassociation.ca\/fr\/wp-json\/wp\/v2\/pages\/5493\/revisions\/5562"}],"wp:featuredmedia":[{"embeddable":true,"href":"https:\/\/renewablesassociation.ca\/fr\/wp-json\/wp\/v2\/media\/5536"}],"wp:attachment":[{"href":"https:\/\/renewablesassociation.ca\/fr\/wp-json\/wp\/v2\/media?parent=5493"}],"wp:term":[{"taxonomy":"post_tag","embeddable":true,"href":"https:\/\/renewablesassociation.ca\/fr\/wp-json\/wp\/v2\/tags?post=5493"}],"curies":[{"name":"wp","href":"https:\/\/api.w.org\/{rel}","templated":true}]}}