{"id":5478,"date":"2021-02-12T18:01:48","date_gmt":"2021-02-12T22:01:48","guid":{"rendered":"https:\/\/renewablesassociation.ca\/?page_id=5478"},"modified":"2021-02-12T18:35:26","modified_gmt":"2021-02-12T22:35:26","slug":"allies-naturels","status":"publish","type":"page","link":"https:\/\/renewablesassociation.ca\/fr\/allies-naturels\/","title":{"rendered":"Alli\u00e9s naturels"},"content":{"rendered":"\n<p>L\u2019Association canadienne de l\u2019\u00e9nergie renouvelable repr\u00e9sente les solutions d\u2019\u00e9nergies \u00e9olienne et solaire et de stockage d\u2019\u00e9nergie qui fa\u00e7onnent l\u2019avenir \u00e9nerg\u00e9tique du Canada.<\/p>\n\n\n\n<p>Si l\u2019\u00e9nergie solaire, l\u2019\u00e9nergie \u00e9olienne et le stockage d\u2019\u00e9nergie sont des technologies bien distinctes, ce sont aussi des alli\u00e9s naturels.<\/p>\n\n\n\n<p>Chacune d\u2019entre elles ouvre d\u2019all\u00e9chantes perspectives \u00e9conomiques pour le Canada, mais c\u2019est ensemble qu\u2019elles donnent leur pleine mesure.<\/p>\n\n\n\n<h2 class=\"wp-block-heading\"><strong><strong>Trois technologies en synergie<\/strong><\/strong><\/h2>\n\n\n\n<ul class=\"wp-block-list\"><li><strong>N\u2019importe o\u00f9&nbsp;:<\/strong> Partout au pays, le vent et le soleil sont pr\u00e9sents en abondance; gr\u00e2ce \u00e0 la diversit\u00e9 des technologies de stockage d\u2019\u00e9nergie, toutes les r\u00e9gions peuvent en tirer le maximum.<\/li><li><strong>Peu importe l\u2019\u00e9chelle&nbsp;:<\/strong> Aussi bien l\u2019\u00e9olien, le solaire que le stockage peuvent se d\u00e9ployer \u00e0 grande \u00e9chelle dans des projets commerciaux, ou alors \u00eatre install\u00e9s \u00e0 petite \u00e9chelle sur une maison ou un chalet.<\/li><li><strong>Toujours davantage&nbsp;:<\/strong> Les trois secteurs ont connu une croissance rapide dans les dix derni\u00e8res ann\u00e9es. En fait, l\u2019\u00e9volution technologique a conduit \u00e0 une diminution des co\u00fbts tellement rapide que ces technologies peuvent maintenant alimenter le r\u00e9seau \u00e9lectrique et lui fournir toute une gamme de services \u00e0 un co\u00fbt \u00e9gal ou inf\u00e9rieur \u00e0 celui des technologies couramment utilis\u00e9es \u00e0 ce jour.<\/li><li><strong>Vers la carboneutralit\u00e9&nbsp;:<\/strong> Il est largement reconnu que l\u2019\u00e9olien, le solaire et le stockage d\u2019\u00e9nergie joueront un r\u00f4le capital dans l\u2019atteinte de la carboneutralit\u00e9 d\u2019ici 2050 au Canada; en effet, la production d\u2019\u00e9lectricit\u00e9 gr\u00e2ce au vent et au soleil ne produit ni gaz \u00e0 effet de serre, ni pollution de l\u2019air ou de l\u2019eau, ni d\u00e9chets toxiques ou dangereux.<\/li><li><strong>Dans les collectivit\u00e9s&nbsp;:<\/strong> Les projets \u00e9oliens et solaires entra\u00eenent d\u2019importantes retomb\u00e9es \u00e9conomiques pour des centaines de collectivit\u00e9s partout au pays, par le versement d\u2019imp\u00f4ts fonciers aux municipalit\u00e9s, de paiements de location aux propri\u00e9taires fonciers ou de contributions financi\u00e8res directes aux collectivit\u00e9s.<\/li><\/ul>\n\n\n\n<p><\/p>\n\n\n\n<p>S\u2019ils sont install\u00e9s de fa\u00e7on compl\u00e9mentaire, l\u2019\u00e9olien, le solaire et le stockage peuvent tr\u00e8s bien r\u00e9pondre aux besoins \u00e9nerg\u00e9tiques. C\u2019est ensemble qu\u2019ils performent le mieux, comme le montrent ces quelques exemples&nbsp;:<\/p>\n\n\n\n<ul class=\"wp-block-list\"><li>L\u2019\u00e9nergie \u00e9olienne et l\u2019\u00e9nergie solaire sont toutes deux peu co\u00fbteuses; or la production d\u2019\u00e9nergie \u00e9olienne est habituellement maximale la nuit et pendant l\u2019hiver, alors que l\u2019\u00e9nergie solaire atteint un sommet le jour et pendant l\u2019\u00e9t\u00e9.<\/li><li>Si l\u2019\u00e9olien et le solaire contribuent tous deux \u00e0 la fiabilit\u00e9 du r\u00e9seau \u00e9lectrique, ils sont encore plus efficaces lorsqu\u2019on les combine \u00e0 des technologies de stockage.<\/li><li>Cette synergie s\u2019op\u00e8re \u00e0 toutes les \u00e9chelles, du domicile priv\u00e9 aux services publics. Ce sont des technologies assez souples pour r\u00e9pondre \u00e0 tout un \u00e9ventail de besoins \u00e0 l\u2019\u00e9chelle locale, aujourd\u2019hui et pour longtemps.<\/li><li>Au Canada, de plus en plus de projets regroupent ou combinent diff\u00e9rentes technologies pour exploiter cette synergie. <a href=\"https:\/\/renewablesassociation.ca\/fr\/?page_id=5498\" class=\"rank-math-link\">Pour en savoir plus sur les applications hybrides, cliquez ici<\/a>.<\/li><li>Rien d\u2019\u00e9tonnant \u00e0 ce que de nombreuses entreprises int\u00e8grent maintenant plus d\u2019une de ces technologies (\u00e9olien, solaire et stockage) pour mieux servir leurs clients. <a href=\"https:\/\/renewablesassociation.ca\/fr\/?page_id=1397\" class=\"rank-math-link\">Cliquez ici pour consulter le r\u00e9pertoire des membres de l\u2019Association.<\/a><\/li><\/ul>\n\n\n\n<p><\/p>\n\n\n\n<p>Si l\u2019\u00e9nergie solaire, l\u2019\u00e9nergie \u00e9olienne et le stockage d\u2019\u00e9nergie sont des technologies bien distinctes, ce sont aussi des alli\u00e9s naturels. Apprenez \u00e0 conna\u00eetre ces technologies et leur immense potentiel synergique&nbsp;: <a href=\"https:\/\/renewablesassociation.ca\/fr\/?page_id=5490\" class=\"rank-math-link\">\u00e9olien<\/a>, <a href=\"https:\/\/renewablesassociation.ca\/fr\/?page_id=5493\" class=\"rank-math-link\">solaire<\/a>, <a href=\"https:\/\/renewablesassociation.ca\/fr\/?page_id=5495\" class=\"rank-math-link\">stockage<\/a>, <a href=\"https:\/\/renewablesassociation.ca\/fr\/?page_id=5498\" class=\"rank-math-link\">hybride<\/a>.<\/p>\n","protected":false},"excerpt":{"rendered":"<p>L&rsquo;Association canadienne de l&rsquo;&eacute;nergie renouvelable repr&eacute;sente les solutions d&rsquo;&eacute;nergies &eacute;olienne et solaire et de stockage d&rsquo;&eacute;nergie qui fa&ccedil;onnent l&rsquo;avenir &eacute;nerg&eacute;tique du Canada. [&hellip;]<\/p>\n","protected":false},"author":3,"featured_media":5525,"parent":0,"menu_order":118,"comment_status":"closed","ping_status":"closed","template":"","meta":{"_acf_changed":false,"_eb_attr":"","_uag_custom_page_level_css":"","footnotes":""},"tags":[],"class_list":["post-5478","page","type-page","status-publish","has-post-thumbnail","hentry"],"acf":[],"uagb_featured_image_src":{"full":["https:\/\/renewablesassociation.ca\/wp-content\/uploads\/2021\/01\/hero-natural-allies@2x.jpg",1380,1030,false],"thumbnail":["https:\/\/renewablesassociation.ca\/wp-content\/uploads\/2021\/01\/hero-natural-allies@2x-150x150.jpg",150,150,true],"medium":["https:\/\/renewablesassociation.ca\/wp-content\/uploads\/2021\/01\/hero-natural-allies@2x-300x224.jpg",300,224,true],"medium_large":["https:\/\/renewablesassociation.ca\/wp-content\/uploads\/2021\/01\/hero-natural-allies@2x-768x573.jpg",768,573,true],"large":["https:\/\/renewablesassociation.ca\/wp-content\/uploads\/2021\/01\/hero-natural-allies@2x-1024x764.jpg",1024,764,true],"1536x1536":["https:\/\/renewablesassociation.ca\/wp-content\/uploads\/2021\/01\/hero-natural-allies@2x.jpg",1380,1030,false],"2048x2048":["https:\/\/renewablesassociation.ca\/wp-content\/uploads\/2021\/01\/hero-natural-allies@2x.jpg",1380,1030,false],"alm-thumbnail":["https:\/\/renewablesassociation.ca\/wp-content\/uploads\/2021\/01\/hero-natural-allies@2x.jpg",150,112,false],"alm-cta":["https:\/\/renewablesassociation.ca\/wp-content\/uploads\/2021\/01\/hero-natural-allies@2x.jpg",603,450,false],"alm-gallery":["https:\/\/renewablesassociation.ca\/wp-content\/uploads\/2021\/01\/hero-natural-allies@2x.jpg",800,597,false],"news-img-2x":["https:\/\/renewablesassociation.ca\/wp-content\/uploads\/2021\/01\/hero-natural-allies@2x-1380x1030.jpg",1380,1030,true],"news-img":["https:\/\/renewablesassociation.ca\/wp-content\/uploads\/2021\/01\/hero-natural-allies@2x-690x515.jpg",690,515,true],"gform-image-choice-sm":["https:\/\/renewablesassociation.ca\/wp-content\/uploads\/2021\/01\/hero-natural-allies@2x.jpg",300,224,false],"gform-image-choice-md":["https:\/\/renewablesassociation.ca\/wp-content\/uploads\/2021\/01\/hero-natural-allies@2x.jpg",400,299,false],"gform-image-choice-lg":["https:\/\/renewablesassociation.ca\/wp-content\/uploads\/2021\/01\/hero-natural-allies@2x.jpg",600,448,false]},"uagb_author_info":{"display_name":"Lejla Latifovic","author_link":"https:\/\/renewablesassociation.ca\/fr\/author\/lejla\/"},"uagb_comment_info":0,"uagb_excerpt":"L&rsquo;Association canadienne de l&rsquo;&eacute;nergie renouvelable repr&eacute;sente les solutions d&rsquo;&eacute;nergies &eacute;olienne et solaire et de stockage d&rsquo;&eacute;nergie qui fa&ccedil;onnent l&rsquo;avenir &eacute;nerg&eacute;tique du Canada. [&hellip;]","_links":{"self":[{"href":"https:\/\/renewablesassociation.ca\/fr\/wp-json\/wp\/v2\/pages\/5478","targetHints":{"allow":["GET"]}}],"collection":[{"href":"https:\/\/renewablesassociation.ca\/fr\/wp-json\/wp\/v2\/pages"}],"about":[{"href":"https:\/\/renewablesassociation.ca\/fr\/wp-json\/wp\/v2\/types\/page"}],"author":[{"embeddable":true,"href":"https:\/\/renewablesassociation.ca\/fr\/wp-json\/wp\/v2\/users\/3"}],"replies":[{"embeddable":true,"href":"https:\/\/renewablesassociation.ca\/fr\/wp-json\/wp\/v2\/comments?post=5478"}],"version-history":[{"count":15,"href":"https:\/\/renewablesassociation.ca\/fr\/wp-json\/wp\/v2\/pages\/5478\/revisions"}],"predecessor-version":[{"id":5597,"href":"https:\/\/renewablesassociation.ca\/fr\/wp-json\/wp\/v2\/pages\/5478\/revisions\/5597"}],"wp:featuredmedia":[{"embeddable":true,"href":"https:\/\/renewablesassociation.ca\/fr\/wp-json\/wp\/v2\/media\/5525"}],"wp:attachment":[{"href":"https:\/\/renewablesassociation.ca\/fr\/wp-json\/wp\/v2\/media?parent=5478"}],"wp:term":[{"taxonomy":"post_tag","embeddable":true,"href":"https:\/\/renewablesassociation.ca\/fr\/wp-json\/wp\/v2\/tags?post=5478"}],"curies":[{"name":"wp","href":"https:\/\/api.w.org\/{rel}","templated":true}]}}