{"id":3894,"date":"2020-09-17T10:32:17","date_gmt":"2020-09-17T14:32:17","guid":{"rendered":"https:\/\/renewablesassociation.ca\/?page_id=3894"},"modified":"2026-02-10T17:19:36","modified_gmt":"2026-02-10T21:19:36","slug":"integration-au-reseau","status":"publish","type":"page","link":"https:\/\/renewablesassociation.ca\/fr\/integration-au-reseau\/","title":{"rendered":"En chiffres"},"content":{"rendered":"\n<p>Le Canada n\u2019a exploit\u00e9 qu\u2019une infime partie de ses riches ressources \u00e9oliennes et solaires, et les solutions de stockage d\u2019\u00e9nergie arrivent \u00e0 peine sur nos march\u00e9s. Fin 2025, le Canada disposait d\u2019environ <strong>25 GW de puissance install\u00e9e reposant sur l\u2019\u00e9olien, le solaire et le stockage d\u2019\u00e9nergie<\/strong>.<\/p>\n\n\n\n<p><strong><strong>Pour des analyses, renseignements et pr\u00e9visions concernant le secteur, son \u00e9tat actuel et sa croissance, consulter le plus r\u00e9cent rapport annuel de CanREA&nbsp;:<\/strong><\/strong><\/p>\n\n\n\n<div class=\"wp-block-buttons is-layout-flex wp-block-buttons-is-layout-flex\">\n<div class=\"wp-block-button\"><a class=\"wp-block-button__link wp-element-button\" href=\"https:\/\/renewablesassociation.ca\/wp-content\/uploads\/2026\/02\/2025-CanREA-Data-Release-FR.pdf\" target=\"_blank\" rel=\"noreferrer noopener\">T\u00c9L\u00c9CHARGER LE RAPPORT COMPLET ICI<\/a><\/div>\n<\/div>\n\n\n\n<div style=\"height:15px\" aria-hidden=\"true\" class=\"wp-block-spacer\"><\/div>\n\n\n\n<div class=\"wp-block-buttons is-layout-flex wp-block-buttons-is-layout-flex\">\n<div class=\"wp-block-button\"><a class=\"wp-block-button__link wp-element-button\" href=\"\/fr\/?p=25279\" target=\"_blank\" rel=\"noreferrer noopener\">LIRE LE COMMUNIQU\u00c9 DE PRESSe ICI<\/a><\/div>\n<\/div>\n\n\n\n<p><strong><strong>Pour consulter la liste nationale des sites de production d\u2019\u00e9nergie \u00e9olienne d\u2019\u00e9chelle commerciale ainsi que des projets d\u2019\u00e9nergie solaire et de stockage d\u2019\u00e9nergie de plus de 1&nbsp;MW, voir le plus r\u00e9cent tableau des donn\u00e9es de projets de CanREA&nbsp;:<\/strong><\/strong><\/p>\n\n\n\n<div class=\"wp-block-buttons is-layout-flex wp-block-buttons-is-layout-flex\">\n<div class=\"wp-block-button\"><a class=\"wp-block-button__link wp-element-button\" href=\"https:\/\/renewablesassociation.ca\/wp-content\/uploads\/2026\/02\/New-Project-List-for-Website-2026.pdf\" target=\"_blank\" rel=\"noreferrer noopener\">Voir les donn\u00e9es du tableau du projet ici<\/a><\/div>\n<\/div>\n\n\n\n<p><em>*en anglais seulement<\/em><\/p>\n\n\n\n<figure class=\"wp-block-image size-full\"><img fetchpriority=\"high\" decoding=\"async\" width=\"1380\" height=\"1003\" src=\"https:\/\/renewablesassociation.ca\/wp-content\/smush-webp\/2026\/02\/Data-release-map-2025-website-FR-l.png.webp\" alt=\"\" class=\"wp-image-25418\" srcset=\"https:\/\/renewablesassociation.ca\/wp-content\/smush-webp\/2026\/02\/Data-release-map-2025-website-FR-l.png.webp 1380w, https:\/\/renewablesassociation.ca\/wp-content\/smush-webp\/2026\/02\/Data-release-map-2025-website-FR-l-300x218.png.webp 300w, https:\/\/renewablesassociation.ca\/wp-content\/smush-webp\/2026\/02\/Data-release-map-2025-website-FR-l-1024x744.png.webp 1024w, https:\/\/renewablesassociation.ca\/wp-content\/smush-webp\/2026\/02\/Data-release-map-2025-website-FR-l-768x558.png.webp 768w\" sizes=\"(max-width: 1380px) 100vw, 1380px\" \/><\/figure>\n\n\n\n<h3 class=\"wp-block-heading\">Faits en rafale<\/h3>\n\n\n\n<ul class=\"wp-block-list\">\n<li>Sous l\u2019impulsion de l\u2019Ontario, la capacit\u00e9 de stockage d\u2019\u00e9nergie du Canada a plus que doubl\u00e9 pour atteindre pr\u00e8s de 1&nbsp;GW en&nbsp;2025, et elle devrait presque doubler de nouveau au cours des deux prochaines ann\u00e9es.<\/li>\n\n\n\n<li>La puissance install\u00e9e totale du Canada en \u00e9olien, en solaire et en stockage d\u2019\u00e9nergie a cr\u00fb de 56&nbsp;% depuis&nbsp;2020 gr\u00e2ce \u00e0 l\u2019ajout de plus de 5&nbsp;GW d\u2019\u00e9olien, de plus de 3&nbsp;GW de solaire et plusieurs centaines de m\u00e9gawatts de nouvelles capacit\u00e9s de stockage d\u2019\u00e9nergie.<\/li>\n\n\n\n<li>La puissance install\u00e9e totale du Canada en \u00e9olien, en solaire et en stockage d\u2019\u00e9nergie s\u2019\u00e9l\u00e8ve maintenant \u00e0 environ 25&nbsp;GW, dont plus de 18&nbsp;GW d\u2019\u00e9olien, plus de 5&nbsp;GW de solaire commercial, plus de 1&nbsp;GW de solaire sur site et pr\u00e8s de 1&nbsp;GW de stockage d\u2019\u00e9nergie.<\/li>\n\n\n\n<li>La puissance install\u00e9e totale du Canada en \u00e9olien, en solaire et en stockage d\u2019\u00e9nergie devrait augmenter de 32&nbsp;% d\u2019ici 2029, et doubler d\u2019ici 2035.<\/li>\n\n\n\n<li>Le Canada compte actuellement 118&nbsp;projets en exploitation dans les domaines de l\u2019\u00e9olien, du solaire et du stockage d\u2019\u00e9nergie d\u00e9tenus par des communaut\u00e9s autochtones.<\/li>\n\n\n\n<li>En&nbsp;2025, toutes les grandes proc\u00e9dures d\u2019approvisionnement en \u00e9olien, en solaire et en stockage d\u2019\u00e9nergie du Canada \u00e9taient assorties de crit\u00e8res pr\u00e9cis ou d\u2019incitatifs pour la participation ou la propri\u00e9t\u00e9 autochtone.<\/li>\n\n\n\n<li>Les approvisionnements r\u00e9cents et \u00e0 venir devraient tripler la puissance install\u00e9e \u00e9olienne et solaire du Qu\u00e9bec (qui passerait d\u2019environ 4,5&nbsp;GW \u00e0 plus de 14&nbsp;GW) et quadrupler celle de la Colombie-Britannique (qui passerait d\u2019environ 900&nbsp;MW \u00e0 4&nbsp;GW).<\/li>\n\n\n\n<li>En&nbsp;2025, les \u00e9nergies renouvelables ont combl\u00e9 9,7&nbsp;% de la demande totale d\u2019\u00e9lectricit\u00e9 au Canada.<\/li>\n\n\n\n<li>L\u2019Initiative canadienne pour des maisons plus vertes, qui a soutenu le solaire photovolta\u00efque et a pris fin en octobre 2025, a desservi plus de 50 000 foyers, totalisant environ 500 MW de capacit\u00e9 solaire install\u00e9e.<\/li>\n<\/ul>\n\n\n\n<p><\/p>\n","protected":false},"excerpt":{"rendered":"<p>Le Canada n&rsquo;a exploit&eacute; qu&rsquo;une infime partie de ses riches ressources &eacute;oliennes et solaires, et les solutions de stockage d&rsquo;&eacute;nergie arrivent &agrave; peine sur nos march&eacute;s. Fin 2025, le Canada disposait d&rsquo;environ . [&hellip;]<\/p>\n","protected":false},"author":1582,"featured_media":3981,"parent":0,"menu_order":104,"comment_status":"closed","ping_status":"closed","template":"","meta":{"_acf_changed":false,"_eb_attr":"","_uag_custom_page_level_css":"","footnotes":""},"tags":[],"class_list":["post-3894","page","type-page","status-publish","has-post-thumbnail","hentry"],"acf":[],"uagb_featured_image_src":{"full":["https:\/\/renewablesassociation.ca\/wp-content\/uploads\/2020\/10\/energy_transition_img-1.jpg",1852,1038,false],"thumbnail":["https:\/\/renewablesassociation.ca\/wp-content\/uploads\/2020\/10\/energy_transition_img-1-150x150.jpg",150,150,true],"medium":["https:\/\/renewablesassociation.ca\/wp-content\/uploads\/2020\/10\/energy_transition_img-1-300x168.jpg",300,168,true],"medium_large":["https:\/\/renewablesassociation.ca\/wp-content\/uploads\/2020\/10\/energy_transition_img-1-768x430.jpg",768,430,true],"large":["https:\/\/renewablesassociation.ca\/wp-content\/uploads\/2020\/10\/energy_transition_img-1-1024x574.jpg",1024,574,true],"1536x1536":["https:\/\/renewablesassociation.ca\/wp-content\/uploads\/2020\/10\/energy_transition_img-1-1536x861.jpg",1536,861,true],"2048x2048":["https:\/\/renewablesassociation.ca\/wp-content\/uploads\/2020\/10\/energy_transition_img-1.jpg",1852,1038,false],"alm-thumbnail":["https:\/\/renewablesassociation.ca\/wp-content\/uploads\/2020\/10\/energy_transition_img-1.jpg",150,84,false],"alm-cta":["https:\/\/renewablesassociation.ca\/wp-content\/uploads\/2020\/10\/energy_transition_img-1.jpg",800,448,false],"alm-gallery":["https:\/\/renewablesassociation.ca\/wp-content\/uploads\/2020\/10\/energy_transition_img-1.jpg",800,448,false],"news-img-2x":["https:\/\/renewablesassociation.ca\/wp-content\/uploads\/2020\/10\/energy_transition_img-1-1380x1030.jpg",1380,1030,true],"news-img":["https:\/\/renewablesassociation.ca\/wp-content\/uploads\/2020\/10\/energy_transition_img-1-690x515.jpg",690,515,true],"gform-image-choice-sm":["https:\/\/renewablesassociation.ca\/wp-content\/uploads\/2020\/10\/energy_transition_img-1.jpg",300,168,false],"gform-image-choice-md":["https:\/\/renewablesassociation.ca\/wp-content\/uploads\/2020\/10\/energy_transition_img-1.jpg",400,224,false],"gform-image-choice-lg":["https:\/\/renewablesassociation.ca\/wp-content\/uploads\/2020\/10\/energy_transition_img-1.jpg",600,336,false]},"uagb_author_info":{"display_name":"Melissa McDougall","author_link":"https:\/\/renewablesassociation.ca\/fr\/author\/bff89ed1-c4f1-4277-9caa-d943ba5a306a\/"},"uagb_comment_info":0,"uagb_excerpt":"Le Canada n&rsquo;a exploit&eacute; qu&rsquo;une infime partie de ses riches ressources &eacute;oliennes et solaires, et les solutions de stockage d&rsquo;&eacute;nergie arrivent &agrave; peine sur nos march&eacute;s. Fin 2025, le Canada disposait d&rsquo;environ . [&hellip;]","_links":{"self":[{"href":"https:\/\/renewablesassociation.ca\/fr\/wp-json\/wp\/v2\/pages\/3894","targetHints":{"allow":["GET"]}}],"collection":[{"href":"https:\/\/renewablesassociation.ca\/fr\/wp-json\/wp\/v2\/pages"}],"about":[{"href":"https:\/\/renewablesassociation.ca\/fr\/wp-json\/wp\/v2\/types\/page"}],"author":[{"embeddable":true,"href":"https:\/\/renewablesassociation.ca\/fr\/wp-json\/wp\/v2\/users\/1582"}],"replies":[{"embeddable":true,"href":"https:\/\/renewablesassociation.ca\/fr\/wp-json\/wp\/v2\/comments?post=3894"}],"version-history":[{"count":60,"href":"https:\/\/renewablesassociation.ca\/fr\/wp-json\/wp\/v2\/pages\/3894\/revisions"}],"predecessor-version":[{"id":25487,"href":"https:\/\/renewablesassociation.ca\/fr\/wp-json\/wp\/v2\/pages\/3894\/revisions\/25487"}],"wp:featuredmedia":[{"embeddable":true,"href":"https:\/\/renewablesassociation.ca\/fr\/wp-json\/wp\/v2\/media\/3981"}],"wp:attachment":[{"href":"https:\/\/renewablesassociation.ca\/fr\/wp-json\/wp\/v2\/media?parent=3894"}],"wp:term":[{"taxonomy":"post_tag","embeddable":true,"href":"https:\/\/renewablesassociation.ca\/fr\/wp-json\/wp\/v2\/tags?post=3894"}],"curies":[{"name":"wp","href":"https:\/\/api.w.org\/{rel}","templated":true}]}}