{"id":3892,"date":"2020-09-14T11:19:00","date_gmt":"2020-09-14T15:19:00","guid":{"rendered":"https:\/\/renewablesassociation.ca\/?page_id=3892"},"modified":"2021-06-25T10:59:10","modified_gmt":"2021-06-25T14:59:10","slug":"transition-energetique","status":"publish","type":"page","link":"https:\/\/renewablesassociation.ca\/fr\/transition-energetique\/","title":{"rendered":"Transition  \u00e9nerg\u00e9tique"},"content":{"rendered":"\n<p>En cette \u00e8re de changements rapides et vastes, l\u2019une des transitions les plus profondes touche notre fa\u00e7on de produire, de g\u00e9rer et d\u2019utiliser l\u2019\u00e9nergie. Une transition mue par les avanc\u00e9es technologiques, les nouvelles pr\u00e9f\u00e9rences des consommateurs et les imp\u00e9ratifs environnementaux tels que les changements climatiques.<\/p>\n\n\n\n<p>La transition \u00e9nerg\u00e9tique nous conduit vers un avenir ax\u00e9 sur l\u2019efficacit\u00e9 \u00e9nerg\u00e9tique et beaucoup plus tributaire de l\u2019\u00e9lectricit\u00e9 d\u00e9carbon\u00e9e, issue d\u2019une production de plus en plus d\u00e9centralis\u00e9e et d\u2019une diversit\u00e9 de sources grandissante. L\u2019Association canadienne de l\u2019\u00e9nergie renouvelable s\u2019est d\u2019ailleurs donn\u00e9 comme vision d\u2019assurer une place centrale aux \u00e9nergies \u00e9olienne et solaire et au stockage d\u2019\u00e9nergie dans l\u2019\u00e9volution acc\u00e9l\u00e9r\u00e9e du bouquet \u00e9nerg\u00e9tique canadien.<\/p>\n\n\n\n<p>D\u00e9j\u00e0 \u00e0 plus de 80&nbsp;% non \u00e9metteur de gaz \u00e0 effet de serre, le r\u00e9seau \u00e9lectrique du Canada peut arriver \u00e0 une production abordable, fiable et enti\u00e8rement d\u00e9carbonis\u00e9e. Et l\u2019une des strat\u00e9gies les plus prometteuses pour y arriver consiste \u00e0 \u00e9largir les industries d\u00e9j\u00e0 bien \u00e9tablies de l\u2019\u00e9olien et du solaire au Canada et \u00e0 augmenter conjointement la capacit\u00e9 de stockage.<\/p>\n\n\n\n<p>Les \u00e9nergies \u00e9olienne et solaire rivalisent d\u00e9j\u00e0 avec les sources traditionnelles de production d\u2019\u00e9lectricit\u00e9 sur le plan de la rentabilit\u00e9. En effet, l\u2019\u00e9nergie \u00e9olienne est maintenant la source de production d\u2019\u00e9lectricit\u00e9 mise en service la plus abordable au pays et la plus importante source de nouvelle puissance install\u00e9e depuis 10&nbsp;ans. Parall\u00e8lement, les co\u00fbts li\u00e9s \u00e0 l\u2019\u00e9nergie solaire ont chut\u00e9 de 90&nbsp;% dans la derni\u00e8re d\u00e9cennie, et la tendance s\u2019acc\u00e9l\u00e8re.<\/p>\n\n\n\n<p>Les ressources \u00e9oliennes et solaires, bien r\u00e9parties dans le pays, cr\u00e9ent maintenant des possibilit\u00e9s d\u2019investissement, des emplois et des retomb\u00e9es \u00e9conomiques consid\u00e9rables dans les milieux ruraux et urbains d\u2019un oc\u00e9an \u00e0 l\u2019autre. La participation active des communaut\u00e9s autochtones s\u2019accentue elle aussi rapidement, que ce soit par l\u2019acquisition de parts dans des projets ou par l\u2019apport \u00e0 leur mise en place.<\/p>\n\n\n\n<p>La gestion du r\u00e9seau moderne, jumel\u00e9e \u00e0 la capacit\u00e9 de stockage d\u2019\u00e9nergie, permet l\u2019int\u00e9gration d\u2019une part importante d\u2019\u00e9nergies \u00e9olienne et solaire au r\u00e9seau sans nuire \u00e0 sa fiabilit\u00e9. Et gr\u00e2ce \u00e0 la synergie entre elles, les technologies \u00e9oliennes, solaires et de stockage peuvent offrir un \u00e9ventail \u00e9largi de services au r\u00e9seau \u00e9lectrique, puisqu\u2019elles peuvent \u00eatre coordonn\u00e9es de mani\u00e8re \u00e0 r\u00e9duire globalement les co\u00fbts.<\/p>\n\n\n\n<p>On peut \u00e9galement produire de l\u2019\u00e9lectricit\u00e9 \u00e0 diverses \u00e9chelles en utilisant ces technologies&nbsp;: autant dans des parcs \u00e9oliens et des centrales solaires d\u2019envergure que dans le cadre de projets cibl\u00e9s visant \u00e0 r\u00e9pondre aux besoins de m\u00e9nages, de communaut\u00e9s ou de micror\u00e9seaux. Les consommateurs&nbsp;\u2013 particuliers, entreprises ou institutions \u2013 cherchent de plus en plus \u00e0 produire leur \u00e9lectricit\u00e9 \u00e0 partir de ces sources ou \u00e0 s\u2019en approvisionner.<\/p>\n\n\n\n<p>Le Canada a la chance d\u2019avoir un large bassin encore vierge de ressources d\u2019\u00e9nergie renouvelable, notamment du c\u00f4t\u00e9 de l\u2019\u00e9olien et du solaire. Ce bassin lui permettra d\u2019\u00e9tendre consid\u00e9rablement son r\u00e9seau \u00e9lectrique d\u00e9carbonis\u00e9 pour remplacer l\u2019utilisation de combustibles fossiles dans le transport, les b\u00e2timents et les processus industriels comme la production d\u2019hydrog\u00e8ne. C\u2019est d\u2019ailleurs l\u00e0-dessus que repose l\u2019atteinte de son objectif de carboneutralit\u00e9 d\u2019ici 2050.<\/p>\n\n\n\n<p>La transition \u00e9nerg\u00e9tique en cours est appel\u00e9e \u00e0 mener le Canada vers un avenir profond\u00e9ment diff\u00e9rent et beaucoup plus radieux. Un avenir aliment\u00e9 par un r\u00e9seau \u00e9lectrique propre, abordable, fiable et \u00e9volutif, o\u00f9 les ressources \u00e9oliennes et solaires du pays ainsi que les technologies de stockage d\u2019\u00e9nergie joueront ensemble un r\u00f4le central.<\/p>\n\n\n\n<p>Pour en savoir plus sur les technologies actuelles du Canada, rendez-vous sur la page <a href=\"https:\/\/renewablesassociation.ca\/fr\/integration-au-reseau\/\" class=\"rank-math-link\">En chiffres<\/a>.<\/p>\n\n\n\n<div class=\"wp-block-columns is-layout-flex wp-container-core-columns-is-layout-9d6595d7 wp-block-columns-is-layout-flex\">\n<div class=\"wp-block-column empty_column is-layout-flow wp-block-column-is-layout-flow\" style=\"flex-basis:15%\"><\/div>\n\n\n\n<div class=\"wp-block-column text_right_column is-layout-flow wp-block-column-is-layout-flow\" style=\"flex-basis:85%\">\n<div class=\"wp-block-group callout-block has-white-color has-verdigris-background-color has-text-color has-background\"><div class=\"wp-block-group__inner-container is-layout-flow wp-block-group-is-layout-flow\">\n<p>Selon BloombergNEF, l\u2019\u00e9olien et le solaire produiront pr\u00e8s de 50&nbsp;% de l\u2019\u00e9lectricit\u00e9 \u00e0 l\u2019\u00e9chelle mondiale d\u2019ici 2050, ce qui mettra fin au r\u00e8gne des combustibles fossiles dans le secteur \u00e9lectrique.<\/p>\n\n\n\n<p>BloombergNEF, <em>New Energy Outlook&nbsp;2019<\/em><\/p>\n<\/div><\/div>\n\n\n\n<div class=\"wp-block-image is-style-default tab-paddings-top tab-paddings-bottom tab-right-align-middle-content tab-right-align\"><figure class=\"alignright size-large is-resized\"><img decoding=\"async\" src=\"https:\/\/renewablesassociation.ca\/wp-content\/smush-webp\/2020\/06\/divider-gradient-100x8-1.png.webp\" alt=\"\" class=\"wp-image-200\" width=\"100\" height=\"8\" loading=\"lazy\" \/><\/figure><\/div>\n<\/div>\n<\/div>\n\n\n\n<div class=\"wp-block-columns is-layout-flex wp-container-core-columns-is-layout-9d6595d7 wp-block-columns-is-layout-flex\">\n<div class=\"wp-block-column empty_column is-layout-flow wp-block-column-is-layout-flow\" style=\"flex-basis:15%\"><\/div>\n\n\n\n<div class=\"wp-block-column text_right_column is-layout-flow wp-block-column-is-layout-flow\" style=\"flex-basis:85%\">\n<div class=\"wp-block-group callout-block has-white-color has-verdigris-background-color has-text-color has-background\"><div class=\"wp-block-group__inner-container is-layout-flow wp-block-group-is-layout-flow\">\n<p>Les co\u00fbts associ\u00e9s \u00e0 la nouvelle puissance solaire photovolta\u00efque et \u00e9olienne terrestre seront bient\u00f4t inf\u00e9rieurs aux frais d\u2019exploitation marginaux des centrales au charbon existantes. Par leur rentabilit\u00e9 croissante, les \u00e9nergies renouvelables sont le pilier de la transformation \u00e9nerg\u00e9tique mondiale.<\/p>\n\n\n\n<p>Agence internationale pour les \u00e9nergies renouvelables, <em>Renewable Power Generation Costs in 2018<\/em><\/p>\n<\/div><\/div>\n<\/div>\n<\/div>\n\n\n\n<div class=\"wp-block-image is-style-default tab-paddings-top tab-paddings-bottom tab-right-align-middle-content tab-right-align\"><figure class=\"alignright size-large is-resized\"><img decoding=\"async\" src=\"https:\/\/renewablesassociation.ca\/wp-content\/smush-webp\/2020\/06\/divider-gradient-100x8-1.png.webp\" alt=\"\" class=\"wp-image-200\" width=\"100\" height=\"8\" loading=\"lazy\" \/><\/figure><\/div>\n\n\n\n<div class=\"wp-block-columns is-layout-flex wp-container-core-columns-is-layout-9d6595d7 wp-block-columns-is-layout-flex\">\n<div class=\"wp-block-column empty_column is-layout-flow wp-block-column-is-layout-flow\" style=\"flex-basis:15%\"><\/div>\n\n\n\n<div class=\"wp-block-column text_right_column is-layout-flow wp-block-column-is-layout-flow\" style=\"flex-basis:85%\">\n<div class=\"wp-block-group callout-block has-white-color has-verdigris-background-color has-text-color has-background\"><div class=\"wp-block-group__inner-container is-layout-flow wp-block-group-is-layout-flow\">\n<p>D\u2019ici 2050, l\u2019accroissement de la production mondiale d\u2019\u00e9lectricit\u00e9 mise en service n\u00e9cessitera environ 13,3&nbsp;billions de dollars en nouveaux investissements, dont 77&nbsp;% pour l\u2019\u00e9olien, le solaire et les batteries.<\/p>\n\n\n\n<p>BloombergNEF, <em>New Energy Outlook&nbsp;2019<\/em><\/p>\n<\/div><\/div>\n<\/div>\n<\/div>\n","protected":false},"excerpt":{"rendered":"<p>En cette &egrave;re de changements rapides et vastes, l&rsquo;une des transitions les plus profondes touche notre fa&ccedil;on de produire, de g&eacute;rer et d&rsquo;utiliser l&rsquo;&eacute;nergie. Une transition mue par les avanc&eacute;es technologiques, les nouvelles pr&eacute;f&eacute;rences des consommateurs et les imp&eacute;ratifs environnementaux tels que les changements climatiques. [&hellip;]<\/p>\n","protected":false},"author":1582,"featured_media":3969,"parent":0,"menu_order":103,"comment_status":"closed","ping_status":"closed","template":"","meta":{"_acf_changed":false,"_eb_attr":"","_uag_custom_page_level_css":"","footnotes":""},"tags":[],"class_list":["post-3892","page","type-page","status-publish","has-post-thumbnail","hentry"],"acf":[],"uagb_featured_image_src":{"full":["https:\/\/renewablesassociation.ca\/wp-content\/uploads\/2020\/10\/3_technologies_img.jpg",1852,1038,false],"thumbnail":["https:\/\/renewablesassociation.ca\/wp-content\/uploads\/2020\/10\/3_technologies_img-150x150.jpg",150,150,true],"medium":["https:\/\/renewablesassociation.ca\/wp-content\/uploads\/2020\/10\/3_technologies_img-300x168.jpg",300,168,true],"medium_large":["https:\/\/renewablesassociation.ca\/wp-content\/uploads\/2020\/10\/3_technologies_img-768x430.jpg",768,430,true],"large":["https:\/\/renewablesassociation.ca\/wp-content\/uploads\/2020\/10\/3_technologies_img-1024x574.jpg",1024,574,true],"1536x1536":["https:\/\/renewablesassociation.ca\/wp-content\/uploads\/2020\/10\/3_technologies_img-1536x861.jpg",1536,861,true],"2048x2048":["https:\/\/renewablesassociation.ca\/wp-content\/uploads\/2020\/10\/3_technologies_img.jpg",1852,1038,false],"alm-thumbnail":["https:\/\/renewablesassociation.ca\/wp-content\/uploads\/2020\/10\/3_technologies_img.jpg",150,84,false],"alm-cta":["https:\/\/renewablesassociation.ca\/wp-content\/uploads\/2020\/10\/3_technologies_img.jpg",800,448,false],"alm-gallery":["https:\/\/renewablesassociation.ca\/wp-content\/uploads\/2020\/10\/3_technologies_img.jpg",800,448,false],"news-img-2x":["https:\/\/renewablesassociation.ca\/wp-content\/uploads\/2020\/10\/3_technologies_img-1380x1030.jpg",1380,1030,true],"news-img":["https:\/\/renewablesassociation.ca\/wp-content\/uploads\/2020\/10\/3_technologies_img-690x515.jpg",690,515,true],"gform-image-choice-sm":["https:\/\/renewablesassociation.ca\/wp-content\/uploads\/2020\/10\/3_technologies_img.jpg",300,168,false],"gform-image-choice-md":["https:\/\/renewablesassociation.ca\/wp-content\/uploads\/2020\/10\/3_technologies_img.jpg",400,224,false],"gform-image-choice-lg":["https:\/\/renewablesassociation.ca\/wp-content\/uploads\/2020\/10\/3_technologies_img.jpg",600,336,false]},"uagb_author_info":{"display_name":"Melissa McDougall","author_link":"https:\/\/renewablesassociation.ca\/fr\/author\/bff89ed1-c4f1-4277-9caa-d943ba5a306a\/"},"uagb_comment_info":0,"uagb_excerpt":"En cette &egrave;re de changements rapides et vastes, l&rsquo;une des transitions les plus profondes touche notre fa&ccedil;on de produire, de g&eacute;rer et d&rsquo;utiliser l&rsquo;&eacute;nergie. Une transition mue par les avanc&eacute;es technologiques, les nouvelles pr&eacute;f&eacute;rences des consommateurs et les imp&eacute;ratifs environnementaux tels que les changements climatiques. [&hellip;]","_links":{"self":[{"href":"https:\/\/renewablesassociation.ca\/fr\/wp-json\/wp\/v2\/pages\/3892","targetHints":{"allow":["GET"]}}],"collection":[{"href":"https:\/\/renewablesassociation.ca\/fr\/wp-json\/wp\/v2\/pages"}],"about":[{"href":"https:\/\/renewablesassociation.ca\/fr\/wp-json\/wp\/v2\/types\/page"}],"author":[{"embeddable":true,"href":"https:\/\/renewablesassociation.ca\/fr\/wp-json\/wp\/v2\/users\/1582"}],"replies":[{"embeddable":true,"href":"https:\/\/renewablesassociation.ca\/fr\/wp-json\/wp\/v2\/comments?post=3892"}],"version-history":[{"count":21,"href":"https:\/\/renewablesassociation.ca\/fr\/wp-json\/wp\/v2\/pages\/3892\/revisions"}],"predecessor-version":[{"id":6924,"href":"https:\/\/renewablesassociation.ca\/fr\/wp-json\/wp\/v2\/pages\/3892\/revisions\/6924"}],"wp:featuredmedia":[{"embeddable":true,"href":"https:\/\/renewablesassociation.ca\/fr\/wp-json\/wp\/v2\/media\/3969"}],"wp:attachment":[{"href":"https:\/\/renewablesassociation.ca\/fr\/wp-json\/wp\/v2\/media?parent=3892"}],"wp:term":[{"taxonomy":"post_tag","embeddable":true,"href":"https:\/\/renewablesassociation.ca\/fr\/wp-json\/wp\/v2\/tags?post=3892"}],"curies":[{"name":"wp","href":"https:\/\/api.w.org\/{rel}","templated":true}]}}