{"id":3476,"date":"2020-08-07T15:13:34","date_gmt":"2020-08-07T19:13:34","guid":{"rendered":"https:\/\/staging-renewablesassociationlive.kinsta.cloud\/evenements\/past-events\/"},"modified":"2020-09-08T16:27:34","modified_gmt":"2020-09-08T20:27:34","slug":"evenements-passes","status":"publish","type":"page","link":"https:\/\/renewablesassociation.ca\/fr\/evenements-passes\/","title":{"rendered":"\u00c9v\u00e9nements pass\u00e9s"},"content":{"rendered":"\n<p>Voici le genre d\u2019\u00e9v\u00e9nements qu\u2019organise l\u2019Association canadienne de l\u2019\u00e9nergie renouvelable. Pour participer \u00e0 un prochain rendez-vous, visitez la section des \u00e9v\u00e9nements \u00e0 venir!<\/p>\n\n\n\n<div class=\"wp-block-buttons is-layout-flex wp-block-buttons-is-layout-flex\">\n<div class=\"wp-block-button\"><a class=\"wp-block-button__link\" href=\"https:\/\/renewablesassociation.ca\/fr\/evenements-a-venir\/\">\u00c9v\u00e9nements \u00e0 venir<\/a><\/div>\n<\/div>\n","protected":false},"excerpt":{"rendered":"<p>Voici le genre d&rsquo;&eacute;v&eacute;nements qu&rsquo;organise l&rsquo;Association canadienne de l&rsquo;&eacute;nergie renouvelable. Pour participer &agrave; un prochain rendez-vous, visitez la section des &eacute;v&eacute;nements &agrave; venir!<\/p>\n","protected":false},"author":1582,"featured_media":0,"parent":0,"menu_order":37,"comment_status":"closed","ping_status":"closed","template":"page-templates\/past-events.php","meta":{"_acf_changed":false,"_eb_attr":"","_uag_custom_page_level_css":"","footnotes":""},"tags":[],"class_list":["post-3476","page","type-page","status-publish","hentry"],"acf":[],"uagb_featured_image_src":{"full":false,"thumbnail":false,"medium":false,"medium_large":false,"large":false,"1536x1536":false,"2048x2048":false,"alm-thumbnail":false,"alm-cta":false,"alm-gallery":false,"news-img-2x":false,"news-img":false,"gform-image-choice-sm":false,"gform-image-choice-md":false,"gform-image-choice-lg":false},"uagb_author_info":{"display_name":"Melissa McDougall","author_link":"https:\/\/renewablesassociation.ca\/fr\/author\/bff89ed1-c4f1-4277-9caa-d943ba5a306a\/"},"uagb_comment_info":0,"uagb_excerpt":"Voici le genre d&rsquo;&eacute;v&eacute;nements qu&rsquo;organise l&rsquo;Association canadienne de l&rsquo;&eacute;nergie renouvelable. Pour participer &agrave; un prochain rendez-vous, visitez la section des &eacute;v&eacute;nements &agrave; venir!","_links":{"self":[{"href":"https:\/\/renewablesassociation.ca\/fr\/wp-json\/wp\/v2\/pages\/3476","targetHints":{"allow":["GET"]}}],"collection":[{"href":"https:\/\/renewablesassociation.ca\/fr\/wp-json\/wp\/v2\/pages"}],"about":[{"href":"https:\/\/renewablesassociation.ca\/fr\/wp-json\/wp\/v2\/types\/page"}],"author":[{"embeddable":true,"href":"https:\/\/renewablesassociation.ca\/fr\/wp-json\/wp\/v2\/users\/1582"}],"replies":[{"embeddable":true,"href":"https:\/\/renewablesassociation.ca\/fr\/wp-json\/wp\/v2\/comments?post=3476"}],"version-history":[{"count":3,"href":"https:\/\/renewablesassociation.ca\/fr\/wp-json\/wp\/v2\/pages\/3476\/revisions"}],"predecessor-version":[{"id":3669,"href":"https:\/\/renewablesassociation.ca\/fr\/wp-json\/wp\/v2\/pages\/3476\/revisions\/3669"}],"wp:attachment":[{"href":"https:\/\/renewablesassociation.ca\/fr\/wp-json\/wp\/v2\/media?parent=3476"}],"wp:term":[{"taxonomy":"post_tag","embeddable":true,"href":"https:\/\/renewablesassociation.ca\/fr\/wp-json\/wp\/v2\/tags?post=3476"}],"curies":[{"name":"wp","href":"https:\/\/api.w.org\/{rel}","templated":true}]}}