{"id":3475,"date":"2020-08-07T15:11:43","date_gmt":"2020-08-07T19:11:43","guid":{"rendered":"https:\/\/staging-renewablesassociationlive.kinsta.cloud\/evenements\/stand-out\/"},"modified":"2021-12-13T10:06:26","modified_gmt":"2021-12-13T14:06:26","slug":"demarquez-vous","status":"publish","type":"page","link":"https:\/\/renewablesassociation.ca\/fr\/demarquez-vous\/","title":{"rendered":"D\u00e9marquez-vous"},"content":{"rendered":"\n<p><strong>\u00cates-vous un chef de file de l\u2019industrie qui cherche \u00e0 raffermir sa position au sommet du march\u00e9?<\/strong><\/p>\n\n\n\n<p><strong>Une entreprise \u00e9mergente qui veut se faire une r\u00e9putation et gagner des parts de march\u00e9?<\/strong><\/p>\n\n\n\n<p><strong>Une jeune pousse qui tente de s\u2019\u00e9lever parmi les grands et de s\u00e9duire de nouveaux clients?<\/strong><\/p>\n\n\n\n<p>D\u00e9marquez-vous gr\u00e2ce aux forfaits d\u2019exposition et de commandites de l\u2019Association canadienne de l\u2019\u00e9nergie renouvelable et rencontrez des milliers de participants et de chefs de file de l\u2019industrie canadienne de l\u2019\u00e9nergie \u00e9olienne, de l\u2019\u00e9nergie solaire et du stockage d\u2019\u00e9nergie.<\/p>\n\n\n\n<p>CanREA vous offre une foule d\u2019occasions d\u2019atteindre vos objectifs d\u2019affaires et de marketing. Pour en savoir plus sur nos occasions d\u2019exposition et de commandites, consultez les pages <a href=\"https:\/\/renewablesassociation.ca\/fr\/?page_id=9273\">Commandite<\/a> et <a href=\"https:\/\/renewablesassociation.ca\/fr\/?page_id=9276\">Exposition<\/a>. <\/p>\n\n\n\n<p>\u00c9crivez \u00e0 <a class=\"rank-math-link\" href=\"mailto:ventes@associationrenouvelable.ca\">ventes@associationrenouvelable.ca<\/a> pour \u00e9changer avec nous d\u00e8s aujourd\u2019hui!<\/p>\n\n\n\n<div class=\"wp-block-buttons is-layout-flex wp-block-buttons-is-layout-flex\">\n<div class=\"wp-block-button\"><a class=\"wp-block-button__link\" href=\"https:\/\/renewablesassociation.ca\/fr\/evenements-a-venir\/\">\u00c9v\u00e9nements \u00e0 venir<\/a><\/div>\n<\/div>\n\n\n\n<p><\/p>\n","protected":false},"excerpt":{"rendered":"<p>D&eacute;marquez-vous gr&acirc;ce aux forfaits d&rsquo;exposition et de commandites de l&rsquo;Association canadienne de l&rsquo;&eacute;nergie renouvelable et rencontrez des milliers de participants et de chefs de file de l&rsquo;industrie canadienne de l&rsquo;&eacute;nergie &eacute;olienne, de l&rsquo;&eacute;nergie solaire et du stockage d&rsquo;&eacute;nergie. [&hellip;]<\/p>\n","protected":false},"author":1582,"featured_media":3665,"parent":0,"menu_order":88,"comment_status":"closed","ping_status":"closed","template":"","meta":{"_acf_changed":false,"_eb_attr":"","_uag_custom_page_level_css":"","footnotes":""},"tags":[],"class_list":["post-3475","page","type-page","status-publish","has-post-thumbnail","hentry"],"acf":[],"uagb_featured_image_src":{"full":["https:\/\/renewablesassociation.ca\/wp-content\/uploads\/2020\/09\/standout_events_img.jpg",1380,808,false],"thumbnail":["https:\/\/renewablesassociation.ca\/wp-content\/uploads\/2020\/09\/standout_events_img-150x150.jpg",150,150,true],"medium":["https:\/\/renewablesassociation.ca\/wp-content\/uploads\/2020\/09\/standout_events_img-300x176.jpg",300,176,true],"medium_large":["https:\/\/renewablesassociation.ca\/wp-content\/uploads\/2020\/09\/standout_events_img-768x450.jpg",768,450,true],"large":["https:\/\/renewablesassociation.ca\/wp-content\/uploads\/2020\/09\/standout_events_img-1024x600.jpg",1024,600,true],"1536x1536":["https:\/\/renewablesassociation.ca\/wp-content\/uploads\/2020\/09\/standout_events_img.jpg",1380,808,false],"2048x2048":["https:\/\/renewablesassociation.ca\/wp-content\/uploads\/2020\/09\/standout_events_img.jpg",1380,808,false],"alm-thumbnail":["https:\/\/renewablesassociation.ca\/wp-content\/uploads\/2020\/09\/standout_events_img.jpg",150,88,false],"alm-cta":["https:\/\/renewablesassociation.ca\/wp-content\/uploads\/2020\/09\/standout_events_img.jpg",769,450,false],"alm-gallery":["https:\/\/renewablesassociation.ca\/wp-content\/uploads\/2020\/09\/standout_events_img.jpg",800,468,false],"news-img-2x":["https:\/\/renewablesassociation.ca\/wp-content\/uploads\/2020\/09\/standout_events_img.jpg",1380,808,false],"news-img":["https:\/\/renewablesassociation.ca\/wp-content\/uploads\/2020\/09\/standout_events_img-690x515.jpg",690,515,true],"gform-image-choice-sm":["https:\/\/renewablesassociation.ca\/wp-content\/uploads\/2020\/09\/standout_events_img.jpg",300,176,false],"gform-image-choice-md":["https:\/\/renewablesassociation.ca\/wp-content\/uploads\/2020\/09\/standout_events_img.jpg",400,234,false],"gform-image-choice-lg":["https:\/\/renewablesassociation.ca\/wp-content\/uploads\/2020\/09\/standout_events_img.jpg",600,351,false]},"uagb_author_info":{"display_name":"Melissa McDougall","author_link":"https:\/\/renewablesassociation.ca\/fr\/author\/bff89ed1-c4f1-4277-9caa-d943ba5a306a\/"},"uagb_comment_info":0,"uagb_excerpt":"D&eacute;marquez-vous gr&acirc;ce aux forfaits d&rsquo;exposition et de commandites de l&rsquo;Association canadienne de l&rsquo;&eacute;nergie renouvelable et rencontrez des milliers de participants et de chefs de file de l&rsquo;industrie canadienne de l&rsquo;&eacute;nergie &eacute;olienne, de l&rsquo;&eacute;nergie solaire et du stockage d&rsquo;&eacute;nergie. [&hellip;]","_links":{"self":[{"href":"https:\/\/renewablesassociation.ca\/fr\/wp-json\/wp\/v2\/pages\/3475","targetHints":{"allow":["GET"]}}],"collection":[{"href":"https:\/\/renewablesassociation.ca\/fr\/wp-json\/wp\/v2\/pages"}],"about":[{"href":"https:\/\/renewablesassociation.ca\/fr\/wp-json\/wp\/v2\/types\/page"}],"author":[{"embeddable":true,"href":"https:\/\/renewablesassociation.ca\/fr\/wp-json\/wp\/v2\/users\/1582"}],"replies":[{"embeddable":true,"href":"https:\/\/renewablesassociation.ca\/fr\/wp-json\/wp\/v2\/comments?post=3475"}],"version-history":[{"count":26,"href":"https:\/\/renewablesassociation.ca\/fr\/wp-json\/wp\/v2\/pages\/3475\/revisions"}],"predecessor-version":[{"id":9392,"href":"https:\/\/renewablesassociation.ca\/fr\/wp-json\/wp\/v2\/pages\/3475\/revisions\/9392"}],"wp:featuredmedia":[{"embeddable":true,"href":"https:\/\/renewablesassociation.ca\/fr\/wp-json\/wp\/v2\/media\/3665"}],"wp:attachment":[{"href":"https:\/\/renewablesassociation.ca\/fr\/wp-json\/wp\/v2\/media?parent=3475"}],"wp:term":[{"taxonomy":"post_tag","embeddable":true,"href":"https:\/\/renewablesassociation.ca\/fr\/wp-json\/wp\/v2\/tags?post=3475"}],"curies":[{"name":"wp","href":"https:\/\/api.w.org\/{rel}","templated":true}]}}