{"id":298,"date":"2020-06-17T14:48:46","date_gmt":"2020-06-17T14:48:46","guid":{"rendered":"https:\/\/renewablesassociation.ca\/?page_id=298"},"modified":"2025-12-05T15:21:25","modified_gmt":"2025-12-05T19:21:25","slug":"notre-role","status":"publish","type":"page","link":"https:\/\/renewablesassociation.ca\/fr\/notre-role\/","title":{"rendered":"Notre r\u00f4le"},"content":{"rendered":"\n<p>L\u2019Association canadienne de l\u2019\u00e9nergie renouvelable est la voix des solutions d\u2019\u00e9nergies \u00e9olienne et solaire et de stockage d\u2019\u00e9nergie qui fa\u00e7onnent l\u2019avenir \u00e9nerg\u00e9tique du Canada. Nous nous employons \u00e0 cr\u00e9er les conditions favorables \u00e0 l\u2019\u00e9tablissement d\u2019un syst\u00e8me \u00e9nerg\u00e9tique moderne en mobilisant les parties prenantes et le public. Issus de divers horizons, nos membres sont parfaitement en mesure d\u2019offrir des solutions propres, abordables, fiables, flexibles et \u00e9volutives pour combler les besoins \u00e9nerg\u00e9tiques du Canada.<\/p>\n\n\n\n<h2 class=\"wp-block-heading\">Notre mission<\/h2>\n\n\n\n<p>Promouvoir les industries des \u00e9nergies \u00e9olienne et solaire et du stockage d\u2019\u00e9nergie de mani\u00e8re \u00e0 stimuler l\u2019\u00e9conomie et \u00e0 am\u00e9liorer l\u2019avenir \u00e9nerg\u00e9tique du Canada.<\/p>\n\n\n\n<p>Mieux faire comprendre aux groupes d\u2019int\u00e9r\u00eat que l\u2019\u00e9nergie renouvelable et le stockage d\u2019\u00e9nergie sont des solutions propres, abordables, fiables, flexibles et \u00e9volutives pouvant r\u00e9pondre aux besoins \u00e9nerg\u00e9tiques du Canada.<\/p>\n\n\n\n<p>Offrir un espace de dialogue favorisant les \u00e9changes, la collaboration, la bonne conduite des affaires et la croissance de l\u2019industrie.<\/p>\n\n\n\n<h2 class=\"wp-block-heading\">Notre vision<\/h2>\n\n\n\n<p>Assurer une place centrale aux \u00e9nergies \u00e9olienne et solaire et au stockage d\u2019\u00e9nergie dans l\u2019\u00e9volution du bouquet \u00e9nerg\u00e9tique canadien.<\/p>\n\n\n\n<h2 class=\"wp-block-heading\">Notre histoire<\/h2>\n\n\n\n<p>L\u2019Association canadienne de l\u2019\u00e9nergie renouvelable a vu le jour le 1er juillet 2020 lorsque l\u2019Association canadienne de l\u2019\u00e9nergie \u00e9olienne\u00a0et l\u2019Association des industries solaires du Canada\u00a0se sont unies pour se faire la voix des solutions d\u2019\u00e9nergies \u00e9olienne et solaire et de stockage d\u2019\u00e9nergie.<\/p>\n\n\n\n<p><\/p>\n","protected":false},"excerpt":{"rendered":"<p>L&rsquo;Association canadienne de l&rsquo;&eacute;nergie renouvelable est la voix des solutions d&rsquo;&eacute;nergies &eacute;olienne et solaire et de stockage d&rsquo;&eacute;nergie qui fa&ccedil;onnent l&rsquo;avenir &eacute;nerg&eacute;tique du Canada. Nous nous employons &agrave; cr&eacute;er les conditions favorables &agrave; l&rsquo;&eacute;tablissement d&rsquo;un syst&egrave;me &eacute;nerg&eacute;tique moderne en mobilisant les parties prenantes et le public. Issus de divers horizons, nos membres sont parfaitement en [&hellip;]<\/p>\n","protected":false},"author":1582,"featured_media":2143,"parent":0,"menu_order":14,"comment_status":"closed","ping_status":"closed","template":"","meta":{"_acf_changed":false,"_eb_attr":"","_uag_custom_page_level_css":"","footnotes":""},"tags":[],"class_list":["post-298","page","type-page","status-publish","has-post-thumbnail","hentry"],"acf":[],"uagb_featured_image_src":{"full":["https:\/\/renewablesassociation.ca\/wp-content\/uploads\/2020\/06\/what_we_do_img@2x.jpg",1380,422,false],"thumbnail":["https:\/\/renewablesassociation.ca\/wp-content\/uploads\/2020\/06\/what_we_do_img@2x-150x150.jpg",150,150,true],"medium":["https:\/\/renewablesassociation.ca\/wp-content\/uploads\/2020\/06\/what_we_do_img@2x-300x92.jpg",300,92,true],"medium_large":["https:\/\/renewablesassociation.ca\/wp-content\/uploads\/2020\/06\/what_we_do_img@2x-768x235.jpg",768,235,true],"large":["https:\/\/renewablesassociation.ca\/wp-content\/uploads\/2020\/06\/what_we_do_img@2x-1024x313.jpg",1024,313,true],"1536x1536":["https:\/\/renewablesassociation.ca\/wp-content\/uploads\/2020\/06\/what_we_do_img@2x.jpg",1380,422,false],"2048x2048":["https:\/\/renewablesassociation.ca\/wp-content\/uploads\/2020\/06\/what_we_do_img@2x.jpg",1380,422,false],"alm-thumbnail":["https:\/\/renewablesassociation.ca\/wp-content\/uploads\/2020\/06\/what_we_do_img@2x.jpg",150,46,false],"alm-cta":["https:\/\/renewablesassociation.ca\/wp-content\/uploads\/2020\/06\/what_we_do_img@2x.jpg",800,245,false],"alm-gallery":["https:\/\/renewablesassociation.ca\/wp-content\/uploads\/2020\/06\/what_we_do_img@2x.jpg",800,245,false],"news-img-2x":["https:\/\/renewablesassociation.ca\/wp-content\/uploads\/2020\/06\/what_we_do_img@2x.jpg",1380,422,false],"news-img":["https:\/\/renewablesassociation.ca\/wp-content\/uploads\/2020\/06\/what_we_do_img@2x.jpg",690,211,false],"gform-image-choice-sm":["https:\/\/renewablesassociation.ca\/wp-content\/uploads\/2020\/06\/what_we_do_img@2x.jpg",300,92,false],"gform-image-choice-md":["https:\/\/renewablesassociation.ca\/wp-content\/uploads\/2020\/06\/what_we_do_img@2x.jpg",400,122,false],"gform-image-choice-lg":["https:\/\/renewablesassociation.ca\/wp-content\/uploads\/2020\/06\/what_we_do_img@2x.jpg",600,183,false]},"uagb_author_info":{"display_name":"Melissa McDougall","author_link":"https:\/\/renewablesassociation.ca\/fr\/author\/bff89ed1-c4f1-4277-9caa-d943ba5a306a\/"},"uagb_comment_info":0,"uagb_excerpt":"L&rsquo;Association canadienne de l&rsquo;&eacute;nergie renouvelable est la voix des solutions d&rsquo;&eacute;nergies &eacute;olienne et solaire et de stockage d&rsquo;&eacute;nergie qui fa&ccedil;onnent l&rsquo;avenir &eacute;nerg&eacute;tique du Canada. Nous nous employons &agrave; cr&eacute;er les conditions favorables &agrave; l&rsquo;&eacute;tablissement d&rsquo;un syst&egrave;me &eacute;nerg&eacute;tique moderne en mobilisant les parties prenantes et le public. Issus de divers horizons, nos membres sont parfaitement en\u2026","_links":{"self":[{"href":"https:\/\/renewablesassociation.ca\/fr\/wp-json\/wp\/v2\/pages\/298","targetHints":{"allow":["GET"]}}],"collection":[{"href":"https:\/\/renewablesassociation.ca\/fr\/wp-json\/wp\/v2\/pages"}],"about":[{"href":"https:\/\/renewablesassociation.ca\/fr\/wp-json\/wp\/v2\/types\/page"}],"author":[{"embeddable":true,"href":"https:\/\/renewablesassociation.ca\/fr\/wp-json\/wp\/v2\/users\/1582"}],"replies":[{"embeddable":true,"href":"https:\/\/renewablesassociation.ca\/fr\/wp-json\/wp\/v2\/comments?post=298"}],"version-history":[{"count":5,"href":"https:\/\/renewablesassociation.ca\/fr\/wp-json\/wp\/v2\/pages\/298\/revisions"}],"predecessor-version":[{"id":25020,"href":"https:\/\/renewablesassociation.ca\/fr\/wp-json\/wp\/v2\/pages\/298\/revisions\/25020"}],"wp:featuredmedia":[{"embeddable":true,"href":"https:\/\/renewablesassociation.ca\/fr\/wp-json\/wp\/v2\/media\/2143"}],"wp:attachment":[{"href":"https:\/\/renewablesassociation.ca\/fr\/wp-json\/wp\/v2\/media?parent=298"}],"wp:term":[{"taxonomy":"post_tag","embeddable":true,"href":"https:\/\/renewablesassociation.ca\/fr\/wp-json\/wp\/v2\/tags?post=298"}],"curies":[{"name":"wp","href":"https:\/\/api.w.org\/{rel}","templated":true}]}}