{"id":22422,"date":"2025-03-31T16:40:00","date_gmt":"2025-03-31T20:40:00","guid":{"rendered":"https:\/\/renewablesassociation.ca\/?page_id=22422"},"modified":"2026-03-20T11:22:45","modified_gmt":"2026-03-20T15:22:45","slug":"repertoire","status":"publish","type":"page","link":"https:\/\/renewablesassociation.ca\/fr\/repertoire\/","title":{"rendered":"R\u00e9pertoire"},"content":{"rendered":"\n<figure class=\"wp-block-image size-large\"><img fetchpriority=\"high\" decoding=\"async\" width=\"1024\" height=\"582\" src=\"https:\/\/renewablesassociation.ca\/wp-content\/uploads\/2025\/03\/shutterstock_341987081-scaled-e1742422130630-1024x582.jpg\" alt=\"\" class=\"wp-image-22236\" srcset=\"https:\/\/renewablesassociation.ca\/wp-content\/uploads\/2025\/03\/shutterstock_341987081-scaled-e1742422130630-1024x582.jpg 1024w, https:\/\/renewablesassociation.ca\/wp-content\/uploads\/2025\/03\/shutterstock_341987081-scaled-e1742422130630-300x171.jpg 300w, https:\/\/renewablesassociation.ca\/wp-content\/uploads\/2025\/03\/shutterstock_341987081-scaled-e1742422130630-768x437.jpg 768w, https:\/\/renewablesassociation.ca\/wp-content\/uploads\/2025\/03\/shutterstock_341987081-scaled-e1742422130630-1536x873.jpg 1536w, https:\/\/renewablesassociation.ca\/wp-content\/uploads\/2025\/03\/shutterstock_341987081-scaled-e1742422130630-2048x1164.jpg 2048w\" sizes=\"(max-width: 1024px) 100vw, 1024px\" \/><\/figure>\n\n\n\n<p>CanREA tient un r\u00e9pertoire d\u2019installateurs de syst\u00e8mes solaires et de stockage, d\u2019\u00e9quipementiers et d\u2019autres professionnels pertinents pour les propri\u00e9taires du Canada qui souhaitent faire la transition vers le solaire. De quoi faciliter la recherche d\u2019une entreprise membre de CanREA pour l\u2019installation de votre syst\u00e8me photovolta\u00efque!<\/p>\n\n\n\n<div class=\"wp-block-buttons is-layout-flex wp-block-buttons-is-layout-flex\">\n<div class=\"wp-block-button\"><a class=\"wp-block-button__link wp-element-button\" href=\"https:\/\/members.renewablesassociation.ca\/gosolarguidedirectory\"><strong>Consulter le R\u00e9pertoire<\/strong><\/a><\/div>\n<\/div>\n\n\n\n<p>Les installateurs de syst\u00e8mes solaires et de stockage membres de CanREA ont \u00e0 c\u0153ur de fournir des produits et un service \u00e0 la client\u00e8le de qualit\u00e9 afin que vous soyez satisfaits. En adh\u00e9rant \u00e0 notre association, ils s\u2019engagent \u00e0 respecter notre <a href=\"https:\/\/renewablesassociation.ca\/fr\/?page_id=4321\">Code de conduite des membres<\/a> <em>(en anglais seulement)<\/em>.<\/p>\n\n\n\n<p><\/p>\n","protected":false},"excerpt":{"rendered":"<p>CanREA tient un r&eacute;pertoire d&rsquo;installateurs de syst&egrave;mes solaires et de stockage, d&rsquo;&eacute;quipementiers et d&rsquo;autres professionnels pertinents pour les propri&eacute;taires du Canada qui souhaitent faire la transition vers le solaire. De quoi faciliter la recherche d&rsquo;une entreprise membre de CanREA pour l&rsquo;installation de votre syst&egrave;me photovolta&iuml;que! [&hellip;]<\/p>\n","protected":false},"author":1913,"featured_media":0,"parent":0,"menu_order":8,"comment_status":"closed","ping_status":"closed","template":"","meta":{"_acf_changed":false,"_eb_attr":"","_uag_custom_page_level_css":"","footnotes":""},"tags":[],"class_list":["post-22422","page","type-page","status-publish","hentry"],"acf":[],"uagb_featured_image_src":{"full":false,"thumbnail":false,"medium":false,"medium_large":false,"large":false,"1536x1536":false,"2048x2048":false,"alm-thumbnail":false,"alm-cta":false,"alm-gallery":false,"news-img-2x":false,"news-img":false,"gform-image-choice-sm":false,"gform-image-choice-md":false,"gform-image-choice-lg":false},"uagb_author_info":{"display_name":"paperleaf","author_link":"https:\/\/renewablesassociation.ca\/fr\/author\/paperleaf\/"},"uagb_comment_info":0,"uagb_excerpt":"CanREA tient un r&eacute;pertoire d&rsquo;installateurs de syst&egrave;mes solaires et de stockage, d&rsquo;&eacute;quipementiers et d&rsquo;autres professionnels pertinents pour les propri&eacute;taires du Canada qui souhaitent faire la transition vers le solaire. De quoi faciliter la recherche d&rsquo;une entreprise membre de CanREA pour l&rsquo;installation de votre syst&egrave;me photovolta&iuml;que! [&hellip;]","_links":{"self":[{"href":"https:\/\/renewablesassociation.ca\/fr\/wp-json\/wp\/v2\/pages\/22422","targetHints":{"allow":["GET"]}}],"collection":[{"href":"https:\/\/renewablesassociation.ca\/fr\/wp-json\/wp\/v2\/pages"}],"about":[{"href":"https:\/\/renewablesassociation.ca\/fr\/wp-json\/wp\/v2\/types\/page"}],"author":[{"embeddable":true,"href":"https:\/\/renewablesassociation.ca\/fr\/wp-json\/wp\/v2\/users\/1913"}],"replies":[{"embeddable":true,"href":"https:\/\/renewablesassociation.ca\/fr\/wp-json\/wp\/v2\/comments?post=22422"}],"version-history":[{"count":10,"href":"https:\/\/renewablesassociation.ca\/fr\/wp-json\/wp\/v2\/pages\/22422\/revisions"}],"predecessor-version":[{"id":25897,"href":"https:\/\/renewablesassociation.ca\/fr\/wp-json\/wp\/v2\/pages\/22422\/revisions\/25897"}],"wp:attachment":[{"href":"https:\/\/renewablesassociation.ca\/fr\/wp-json\/wp\/v2\/media?parent=22422"}],"wp:term":[{"taxonomy":"post_tag","embeddable":true,"href":"https:\/\/renewablesassociation.ca\/fr\/wp-json\/wp\/v2\/tags?post=22422"}],"curies":[{"name":"wp","href":"https:\/\/api.w.org\/{rel}","templated":true}]}}