{"id":22415,"date":"2025-03-31T16:31:57","date_gmt":"2025-03-31T20:31:57","guid":{"rendered":"https:\/\/renewablesassociation.ca\/?page_id=22415"},"modified":"2026-03-23T09:47:37","modified_gmt":"2026-03-23T13:47:37","slug":"choix-dun-installateur","status":"publish","type":"page","link":"https:\/\/renewablesassociation.ca\/fr\/choix-dun-installateur\/","title":{"rendered":"Choix d\u2019un installateur"},"content":{"rendered":"\n<figure class=\"wp-block-image size-large\"><img fetchpriority=\"high\" decoding=\"async\" width=\"2560\" height=\"1439\" src=\"https:\/\/renewablesassociation.ca\/wp-content\/smush-webp\/2025\/03\/Solarascent_photos_leevisual_1_authorized-edited-scaled.jpg.webp\" alt=\"\" class=\"wp-image-22234\" srcset=\"https:\/\/renewablesassociation.ca\/wp-content\/smush-webp\/2025\/03\/Solarascent_photos_leevisual_1_authorized-edited-scaled.jpg.webp 2560w, https:\/\/renewablesassociation.ca\/wp-content\/smush-webp\/2025\/03\/Solarascent_photos_leevisual_1_authorized-edited-300x169.jpg.webp 300w, https:\/\/renewablesassociation.ca\/wp-content\/smush-webp\/2025\/03\/Solarascent_photos_leevisual_1_authorized-edited-1024x576.jpg.webp 1024w, https:\/\/renewablesassociation.ca\/wp-content\/smush-webp\/2025\/03\/Solarascent_photos_leevisual_1_authorized-edited-768x432.jpg.webp 768w, https:\/\/renewablesassociation.ca\/wp-content\/smush-webp\/2025\/03\/Solarascent_photos_leevisual_1_authorized-edited-1536x863.jpg.webp 1536w, https:\/\/renewablesassociation.ca\/wp-content\/smush-webp\/2025\/03\/Solarascent_photos_leevisual_1_authorized-edited-2048x1151.jpg.webp 2048w, https:\/\/renewablesassociation.ca\/wp-content\/smush-webp\/2025\/03\/Solarascent_photos_leevisual_1_authorized-edited-800x450.jpg.webp 800w\" sizes=\"(max-width: 2560px) 100vw, 2560px\" \/><\/figure>\n\n\n\n<p>Le choix d\u2019un entrepreneur pour l\u2019installation de vos panneaux photovolta\u00efques et de votre syst\u00e8me de stockage sera sans doute la d\u00e9cision la plus difficile de tout votre processus. Heureusement, CanREA vous facilite la vie gr\u00e2ce \u00e0 son r\u00e9pertoire d\u2019installateurs de syst\u00e8mes solaires, lesquels ont tous sign\u00e9 le Code de conduite des membres de CanREA.<br><\/p>\n\n\n\n<div class=\"wp-block-buttons is-layout-flex wp-block-buttons-is-layout-flex\">\n<div class=\"wp-block-button\"><a class=\"wp-block-button__link wp-element-button\" href=\"https:\/\/members.renewablesassociation.ca\/gosolarguidedirectory\">Consulter le r\u00e9pertoire de CanREA<\/a><\/div>\n<\/div>\n\n\n\n<h2 class=\"wp-block-heading\"><strong><strong><strong>Avant de choisir un installateur\u2026<\/strong><\/strong><\/strong><\/h2>\n\n\n\n<p>1. Devis&nbsp;: Sachez qu\u2019il est pr\u00e9f\u00e9rable de demander plus d\u2019un devis, surtout si l\u2019installateur ne vous a pas \u00e9t\u00e9 recommand\u00e9 par une personne de confiance ou si vous ne le connaissez pas bien. Un devis \u00e9crit devrait d\u00e9tailler le prix de chacun des composants et de l\u2019installation ainsi que pr\u00e9ciser, s\u2019il y a lieu, les frais en sus \u00e0 votre charge. Voici une liste non exhaustive de points \u00e0 discuter avec votre entrepreneur pour vous assurer qu\u2019ils soient inclus dans le devis&nbsp;:<\/p>\n\n\n\n<ul class=\"wp-block-list\">\n<li>Co\u00fbt des dessins techniques certifi\u00e9s par un ing\u00e9nieur;<\/li>\n\n\n\n<li>Co\u00fbt des permis requis;<\/li>\n\n\n\n<li>Frais d\u2019entretien et modalit\u00e9s de la garantie;<\/li>\n\n\n\n<li>Existence d\u2019incitatifs et aide pour en faire la demande;<\/li>\n\n\n\n<li>Composants ou mat\u00e9riaux non compris dans le prix de la prestation.<\/li>\n<\/ul>\n\n\n\n<p>2. Assurance&nbsp;: V\u00e9rifiez aupr\u00e8s de votre assureur si l\u2019installation d\u2019un syst\u00e8me solaire sur votre toit ou d\u2019un syst\u00e8me de stockage d\u2019\u00e9nergie par batterie aura une incidence sur vos primes d\u2019assurance.<\/p>\n\n\n\n<p>3. Services publics et incitatifs&nbsp;: Assurez-vous que l\u2019installateur que vous envisagez d\u2019embaucher a l\u2019habitude de communiquer avec les services publics et qu\u2019il comprend les r\u00e8gles des programmes incitatifs auxquels vous avez droit.<\/p>\n\n\n\n<p>4. Formation&nbsp;: V\u00e9rifiez si votre installateur a \u00e9t\u00e9 form\u00e9 par le fabricant des produits qu\u2019il vous propose d\u2019installer dans le devis.<\/p>\n\n\n\n<p>5. R\u00e9f\u00e9rences&nbsp;: Si possible, v\u00e9rifiez les r\u00e9f\u00e9rences de l\u2019installateur en communiquant avec ses anciens clients et lisez ses \u00e9valuations en ligne. Les \u00e9valuations et recommandations sur Internet sont une bonne fa\u00e7on de trouver l\u2019entrepreneur qu\u2019il vous faut, mais prudence avec les \u00e9valuations n\u00e9gatives&nbsp;: les gens ne sont pas toujours objectifs.<\/p>\n\n\n\n<p>6. Certifications&nbsp;: Nous vous recommandons de v\u00e9rifier que les sous-traitants avec lesquels votre installateur compte faire affaire ont les comp\u00e9tences et les assurances requises pour effectuer les travaux. N\u2019oubliez pas que la s\u00e9curit\u00e9 des installations \u00e9lectriques et physiques devra sans doute \u00eatre inspect\u00e9e. Il est donc important que les travaux soient bien faits. Demandez \u00e0 votre installeur si son personnel et ses entrepreneurs d\u00e9tiennent des certifications sp\u00e9cialis\u00e9es dans le solaire, notamment celle de la North American Board of Certified Energy Practitioners (NABCEP). M\u00eame si la certification NABCEP n\u2019est pas obligatoire au Canada, elle atteste que l\u2019installateur qui la poss\u00e8de a suivi un programme de formation et de certification rigoureux ayant mis \u00e0 l\u2019\u00e9preuve ses comp\u00e9tences en installation de syst\u00e8mes solaires PV.<\/p>\n\n\n\n<h2 class=\"wp-block-heading\"><strong><strong><strong><strong>Vente au Porte-\u00e0-Porte<\/strong><\/strong><\/strong><\/strong><\/h2>\n\n\n\n<p>Devant l\u2019engouement des propri\u00e9taires fonciers pour le solaire au Canada, on observe une hausse de la vente au porte-\u00e0-porte dans de nombreux march\u00e9s du Canada.<\/p>\n\n\n\n<p>Les entreprises proposent souvent des syst\u00e8mes solaires PV \u00ab&nbsp;gratuits&nbsp;\u00bb \u2013 lire&nbsp;: \u00ab&nbsp;aucun versement comptant \u00e0 l\u2019achat, mais taux d\u2019int\u00e9r\u00eat \u00e9lev\u00e9s&nbsp;\u00bb \u2013, ou bien demandent un d\u00e9p\u00f4t consid\u00e9rable pour profiter d\u2019une offre d\u2019une dur\u00e9e limit\u00e9e.&nbsp;<\/p>\n\n\n\n<p>Les consommateurs ne devraient pas se sentir bouscul\u00e9s pour prendre une d\u00e9cision d\u2019investissement \u00e0 long terme. Devant le vaste choix d\u2019installateurs hautement qualifi\u00e9s et r\u00e9put\u00e9s, il n\u2019y a aucune raison d\u2019accepter l\u2019offre de quelqu\u2019un qui vous met la pression au t\u00e9l\u00e9phone ou \u00e0 votre porte. Comme c\u2019est le cas pour la plupart des projets de r\u00e9novation majeurs, CanREA recommande fortement de demander un devis \u00e0 plusieurs entrepreneurs et de suivre sa liste de v\u00e9rification (ci-dessous) avant de prendre une d\u00e9cision.<\/p>\n\n\n\n<h2 class=\"wp-block-heading\"><strong><strong>Liste de v\u00e9rification&nbsp;: Questions \u00e0 poser \u00e0 votre installateur<\/strong><\/strong><\/h2>\n\n\n\n<div class=\"wp-block-buttons is-layout-flex wp-block-buttons-is-layout-flex\">\n<div class=\"wp-block-button\"><a class=\"wp-block-button__link wp-element-button\" href=\"https:\/\/renewablesassociation.ca\/wp-content\/uploads\/2026\/03\/CanREA-Go-Solar-Guide-Questions-to-ask-French.pdf\">T\u00e9l\u00e9charger la Liste<\/a><\/div>\n<\/div>\n\n\n\n<p>&nbsp;\u2611&nbsp;Avez-vous conclu un accord de mesurage net avec votre service public local, provincial ou territorial et obtenu la permission d\u2019aller de l\u2019avant?<\/p>\n\n\n\n<p>\u2611&nbsp; Avez-vous conclu un accord de mesurage net ou de raccordement au r\u00e9seau avec votre service public local, provincial ou territorial et obtenu la permission d\u2019aller de l\u2019avant?<\/p>\n\n\n\n<p>\u2611&nbsp; Vous \u00eates-vous renseign\u00e9 sur les tarifs d\u2019\u00e9lectricit\u00e9 dans votre province ou territoire et avez-vous lu les r\u00e8gles d\u2019accumulation de cr\u00e9dits et d\u2019exportation d\u2019\u00e9nergie?<\/p>\n\n\n\n<p>\u2611&nbsp; Combien d\u2019ann\u00e9es d\u2019exp\u00e9rience a votre entrepreneur? Pourrez-vous refaire appel \u00e0 lui pour d\u2019\u00e9ventuelles r\u00e9parations?<\/p>\n\n\n\n<p>\u2611&nbsp; Avez-vous un exemplaire des documents de garantie?<\/p>\n\n\n\n<p>\u2611&nbsp; Avez-vous v\u00e9rifi\u00e9 l\u2019\u00e9tat de votre toit? Est-il en assez bon \u00e9tat pour durer encore 20&nbsp;ans?<\/p>\n\n\n\n<p>\u2611&nbsp; Y a-t-il des probl\u00e8mes structurels ou \u00e9lectriques \u00e0 r\u00e9soudre avant de proc\u00e9der \u00e0 l\u2019installation?<\/p>\n\n\n\n<p>\u2611&nbsp; Avez-vous, en compagnie de votre installateur, \u00e9valu\u00e9 et r\u00e9solu les probl\u00e8mes d\u2019ombrage (actuels et futurs) susceptibles d\u2019avoir une incidence sur la production?<\/p>\n\n\n\n<p>\u2611 Votre installateur ou vous-m\u00eame avez-vous calcul\u00e9 le potentiel de production annuel moyen en kilowattheures de votre syst\u00e8me? (Vous pourrez ainsi avoir une id\u00e9e de l\u2019ampleur des \u00e9conomies sur votre facture d\u2019\u00e9lectricit\u00e9.)<\/p>\n\n\n\n<p>\u2611&nbsp; Votre syst\u00e8me est-il bien dimensionn\u00e9 par rapport \u00e0 votre consommation moyenne annuelle?<\/p>\n\n\n\n<p>\u2611&nbsp; Avez-vous tenu compte des co\u00fbts du financement (y compris des frais de location) dans le calcul du co\u00fbt du syst\u00e8me et de vos \u00e9conomies?<\/p>\n\n\n\n<p>\u2611&nbsp; Qui s\u2019occupera de l\u2019inspection de la propri\u00e9t\u00e9 et des installations \u00e9lectriques, si n\u00e9cessaire?<\/p>\n\n\n\n<p>\u2611&nbsp; Devez-vous informer votre assureur de ces travaux?<br><\/p>\n\n\n\n<p><\/p>\n","protected":false},"excerpt":{"rendered":"<p>Le choix d&rsquo;un entrepreneur pour l&rsquo;installation de vos panneaux photovolta&iuml;ques et de votre syst&egrave;me de stockage sera sans doute la d&eacute;cision la plus difficile de tout votre processus. Heureusement, CanREA vous facilite la vie gr&acirc;ce &agrave; son r&eacute;pertoire d&rsquo;installateurs de syst&egrave;mes solaires, lesquels ont tous sign&eacute; le Code de conduite des membres de CanREA. [&hellip;]<\/p>\n","protected":false},"author":1913,"featured_media":0,"parent":0,"menu_order":7,"comment_status":"closed","ping_status":"closed","template":"","meta":{"_acf_changed":false,"_eb_attr":"","_uag_custom_page_level_css":"","footnotes":""},"tags":[],"class_list":["post-22415","page","type-page","status-publish","hentry"],"acf":[],"uagb_featured_image_src":{"full":false,"thumbnail":false,"medium":false,"medium_large":false,"large":false,"1536x1536":false,"2048x2048":false,"alm-thumbnail":false,"alm-cta":false,"alm-gallery":false,"news-img-2x":false,"news-img":false,"gform-image-choice-sm":false,"gform-image-choice-md":false,"gform-image-choice-lg":false},"uagb_author_info":{"display_name":"paperleaf","author_link":"https:\/\/renewablesassociation.ca\/fr\/author\/paperleaf\/"},"uagb_comment_info":0,"uagb_excerpt":"Le choix d&rsquo;un entrepreneur pour l&rsquo;installation de vos panneaux photovolta&iuml;ques et de votre syst&egrave;me de stockage sera sans doute la d&eacute;cision la plus difficile de tout votre processus. Heureusement, CanREA vous facilite la vie gr&acirc;ce &agrave; son r&eacute;pertoire d&rsquo;installateurs de syst&egrave;mes solaires, lesquels ont tous sign&eacute; le Code de conduite des membres de CanREA. [&hellip;]","_links":{"self":[{"href":"https:\/\/renewablesassociation.ca\/fr\/wp-json\/wp\/v2\/pages\/22415","targetHints":{"allow":["GET"]}}],"collection":[{"href":"https:\/\/renewablesassociation.ca\/fr\/wp-json\/wp\/v2\/pages"}],"about":[{"href":"https:\/\/renewablesassociation.ca\/fr\/wp-json\/wp\/v2\/types\/page"}],"author":[{"embeddable":true,"href":"https:\/\/renewablesassociation.ca\/fr\/wp-json\/wp\/v2\/users\/1913"}],"replies":[{"embeddable":true,"href":"https:\/\/renewablesassociation.ca\/fr\/wp-json\/wp\/v2\/comments?post=22415"}],"version-history":[{"count":8,"href":"https:\/\/renewablesassociation.ca\/fr\/wp-json\/wp\/v2\/pages\/22415\/revisions"}],"predecessor-version":[{"id":25980,"href":"https:\/\/renewablesassociation.ca\/fr\/wp-json\/wp\/v2\/pages\/22415\/revisions\/25980"}],"wp:attachment":[{"href":"https:\/\/renewablesassociation.ca\/fr\/wp-json\/wp\/v2\/media?parent=22415"}],"wp:term":[{"taxonomy":"post_tag","embeddable":true,"href":"https:\/\/renewablesassociation.ca\/fr\/wp-json\/wp\/v2\/tags?post=22415"}],"curies":[{"name":"wp","href":"https:\/\/api.w.org\/{rel}","templated":true}]}}