{"id":22412,"date":"2025-03-31T16:26:02","date_gmt":"2025-03-31T20:26:02","guid":{"rendered":"https:\/\/renewablesassociation.ca\/?page_id=22412"},"modified":"2026-03-20T11:42:12","modified_gmt":"2026-03-20T15:42:12","slug":"mon-potentiel-solaire","status":"publish","type":"page","link":"https:\/\/renewablesassociation.ca\/fr\/mon-potentiel-solaire\/","title":{"rendered":"Mon potentiel solaire"},"content":{"rendered":"\n<figure class=\"wp-block-image size-large\"><img fetchpriority=\"high\" decoding=\"async\" width=\"1024\" height=\"409\" src=\"https:\/\/renewablesassociation.ca\/wp-content\/uploads\/2025\/03\/JOAN_SULLIVAN_PHOTO_HYBRID_WIND_SOLAR_ONTARIO_OXFORD_COUNTY_GUNNS_HILL-1-scaled-e1742416607509-1024x409.jpg\" alt=\"\" class=\"wp-image-22224\" srcset=\"https:\/\/renewablesassociation.ca\/wp-content\/uploads\/2025\/03\/JOAN_SULLIVAN_PHOTO_HYBRID_WIND_SOLAR_ONTARIO_OXFORD_COUNTY_GUNNS_HILL-1-scaled-e1742416607509-1024x409.jpg 1024w, https:\/\/renewablesassociation.ca\/wp-content\/uploads\/2025\/03\/JOAN_SULLIVAN_PHOTO_HYBRID_WIND_SOLAR_ONTARIO_OXFORD_COUNTY_GUNNS_HILL-1-scaled-e1742416607509-300x120.jpg 300w, https:\/\/renewablesassociation.ca\/wp-content\/uploads\/2025\/03\/JOAN_SULLIVAN_PHOTO_HYBRID_WIND_SOLAR_ONTARIO_OXFORD_COUNTY_GUNNS_HILL-1-scaled-e1742416607509-768x307.jpg 768w, https:\/\/renewablesassociation.ca\/wp-content\/uploads\/2025\/03\/JOAN_SULLIVAN_PHOTO_HYBRID_WIND_SOLAR_ONTARIO_OXFORD_COUNTY_GUNNS_HILL-1-scaled-e1742416607509-1536x614.jpg 1536w, https:\/\/renewablesassociation.ca\/wp-content\/uploads\/2025\/03\/JOAN_SULLIVAN_PHOTO_HYBRID_WIND_SOLAR_ONTARIO_OXFORD_COUNTY_GUNNS_HILL-1-scaled-e1742416607509-2048x818.jpg 2048w\" sizes=\"(max-width: 1024px) 100vw, 1024px\" \/><\/figure>\n\n\n\n<p>La quantit\u00e9 d\u2019\u00e9nergie g\u00e9n\u00e9r\u00e9e par votre syst\u00e8me d\u00e9pend de plusieurs facteurs.<\/p>\n\n\n\n<h2 class=\"wp-block-heading\"><strong><strong>La configuration<\/strong><\/strong><\/h2>\n\n\n\n<p>Un syst\u00e8me solaire photovolta\u00efque (PV) peut \u00eatre pos\u00e9 soit sur le toit, soit au sol (dans votre cour arri\u00e8re par exemple). Un installateur professionnel pourra vous conseiller la configuration et l\u2019emplacement optimaux du syst\u00e8me par rapport \u00e0 votre terrain.<\/p>\n\n\n\n<h2 class=\"wp-block-heading\"><strong><strong><strong>L\u2019orientation<\/strong><\/strong><\/strong><\/h2>\n\n\n\n<p>Au Canada, l\u2019id\u00e9al est d\u2019orienter les panneaux solaires vers le sud. Il est aussi possible de les orienter vers l\u2019est ou vers l\u2019ouest, mais il faut s\u2019attendre \u00e0 une production d\u2019environ 70&nbsp;% dans ces cas.&nbsp;<\/p>\n\n\n\n<h2 class=\"wp-block-heading\"><strong><strong><strong>Les obstacles<\/strong><\/strong><\/strong><\/h2>\n\n\n\n<p>Votre installateur \u00e9valuera la superficie de votre toit ou de votre espace au sol et v\u00e9rifiera ce qui pourrait faire de l\u2019ombre \u00e0 vos panneaux solaires, maintenant et dans le futur. Il faut demander une \u00e9valuation par un professionnel, notamment la mesure de l\u2019irradiance solaire (la quantit\u00e9 d\u2019\u00e9nergie solaire re\u00e7ue sur votre toit ou dans votre cour), pour estimer le potentiel de production de votre syst\u00e8me. Si vous souhaitez installer des panneaux sur votre toit, il faut une surface d\u00e9gag\u00e9e (c.-\u00e0-d. sans chemin\u00e9e, \u00e9vent, puits de lumi\u00e8re, pignon et autres \u00e9l\u00e9ments en saillie) d\u2019au moins 3,7&nbsp;m (12&nbsp;pi) sur 3,0&nbsp;m (10&nbsp;pi).<\/p>\n\n\n\n<h2 class=\"wp-block-heading\"><strong><strong><strong><strong>L\u2019\u00e9tat du toit<\/strong><\/strong><\/strong><\/strong><\/h2>\n\n\n\n<p>Si vous avez l\u2019intention d\u2019installer des panneaux sur toit, il faut que le rev\u00eatement (ex.&nbsp;: bardeaux) ait moins de 10&nbsp;ans, de sorte que le syst\u00e8me solaire PV puisse demeurer en place pour toute la dur\u00e9e de son cycle de vie garanti (ex.&nbsp;: 25&nbsp;ans). Depuis 2012 au Canada, les toitures destin\u00e9es \u00e0 accueillir des panneaux solaires doivent pouvoir supporter une charge suppl\u00e9mentaire d\u2019au moins 0,24&nbsp;kPa (5&nbsp;lb\/pi<sup>2<\/sup>) afin de r\u00e9sister au poids des modules solaires, des supports et des autres \u00e9quipements. Un installateur qualifi\u00e9 pourra d\u00e9terminer si votre toit est conforme ou non.<\/p>\n\n\n\n<h2 class=\"wp-block-heading\"><strong><strong><strong><strong><strong>Le potentiel de production<\/strong><\/strong><\/strong><\/strong><\/strong><\/h2>\n\n\n\n<p>\u00c0 l\u2019instar des conditions m\u00e9t\u00e9orologiques, la capacit\u00e9 de production des syst\u00e8mes solaires varie d\u2019une ann\u00e9e \u00e0 l\u2019autre. Votre installateur devrait \u00eatre en mesure de vous donner une fourchette des fluctuations moyennes en fonction de l\u2019endroit o\u00f9 vous vivez.<br><\/p>\n\n\n\n<h2 class=\"wp-block-heading\">Vos besoins \u00e9nerg\u00e9tiques<\/h2>\n\n\n\n<p>Votre consommation d\u2019\u00e9lectricit\u00e9 est elle aussi susceptible de fluctuer avec le temps. Les travaux d\u2019am\u00e9lioration \u00e9nerg\u00e9tique, l\u2019achat de v\u00e9hicules \u00e9lectriques, l\u2019utilisation accrue du syst\u00e8me de climatisation ou l\u2019installation d\u2019un syst\u00e8me de chauffage \u00e9lectrique sont autant de d\u00e9cisions influen\u00e7ant votre consommation, et par ricochet, la taille du syst\u00e8me \u00e0 installer. Le stockage d\u2019\u00e9nergie peut toutefois vous aider \u00e0 tirer le meilleur parti de vos panneaux photovolta\u00efques en vous permettant de stocker l\u2019exc\u00e9dent pour les p\u00e9riodes moins ensoleill\u00e9es.<\/p>\n\n\n\n<p><\/p>\n","protected":false},"excerpt":{"rendered":"<p>La quantit&eacute; d&rsquo;&eacute;nergie g&eacute;n&eacute;r&eacute;e par votre syst&egrave;me d&eacute;pend de plusieurs facteurs. [&hellip;]<\/p>\n","protected":false},"author":1913,"featured_media":0,"parent":0,"menu_order":6,"comment_status":"closed","ping_status":"closed","template":"","meta":{"_acf_changed":false,"_eb_attr":"","_uag_custom_page_level_css":"","footnotes":""},"tags":[],"class_list":["post-22412","page","type-page","status-publish","hentry"],"acf":[],"uagb_featured_image_src":{"full":false,"thumbnail":false,"medium":false,"medium_large":false,"large":false,"1536x1536":false,"2048x2048":false,"alm-thumbnail":false,"alm-cta":false,"alm-gallery":false,"news-img-2x":false,"news-img":false,"gform-image-choice-sm":false,"gform-image-choice-md":false,"gform-image-choice-lg":false},"uagb_author_info":{"display_name":"paperleaf","author_link":"https:\/\/renewablesassociation.ca\/fr\/author\/paperleaf\/"},"uagb_comment_info":0,"uagb_excerpt":"La quantit&eacute; d&rsquo;&eacute;nergie g&eacute;n&eacute;r&eacute;e par votre syst&egrave;me d&eacute;pend de plusieurs facteurs. [&hellip;]","_links":{"self":[{"href":"https:\/\/renewablesassociation.ca\/fr\/wp-json\/wp\/v2\/pages\/22412","targetHints":{"allow":["GET"]}}],"collection":[{"href":"https:\/\/renewablesassociation.ca\/fr\/wp-json\/wp\/v2\/pages"}],"about":[{"href":"https:\/\/renewablesassociation.ca\/fr\/wp-json\/wp\/v2\/types\/page"}],"author":[{"embeddable":true,"href":"https:\/\/renewablesassociation.ca\/fr\/wp-json\/wp\/v2\/users\/1913"}],"replies":[{"embeddable":true,"href":"https:\/\/renewablesassociation.ca\/fr\/wp-json\/wp\/v2\/comments?post=22412"}],"version-history":[{"count":4,"href":"https:\/\/renewablesassociation.ca\/fr\/wp-json\/wp\/v2\/pages\/22412\/revisions"}],"predecessor-version":[{"id":25903,"href":"https:\/\/renewablesassociation.ca\/fr\/wp-json\/wp\/v2\/pages\/22412\/revisions\/25903"}],"wp:attachment":[{"href":"https:\/\/renewablesassociation.ca\/fr\/wp-json\/wp\/v2\/media?parent=22412"}],"wp:term":[{"taxonomy":"post_tag","embeddable":true,"href":"https:\/\/renewablesassociation.ca\/fr\/wp-json\/wp\/v2\/tags?post=22412"}],"curies":[{"name":"wp","href":"https:\/\/api.w.org\/{rel}","templated":true}]}}