{"id":22401,"date":"2025-03-31T16:00:27","date_gmt":"2025-03-31T20:00:27","guid":{"rendered":"https:\/\/renewablesassociation.ca\/?page_id=22401"},"modified":"2026-03-23T09:44:14","modified_gmt":"2026-03-23T13:44:14","slug":"guide-transition-vers-le-solaire","status":"publish","type":"page","link":"https:\/\/renewablesassociation.ca\/fr\/guide-transition-vers-le-solaire\/","title":{"rendered":"Guide Transition vers le solaire"},"content":{"rendered":"\n<figure class=\"wp-block-image size-large is-style-default\"><img fetchpriority=\"high\" decoding=\"async\" width=\"2560\" height=\"1440\" src=\"https:\/\/renewablesassociation.ca\/wp-content\/smush-webp\/2025\/03\/iStock-2131520058-edited-scaled.jpg.webp\" alt=\"A professional solar panel crew installs panels on the roof of a house.  Green environmentally friendly energy.\" class=\"wp-image-22227\" srcset=\"https:\/\/renewablesassociation.ca\/wp-content\/smush-webp\/2025\/03\/iStock-2131520058-edited-scaled.jpg.webp 2560w, https:\/\/renewablesassociation.ca\/wp-content\/smush-webp\/2025\/03\/iStock-2131520058-edited-300x169.jpg.webp 300w, https:\/\/renewablesassociation.ca\/wp-content\/smush-webp\/2025\/03\/iStock-2131520058-edited-1024x576.jpg.webp 1024w, https:\/\/renewablesassociation.ca\/wp-content\/smush-webp\/2025\/03\/iStock-2131520058-edited-768x432.jpg.webp 768w, https:\/\/renewablesassociation.ca\/wp-content\/smush-webp\/2025\/03\/iStock-2131520058-edited-1536x864.jpg.webp 1536w, https:\/\/renewablesassociation.ca\/wp-content\/smush-webp\/2025\/03\/iStock-2131520058-edited-2048x1152.jpg.webp 2048w, https:\/\/renewablesassociation.ca\/wp-content\/smush-webp\/2025\/03\/iStock-2131520058-edited-800x450.jpg.webp 800w\" sizes=\"(max-width: 2560px) 100vw, 2560px\" \/><\/figure>\n\n\n\n<p>Les entreprises et les propri\u00e9taires fonciers du Canada sont de plus en plus nombreux \u00e0 installer des panneaux solaires et des syst\u00e8mes de stockage d\u2019\u00e9nergie, et pour cause\u00a0: le co\u00fbt de ces technologies a chut\u00e9 de plus de 83\u00a0% entre 2009 et 2025. Outre les aspects \u00e9cologiques, le solaire all\u00e8ge la facture d\u2019\u00e9lectricit\u00e9, et, en combinaison avec le stockage d\u2019\u00e9nergie, assure vos arri\u00e8res en cas de panne de courant ou de catastrophe naturelle.<br><\/p>\n\n\n<div class=\"block--go-solar-guide\"><div class=\"gsg-cards-container\"><a href=\"https:\/\/renewablesassociation.ca\/fr\/fonctionnement-des-panneaux-solaires\/\" class=\"gsg-card\"><div class=\"gsg-card-icon\"><svg xmlns=\"http:\/\/www.w3.org\/2000\/svg\" viewBox=\"0 0 512 512\" viewBox=\"0 0 512 512\" preserveAspectRatio=\"xMinYMin\" tabindex=\"-1\" focusable=\"false\" aria-hidden=\"true\">\n    <path d=\"M361.5 1.2c5 2.1 8.6 6.6 9.6 11.9L391 121l107.9 19.8c5.3 1 9.8 4.6 11.9 9.6s1.5 10.7-1.6 15.2L446.9 256l62.3 90.3c3.1 4.5 3.7 10.2 1.6 15.2s-6.6 8.6-11.9 9.6L391 391l-19.9 107.9c-1 5.3-4.6 9.8-9.6 11.9s-10.7 1.5-15.2-1.6L256 446.9l-90.3 62.3c-4.5 3.1-10.2 3.7-15.2 1.6s-8.6-6.6-9.6-11.9L121 391 13.1 371.1c-5.3-1-9.8-4.6-11.9-9.6s-1.5-10.7 1.6-15.2L65.1 256 2.8 165.7c-3.1-4.5-3.7-10.2-1.6-15.2s6.6-8.6 11.9-9.6L121 121l19.9-107.9c1-5.3 4.6-9.8 9.6-11.9s10.7-1.5 15.2 1.6L256 65.1l90.3-62.3c4.5-3.1 10.2-3.7 15.2-1.6M160 256a96 96 0 1 1 192 0 96 96 0 1 1-192 0m224 0a128 128 0 1 0-256 0 128 128 0 1 0 256 0\" \/>\n<\/svg>\n<\/div><h3 class=\"gsg-card-title\">Fonctionnement des panneaux solaires<\/h3><p class=\"gsg-card-description\"><\/p><\/a><a href=\"https:\/\/renewablesassociation.ca\/fr\/economies\/\" class=\"gsg-card\"><div class=\"gsg-card-icon\"><svg xmlns=\"http:\/\/www.w3.org\/2000\/svg\" viewBox=\"0 0 512 512\" viewBox=\"0 0 512 512\" preserveAspectRatio=\"xMinYMin\" tabindex=\"-1\" focusable=\"false\" aria-hidden=\"true\">\n    <path d=\"M512 80c0 18-14.3 34.6-38.4 48c-29.1 16.1-72.5 27.5-122.3 30.9c-3.7-1.8-7.4-3.5-11.3-5C300.6 137.4 248.2 128 192 128c-8.3 0-16.4 .2-24.5 .6l-1.1-.6C142.3 114.6 128 98 128 80c0-44.2 86-80 192-80S512 35.8 512 80zM160.7 161.1c10.2-.7 20.7-1.1 31.3-1.1c62.2 0 117.4 12.3 152.5 31.4C369.3 204.9 384 221.7 384 240c0 4-.7 7.9-2.1 11.7c-4.6 13.2-17 25.3-35 35.5c0 0 0 0 0 0c-.1 .1-.3 .1-.4 .2c0 0 0 0 0 0s0 0 0 0c-.3 .2-.6 .3-.9 .5c-35 19.4-90.8 32-153.6 32c-59.6 0-112.9-11.3-148.2-29.1c-1.9-.9-3.7-1.9-5.5-2.9C14.3 274.6 0 258 0 240c0-34.8 53.4-64.5 128-75.4c10.5-1.5 21.4-2.7 32.7-3.5zM416 240c0-21.9-10.6-39.9-24.1-53.4c28.3-4.4 54.2-11.4 76.2-20.5c16.3-6.8 31.5-15.2 43.9-25.5l0 35.4c0 19.3-16.5 37.1-43.8 50.9c-14.6 7.4-32.4 13.7-52.4 18.5c.1-1.8 .2-3.5 .2-5.3zm-32 96c0 18-14.3 34.6-38.4 48c-1.8 1-3.6 1.9-5.5 2.9C304.9 404.7 251.6 416 192 416c-62.8 0-118.6-12.6-153.6-32C14.3 370.6 0 354 0 336l0-35.4c12.5 10.3 27.6 18.7 43.9 25.5C83.4 342.6 135.8 352 192 352s108.6-9.4 148.1-25.9c7.8-3.2 15.3-6.9 22.4-10.9c6.1-3.4 11.8-7.2 17.2-11.2c1.5-1.1 2.9-2.3 4.3-3.4l0 3.4 0 5.7 0 26.3zm32 0l0-32 0-25.9c19-4.2 36.5-9.5 52.1-16c16.3-6.8 31.5-15.2 43.9-25.5l0 35.4c0 10.5-5 21-14.9 30.9c-16.3 16.3-45 29.7-81.3 38.4c.1-1.7 .2-3.5 .2-5.3zM192 448c56.2 0 108.6-9.4 148.1-25.9c16.3-6.8 31.5-15.2 43.9-25.5l0 35.4c0 44.2-86 80-192 80S0 476.2 0 432l0-35.4c12.5 10.3 27.6 18.7 43.9 25.5C83.4 438.6 135.8 448 192 448z\" \/>\n<\/svg>\n<\/div><h3 class=\"gsg-card-title\">\u00c9conomies<\/h3><p class=\"gsg-card-description\"><\/p><\/a><a href=\"https:\/\/renewablesassociation.ca\/fr\/mon-potentiel-solaire\/\" class=\"gsg-card\"><div class=\"gsg-card-icon\"><svg xmlns=\"http:\/\/www.w3.org\/2000\/svg\" viewBox=\"0 0 512 512\" viewBox=\"0 0 512 512\" preserveAspectRatio=\"xMinYMin\" tabindex=\"-1\" focusable=\"false\" aria-hidden=\"true\">\n    <path d=\"M288 32c0-17.7-14.3-32-32-32s-32 14.3-32 32l0 224c0 17.7 14.3 32 32 32s32-14.3 32-32l0-224zM143.5 120.6c13.6-11.3 15.4-31.5 4.1-45.1s-31.5-15.4-45.1-4.1C49.7 115.4 16 181.8 16 256c0 132.5 107.5 240 240 240s240-107.5 240-240c0-74.2-33.8-140.6-86.6-184.6c-13.6-11.3-33.8-9.4-45.1 4.1s-9.4 33.8 4.1 45.1c38.9 32.3 63.5 81 63.5 135.4c0 97.2-78.8 176-176 176s-176-78.8-176-176c0-54.4 24.7-103.1 63.5-135.4z\" \/>\n<\/svg>\n<\/div><h3 class=\"gsg-card-title\">Mon Potentiel Solaire<\/h3><p class=\"gsg-card-description\"><\/p><\/a><a href=\"https:\/\/renewablesassociation.ca\/fr\/choix-dun-installateur\/\" class=\"gsg-card\"><div class=\"gsg-card-icon\"><svg xmlns=\"http:\/\/www.w3.org\/2000\/svg\" viewBox=\"0 0 512 512\" viewBox=\"0 0 512 512\" preserveAspectRatio=\"xMinYMin\" tabindex=\"-1\" focusable=\"false\" aria-hidden=\"true\">\n    <path d=\"M160 80c0-26.5 21.5-48 48-48l32 0c26.5 0 48 21.5 48 48l0 352c0 26.5-21.5 48-48 48l-32 0c-26.5 0-48-21.5-48-48l0-352zM0 272c0-26.5 21.5-48 48-48l32 0c26.5 0 48 21.5 48 48l0 160c0 26.5-21.5 48-48 48l-32 0c-26.5 0-48-21.5-48-48L0 272zM368 96l32 0c26.5 0 48 21.5 48 48l0 288c0 26.5-21.5 48-48 48l-32 0c-26.5 0-48-21.5-48-48l0-288c0-26.5 21.5-48 48-48z\" \/>\n<\/svg>\n<\/div><h3 class=\"gsg-card-title\">Choix d\u2019un Installateur<\/h3><p class=\"gsg-card-description\"><\/p><\/a><a href=\"https:\/\/renewablesassociation.ca\/fr\/soutien\/\" class=\"gsg-card\"><div class=\"gsg-card-icon\"><svg xmlns=\"http:\/\/www.w3.org\/2000\/svg\" viewBox=\"0 0 512 512\" viewBox=\"0 0 512 512\" preserveAspectRatio=\"xMinYMin\" tabindex=\"-1\" focusable=\"false\" aria-hidden=\"true\">\n    <path d=\"M399 384.2C376.9 345.8 335.4 320 288 320l-64 0c-47.4 0-88.9 25.8-111 64.2c35.2 39.2 86.2 63.8 143 63.8s107.8-24.7 143-63.8zM0 256a256 256 0 1 1 512 0A256 256 0 1 1 0 256zm256 16a72 72 0 1 0 0-144 72 72 0 1 0 0 144z\" \/>\n<\/svg>\n<\/div><h3 class=\"gsg-card-title\">Soutien<\/h3><p class=\"gsg-card-description\"><\/p><\/a><a href=\"https:\/\/renewablesassociation.ca\/fr\/repertoire\/\" class=\"gsg-card\"><div class=\"gsg-card-icon\"><svg xmlns=\"http:\/\/www.w3.org\/2000\/svg\" viewBox=\"0 0 512 512\" viewBox=\"0 0 512 512\" preserveAspectRatio=\"xMinYMin\" tabindex=\"-1\" focusable=\"false\" aria-hidden=\"true\">\n    <path d=\"M96 0C60.7 0 32 28.7 32 64l0 384c0 35.3 28.7 64 64 64l288 0c35.3 0 64-28.7 64-64l0-384c0-35.3-28.7-64-64-64L96 0zM208 288l64 0c44.2 0 80 35.8 80 80c0 8.8-7.2 16-16 16l-192 0c-8.8 0-16-7.2-16-16c0-44.2 35.8-80 80-80zm-32-96a64 64 0 1 1 128 0 64 64 0 1 1 -128 0zM512 80c0-8.8-7.2-16-16-16s-16 7.2-16 16l0 64c0 8.8 7.2 16 16 16s16-7.2 16-16l0-64zM496 192c-8.8 0-16 7.2-16 16l0 64c0 8.8 7.2 16 16 16s16-7.2 16-16l0-64c0-8.8-7.2-16-16-16zm16 144c0-8.8-7.2-16-16-16s-16 7.2-16 16l0 64c0 8.8 7.2 16 16 16s16-7.2 16-16l0-64z\" \/>\n<\/svg>\n<\/div><h3 class=\"gsg-card-title\">Repertoire<\/h3><p class=\"gsg-card-description\"><\/p><\/a><\/div><\/div>\n\n\n<h2 class=\"wp-block-heading\"><strong>Avis<\/strong><\/h2>\n\n\n\n<p>Le pr\u00e9sent Guide est fourni \u00e0 titre informatif seulement et ne saurait constituer quelque forme d\u2019avis juridique ou commercial que ce soit, ni une opinion ou un conseil professionnel ou d\u2019expert. Nul ne devrait prendre de d\u00e9cisions en fonction de son contenu ou de celui des hyperliens qui s\u2019y trouvent sans d\u2019abord obtenir les conseils d\u2019un professionnel ou des connaissances et une exp\u00e9rience suffisantes.<\/p>\n\n\n\n<div class=\"wp-block-buttons is-layout-flex wp-block-buttons-is-layout-flex\">\n<div class=\"wp-block-button is-style-fill\"><a class=\"wp-block-button__link wp-element-button\" href=\"https:\/\/renewablesassociation.ca\/wp-content\/uploads\/2025\/04\/Guide-Transition-vers-le-solaire-CanREA-Avis.pdf\">Lire l\u2019avis complet<\/a><\/div>\n<\/div>\n","protected":false},"excerpt":{"rendered":"<p>Les entreprises et les propri&eacute;taires fonciers du Canada sont de plus en plus nombreux &agrave; installer des panneaux solaires et des syst&egrave;mes de stockage d&rsquo;&eacute;nergie, et pour cause&nbsp;: le co&ucirc;t de ces technologies a chut&eacute; de plus de 83&nbsp;% entre 2009 et 2025. Outre les aspects &eacute;cologiques, le solaire all&egrave;ge la facture d&rsquo;&eacute;lectricit&eacute;, et, en [&hellip;]<\/p>\n","protected":false},"author":1913,"featured_media":0,"parent":0,"menu_order":2,"comment_status":"closed","ping_status":"closed","template":"","meta":{"_acf_changed":false,"_eb_attr":"","_uag_custom_page_level_css":"","footnotes":""},"tags":[],"class_list":["post-22401","page","type-page","status-publish","hentry"],"acf":[],"uagb_featured_image_src":{"full":false,"thumbnail":false,"medium":false,"medium_large":false,"large":false,"1536x1536":false,"2048x2048":false,"alm-thumbnail":false,"alm-cta":false,"alm-gallery":false,"news-img-2x":false,"news-img":false,"gform-image-choice-sm":false,"gform-image-choice-md":false,"gform-image-choice-lg":false},"uagb_author_info":{"display_name":"paperleaf","author_link":"https:\/\/renewablesassociation.ca\/fr\/author\/paperleaf\/"},"uagb_comment_info":0,"uagb_excerpt":"Les entreprises et les propri&eacute;taires fonciers du Canada sont de plus en plus nombreux &agrave; installer des panneaux solaires et des syst&egrave;mes de stockage d&rsquo;&eacute;nergie, et pour cause&nbsp;: le co&ucirc;t de ces technologies a chut&eacute; de plus de 83&nbsp;% entre 2009 et 2025. Outre les aspects &eacute;cologiques, le solaire all&egrave;ge la facture d&rsquo;&eacute;lectricit&eacute;, et, en\u2026","_links":{"self":[{"href":"https:\/\/renewablesassociation.ca\/fr\/wp-json\/wp\/v2\/pages\/22401","targetHints":{"allow":["GET"]}}],"collection":[{"href":"https:\/\/renewablesassociation.ca\/fr\/wp-json\/wp\/v2\/pages"}],"about":[{"href":"https:\/\/renewablesassociation.ca\/fr\/wp-json\/wp\/v2\/types\/page"}],"author":[{"embeddable":true,"href":"https:\/\/renewablesassociation.ca\/fr\/wp-json\/wp\/v2\/users\/1913"}],"replies":[{"embeddable":true,"href":"https:\/\/renewablesassociation.ca\/fr\/wp-json\/wp\/v2\/comments?post=22401"}],"version-history":[{"count":10,"href":"https:\/\/renewablesassociation.ca\/fr\/wp-json\/wp\/v2\/pages\/22401\/revisions"}],"predecessor-version":[{"id":25977,"href":"https:\/\/renewablesassociation.ca\/fr\/wp-json\/wp\/v2\/pages\/22401\/revisions\/25977"}],"wp:attachment":[{"href":"https:\/\/renewablesassociation.ca\/fr\/wp-json\/wp\/v2\/media?parent=22401"}],"wp:term":[{"taxonomy":"post_tag","embeddable":true,"href":"https:\/\/renewablesassociation.ca\/fr\/wp-json\/wp\/v2\/tags?post=22401"}],"curies":[{"name":"wp","href":"https:\/\/api.w.org\/{rel}","templated":true}]}}