{"id":22399,"date":"2025-03-31T15:57:50","date_gmt":"2025-03-31T19:57:50","guid":{"rendered":"https:\/\/renewablesassociation.ca\/?page_id=22399"},"modified":"2026-03-20T17:10:44","modified_gmt":"2026-03-20T21:10:44","slug":"comment-fonctionne-lenergie-solaire","status":"publish","type":"page","link":"https:\/\/renewablesassociation.ca\/fr\/comment-fonctionne-lenergie-solaire\/","title":{"rendered":"Comment fonctionne l\u2019\u00e9nergie solaire"},"content":{"rendered":"\n<div class=\"block--how-solar-works\">\n    <div class=\"hsw-info-panel\" role=\"region\" aria-label=\"D\u00e9tails de l\u2019article\" aria-live=\"polite\">\n        <button class=\"hsw-info-panel__close\" type=\"button\" aria-label=\"Fermer le panneau d\u2019information\">\n            <span aria-hidden=\"true\">&#215;<\/span>\n        <\/button>\n        <div class=\"hsw-info-panel__heading\">\n            <p class=\"hsw-info-panel__number\"><\/p>\n            <h3 class=\"hsw-info-panel__title\"><\/h3>\n        <\/div>\n        <p class=\"hsw-info-panel__body\"><\/p>\n    <\/div>\n    <div class=\"hsw-viewport\">\n        <div class=\"hsw-stage\">\n            <picture>\n                <source\n                    srcset=\"https:\/\/renewablesassociation.ca\/wp-content\/themes\/renewablesassociation\/assets\/images\/CanREA_GSG_Graphic-V5_3000px.webp 3000w,\n                            https:\/\/renewablesassociation.ca\/wp-content\/themes\/renewablesassociation\/assets\/images\/CanREA_GSG_Graphic-V5_4000px.webp 4000w\"\n                    sizes=\"100vw\"\n                    type=\"image\/webp\">\n                <img decoding=\"async\"\n                    src=\"https:\/\/renewablesassociation.ca\/wp-content\/themes\/renewablesassociation\/assets\/images\/CanREA_GSG_Graphic-V5_3000px.png\"\n                    srcset=\"https:\/\/renewablesassociation.ca\/wp-content\/themes\/renewablesassociation\/assets\/images\/CanREA_GSG_Graphic-V5_3000px.png 3000w,\n                            https:\/\/renewablesassociation.ca\/wp-content\/themes\/renewablesassociation\/assets\/images\/CanREA_GSG_Graphic-V5_4000px.png 4000w\"\n                    sizes=\"100vw\"\n                    alt=\"Comment fonctionne l\u2019\u00e9nergie solaire : un graphique interactif d\u2019un syst\u00e8me aliment\u00e9 par l\u2019\u00e9nergie solaire.\"\n                    draggable=\"false\"\n                    width=\"3000\" loading=\"lazy\">\n            <\/picture>\n\n                            <button\n                    class=\"hsw-anchor\"\n                    type=\"button\"\n                    data-id=\"1\"\n                    data-label=\"R\u00e9seau \u00e9lectrique\"\n                    data-body=\"\"\n                    style=\"left: 96.5%; top: 49.2%;\"\n                    aria-label=\"1. R\u00e9seau \u00e9lectrique\">1<\/button>\n                            <button\n                    class=\"hsw-anchor\"\n                    type=\"button\"\n                    data-id=\"2\"\n                    data-label=\"Transformateur\"\n                    data-body=\"Le transformateur r\u00e9duit la tension de l\u2019\u00e9lectricit\u00e9 du r\u00e9seau haute tension pour qu\u2019elle puisse servir \u00e0 alimenter les appareils domestiques.\"\n                    style=\"left: 96.2%; top: 64.5%;\"\n                    aria-label=\"2. Transformateur\">2<\/button>\n                            <button\n                    class=\"hsw-anchor\"\n                    type=\"button\"\n                    data-id=\"3\"\n                    data-label=\"Compteur d\u2019\u00e9lectricit\u00e9\"\n                    data-body=\"Le compteur d\u2019\u00e9lectricit\u00e9 enregistre la quantit\u00e9 d\u2019\u00e9lectricit\u00e9 fournie. Il pourrait \u00eatre n\u00e9cessaire de le remplacer en vue de l\u2019installation d\u2019un syst\u00e8me solaire.\"\n                    style=\"left: 81.5%; top: 66%;\"\n                    aria-label=\"3. Compteur d\u2019\u00e9lectricit\u00e9\">3<\/button>\n                            <button\n                    class=\"hsw-anchor\"\n                    type=\"button\"\n                    data-id=\"4\"\n                    data-label=\"Onduleur\"\n                    data-body=\"L\u2019onduleur convertit le courant continu (CC) provenant des panneaux ou des batteries en courant alternatif (CA), qui est plus couramment utilis\u00e9.\"\n                    style=\"left: 81.8%; top: 59.8%;\"\n                    aria-label=\"4. Onduleur\">4<\/button>\n                            <button\n                    class=\"hsw-anchor\"\n                    type=\"button\"\n                    data-id=\"5\"\n                    data-label=\"Interrupteur g\u00e9n\u00e9ral\"\n                    data-body=\"Pour se conformer aux normes de s\u00e9curit\u00e9, il faut installer un interrupteur \u00e0 l\u2019ext\u00e9rieur du b\u00e2timent afin de pouvoir couper facilement l\u2019alimentation des panneaux.\"\n                    style=\"left: 76.7%; top: 57.2%;\"\n                    aria-label=\"5. Interrupteur g\u00e9n\u00e9ral\">5<\/button>\n                            <button\n                    class=\"hsw-anchor\"\n                    type=\"button\"\n                    data-id=\"6\"\n                    data-label=\"Panneau \u00e9lectrique\"\n                    data-body=\"Le panneau \u00e9lectrique sert \u00e0 g\u00e9rer l\u2019alimentation de chaque pi\u00e8ce. Pour l\u2019ajout d\u2019un syst\u00e8me d\u2019\u00e9nergie solaire photovolta\u00efque, une mise \u00e0 niveau pourrait \u00eatre requise afin d\u2019augmenter la capacit\u00e9.\"\n                    style=\"left: 73%; top: 59.4%;\"\n                    aria-label=\"6. Panneau \u00e9lectrique\">6<\/button>\n                            <button\n                    class=\"hsw-anchor\"\n                    type=\"button\"\n                    data-id=\"7\"\n                    data-label=\"Syst\u00e8me de stockage d\u2019\u00e9nergie par batterie (SSEB)\"\n                    data-body=\"Les SSEB et les syst\u00e8mes solaires fonctionnent bien de pair et permettent de stocker l\u2019\u00e9nergie solaire et du r\u00e9seau pour une utilisation ult\u00e9rieure.\"\n                    style=\"left: 71.2%; top: 69%;\"\n                    aria-label=\"7. Syst\u00e8me de stockage d\u2019\u00e9nergie par batterie (SSEB)\">7<\/button>\n                            <button\n                    class=\"hsw-anchor\"\n                    type=\"button\"\n                    data-id=\"8\"\n                    data-label=\"Syst\u00e8mes photovolta\u00efques int\u00e9gr\u00e9s aux b\u00e2timents (PVIB)\"\n                    data-body=\"Les panneaux solaires peuvent \u00eatre int\u00e9gr\u00e9s aux mat\u00e9riaux de construction. Plut\u00f4t que d\u2019en installer sur le toit ou les murs, on peut munir les bardeaux de toit, les rev\u00eatements de fa\u00e7ade et m\u00eame les fen\u00eatres de technologie solaire photovolta\u00efque pour g\u00e9n\u00e9rer de l\u2019\u00e9lectricit\u00e9.\"\n                    style=\"left: 58.2%; top: 57.5%;\"\n                    aria-label=\"8. Syst\u00e8mes photovolta\u00efques int\u00e9gr\u00e9s aux b\u00e2timents (PVIB)\">8<\/button>\n                            <button\n                    class=\"hsw-anchor\"\n                    type=\"button\"\n                    data-id=\"9\"\n                    data-label=\"Syst\u00e8mes solaires enfichables\"\n                    data-body=\"De nouvelles fa\u00e7ons de capter l\u2019\u00e9nergie solaire continuent d\u2019\u00e9merger. Consultez votre office local de la s\u00e9curit\u00e9 des installations \u00e9lectriques pour savoir si les syst\u00e8mes solaires enfichables sont autoris\u00e9s dans votre r\u00e9gion.\"\n                    style=\"left: 77%; top: 37.5%;\"\n                    aria-label=\"9. Syst\u00e8mes solaires enfichables\">9<\/button>\n                            <button\n                    class=\"hsw-anchor\"\n                    type=\"button\"\n                    data-id=\"10\"\n                    data-label=\"Panneaux solaires\"\n                    data-body=\"Les panneaux solaires photovolta\u00efques convertissent la lumi\u00e8re du soleil en \u00e9lectricit\u00e9. Le processus ne n\u00e9cessite aucune pi\u00e8ce en mouvement et ne g\u00e9n\u00e8re aucun bruit.\"\n                    style=\"left: 66.5%; top: 18.8%;\"\n                    aria-label=\"10. Panneaux solaires\">10<\/button>\n                            <button\n                    class=\"hsw-anchor\"\n                    type=\"button\"\n                    data-id=\"11\"\n                    data-label=\"Recharge des v\u00e9hicules \u00e9lectriques\"\n                    data-body=\"Les v\u00e9hicules \u00e9lectriques et les thermopompes sont d\u2019excellents moyens de profiter de l\u2019\u00e9lectricit\u00e9 g\u00e9n\u00e9r\u00e9e et stock\u00e9e sur place \u00e0 l\u2019aide de panneaux solaires et de batteries.\"\n                    style=\"left: 16%; top: 64.8%;\"\n                    aria-label=\"11. Recharge des v\u00e9hicules \u00e9lectriques\">11<\/button>\n                            <button\n                    class=\"hsw-anchor\"\n                    type=\"button\"\n                    data-id=\"12\"\n                    data-label=\"Thermopompes\"\n                    data-body=\"Les v\u00e9hicules \u00e9lectriques et les thermopompes sont d\u2019excellents moyens de profiter de l\u2019\u00e9lectricit\u00e9 g\u00e9n\u00e9r\u00e9e et stock\u00e9e sur place \u00e0 l\u2019aide de panneaux solaires et de batteries.\"\n                    style=\"left: 61.5%; top: 89.3%;\"\n                    aria-label=\"12. Thermopompes\">12<\/button>\n                    <\/div>\n        <div class=\"hsw-zoom-controls\">\n            <button class=\"hsw-zoom-btn hsw-zoom-btn--in\" type=\"button\" aria-label=\"Agrandir\">+<\/button>\n            <button class=\"hsw-zoom-btn hsw-zoom-btn--out\" type=\"button\" aria-label=\"R\u00e9tr\u00e9cir\">&#8722;<\/button>\n        <\/div>\n    <\/div>\n    <div class=\"hsw-legend\">\n        <p class=\"hsw-legend__heading\">L\u00e9gende<\/p>\n        <ul class=\"hsw-legend__grid\">\n                            <li class=\"hsw-legend__item\">1. R\u00e9seau \u00e9lectrique<\/li>\n                            <li class=\"hsw-legend__item\">2. Transformateur<\/li>\n                            <li class=\"hsw-legend__item\">3. Compteur d\u2019\u00e9lectricit\u00e9<\/li>\n                            <li class=\"hsw-legend__item\">4. Onduleur<\/li>\n                            <li class=\"hsw-legend__item\">5. Interrupteur g\u00e9n\u00e9ral<\/li>\n                            <li class=\"hsw-legend__item\">6. Panneau \u00e9lectrique<\/li>\n                            <li class=\"hsw-legend__item\">7. Syst\u00e8me de stockage d\u2019\u00e9nergie par batterie (SSEB)<\/li>\n                            <li class=\"hsw-legend__item\">8. Syst\u00e8mes photovolta\u00efques int\u00e9gr\u00e9s aux b\u00e2timents (PVIB)<\/li>\n                            <li class=\"hsw-legend__item\">9. Syst\u00e8mes solaires enfichables<\/li>\n                            <li class=\"hsw-legend__item\">10. Panneaux solaires<\/li>\n                            <li class=\"hsw-legend__item\">11. Recharge des v\u00e9hicules \u00e9lectriques<\/li>\n                            <li class=\"hsw-legend__item\">12. Thermopompes<\/li>\n                    <\/ul>\n    <\/div>\n<\/div>\n\n\n\n<h2 class=\"wp-block-heading\"><strong><strong>Syst\u00e8mes solaires photovolta\u00efque<\/strong><\/strong><\/h2>\n\n\n\n<p>Les syst\u00e8mes solaires photovolta\u00efques (PV) utilisent l\u2019\u00e9nergie du soleil pour g\u00e9n\u00e9rer de l\u2019\u00e9lectricit\u00e9. Les panneaux photovolta\u00efques plats, qui s\u2019installent sur le toit ou sur des structures au sol, captent la lumi\u00e8re du soleil et convertissent cette \u00e9nergie lumineuse en courant continu (CC), lequel est ensuite transform\u00e9 par l\u2019ondulateur en courant alternatif \u2013 le courant utilis\u00e9 dans nos b\u00e2timents.<\/p>\n\n\n\n<h2 class=\"wp-block-heading\"><strong><strong><strong>Syst\u00e8mes photovolta\u00efques int\u00e9gr\u00e9s aux b\u00e2timents<\/strong><\/strong><\/strong><\/h2>\n\n\n\n<p>Les syst\u00e8mes photovolta\u00efques int\u00e9gr\u00e9s aux b\u00e2timents (PVIB) gagnent en popularit\u00e9. On parle ici de bardeaux de toit, de rev\u00eatements de fa\u00e7ade et de rampes de balcon munis de la technologie solaire photovolta\u00efque. Les panneaux solaires de balcon et branchables ne sont pas encore autoris\u00e9s au Canada, mais il s\u2019agit l\u00e0 d\u2019outils int\u00e9ressants pour produire de l\u2019\u00e9lectricit\u00e9 \u00e0 petite \u00e9chelle (par exemple dans les appartements) sans devoir s\u2019encombrer de fils et de permis sp\u00e9ciaux.<\/p>\n\n\n\n<h2 class=\"wp-block-heading\"><strong><strong><strong><strong>Syst\u00e8mes raccord\u00e9s au r\u00e9seau<\/strong><\/strong><\/strong><\/strong><\/h2>\n\n\n\n<p>Aujourd\u2019hui, la majorit\u00e9 des syst\u00e8mes solaires PV et de stockage par batterie install\u00e9s au Canada sont raccord\u00e9s au r\u00e9seau, ce qui signifie que l\u2019\u00e9lectricit\u00e9 est achemin\u00e9e au panneau \u00e9lectrique du domicile ou de l\u2019entreprise pour l\u2019alimenter, tandis que les surplus de production sont, le plus souvent, r\u00e9inject\u00e9s dans le r\u00e9seau.<\/p>\n\n\n\n<p>L\u2019exemple typique est g\u00e9n\u00e9ralement compos\u00e9 de panneaux solaires; de supports pour fixer les panneaux au toit ou aux structures au sol; d\u2019au moins un onduleur pour convertir l\u2019\u00e9lectricit\u00e9 en courant alternatif, plus facilement utilisable; et de tout autre \u00e9quipement \u00e9lectrique n\u00e9cessaire pour raccorder le syst\u00e8me approuv\u00e9 au domicile et\/ou au r\u00e9seau.<\/p>\n\n\n\n<h2 class=\"wp-block-heading\"><strong><strong><strong><strong><strong>Syst\u00e8mes solaires avec stockage<\/strong><\/strong><\/strong><\/strong><\/strong><\/h2>\n\n\n\n<p>Pour les entreprises et les propri\u00e9taires non raccord\u00e9s au r\u00e9seau ou d\u00e9sirant maintenir l\u2019alimentation en cas de panne de courant, l\u2019int\u00e9gration d\u2019une solution de stockage par batterie \u00e0 leur syst\u00e8me solaire PV est de plus en plus populaire.<\/p>\n\n\n\n<p>Dans les provinces et territoires qui comptent adopter une tarification selon l\u2019heure de consommation ou d\u00e9ployer des mod\u00e8les de centrales virtuelles avanc\u00e9s, le stockage par batterie pr\u00e9sente un attrait financier certain.<\/p>\n\n\n\n<p>Bien qu\u2019il ne soit aucunement obligatoire d\u2019installer une telle solution, les panneaux solaires seuls ne suffiront pas \u00e0 alimenter votre b\u00e2timent en cas de panne de courant, \u00e0 moins que vous disposiez aussi d\u2019un syst\u00e8me de stockage.<\/p>\n\n\n\n<h2 class=\"wp-block-heading\"><strong><strong><strong><strong><strong>Mesurage net<\/strong><\/strong><\/strong><\/strong><\/strong> <strong>r\u00e9sidentiel<\/strong><\/h2>\n\n\n\n<p>Le mesurage net vous permet de vendre l\u2019\u00e9lectricit\u00e9 que vous g\u00e9n\u00e9rez en exc\u00e8s de votre consommation au service public, au m\u00eame tarif par kilowattheure qu\u2019il vous la vend, selon un ratio 1&nbsp;:&nbsp;1.<\/p>\n\n\n\n<p>Dans un mod\u00e8le de \u00ab&nbsp;facturation nette&nbsp;\u00bb, vous vendez l\u2019exc\u00e9dent \u00e0 un tarif par kilowattheure diff\u00e9rent.<\/p>\n\n\n\n<p>Les modalit\u00e9s des programmes variant d\u2019une province et d\u2019un territoire \u00e0 l\u2019autre; un installateur qualifi\u00e9 pourra vous expliquer les options dans votre r\u00e9gion.<\/p>\n\n\n\n<h2 class=\"wp-block-heading\"><strong>Raccordement de b\u00e2timents \u00e0 usage commercial et industriel<\/strong><\/h2>\n\n\n\n<p>Les entreprises peuvent \u00e9galement \u00eatre admissibles au mesurage net. Cela dit, les options de raccordement sont souvent proportionnelles \u00e0 la taille de l\u2019installation. Les fournisseurs peuvent aussi exiger un certain montant pour l\u2019\u00e9valuation et le raccordement de syst\u00e8mes solaires et de stockage \u00e0 l\u2019arri\u00e8re du compteur. C\u2019est pourquoi il est important de trouver un partenaire qui conna\u00eet bien les exigences locales.<\/p>\n\n\n\n<div class=\"wp-block-buttons is-layout-flex wp-block-buttons-is-layout-flex\">\n<div class=\"wp-block-button\"><a class=\"wp-block-button__link wp-element-button\" href=\"https:\/\/renewablesassociation.ca\/wp-content\/uploads\/2025\/04\/Guide-Transition-vers-le-solaire-CanREA-Glossaire.pdf\">Voir le glossaire complet<\/a><\/div>\n<\/div>\n\n\n\n<p><\/p>\n\n\n\n<p><\/p>\n","protected":false},"excerpt":{"rendered":"<p>Les syst&egrave;mes solaires photovolta&iuml;ques (PV) utilisent l&rsquo;&eacute;nergie du soleil pour g&eacute;n&eacute;rer de l&rsquo;&eacute;lectricit&eacute;. Les panneaux photovolta&iuml;ques plats, qui s&rsquo;installent sur le toit ou sur des structures au sol, captent la lumi&egrave;re du soleil et convertissent cette &eacute;nergie lumineuse en courant continu (CC), lequel est ensuite transform&eacute; par l&rsquo;ondulateur en courant alternatif &ndash; le courant utilis&eacute; [&hellip;]<\/p>\n","protected":false},"author":1913,"featured_media":0,"parent":0,"menu_order":4,"comment_status":"closed","ping_status":"closed","template":"","meta":{"_acf_changed":false,"_eb_attr":"","_uag_custom_page_level_css":"","footnotes":""},"tags":[],"class_list":["post-22399","page","type-page","status-publish","hentry"],"acf":[],"uagb_featured_image_src":{"full":false,"thumbnail":false,"medium":false,"medium_large":false,"large":false,"1536x1536":false,"2048x2048":false,"alm-thumbnail":false,"alm-cta":false,"alm-gallery":false,"news-img-2x":false,"news-img":false,"gform-image-choice-sm":false,"gform-image-choice-md":false,"gform-image-choice-lg":false},"uagb_author_info":{"display_name":"paperleaf","author_link":"https:\/\/renewablesassociation.ca\/fr\/author\/paperleaf\/"},"uagb_comment_info":0,"uagb_excerpt":"Les syst&egrave;mes solaires photovolta&iuml;ques (PV) utilisent l&rsquo;&eacute;nergie du soleil pour g&eacute;n&eacute;rer de l&rsquo;&eacute;lectricit&eacute;. Les panneaux photovolta&iuml;ques plats, qui s&rsquo;installent sur le toit ou sur des structures au sol, captent la lumi&egrave;re du soleil et convertissent cette &eacute;nergie lumineuse en courant continu (CC), lequel est ensuite transform&eacute; par l&rsquo;ondulateur en courant alternatif &ndash; le courant utilis&eacute;\u2026","_links":{"self":[{"href":"https:\/\/renewablesassociation.ca\/fr\/wp-json\/wp\/v2\/pages\/22399","targetHints":{"allow":["GET"]}}],"collection":[{"href":"https:\/\/renewablesassociation.ca\/fr\/wp-json\/wp\/v2\/pages"}],"about":[{"href":"https:\/\/renewablesassociation.ca\/fr\/wp-json\/wp\/v2\/types\/page"}],"author":[{"embeddable":true,"href":"https:\/\/renewablesassociation.ca\/fr\/wp-json\/wp\/v2\/users\/1913"}],"replies":[{"embeddable":true,"href":"https:\/\/renewablesassociation.ca\/fr\/wp-json\/wp\/v2\/comments?post=22399"}],"version-history":[{"count":9,"href":"https:\/\/renewablesassociation.ca\/fr\/wp-json\/wp\/v2\/pages\/22399\/revisions"}],"predecessor-version":[{"id":25970,"href":"https:\/\/renewablesassociation.ca\/fr\/wp-json\/wp\/v2\/pages\/22399\/revisions\/25970"}],"wp:attachment":[{"href":"https:\/\/renewablesassociation.ca\/fr\/wp-json\/wp\/v2\/media?parent=22399"}],"wp:term":[{"taxonomy":"post_tag","embeddable":true,"href":"https:\/\/renewablesassociation.ca\/fr\/wp-json\/wp\/v2\/tags?post=22399"}],"curies":[{"name":"wp","href":"https:\/\/api.w.org\/{rel}","templated":true}]}}