{"id":20916,"date":"2024-10-18T17:19:22","date_gmt":"2024-10-18T21:19:22","guid":{"rendered":"https:\/\/renewablesassociation.ca\/?page_id=20916"},"modified":"2026-02-03T17:07:34","modified_gmt":"2026-02-03T21:07:34","slug":"calendrier-dapprovisionnement-en-energie-propre-de-canrea","status":"publish","type":"page","link":"https:\/\/renewablesassociation.ca\/fr\/calendrier-dapprovisionnement-en-energie-propre-de-canrea\/","title":{"rendered":"Calendrier d\u2019approvisionnement en \u00e9nergie propre de CanREA"},"content":{"rendered":"\n<h2 class=\"wp-block-heading\">Votre ressource centrale pour les occasions dans l\u2019\u00e9nergie renouvelable au Canada&nbsp;<\/h2>\n\n\n\n<p>Le Canada acc\u00e9l\u00e8re sa transition vers un avenir \u00e9nerg\u00e9tique durable, et le paysage de l\u2019\u00e9nergie renouvelable et du stockage d\u2019\u00e9nergie \u00e9volue rapidement. Il n\u2019y a jamais eu autant d\u2019investissements dans de nouvelles sources d\u2019\u00e9lectricit\u00e9 propres et abordables.&nbsp;<\/p>\n\n\n\n<p>Pour appuyer cette transition, CanREA se r\u00e9jouit de pr\u00e9senter son <strong>calendrier d\u2019approvisionnement en<\/strong>\u202f<strong>\u00e9nergie propre<\/strong>, un outil de suivi et de regroupement des occasions d\u2019approvisionnement dans l\u2019\u00e9olien, le solaire et le stockage d\u2019\u00e9nergie au Canada.\u202f&nbsp;<\/p>\n\n\n\n<ul class=\"wp-block-list\">\n<li>Derni\u00e8re mise \u00e0 jour : Janvier 2026&nbsp;<\/li>\n\n\n\n<li>Total des approvisionnements suivis : Pr\u00e8s de 24 000 MW<\/li>\n\n\n\n<li>Investissement total repr\u00e9sent\u00e9 : Plus de 44 milliards de dollars<\/li>\n<\/ul>\n\n\n\n<figure class=\"wp-block-image size-large\"><img fetchpriority=\"high\" decoding=\"async\" width=\"1024\" height=\"408\" src=\"https:\/\/renewablesassociation.ca\/wp-content\/smush-webp\/2026\/02\/Procurement-Calendar-Graph-Pic-Jan.-30-2026-1024x408.png.webp\" alt=\"\" class=\"wp-image-25322\" srcset=\"https:\/\/renewablesassociation.ca\/wp-content\/smush-webp\/2026\/02\/Procurement-Calendar-Graph-Pic-Jan.-30-2026-1024x408.png.webp 1024w, https:\/\/renewablesassociation.ca\/wp-content\/smush-webp\/2026\/02\/Procurement-Calendar-Graph-Pic-Jan.-30-2026-300x119.png.webp 300w, https:\/\/renewablesassociation.ca\/wp-content\/smush-webp\/2026\/02\/Procurement-Calendar-Graph-Pic-Jan.-30-2026-768x306.png.webp 768w, https:\/\/renewablesassociation.ca\/wp-content\/smush-webp\/2026\/02\/Procurement-Calendar-Graph-Pic-Jan.-30-2026-1536x611.png.webp 1536w, https:\/\/renewablesassociation.ca\/wp-content\/smush-webp\/2026\/02\/Procurement-Calendar-Graph-Pic-Jan.-30-2026-2048x815.png.webp 2048w\" sizes=\"(max-width: 1024px) 100vw, 1024px\" \/><\/figure>\n\n\n\n<h2 class=\"wp-block-heading\">Explorer davantage<\/h2>\n\n\n\n<p>Pour ceux qui s&#8217;int\u00e9ressent \u00e0 la visualisation des donn\u00e9es, nous proposons une version interactive du calendrier, o\u00f9 vous pouvez explorer les donn\u00e9es mises \u00e0 jour en d\u00e9tail et personnaliser l&#8217;affichage. Pour la version interactive, veuillez visiter notre plateforme Tableau :<\/p>\n\n\n\n<div class=\"wp-block-buttons is-layout-flex wp-block-buttons-is-layout-flex\">\n<div class=\"wp-block-button\"><a class=\"wp-block-button__link wp-element-button\" href=\"https:\/\/public.tableau.com\/app\/profile\/valerie.lam8829\/viz\/Procurementtest3\/Dashboard1\" target=\"_blank\" rel=\"noreferrer noopener\"><strong>Tableau pour mobile<\/strong><\/a><\/div>\n\n\n\n<div class=\"wp-block-button\"><a class=\"wp-block-button__link wp-element-button\" href=\"https:\/\/public.tableau.com\/app\/profile\/valerie.lam8829\/viz\/Procurementtest3\/Dashboard1\" target=\"_blank\" rel=\"noreferrer noopener\"><strong>Tableau pour web<\/strong><\/a><\/div>\n<\/div>\n\n\n\n<p><em>* en anglais seulement&nbsp;<\/em><\/p>\n\n\n\n<h3 class=\"wp-block-heading\">Donn\u00e9es de r\u00e9f\u00e9rence&nbsp;<\/h3>\n\n\n\n<p>\u00c0 titre de r\u00e9f\u00e9rence, ce calendrier d\u2019approvisionnement est fond\u00e9e sur les renseignements suivants. \u00c0 noter que certains approvisionnements du tableau n\u2019apparaissent pas dans le calendrier, comme ils n\u2019avaient pas d\u2019\u00e9ch\u00e9ancier officiel \u00e0 la date de publication.&nbsp;<\/p>\n\n\n\n<figure class=\"wp-block-image size-full\"><img decoding=\"async\" width=\"2560\" height=\"1202\" src=\"https:\/\/renewablesassociation.ca\/wp-content\/smush-webp\/2026\/02\/Procurement-Calendar-Data-January-2026-1-scaled.png.webp\" alt=\"\" class=\"wp-image-25365\" srcset=\"https:\/\/renewablesassociation.ca\/wp-content\/smush-webp\/2026\/02\/Procurement-Calendar-Data-January-2026-1-scaled.png.webp 2560w, https:\/\/renewablesassociation.ca\/wp-content\/smush-webp\/2026\/02\/Procurement-Calendar-Data-January-2026-1-300x141.png.webp 300w, https:\/\/renewablesassociation.ca\/wp-content\/smush-webp\/2026\/02\/Procurement-Calendar-Data-January-2026-1-1024x481.png.webp 1024w, https:\/\/renewablesassociation.ca\/wp-content\/smush-webp\/2026\/02\/Procurement-Calendar-Data-January-2026-1-768x361.png.webp 768w, https:\/\/renewablesassociation.ca\/wp-content\/smush-webp\/2026\/02\/Procurement-Calendar-Data-January-2026-1-1536x721.png.webp 1536w, https:\/\/renewablesassociation.ca\/wp-content\/smush-webp\/2026\/02\/Procurement-Calendar-Data-January-2026-1-2048x962.png.webp 2048w\" sizes=\"(max-width: 2560px) 100vw, 2560px\" loading=\"lazy\" \/><\/figure>\n\n\n<div class=\"block--recommended\"><h2 class=\"block--recommended--header\">Recommend\u00e9 pour vous<\/h2><div class=\"block--recommended--inner\"><div class=\"block--recommended--item\">\n        <a href=\"https:\/\/renewablesassociation.ca\/fr\/lontario-se-rapproche-dun-nouvel-approvisionnement-en-energie-concurrentiel\/\" class=\"block--recommended--link\"><span class=\"sr-only\">COMMUNIQU\u00c9\u00a0: L\u2019Ontario se rapproche d\u2019un nouvel approvisionnement en \u00e9nergie concurrentiel<\/span><\/a><figure class=\"ratio--fixed ratio--4-3 mb-4\"><img decoding=\"async\" width=\"768\" height=\"576\" src=\"https:\/\/renewablesassociation.ca\/wp-content\/smush-webp\/2024\/09\/CanREA-welcomes-Ontario-announcement-Aug-2024-lo-res-1-768x576.jpg.webp\" class=\"attachment-medium_large size-medium_large wp-post-image\" alt=\"\" srcset=\"https:\/\/renewablesassociation.ca\/wp-content\/smush-webp\/2024\/09\/CanREA-welcomes-Ontario-announcement-Aug-2024-lo-res-1-768x576.jpg.webp 768w, https:\/\/renewablesassociation.ca\/wp-content\/smush-webp\/2024\/09\/CanREA-welcomes-Ontario-announcement-Aug-2024-lo-res-1-300x225.jpg.webp 300w, https:\/\/renewablesassociation.ca\/wp-content\/smush-webp\/2024\/09\/CanREA-welcomes-Ontario-announcement-Aug-2024-lo-res-1-800x600.jpg.webp 800w, https:\/\/renewablesassociation.ca\/wp-content\/smush-webp\/2024\/09\/CanREA-welcomes-Ontario-announcement-Aug-2024-lo-res-1.jpg.webp 1008w\" sizes=\"(max-width: 768px) 100vw, 768px\" loading=\"lazy\" \/><\/figure><p class=\"block--recommended--meta mb-1\">Communiqu\u00e9 | 13 septembre 2024<\/p><h3 class=\"mb-1\">COMMUNIQU\u00c9\u00a0: L\u2019Ontario se rapproche d\u2019un nouvel approvisionnement en \u00e9nergie concurrentiel<\/h3><p>&ndash;L&rsquo;Association canadienne de l&rsquo;&eacute;nergie renouvelable (CanREA) accueille favorablement &lt;a href=&quot;https:\/\/news.ontario.ca\/fr\/release\/1004981\/la-province-lance-le-plus-important-approvisionnement-concurrentiel-en-energie-de-lhistoire-de-lontario%20par&quot; target=&quot;_blank&quot; rel=&quot;noreferrer noopener&quot;&gt; &lt;\/a&gt; Stephen Lecce, ministre de l&rsquo;&Eacute;nergie et de l&rsquo;&Eacute;lectrification, du lancement du deuxi&egrave;me projet d&rsquo;approvisionnement &agrave; long terme, dans une lettre minist&eacute;rielle adress&eacute;e &agrave; la Soci&eacute;t&eacute; ind&eacute;pendante d&rsquo;exploitation du r&eacute;seau d&rsquo;&eacute;lectricit&eacute; (SIERE). [&hellip;]<\/p>\n<\/div><div class=\"block--recommended--item\">\n        <a href=\"https:\/\/renewablesassociation.ca\/fr\/integration-au-reseau\/\" class=\"block--recommended--link\"><span class=\"sr-only\">En chiffres<\/span><\/a><figure class=\"ratio--fixed ratio--4-3 mb-4\"><img loading=\"lazy\" decoding=\"async\" width=\"768\" height=\"430\" src=\"https:\/\/renewablesassociation.ca\/wp-content\/smush-webp\/2020\/10\/energy_transition_img-1-768x430.jpg.webp\" class=\"attachment-medium_large size-medium_large wp-post-image\" alt=\"\" srcset=\"https:\/\/renewablesassociation.ca\/wp-content\/smush-webp\/2020\/10\/energy_transition_img-1-768x430.jpg.webp 768w, https:\/\/renewablesassociation.ca\/wp-content\/smush-webp\/2020\/10\/energy_transition_img-1-300x168.jpg.webp 300w, https:\/\/renewablesassociation.ca\/wp-content\/smush-webp\/2020\/10\/energy_transition_img-1-1024x574.jpg.webp 1024w, https:\/\/renewablesassociation.ca\/wp-content\/smush-webp\/2020\/10\/energy_transition_img-1-1536x861.jpg.webp 1536w, https:\/\/renewablesassociation.ca\/wp-content\/smush-webp\/2020\/10\/energy_transition_img-1.jpg.webp 1852w\" sizes=\"(max-width: 768px) 100vw, 768px\" \/><\/figure><p class=\"block--recommended--meta mb-1\">17 septembre 2020<\/p><h3 class=\"mb-1\">En chiffres<\/h3><p>Le Canada n&rsquo;a exploit&eacute; qu&rsquo;une infime partie de ses riches ressources &eacute;oliennes et solaires, et les solutions de stockage d&rsquo;&eacute;nergie arrivent &agrave; peine sur nos march&eacute;s. Fin 2025, le Canada disposait d&rsquo;environ . [&hellip;]<\/p>\n<\/div><\/div><\/div>","protected":false},"excerpt":{"rendered":"<p>Le Canada n&rsquo;a exploit&eacute; qu&rsquo;une infime partie de ses riches ressources &eacute;oliennes et solaires, et les solutions de stockage d&rsquo;&eacute;nergie arrivent &agrave; peine sur nos march&eacute;s. Fin 2025, le Canada disposait d&rsquo;environ . [&hellip;]<\/p>\n","protected":false},"author":1913,"featured_media":21646,"parent":0,"menu_order":3,"comment_status":"closed","ping_status":"closed","template":"","meta":{"_acf_changed":false,"_eb_attr":"","_uag_custom_page_level_css":"","footnotes":""},"tags":[369,366],"class_list":["post-20916","page","type-page","status-publish","has-post-thumbnail","hentry","tag-calendrierapprovisionnement","tag-outilcanrea"],"acf":[],"uagb_featured_image_src":{"full":["https:\/\/renewablesassociation.ca\/wp-content\/uploads\/2025\/01\/CanREAs-Clean-Energy-Procurement-Calendar-FR.png",1024,830,false],"thumbnail":["https:\/\/renewablesassociation.ca\/wp-content\/uploads\/2025\/01\/CanREAs-Clean-Energy-Procurement-Calendar-FR-150x150.png",150,150,true],"medium":["https:\/\/renewablesassociation.ca\/wp-content\/uploads\/2025\/01\/CanREAs-Clean-Energy-Procurement-Calendar-FR-300x243.png",300,243,true],"medium_large":["https:\/\/renewablesassociation.ca\/wp-content\/uploads\/2025\/01\/CanREAs-Clean-Energy-Procurement-Calendar-FR-768x623.png",768,623,true],"large":["https:\/\/renewablesassociation.ca\/wp-content\/uploads\/2025\/01\/CanREAs-Clean-Energy-Procurement-Calendar-FR.png",1024,830,false],"1536x1536":["https:\/\/renewablesassociation.ca\/wp-content\/uploads\/2025\/01\/CanREAs-Clean-Energy-Procurement-Calendar-FR.png",1024,830,false],"2048x2048":["https:\/\/renewablesassociation.ca\/wp-content\/uploads\/2025\/01\/CanREAs-Clean-Energy-Procurement-Calendar-FR.png",1024,830,false],"alm-thumbnail":["https:\/\/renewablesassociation.ca\/wp-content\/uploads\/2025\/01\/CanREAs-Clean-Energy-Procurement-Calendar-FR-150x150.png",150,150,true],"alm-cta":["https:\/\/renewablesassociation.ca\/wp-content\/uploads\/2025\/01\/CanREAs-Clean-Energy-Procurement-Calendar-FR-800x450.png",800,450,true],"alm-gallery":["https:\/\/renewablesassociation.ca\/wp-content\/uploads\/2025\/01\/CanREAs-Clean-Energy-Procurement-Calendar-FR-800x600.png",800,600,true],"news-img-2x":["https:\/\/renewablesassociation.ca\/wp-content\/uploads\/2025\/01\/CanREAs-Clean-Energy-Procurement-Calendar-FR.png",1024,830,false],"news-img":["https:\/\/renewablesassociation.ca\/wp-content\/uploads\/2025\/01\/CanREAs-Clean-Energy-Procurement-Calendar-FR-690x515.png",690,515,true],"gform-image-choice-sm":["https:\/\/renewablesassociation.ca\/wp-content\/uploads\/2025\/01\/CanREAs-Clean-Energy-Procurement-Calendar-FR-300x300.png",300,300,true],"gform-image-choice-md":["https:\/\/renewablesassociation.ca\/wp-content\/uploads\/2025\/01\/CanREAs-Clean-Energy-Procurement-Calendar-FR-400x400.png",400,400,true],"gform-image-choice-lg":["https:\/\/renewablesassociation.ca\/wp-content\/uploads\/2025\/01\/CanREAs-Clean-Energy-Procurement-Calendar-FR-600x600.png",600,600,true]},"uagb_author_info":{"display_name":"paperleaf","author_link":"https:\/\/renewablesassociation.ca\/fr\/author\/paperleaf\/"},"uagb_comment_info":0,"uagb_excerpt":"Le Canada n&rsquo;a exploit&eacute; qu&rsquo;une infime partie de ses riches ressources &eacute;oliennes et solaires, et les solutions de stockage d&rsquo;&eacute;nergie arrivent &agrave; peine sur nos march&eacute;s. Fin 2025, le Canada disposait d&rsquo;environ . [&hellip;]","_links":{"self":[{"href":"https:\/\/renewablesassociation.ca\/fr\/wp-json\/wp\/v2\/pages\/20916","targetHints":{"allow":["GET"]}}],"collection":[{"href":"https:\/\/renewablesassociation.ca\/fr\/wp-json\/wp\/v2\/pages"}],"about":[{"href":"https:\/\/renewablesassociation.ca\/fr\/wp-json\/wp\/v2\/types\/page"}],"author":[{"embeddable":true,"href":"https:\/\/renewablesassociation.ca\/fr\/wp-json\/wp\/v2\/users\/1913"}],"replies":[{"embeddable":true,"href":"https:\/\/renewablesassociation.ca\/fr\/wp-json\/wp\/v2\/comments?post=20916"}],"version-history":[{"count":15,"href":"https:\/\/renewablesassociation.ca\/fr\/wp-json\/wp\/v2\/pages\/20916\/revisions"}],"predecessor-version":[{"id":25369,"href":"https:\/\/renewablesassociation.ca\/fr\/wp-json\/wp\/v2\/pages\/20916\/revisions\/25369"}],"wp:featuredmedia":[{"embeddable":true,"href":"https:\/\/renewablesassociation.ca\/fr\/wp-json\/wp\/v2\/media\/21646"}],"wp:attachment":[{"href":"https:\/\/renewablesassociation.ca\/fr\/wp-json\/wp\/v2\/media?parent=20916"}],"wp:term":[{"taxonomy":"post_tag","embeddable":true,"href":"https:\/\/renewablesassociation.ca\/fr\/wp-json\/wp\/v2\/tags?post=20916"}],"curies":[{"name":"wp","href":"https:\/\/api.w.org\/{rel}","templated":true}]}}