{"id":20914,"date":"2024-10-15T20:14:15","date_gmt":"2024-10-16T00:14:15","guid":{"rendered":"https:\/\/renewablesassociation.ca\/?page_id=20914"},"modified":"2024-12-17T18:52:52","modified_gmt":"2024-12-17T22:52:52","slug":"appel-aux-conferenciers","status":"publish","type":"page","link":"https:\/\/renewablesassociation.ca\/fr\/appel-aux-conferenciers\/","title":{"rendered":"Appel aux conf\u00e9renciers"},"content":{"rendered":"\n<h2 class=\"wp-block-heading\">Mettez en valeur votre expertise!<\/h2>\n\n\n\n<p>Les \u00e9v\u00e9nements de CanREA attirent chaque ann\u00e9e des milliers de participants. Ils constituent une plateforme sans pareil o\u00f9 les experts de l\u2019industrie peuvent exercer un leadership \u00e9clair\u00e9 et faire conna\u00eetre leur entreprise dans le milieu de l\u2019\u00e9nergie propre au Canada, industrie en pleine croissance.&nbsp;<\/p>\n\n\n\n<h3 class=\"wp-block-heading\">Vous souhaitez prendre la parole, mod\u00e9rer ou faire une pr\u00e9sentation ?<\/h3>\n\n\n\n<div class=\"wp-block-buttons is-layout-flex wp-block-buttons-is-layout-flex\">\n<div class=\"wp-block-button\"><a class=\"wp-block-button__link wp-element-button\" href=\"https:\/\/form.jotform.com\/CanREA_Members\/call-for-speakers\">Soumettez votre proposition ici.<\/a><\/div>\n<\/div>\n\n\n\n<h3 class=\"wp-block-heading\">Engagement en faveur de la diversit\u00e9 et de l&#8217;inclusion&nbsp;<\/h3>\n\n\n\n<p>CanREA s\u2019emploie continuellement \u00e0 ce que la s\u00e9lection d\u2019animateurs et conf\u00e9renciers pour ses \u00e9v\u00e9nements soit plus repr\u00e9sentative de la diversit\u00e9 de notre soci\u00e9t\u00e9. C\u2019est pourquoi elle encourage fortement les membres de groupes sous-repr\u00e9sent\u00e9s \u00e0 se porter candidat. Elle \u00e9tudiera l\u2019ensemble des dossiers dans une optique de diversit\u00e9 et d\u2019inclusion.&nbsp;<\/p>\n\n\n\n<p><\/p>\n","protected":false},"excerpt":{"rendered":"<p>Les &eacute;v&eacute;nements de CanREA attirent chaque ann&eacute;e des milliers de participants. Ils constituent une plateforme sans pareil o&ugrave; les experts de l&rsquo;industrie peuvent exercer un leadership &eacute;clair&eacute; et faire conna&icirc;tre leur entreprise dans le milieu de l&rsquo;&eacute;nergie propre au Canada, industrie en pleine croissance. [&hellip;]<\/p>\n","protected":false},"author":1913,"featured_media":20937,"parent":0,"menu_order":1,"comment_status":"closed","ping_status":"closed","template":"","meta":{"_acf_changed":false,"_eb_attr":"","_uag_custom_page_level_css":"","footnotes":""},"tags":[],"class_list":["post-20914","page","type-page","status-publish","has-post-thumbnail","hentry"],"acf":[],"uagb_featured_image_src":{"full":["https:\/\/renewablesassociation.ca\/wp-content\/uploads\/2024\/10\/FR-1.png",1024,830,false],"thumbnail":["https:\/\/renewablesassociation.ca\/wp-content\/uploads\/2024\/10\/FR-1-150x150.png",150,150,true],"medium":["https:\/\/renewablesassociation.ca\/wp-content\/uploads\/2024\/10\/FR-1-300x243.png",300,243,true],"medium_large":["https:\/\/renewablesassociation.ca\/wp-content\/uploads\/2024\/10\/FR-1-768x623.png",768,623,true],"large":["https:\/\/renewablesassociation.ca\/wp-content\/uploads\/2024\/10\/FR-1.png",1024,830,false],"1536x1536":["https:\/\/renewablesassociation.ca\/wp-content\/uploads\/2024\/10\/FR-1.png",1024,830,false],"2048x2048":["https:\/\/renewablesassociation.ca\/wp-content\/uploads\/2024\/10\/FR-1.png",1024,830,false],"alm-thumbnail":["https:\/\/renewablesassociation.ca\/wp-content\/uploads\/2024\/10\/FR-1-150x150.png",150,150,true],"alm-cta":["https:\/\/renewablesassociation.ca\/wp-content\/uploads\/2024\/10\/FR-1-800x450.png",800,450,true],"alm-gallery":["https:\/\/renewablesassociation.ca\/wp-content\/uploads\/2024\/10\/FR-1-800x600.png",800,600,true],"news-img-2x":["https:\/\/renewablesassociation.ca\/wp-content\/uploads\/2024\/10\/FR-1.png",1024,830,false],"news-img":["https:\/\/renewablesassociation.ca\/wp-content\/uploads\/2024\/10\/FR-1-690x515.png",690,515,true],"gform-image-choice-sm":["https:\/\/renewablesassociation.ca\/wp-content\/uploads\/2024\/10\/FR-1.png",300,243,false],"gform-image-choice-md":["https:\/\/renewablesassociation.ca\/wp-content\/uploads\/2024\/10\/FR-1.png",400,324,false],"gform-image-choice-lg":["https:\/\/renewablesassociation.ca\/wp-content\/uploads\/2024\/10\/FR-1.png",600,486,false]},"uagb_author_info":{"display_name":"paperleaf","author_link":"https:\/\/renewablesassociation.ca\/fr\/author\/paperleaf\/"},"uagb_comment_info":0,"uagb_excerpt":"Les &eacute;v&eacute;nements de CanREA attirent chaque ann&eacute;e des milliers de participants. Ils constituent une plateforme sans pareil o&ugrave; les experts de l&rsquo;industrie peuvent exercer un leadership &eacute;clair&eacute; et faire conna&icirc;tre leur entreprise dans le milieu de l&rsquo;&eacute;nergie propre au Canada, industrie en pleine croissance. [&hellip;]","_links":{"self":[{"href":"https:\/\/renewablesassociation.ca\/fr\/wp-json\/wp\/v2\/pages\/20914","targetHints":{"allow":["GET"]}}],"collection":[{"href":"https:\/\/renewablesassociation.ca\/fr\/wp-json\/wp\/v2\/pages"}],"about":[{"href":"https:\/\/renewablesassociation.ca\/fr\/wp-json\/wp\/v2\/types\/page"}],"author":[{"embeddable":true,"href":"https:\/\/renewablesassociation.ca\/fr\/wp-json\/wp\/v2\/users\/1913"}],"replies":[{"embeddable":true,"href":"https:\/\/renewablesassociation.ca\/fr\/wp-json\/wp\/v2\/comments?post=20914"}],"version-history":[{"count":3,"href":"https:\/\/renewablesassociation.ca\/fr\/wp-json\/wp\/v2\/pages\/20914\/revisions"}],"predecessor-version":[{"id":21618,"href":"https:\/\/renewablesassociation.ca\/fr\/wp-json\/wp\/v2\/pages\/20914\/revisions\/21618"}],"wp:featuredmedia":[{"embeddable":true,"href":"https:\/\/renewablesassociation.ca\/fr\/wp-json\/wp\/v2\/media\/20937"}],"wp:attachment":[{"href":"https:\/\/renewablesassociation.ca\/fr\/wp-json\/wp\/v2\/media?parent=20914"}],"wp:term":[{"taxonomy":"post_tag","embeddable":true,"href":"https:\/\/renewablesassociation.ca\/fr\/wp-json\/wp\/v2\/tags?post=20914"}],"curies":[{"name":"wp","href":"https:\/\/api.w.org\/{rel}","templated":true}]}}