{"id":17695,"date":"2023-10-17T13:46:01","date_gmt":"2023-10-17T17:46:01","guid":{"rendered":"https:\/\/renewablesassociation.ca\/?page_id=17695"},"modified":"2023-10-17T13:46:02","modified_gmt":"2023-10-17T17:46:02","slug":"opportunites-de-formation","status":"publish","type":"page","link":"https:\/\/renewablesassociation.ca\/fr\/carrieres\/opportunites-de-formation\/","title":{"rendered":"Opportunit\u00e9s de formation"},"content":{"rendered":"\n<p>Une carri\u00e8re dans le renouvelable, \u00e7a vous tente?<\/p>\n\n\n\n<p>Les travailleurs des \u00e9nergies renouvelables sont des gens hautement qualifi\u00e9s qui poss\u00e8dent un bagage de comp\u00e9tences, de connaissances fondamentales et de formation technologique sp\u00e9cialis\u00e9e r\u00e9pondant \u00e0 des normes de s\u00e9curit\u00e9 \u00e9lev\u00e9es.<\/p>\n\n\n\n<p>Les \u00e9tablissements d\u2019enseignement canadiens offrent nombre de programmes pouvant vous apprendre le n\u00e9cessaire pour travailler dans le secteur florissant de l\u2019\u00e9olien, du solaire et du stockage d\u2019\u00e9nergie : formation en apprentissage, programmes pour technologues et techniciens, programmes de g\u00e9nie et formation ax\u00e9e sur l\u2019\u00e9nergie renouvelable, et plus encore.<\/p>\n\n\n\n<p>CanREA s\u2019engage \u00e0 compiler ces possibilit\u00e9s de formation et \u00e0 les diffuser aupr\u00e8s des \u00e9tudiants et professionnels d\u2019autres secteurs. Cette initiative s\u2019inscrit dans la strat\u00e9gie nationale pour la main-d\u2019\u0153uvre de CanREA, qui vise \u00e0 informer le public des possibilit\u00e9s de carri\u00e8re dans le secteur des \u00e9nergies renouvelables et \u00e0 aplanir les obstacles que rencontrent les candidats potentiels.<\/p>\n\n\n\n<div class=\"wp-block-buttons is-layout-flex wp-block-buttons-is-layout-flex\">\n<div class=\"wp-block-button\"><a class=\"wp-block-button__link wp-element-button\" href=\"https:\/\/renewablesassociation.ca\/wp-content\/uploads\/2023\/10\/Canadian-Training-Opportunities-October-2023.pdf\" target=\"_blank\" rel=\"noreferrer noopener\"><strong>T\u00e9l\u00e9chargez notre liste d\u2019opportunit\u00e9s de formation<\/strong><\/a><\/div>\n<\/div>\n\n\n\n<p class=\"has-small-font-size\"><strong>Avis<\/strong><br><em>L\u2019Association canadienne de l\u2019\u00e9nergie renouvelable (CanREA) n\u2019assume aucune responsabilit\u00e9 quant \u00e0 la fiabilit\u00e9 du contenu de ce r\u00e9pertoire, offert \u00e0 titre informatif seulement. CanREA ne fait aucune d\u00e9claration et ne donne aucune garantie relativement \u00e0 la pertinence de la formation offerte par les programmes, y compris \u00e0 des fins de conformit\u00e9 l\u00e9gale ou \u00e0 toute autre fin. Le r\u00e9pertoire, qui ne vise qu\u2019\u00e0 fournir une orientation g\u00e9n\u00e9rale, ne constitue pas un avis juridique, technique, m\u00e9dical ou professionnel. CanREA est l\u2019unique cr\u00e9ateur et propri\u00e9taire du r\u00e9pertoire, y compris de tous les droits d\u2019auteur, marques de commerce et autres droits de propri\u00e9t\u00e9 intellectuelle.<\/em><\/p>\n\n\n\n<div style=\"height:64px\" aria-hidden=\"true\" class=\"wp-block-spacer\"><\/div>\n\n\n\n<div class=\"wp-block-group\"><div class=\"wp-block-group__inner-container is-layout-constrained wp-block-group-is-layout-constrained\">\n<h2 class=\"wp-block-heading\"><strong>Consultez la section Carri\u00e8res de CanREA !<\/strong><\/h2>\n\n\n\n<p>Ne manquez pas le contenu essentiel de la section Carri\u00e8res du site Web de CanREA :<\/p>\n\n\n\n<div class=\"wp-block-uagb-call-to-action uagb-block-93c4d865 wp-block-button\"><div class=\"uagb-cta__wrap\"><h3 class=\"uagb-cta__title\">Opportunit\u00e9s d\u2019emploi<\/h3><\/div><div class=\"uagb-cta__buttons\"><a href=\"\/fr\/carrieres\/opportunites-demploi\/\" class=\"uagb-cta__button-link-wrapper wp-block-button__link\" target=\"_self\" rel=\"noopener noreferrer\">Savoir Plus<\/a><\/div><\/div>\n\n\n\n<div class=\"wp-block-uagb-separator uagb-block-9e08b853\"><div class=\"wp-block-uagb-separator__inner\" style=\"--my-background-image:\"><\/div><\/div>\n\n\n\n<div class=\"wp-block-uagb-call-to-action uagb-block-fa1b4dc4 wp-block-button\"><div class=\"uagb-cta__wrap\"><h3 class=\"uagb-cta__title\">Profils de travailleurs<\/h3><\/div><div class=\"uagb-cta__buttons\"><a href=\"\/fr\/carrieres\/profils-de-travailleurs\/\" class=\"uagb-cta__button-link-wrapper wp-block-button__link\" target=\"_self\" rel=\"noopener noreferrer\">Savoir Plus<\/a><\/div><\/div>\n\n\n\n<div class=\"wp-block-uagb-separator uagb-block-aa9fc93b\"><div class=\"wp-block-uagb-separator__inner\" style=\"--my-background-image:\"><\/div><\/div>\n<\/div><\/div>\n","protected":false},"excerpt":{"rendered":"<p>Une carri&egrave;re dans le renouvelable, &ccedil;a vous tente? [&hellip;]<\/p>\n","protected":false},"author":1913,"featured_media":0,"parent":1407,"menu_order":2,"comment_status":"closed","ping_status":"closed","template":"","meta":{"_acf_changed":false,"_eb_attr":"","_uag_custom_page_level_css":"","footnotes":""},"tags":[],"class_list":["post-17695","page","type-page","status-publish","hentry"],"acf":[],"uagb_featured_image_src":{"full":false,"thumbnail":false,"medium":false,"medium_large":false,"large":false,"1536x1536":false,"2048x2048":false,"alm-thumbnail":false,"alm-cta":false,"alm-gallery":false,"news-img-2x":false,"news-img":false,"gform-image-choice-sm":false,"gform-image-choice-md":false,"gform-image-choice-lg":false},"uagb_author_info":{"display_name":"paperleaf","author_link":"https:\/\/renewablesassociation.ca\/fr\/author\/paperleaf\/"},"uagb_comment_info":0,"uagb_excerpt":"Une carri&egrave;re dans le renouvelable, &ccedil;a vous tente? [&hellip;]","_links":{"self":[{"href":"https:\/\/renewablesassociation.ca\/fr\/wp-json\/wp\/v2\/pages\/17695","targetHints":{"allow":["GET"]}}],"collection":[{"href":"https:\/\/renewablesassociation.ca\/fr\/wp-json\/wp\/v2\/pages"}],"about":[{"href":"https:\/\/renewablesassociation.ca\/fr\/wp-json\/wp\/v2\/types\/page"}],"author":[{"embeddable":true,"href":"https:\/\/renewablesassociation.ca\/fr\/wp-json\/wp\/v2\/users\/1913"}],"replies":[{"embeddable":true,"href":"https:\/\/renewablesassociation.ca\/fr\/wp-json\/wp\/v2\/comments?post=17695"}],"version-history":[{"count":1,"href":"https:\/\/renewablesassociation.ca\/fr\/wp-json\/wp\/v2\/pages\/17695\/revisions"}],"predecessor-version":[{"id":17696,"href":"https:\/\/renewablesassociation.ca\/fr\/wp-json\/wp\/v2\/pages\/17695\/revisions\/17696"}],"up":[{"embeddable":true,"href":"https:\/\/renewablesassociation.ca\/fr\/wp-json\/wp\/v2\/pages\/1407"}],"wp:attachment":[{"href":"https:\/\/renewablesassociation.ca\/fr\/wp-json\/wp\/v2\/media?parent=17695"}],"wp:term":[{"taxonomy":"post_tag","embeddable":true,"href":"https:\/\/renewablesassociation.ca\/fr\/wp-json\/wp\/v2\/tags?post=17695"}],"curies":[{"name":"wp","href":"https:\/\/api.w.org\/{rel}","templated":true}]}}