{"id":17689,"date":"2023-10-17T13:42:28","date_gmt":"2023-10-17T17:42:28","guid":{"rendered":"https:\/\/renewablesassociation.ca\/?page_id=17689"},"modified":"2023-10-20T14:40:15","modified_gmt":"2023-10-20T18:40:15","slug":"profils-de-travailleurs","status":"publish","type":"page","link":"https:\/\/renewablesassociation.ca\/fr\/carrieres\/profils-de-travailleurs\/","title":{"rendered":"Profils de travailleurs"},"content":{"rendered":"\n<p>Vous \u00eates-vous d\u00e9j\u00e0 demand\u00e9 \u00e0 quoi ressemblerait le travail en tant que technicien \u00e9olien, \u00e0 500 pieds dans les airs? Ou de travailler comme \u00e9lectricien de centrale solaire, en exploitant la puissance du soleil et en l\u2019utilisant pour charger un \u00e9norme syst\u00e8me de batterie sur place?&nbsp;&nbsp;<\/p>\n\n\n\n<p>Les profils de carri\u00e8re en \u00e9nergie propre de CanREA demandent aux travailleurs canadiens des secteurs de l\u2019\u00e9nergie renouvelable et du stockage d\u2019\u00e9nergie ce qu\u2019ils font, comment ils se sont lanc\u00e9s dans ce domaine et quels conseils ils ont pour ceux qui cherchent \u00e0 travailler dans les secteurs de l\u2019\u00e9nergie renouvelable et du stockage d\u2019\u00e9nergie.&nbsp;&nbsp;<\/p>\n\n\n\n<p>Jetez un coup d\u2019\u0153il \u00e0 ces paroles de sagesse!<\/p>\n\n\n<div class=\"block--posts posts posts--5\"><div class=\"post--item\"><picture class=\"post--thumb img--cover ratio--fixed ratio--4-3\"><img fetchpriority=\"high\" decoding=\"async\" width=\"768\" height=\"623\" src=\"https:\/\/renewablesassociation.ca\/wp-content\/smush-webp\/2024\/06\/15-768x623.png.webp\" class=\"attachment-medium_large size-medium_large wp-post-image\" alt=\"\" srcset=\"https:\/\/renewablesassociation.ca\/wp-content\/smush-webp\/2024\/06\/15-768x623.png.webp 768w, https:\/\/renewablesassociation.ca\/wp-content\/smush-webp\/2024\/06\/15-300x243.png.webp 300w, https:\/\/renewablesassociation.ca\/wp-content\/smush-webp\/2024\/06\/15.png.webp 1024w\" sizes=\"(max-width: 768px) 100vw, 768px\" \/><\/picture><div class=\"post--content\"><div class=\"post--cat-date\"><span class=\"post--terms\">Profil de travailleur<\/span><\/div><h3 class=\"post--title\">Vittoria Bellissimo<\/h3><a href=\"https:\/\/renewablesassociation.ca\/fr\/vittoria-bellissimo\/\" class=\"post--link wp-block-button wp-block-button__link\">En savoir plus<\/a><\/div><\/div><div class=\"post--item\"><picture class=\"post--thumb img--cover ratio--fixed ratio--4-3\"><img decoding=\"async\" width=\"768\" height=\"623\" src=\"https:\/\/renewablesassociation.ca\/wp-content\/smush-webp\/2024\/05\/Occupational-Profiles-website-photos-1024-\u00d7-830-px-768x623.png.webp\" class=\"attachment-medium_large size-medium_large wp-post-image\" alt=\"\" srcset=\"https:\/\/renewablesassociation.ca\/wp-content\/smush-webp\/2024\/05\/Occupational-Profiles-website-photos-1024-\u00d7-830-px-768x623.png.webp 768w, https:\/\/renewablesassociation.ca\/wp-content\/smush-webp\/2024\/05\/Occupational-Profiles-website-photos-1024-\u00d7-830-px-300x243.png.webp 300w, https:\/\/renewablesassociation.ca\/wp-content\/smush-webp\/2024\/05\/Occupational-Profiles-website-photos-1024-\u00d7-830-px.png.webp 1024w\" sizes=\"(max-width: 768px) 100vw, 768px\" loading=\"lazy\" \/><\/picture><div class=\"post--content\"><div class=\"post--cat-date\"><span class=\"post--terms\">Profil de travailleur<\/span><\/div><h3 class=\"post--title\">Derek\u202fWright<\/h3><a href=\"https:\/\/renewablesassociation.ca\/fr\/derek-wright\/\" class=\"post--link wp-block-button wp-block-button__link\">En savoir plus<\/a><\/div><\/div><div class=\"post--item\"><picture class=\"post--thumb img--cover ratio--fixed ratio--4-3\"><img decoding=\"async\" width=\"768\" height=\"623\" src=\"https:\/\/renewablesassociation.ca\/wp-content\/smush-webp\/2024\/05\/Matt-profile-graphic-web-FR-768x623.png.webp\" class=\"attachment-medium_large size-medium_large wp-post-image\" alt=\"\" srcset=\"https:\/\/renewablesassociation.ca\/wp-content\/smush-webp\/2024\/05\/Matt-profile-graphic-web-FR-768x623.png.webp 768w, https:\/\/renewablesassociation.ca\/wp-content\/smush-webp\/2024\/05\/Matt-profile-graphic-web-FR-300x243.png.webp 300w, https:\/\/renewablesassociation.ca\/wp-content\/smush-webp\/2024\/05\/Matt-profile-graphic-web-FR.png.webp 1024w\" sizes=\"(max-width: 768px) 100vw, 768px\" loading=\"lazy\" \/><\/picture><div class=\"post--content\"><div class=\"post--cat-date\"><span class=\"post--terms\">Profil de travailleur<\/span><\/div><h3 class=\"post--title\">Mathieu C\u00f4t\u00e9\u00a0<\/h3><a href=\"https:\/\/renewablesassociation.ca\/fr\/mathieu-cote\/\" class=\"post--link wp-block-button wp-block-button__link\">En savoir plus<\/a><\/div><\/div><div class=\"post--item\"><picture class=\"post--thumb img--cover ratio--fixed ratio--4-3\"><img loading=\"lazy\" decoding=\"async\" width=\"768\" height=\"623\" src=\"https:\/\/renewablesassociation.ca\/wp-content\/smush-webp\/2023\/10\/Phil-graphic-FR-768x623.png.webp\" class=\"attachment-medium_large size-medium_large wp-post-image\" alt=\"\" srcset=\"https:\/\/renewablesassociation.ca\/wp-content\/smush-webp\/2023\/10\/Phil-graphic-FR-768x623.png.webp 768w, https:\/\/renewablesassociation.ca\/wp-content\/smush-webp\/2023\/10\/Phil-graphic-FR-300x243.png.webp 300w, https:\/\/renewablesassociation.ca\/wp-content\/smush-webp\/2023\/10\/Phil-graphic-FR.png.webp 1024w\" sizes=\"(max-width: 768px) 100vw, 768px\" \/><\/picture><div class=\"post--content\"><div class=\"post--cat-date\"><span class=\"post--terms\">Profil de travailleur<\/span><\/div><h3 class=\"post--title\">Phil McKay<\/h3><a href=\"https:\/\/renewablesassociation.ca\/fr\/__trashed-3\/\" class=\"post--link wp-block-button wp-block-button__link\">En savoir plus<\/a><\/div><\/div><div class=\"post--item\"><picture class=\"post--thumb img--cover ratio--fixed ratio--4-3\"><img loading=\"lazy\" decoding=\"async\" width=\"768\" height=\"623\" src=\"https:\/\/renewablesassociation.ca\/wp-content\/smush-webp\/2023\/10\/Jordan-graphic-FR-768x623.png.webp\" class=\"attachment-medium_large size-medium_large wp-post-image\" alt=\"\" srcset=\"https:\/\/renewablesassociation.ca\/wp-content\/smush-webp\/2023\/10\/Jordan-graphic-FR-768x623.png.webp 768w, https:\/\/renewablesassociation.ca\/wp-content\/smush-webp\/2023\/10\/Jordan-graphic-FR-300x243.png.webp 300w, https:\/\/renewablesassociation.ca\/wp-content\/smush-webp\/2023\/10\/Jordan-graphic-FR.png.webp 1024w\" sizes=\"(max-width: 768px) 100vw, 768px\" \/><\/picture><div class=\"post--content\"><div class=\"post--cat-date\"><span class=\"post--terms\">Profil de travailleur<\/span><\/div><h3 class=\"post--title\">Jordan\u202fRegnier<\/h3><a href=\"https:\/\/renewablesassociation.ca\/fr\/__trashed-2\/\" class=\"post--link wp-block-button wp-block-button__link\">En savoir plus<\/a><\/div><\/div><\/div>\n\n\n<div style=\"height:64px\" aria-hidden=\"true\" class=\"wp-block-spacer\"><\/div>\n\n\n\n<div class=\"wp-block-group\"><div class=\"wp-block-group__inner-container is-layout-constrained wp-block-group-is-layout-constrained\">\n<h2 class=\"wp-block-heading\"><strong>Consultez la section Carri\u00e8res de CanREA !<\/strong><\/h2>\n\n\n\n<p>Ne manquez pas le contenu essentiel de la section Carri\u00e8res du site Web de CanREA :<\/p>\n\n\n\n<div class=\"wp-block-uagb-call-to-action uagb-block-93c4d865 wp-block-button\"><div class=\"uagb-cta__wrap\"><h3 class=\"uagb-cta__title\">Opportunit\u00e9s d\u2019emploi<\/h3><\/div><div class=\"uagb-cta__buttons\"><a href=\"\/fr\/carrieres\/opportunites-demploi\/\" class=\"uagb-cta__button-link-wrapper wp-block-button__link\" target=\"_self\" rel=\"noopener noreferrer\">Savoir Plus<\/a><\/div><\/div>\n\n\n\n<div class=\"wp-block-uagb-separator uagb-block-9e08b853\"><div class=\"wp-block-uagb-separator__inner\" style=\"--my-background-image:\"><\/div><\/div>\n\n\n\n<div class=\"wp-block-uagb-call-to-action uagb-block-3e611f8a wp-block-button\"><div class=\"uagb-cta__wrap\"><h3 class=\"uagb-cta__title\">Opportunit\u00e9s de formation<\/h3><\/div><div class=\"uagb-cta__buttons\"><a href=\"\/fr\/careers\/training-opportunities\/\" class=\"uagb-cta__button-link-wrapper wp-block-button__link\" target=\"_self\" rel=\"noopener noreferrer\">Savoir Plus<\/a><\/div><\/div>\n\n\n\n<div class=\"wp-block-uagb-separator uagb-block-fab97aa8\"><div class=\"wp-block-uagb-separator__inner\" style=\"--my-background-image:\"><\/div><\/div>\n<\/div><\/div>\n","protected":false},"excerpt":{"rendered":"<p>Vous &ecirc;tes-vous d&eacute;j&agrave; demand&eacute; &agrave; quoi ressemble le quotidien d&rsquo;une technicienne en &eacute;oliennes, juch&eacute;e &agrave; 150 m&egrave;tres dans les airs? Ou celui d&rsquo;un &eacute;lectricien dans une centrale solaire, qui harnache la puissance du Soleil pour recharger une batterie g&eacute;ante? Avec ses profils de carri&egrave;re en &eacute;nergie propre, CanREA interroge les travailleurs canadiens du renouvelable et [&hellip;]<\/p>\n","protected":false},"author":1913,"featured_media":17827,"parent":1407,"menu_order":1,"comment_status":"closed","ping_status":"closed","template":"","meta":{"_acf_changed":false,"_eb_attr":"","_uag_custom_page_level_css":"","footnotes":""},"tags":[],"class_list":["post-17689","page","type-page","status-publish","has-post-thumbnail","hentry"],"acf":[],"uagb_featured_image_src":{"full":["https:\/\/renewablesassociation.ca\/wp-content\/uploads\/2023\/10\/CEJC-CANREACareerspage-Nature_Fr-scaled.jpg",2560,1501,false],"thumbnail":["https:\/\/renewablesassociation.ca\/wp-content\/uploads\/2023\/10\/CEJC-CANREACareerspage-Nature_Fr-150x150.jpg",150,150,true],"medium":["https:\/\/renewablesassociation.ca\/wp-content\/uploads\/2023\/10\/CEJC-CANREACareerspage-Nature_Fr-300x176.jpg",300,176,true],"medium_large":["https:\/\/renewablesassociation.ca\/wp-content\/uploads\/2023\/10\/CEJC-CANREACareerspage-Nature_Fr-768x450.jpg",768,450,true],"large":["https:\/\/renewablesassociation.ca\/wp-content\/uploads\/2023\/10\/CEJC-CANREACareerspage-Nature_Fr-1024x600.jpg",1024,600,true],"1536x1536":["https:\/\/renewablesassociation.ca\/wp-content\/uploads\/2023\/10\/CEJC-CANREACareerspage-Nature_Fr-1536x900.jpg",1536,900,true],"2048x2048":["https:\/\/renewablesassociation.ca\/wp-content\/uploads\/2023\/10\/CEJC-CANREACareerspage-Nature_Fr-2048x1201.jpg",2048,1201,true],"alm-thumbnail":["https:\/\/renewablesassociation.ca\/wp-content\/uploads\/2023\/10\/CEJC-CANREACareerspage-Nature_Fr-150x150.jpg",150,150,true],"alm-cta":["https:\/\/renewablesassociation.ca\/wp-content\/uploads\/2023\/10\/CEJC-CANREACareerspage-Nature_Fr-800x450.jpg",800,450,true],"alm-gallery":["https:\/\/renewablesassociation.ca\/wp-content\/uploads\/2023\/10\/CEJC-CANREACareerspage-Nature_Fr-800x600.jpg",800,600,true],"news-img-2x":["https:\/\/renewablesassociation.ca\/wp-content\/uploads\/2023\/10\/CEJC-CANREACareerspage-Nature_Fr-1380x1030.jpg",1380,1030,true],"news-img":["https:\/\/renewablesassociation.ca\/wp-content\/uploads\/2023\/10\/CEJC-CANREACareerspage-Nature_Fr-690x515.jpg",690,515,true],"gform-image-choice-sm":["https:\/\/renewablesassociation.ca\/wp-content\/uploads\/2023\/10\/CEJC-CANREACareerspage-Nature_Fr-scaled.jpg",300,176,false],"gform-image-choice-md":["https:\/\/renewablesassociation.ca\/wp-content\/uploads\/2023\/10\/CEJC-CANREACareerspage-Nature_Fr-scaled.jpg",400,235,false],"gform-image-choice-lg":["https:\/\/renewablesassociation.ca\/wp-content\/uploads\/2023\/10\/CEJC-CANREACareerspage-Nature_Fr-scaled.jpg",600,352,false]},"uagb_author_info":{"display_name":"paperleaf","author_link":"https:\/\/renewablesassociation.ca\/fr\/author\/paperleaf\/"},"uagb_comment_info":0,"uagb_excerpt":"Vous &ecirc;tes-vous d&eacute;j&agrave; demand&eacute; &agrave; quoi ressemble le quotidien d&rsquo;une technicienne en &eacute;oliennes, juch&eacute;e &agrave; 150 m&egrave;tres dans les airs? Ou celui d&rsquo;un &eacute;lectricien dans une centrale solaire, qui harnache la puissance du Soleil pour recharger une batterie g&eacute;ante? Avec ses profils de carri&egrave;re en &eacute;nergie propre, CanREA interroge les travailleurs canadiens du renouvelable et\u2026","_links":{"self":[{"href":"https:\/\/renewablesassociation.ca\/fr\/wp-json\/wp\/v2\/pages\/17689","targetHints":{"allow":["GET"]}}],"collection":[{"href":"https:\/\/renewablesassociation.ca\/fr\/wp-json\/wp\/v2\/pages"}],"about":[{"href":"https:\/\/renewablesassociation.ca\/fr\/wp-json\/wp\/v2\/types\/page"}],"author":[{"embeddable":true,"href":"https:\/\/renewablesassociation.ca\/fr\/wp-json\/wp\/v2\/users\/1913"}],"replies":[{"embeddable":true,"href":"https:\/\/renewablesassociation.ca\/fr\/wp-json\/wp\/v2\/comments?post=17689"}],"version-history":[{"count":2,"href":"https:\/\/renewablesassociation.ca\/fr\/wp-json\/wp\/v2\/pages\/17689\/revisions"}],"predecessor-version":[{"id":17691,"href":"https:\/\/renewablesassociation.ca\/fr\/wp-json\/wp\/v2\/pages\/17689\/revisions\/17691"}],"up":[{"embeddable":true,"href":"https:\/\/renewablesassociation.ca\/fr\/wp-json\/wp\/v2\/pages\/1407"}],"wp:featuredmedia":[{"embeddable":true,"href":"https:\/\/renewablesassociation.ca\/fr\/wp-json\/wp\/v2\/media\/17827"}],"wp:attachment":[{"href":"https:\/\/renewablesassociation.ca\/fr\/wp-json\/wp\/v2\/media?parent=17689"}],"wp:term":[{"taxonomy":"post_tag","embeddable":true,"href":"https:\/\/renewablesassociation.ca\/fr\/wp-json\/wp\/v2\/tags?post=17689"}],"curies":[{"name":"wp","href":"https:\/\/api.w.org\/{rel}","templated":true}]}}