{"id":17669,"date":"2023-10-17T13:31:53","date_gmt":"2023-10-17T17:31:53","guid":{"rendered":"https:\/\/renewablesassociation.ca\/?page_id=17669"},"modified":"2025-01-20T16:39:14","modified_gmt":"2025-01-20T20:39:14","slug":"opportunites-demploi","status":"publish","type":"page","link":"https:\/\/renewablesassociation.ca\/fr\/carrieres\/opportunites-demploi\/","title":{"rendered":"Opportunit\u00e9s d\u2019emploi"},"content":{"rendered":"\n<p>Il y a une demande croissante de travailleurs qualifi\u00e9s dans les industries d l\u2019\u00e9nergie \u00e9olienne, solaire et du stockage de l\u2019\u00e9nergie, avec une diversit\u00e9 de postes gratifiants et bien r\u00e9mun\u00e9r\u00e9s situ\u00e9s dans des communaut\u00e9s \u00e0 travers le pays.<\/p>\n\n\n\n<p>Le site Web des carri\u00e8res de CanREA, <a href=\"https:\/\/cleanenergyjobs.ca\/\" target=\"_blank\" rel=\"noreferrer noopener\">Emplois \u00c9nergie Propre Canada<\/a>, vise \u00e0 mettre en relation les employeurs et les chercheurs d&#8217;emploi pour contribuer \u00e0 construire la main-d&#8217;\u0153uvre de l&#8217;avenir.&nbsp;<\/p>\n\n\n\n<p><strong>Chercheurs d\u2019emploi<\/strong>&nbsp;: \u00cates-vous \u00e0 la recherche d\u2019un emploi dans le domaine de l\u2019\u00e9nergie renouvelable, du stockage d\u2019\u00e9nergie ou d\u2019autres technologies propres? Consultez le site Emplois \u00c9nergie Propre Canada! Vous pouvez afficher votre CV, chercher des postes vacants partout au Canada, postuler des emplois et cr\u00e9er des alertes d\u2019emploi personnelles.<\/p>\n\n\n\n<p><strong>Employeurs<\/strong>&nbsp;: Cherchez-vous des travailleurs? Cr\u00e9ez un compte sur le site Emplois \u00c9nergie Propre Canada, puis vous pourrez afficher vos offres d\u2019emploi, faire une recherche dans notre base de donn\u00e9es de candidats qualifi\u00e9s et cibler vos efforts de recrutement sur le site incontournable des carri\u00e8res dans les secteurs de l\u2019\u00e9nergie renouvelable, du stockage d\u2019\u00e9nergie et des technologies propres.&nbsp;<\/p>\n\n\n\n<p>Les entreprises membres de CanREA obtiennent un tarif r\u00e9duit sur les offres d\u2019emploi&nbsp;: <a href=\"https:\/\/renewablesassociation.ca\/fr\/?page_id=1451\" data-type=\"page\" data-id=\"1451\">communiquez avec CanREA<\/a> pour en savoir plus.<\/p>\n\n\n\n<div class=\"wp-block-buttons is-layout-flex wp-block-buttons-is-layout-flex\">\n<div class=\"wp-block-button\"><a class=\"wp-block-button__link wp-element-button\" href=\"https:\/\/cleanenergyjobs.ca\/\" target=\"_blank\" rel=\"noreferrer noopener\">Emplois \u00c9nergie Propre Canada<\/a><\/div>\n<\/div>\n\n\n\n<p>Les postes ouverts s\u00e9lectionn\u00e9s sont \u00e9galement r\u00e9pertori\u00e9s ci-dessous.<\/p>\n\n\n\n<figure class=\"wp-block-image\"><img decoding=\"async\" src=\"https:\/\/renewablesassociation.ca\/wp-content\/themes\/renewablesassociation\/assets\/images\/divider-gradient.png\" alt=\"\" loading=\"lazy\" \/><\/figure>\n\n\n\n<h2 class=\"wp-block-heading\"><strong>D\u00e9couvrez ces nouvelles opportunit\u00e9s d&#8217;emploi !<\/strong><\/h2>\n\n\n\n<p><em>* La majorit\u00e9 de ces opportunit\u00e9s d&#8217;emplois sont en anglais.<\/em><\/p>\n\n\n\n<script src=\"https:\/\/renewablesassociation.careerwebsite.com\/distrib\/jobs\/javascript.cfm?code=2dSJtCDtMbn6pOc1b4s6P267BNPZQUmU\"><\/script>\n\n\n\n<div style=\"height:64px\" aria-hidden=\"true\" class=\"wp-block-spacer\"><\/div>\n\n\n\n<div class=\"wp-block-group\"><div class=\"wp-block-group__inner-container is-layout-constrained wp-block-group-is-layout-constrained\">\n<h2 class=\"wp-block-heading\"><strong>Consultez la section Carri\u00e8res de CanREA !<\/strong><\/h2>\n\n\n\n<p>Ne manquez pas le contenu essentiel de la section Carri\u00e8res du site Web de CanREA :<\/p>\n\n\n\n<div class=\"wp-block-uagb-call-to-action uagb-block-fa1b4dc4 wp-block-button\"><div class=\"uagb-cta__wrap\"><h3 class=\"uagb-cta__title\">Profils de travailleurs<\/h3><\/div><div class=\"uagb-cta__buttons\"><a href=\"\/fr\/carrieres\/profils-de-travailleurs\/\" class=\"uagb-cta__button-link-wrapper wp-block-button__link\" target=\"_self\" rel=\"noopener noreferrer\">Savoir Plus<\/a><\/div><\/div>\n\n\n\n<div class=\"wp-block-uagb-separator uagb-block-aa9fc93b\"><div class=\"wp-block-uagb-separator__inner\" style=\"--my-background-image:\"><\/div><\/div>\n\n\n\n<div class=\"wp-block-uagb-call-to-action uagb-block-3e611f8a wp-block-button\"><div class=\"uagb-cta__wrap\"><h3 class=\"uagb-cta__title\">Opportunit\u00e9s de formation<\/h3><\/div><div class=\"uagb-cta__buttons\"><a href=\"\/fr\/careers\/training-opportunities\/\" class=\"uagb-cta__button-link-wrapper wp-block-button__link\" target=\"_self\" rel=\"noopener noreferrer\">Savoir Plus<\/a><\/div><\/div>\n\n\n\n<div class=\"wp-block-uagb-separator uagb-block-fab97aa8\"><div class=\"wp-block-uagb-separator__inner\" style=\"--my-background-image:\"><\/div><\/div>\n<\/div><\/div>\n","protected":false},"excerpt":{"rendered":"<p>Il y a une demande croissante de travailleurs qualifi&eacute;s dans les industries d l&rsquo;&eacute;nergie &eacute;olienne, solaire et du stockage de l&rsquo;&eacute;nergie, avec une diversit&eacute; de postes gratifiants et bien r&eacute;mun&eacute;r&eacute;s situ&eacute;s dans des communaut&eacute;s &agrave; travers le pays. [&hellip;]<\/p>\n","protected":false},"author":1913,"featured_media":0,"parent":1407,"menu_order":0,"comment_status":"closed","ping_status":"closed","template":"","meta":{"_acf_changed":false,"_eb_attr":"","_uag_custom_page_level_css":"","footnotes":""},"tags":[],"class_list":["post-17669","page","type-page","status-publish","hentry"],"acf":[],"uagb_featured_image_src":{"full":false,"thumbnail":false,"medium":false,"medium_large":false,"large":false,"1536x1536":false,"2048x2048":false,"alm-thumbnail":false,"alm-cta":false,"alm-gallery":false,"news-img-2x":false,"news-img":false,"gform-image-choice-sm":false,"gform-image-choice-md":false,"gform-image-choice-lg":false},"uagb_author_info":{"display_name":"paperleaf","author_link":"https:\/\/renewablesassociation.ca\/fr\/author\/paperleaf\/"},"uagb_comment_info":0,"uagb_excerpt":"Il y a une demande croissante de travailleurs qualifi&eacute;s dans les industries d l&rsquo;&eacute;nergie &eacute;olienne, solaire et du stockage de l&rsquo;&eacute;nergie, avec une diversit&eacute; de postes gratifiants et bien r&eacute;mun&eacute;r&eacute;s situ&eacute;s dans des communaut&eacute;s &agrave; travers le pays. [&hellip;]","_links":{"self":[{"href":"https:\/\/renewablesassociation.ca\/fr\/wp-json\/wp\/v2\/pages\/17669","targetHints":{"allow":["GET"]}}],"collection":[{"href":"https:\/\/renewablesassociation.ca\/fr\/wp-json\/wp\/v2\/pages"}],"about":[{"href":"https:\/\/renewablesassociation.ca\/fr\/wp-json\/wp\/v2\/types\/page"}],"author":[{"embeddable":true,"href":"https:\/\/renewablesassociation.ca\/fr\/wp-json\/wp\/v2\/users\/1913"}],"replies":[{"embeddable":true,"href":"https:\/\/renewablesassociation.ca\/fr\/wp-json\/wp\/v2\/comments?post=17669"}],"version-history":[{"count":4,"href":"https:\/\/renewablesassociation.ca\/fr\/wp-json\/wp\/v2\/pages\/17669\/revisions"}],"predecessor-version":[{"id":21814,"href":"https:\/\/renewablesassociation.ca\/fr\/wp-json\/wp\/v2\/pages\/17669\/revisions\/21814"}],"up":[{"embeddable":true,"href":"https:\/\/renewablesassociation.ca\/fr\/wp-json\/wp\/v2\/pages\/1407"}],"wp:attachment":[{"href":"https:\/\/renewablesassociation.ca\/fr\/wp-json\/wp\/v2\/media?parent=17669"}],"wp:term":[{"taxonomy":"post_tag","embeddable":true,"href":"https:\/\/renewablesassociation.ca\/fr\/wp-json\/wp\/v2\/tags?post=17669"}],"curies":[{"name":"wp","href":"https:\/\/api.w.org\/{rel}","templated":true}]}}