{"id":1428,"date":"2020-06-19T21:21:42","date_gmt":"2020-06-19T21:21:42","guid":{"rendered":"https:\/\/renewablesassociation.ca\/?page_id=1428"},"modified":"2024-02-02T14:46:14","modified_gmt":"2024-02-02T18:46:14","slug":"salle-de-presse","status":"publish","type":"page","link":"https:\/\/renewablesassociation.ca\/fr\/salle-de-presse\/","title":{"rendered":"Salle de presse"},"content":{"rendered":"\t\t<div data-elementor-type=\"wp-page\" data-elementor-id=\"1428\" class=\"elementor elementor-1428 elementor-36\">\n\t\t\t\t\t\t<section class=\"elementor-section elementor-top-section elementor-element elementor-element-4ade8945 elementor-section-boxed elementor-section-height-default elementor-section-height-default\" data-id=\"4ade8945\" data-element_type=\"section\" data-e-type=\"section\">\n\t\t\t\t\t\t<div class=\"elementor-container elementor-column-gap-default\">\n\t\t\t\t\t<div class=\"elementor-column elementor-col-100 elementor-top-column elementor-element elementor-element-7589005c\" data-id=\"7589005c\" data-element_type=\"column\" data-e-type=\"column\">\n\t\t\t<div class=\"elementor-widget-wrap elementor-element-populated\">\n\t\t\t\t\t\t<div class=\"elementor-element elementor-element-7902eb72 elementor-widget elementor-widget-text-editor\" data-id=\"7902eb72\" data-element_type=\"widget\" data-e-type=\"widget\" data-widget_type=\"text-editor.default\">\n\t\t\t\t<div class=\"elementor-widget-container\">\n\t\t\t\t\t\t\t\t\t<p><\/p>\n<p>L\u2019Association canadienne de l\u2019\u00e9nergie renouvelable est la voix des solutions d\u2019\u00e9nergies \u00e9olienne et solaire et de stockage d\u2019\u00e9nergie qui fa\u00e7onnent l\u2019avenir \u00e9nerg\u00e9tique du Canada. Nous invitons les m\u00e9dias \u00e0 explorer les nombreuses ressources sur ce site Web et \u00e0 nous poser leurs questions.<\/p>\n<p><\/p>\n<p><\/p>\n<h3>Pour toute demande relative aux m\u00e9dias, veuillez communiquer avec :<\/h3>\n<p><\/p>\n<p><\/p>\n<p><a rel=\"noreferrer noopener\" href=\"mailto:communications@associationrenouvelable.ca\" target=\"_blank\">communications@associationrenouvelable.ca<\/a><br>T\u00e9l. : 613-552-8589<\/p>\n<p><\/p>\t\t\t\t\t\t\t\t<\/div>\n\t\t\t\t<\/div>\n\t\t\t\t\t<\/div>\n\t\t<\/div>\n\t\t\t\t\t<\/div>\n\t\t<\/section>\n\t\t\t\t<\/div>\n\t\t","protected":false},"excerpt":{"rendered":"<p>L&rsquo;Association canadienne de l&rsquo;&eacute;nergie renouvelable est la voix des solutions d&rsquo;&eacute;nergies &eacute;olienne et solaire et de stockage d&rsquo;&eacute;nergie qui fa&ccedil;onnent l&rsquo;avenir &eacute;nerg&eacute;tique du Canada. Nous invitons les m&eacute;dias &agrave; explorer les nombreuses ressources sur ce site Web et &agrave; nous poser leurs questions. [&hellip;]<\/p>\n","protected":false},"author":1582,"featured_media":0,"parent":0,"menu_order":15,"comment_status":"closed","ping_status":"closed","template":"page-templates\/media-room.php","meta":{"_acf_changed":false,"_eb_attr":"","_uag_custom_page_level_css":"","footnotes":""},"tags":[],"class_list":["post-1428","page","type-page","status-publish","hentry"],"acf":[],"uagb_featured_image_src":{"full":false,"thumbnail":false,"medium":false,"medium_large":false,"large":false,"1536x1536":false,"2048x2048":false,"alm-thumbnail":false,"alm-cta":false,"alm-gallery":false,"news-img-2x":false,"news-img":false,"gform-image-choice-sm":false,"gform-image-choice-md":false,"gform-image-choice-lg":false},"uagb_author_info":{"display_name":"Melissa McDougall","author_link":"https:\/\/renewablesassociation.ca\/fr\/author\/bff89ed1-c4f1-4277-9caa-d943ba5a306a\/"},"uagb_comment_info":0,"uagb_excerpt":"L&rsquo;Association canadienne de l&rsquo;&eacute;nergie renouvelable est la voix des solutions d&rsquo;&eacute;nergies &eacute;olienne et solaire et de stockage d&rsquo;&eacute;nergie qui fa&ccedil;onnent l&rsquo;avenir &eacute;nerg&eacute;tique du Canada. Nous invitons les m&eacute;dias &agrave; explorer les nombreuses ressources sur ce site Web et &agrave; nous poser leurs questions. [&hellip;]","_links":{"self":[{"href":"https:\/\/renewablesassociation.ca\/fr\/wp-json\/wp\/v2\/pages\/1428","targetHints":{"allow":["GET"]}}],"collection":[{"href":"https:\/\/renewablesassociation.ca\/fr\/wp-json\/wp\/v2\/pages"}],"about":[{"href":"https:\/\/renewablesassociation.ca\/fr\/wp-json\/wp\/v2\/types\/page"}],"author":[{"embeddable":true,"href":"https:\/\/renewablesassociation.ca\/fr\/wp-json\/wp\/v2\/users\/1582"}],"replies":[{"embeddable":true,"href":"https:\/\/renewablesassociation.ca\/fr\/wp-json\/wp\/v2\/comments?post=1428"}],"version-history":[{"count":10,"href":"https:\/\/renewablesassociation.ca\/fr\/wp-json\/wp\/v2\/pages\/1428\/revisions"}],"predecessor-version":[{"id":19009,"href":"https:\/\/renewablesassociation.ca\/fr\/wp-json\/wp\/v2\/pages\/1428\/revisions\/19009"}],"wp:attachment":[{"href":"https:\/\/renewablesassociation.ca\/fr\/wp-json\/wp\/v2\/media?parent=1428"}],"wp:term":[{"taxonomy":"post_tag","embeddable":true,"href":"https:\/\/renewablesassociation.ca\/fr\/wp-json\/wp\/v2\/tags?post=1428"}],"curies":[{"name":"wp","href":"https:\/\/api.w.org\/{rel}","templated":true}]}}