{"id":1409,"date":"2020-06-19T21:07:40","date_gmt":"2020-06-19T21:07:40","guid":{"rendered":"https:\/\/renewablesassociation.ca\/?page_id=1409"},"modified":"2023-05-10T11:39:37","modified_gmt":"2023-05-10T15:39:37","slug":"soumettre-une-offre-demploi","status":"publish","type":"page","link":"https:\/\/renewablesassociation.ca\/fr\/carrieres\/soumettre-une-offre-demploi\/","title":{"rendered":"Soumettre une offre d\u2019emploi"},"content":{"rendered":"\n<h2 class=\"wp-block-heading\">Tarifs et politiques de publication d\u2019offres d\u2019emploi<\/h2>\n\n\n\n<p>(En vigueur le 15\u202favril 2023)<\/p>\n\n\n\n<p><strong>Tarifs<\/strong>&nbsp;<\/p>\n\n\n\n<ul class=\"wp-block-list\">\n<li>Les entreprises membres de l\u2019Association canadienne de l\u2019\u00e9nergie renouvelable peuvent publier gratuitement des offres d\u2019emploi.&nbsp;<\/li>\n\n\n\n<li>Les non-membres doivent payer le plein tarif avant la publication, que voici (en dollars canadiens)\u202f:&nbsp;\n<ul class=\"wp-block-list\">\n<li>299\u202f$ (taxes en sus) par offre, pour une p\u00e9riode de 30\u202fjours\u00a0<\/li>\n\n\n\n<li>599\u202f$ (taxes en sus)\u202fpar offre, pour une p\u00e9riode de 90\u202fjours\u00a0<\/li>\n<\/ul>\n<\/li>\n<\/ul>\n\n\n\n<p>&nbsp;<br><strong>Modalit\u00e9s<\/strong>&nbsp;<\/p>\n\n\n\n<ul class=\"wp-block-list\">\n<li>Les offres d\u2019emploi seront affich\u00e9es sur la page Carri\u00e8res dans les 2\u202fjours ouvrables suivant l\u2019envoi de tous les renseignements demand\u00e9s.&nbsp;<\/li>\n\n\n\n<li>Veuillez consulter r\u00e9guli\u00e8rement la page Carri\u00e8res du site de CanREA pendant cette p\u00e9riode de deux jours, car CanREA ne vous avertira pas de la publication de votre offre.&nbsp;<\/li>\n\n\n\n<li>Toute prolongation de la p\u00e9riode de publication doit \u00eatre demand\u00e9e \u00e0 l\u2019avance.&nbsp;<\/li>\n\n\n\n<li>Les remboursements sur les offres d\u2019emploi seront assujettis \u00e0 des frais administratifs de 25\u202f$.&nbsp;<\/li>\n<\/ul>\n\n\n\n<p>Pour publier votre offre d\u2019emploi sur le site Web de l\u2019Association canadienne de l\u2019\u00e9nergie renouvelable,\u202fveuillez remplir notre <a href=\"https:\/\/form.jotform.com\/CanREA_Members\/canrea-jobboard-posting\" target=\"_blank\" rel=\"noreferrer noopener\">formulaire d\u2019offre d\u2019emploi.&nbsp;<\/a><\/p>\n\n\n\n<div class=\"wp-block-buttons is-layout-flex wp-block-buttons-is-layout-flex\">\n<div class=\"wp-block-button\"><a class=\"wp-block-button__link wp-element-button\" href=\"mailto:membres@associationrenouvelable.ca\">CONTACTEZ NOUS<\/a><\/div>\n<\/div>\n","protected":false},"excerpt":{"rendered":"<p>(En vigueur le 15&#8239;avril 2023) [&hellip;]<\/p>\n","protected":false},"author":1582,"featured_media":0,"parent":1407,"menu_order":3,"comment_status":"closed","ping_status":"closed","template":"","meta":{"_acf_changed":false,"_eb_attr":"","_uag_custom_page_level_css":"","footnotes":""},"tags":[],"class_list":["post-1409","page","type-page","status-publish","hentry"],"acf":[],"uagb_featured_image_src":{"full":false,"thumbnail":false,"medium":false,"medium_large":false,"large":false,"1536x1536":false,"2048x2048":false,"alm-thumbnail":false,"alm-cta":false,"alm-gallery":false,"news-img-2x":false,"news-img":false,"gform-image-choice-sm":false,"gform-image-choice-md":false,"gform-image-choice-lg":false},"uagb_author_info":{"display_name":"Melissa McDougall","author_link":"https:\/\/renewablesassociation.ca\/fr\/author\/bff89ed1-c4f1-4277-9caa-d943ba5a306a\/"},"uagb_comment_info":0,"uagb_excerpt":"(En vigueur le 15&#8239;avril 2023) [&hellip;]","_links":{"self":[{"href":"https:\/\/renewablesassociation.ca\/fr\/wp-json\/wp\/v2\/pages\/1409","targetHints":{"allow":["GET"]}}],"collection":[{"href":"https:\/\/renewablesassociation.ca\/fr\/wp-json\/wp\/v2\/pages"}],"about":[{"href":"https:\/\/renewablesassociation.ca\/fr\/wp-json\/wp\/v2\/types\/page"}],"author":[{"embeddable":true,"href":"https:\/\/renewablesassociation.ca\/fr\/wp-json\/wp\/v2\/users\/1582"}],"replies":[{"embeddable":true,"href":"https:\/\/renewablesassociation.ca\/fr\/wp-json\/wp\/v2\/comments?post=1409"}],"version-history":[{"count":7,"href":"https:\/\/renewablesassociation.ca\/fr\/wp-json\/wp\/v2\/pages\/1409\/revisions"}],"predecessor-version":[{"id":15754,"href":"https:\/\/renewablesassociation.ca\/fr\/wp-json\/wp\/v2\/pages\/1409\/revisions\/15754"}],"up":[{"embeddable":true,"href":"https:\/\/renewablesassociation.ca\/fr\/wp-json\/wp\/v2\/pages\/1407"}],"wp:attachment":[{"href":"https:\/\/renewablesassociation.ca\/fr\/wp-json\/wp\/v2\/media?parent=1409"}],"wp:term":[{"taxonomy":"post_tag","embeddable":true,"href":"https:\/\/renewablesassociation.ca\/fr\/wp-json\/wp\/v2\/tags?post=1409"}],"curies":[{"name":"wp","href":"https:\/\/api.w.org\/{rel}","templated":true}]}}