{"id":1407,"date":"2020-06-19T21:07:05","date_gmt":"2020-06-19T21:07:05","guid":{"rendered":"https:\/\/renewablesassociation.ca\/?page_id=1407"},"modified":"2024-11-14T14:07:00","modified_gmt":"2024-11-14T18:07:00","slug":"carrieres","status":"publish","type":"page","link":"https:\/\/renewablesassociation.ca\/fr\/carrieres\/","title":{"rendered":"Carri\u00e8res"},"content":{"rendered":"\n<p>Vous voulez en savoir plus sur le travail dans le domaine de l\u2019\u00e9nergie propre? ll y a une demande croissante de travailleurs qualifi\u00e9s dans les secteurs de l&#8217;\u00e9olien, du solaire et du stockage d&#8217;\u00e9nergie, avec une diversit\u00e9 de postes gratifiants et bien r\u00e9mun\u00e9r\u00e9s situ\u00e9s dans des communaut\u00e9s \u00e0 travers le pays.&nbsp;Consultez nos offres d&#8217;emploi, les profils de carri\u00e8re des personnes d\u00e9j\u00e0 actives dans ce domaine passionnant, les opportunit\u00e9s \u00e9ducatives et de formation, et bien plus encore !<\/p>\n\n\n\n<div class=\"wp-block-uagb-call-to-action uagb-block-93c4d865 wp-block-button\"><div class=\"uagb-cta__wrap\"><h2 class=\"uagb-cta__title\">Opportunit\u00e9s d\u2019emploi<\/h2><\/div><div class=\"uagb-cta__buttons\"><a href=\"\/fr\/carrieres\/opportunites-demploi\/\" class=\"uagb-cta__button-link-wrapper wp-block-button__link\" target=\"_self\" rel=\"noopener noreferrer\">Savoir Plus<\/a><\/div><\/div>\n\n\n\n<div class=\"wp-block-uagb-separator uagb-block-9e08b853\"><div class=\"wp-block-uagb-separator__inner\" style=\"--my-background-image:\"><\/div><\/div>\n\n\n\n<div class=\"wp-block-uagb-call-to-action uagb-block-fa1b4dc4 wp-block-button\"><div class=\"uagb-cta__wrap\"><h2 class=\"uagb-cta__title\">Profils de travailleurs<\/h2><\/div><div class=\"uagb-cta__buttons\"><a href=\"\/fr\/carrieres\/profils-de-travailleurs\/\" class=\"uagb-cta__button-link-wrapper wp-block-button__link\" target=\"_self\" rel=\"noopener noreferrer\">Savoir Plus<\/a><\/div><\/div>\n\n\n\n<div class=\"wp-block-uagb-separator uagb-block-aa9fc93b\"><div class=\"wp-block-uagb-separator__inner\" style=\"--my-background-image:\"><\/div><\/div>\n\n\n\n<div class=\"wp-block-uagb-call-to-action uagb-block-3e611f8a wp-block-button\"><div class=\"uagb-cta__wrap\"><h2 class=\"uagb-cta__title\">Opportunit\u00e9s de formation<\/h2><\/div><div class=\"uagb-cta__buttons\"><a href=\"\/fr\/careers\/training-opportunities\/\" class=\"uagb-cta__button-link-wrapper wp-block-button__link\" target=\"_self\" rel=\"noopener noreferrer\">Savoir Plus<\/a><\/div><\/div>\n\n\n\n<div class=\"wp-block-uagb-separator uagb-block-fab97aa8\"><div class=\"wp-block-uagb-separator__inner\" style=\"--my-background-image:\"><\/div><\/div>\n\n\n<div class=\"block--recommended\"><h2 class=\"block--recommended--header\">Recommend\u00e9 pour vous<\/h2><div class=\"block--recommended--inner\"><div class=\"block--recommended--item\">\n        <a href=\"https:\/\/renewablesassociation.ca\/fr\/__trashed-2\/\" class=\"block--recommended--link\"><span class=\"sr-only\">Jordan\u202fRegnier<\/span><\/a><figure class=\"ratio--fixed ratio--4-3 mb-4\"><img fetchpriority=\"high\" decoding=\"async\" width=\"768\" height=\"623\" src=\"https:\/\/renewablesassociation.ca\/wp-content\/smush-webp\/2023\/10\/Jordan-graphic-FR-768x623.png.webp\" class=\"attachment-medium_large size-medium_large wp-post-image\" alt=\"\" srcset=\"https:\/\/renewablesassociation.ca\/wp-content\/smush-webp\/2023\/10\/Jordan-graphic-FR-768x623.png.webp 768w, https:\/\/renewablesassociation.ca\/wp-content\/smush-webp\/2023\/10\/Jordan-graphic-FR-300x243.png.webp 300w, https:\/\/renewablesassociation.ca\/wp-content\/smush-webp\/2023\/10\/Jordan-graphic-FR.png.webp 1024w\" sizes=\"(max-width: 768px) 100vw, 768px\" \/><\/figure><p class=\"block--recommended--meta mb-1\">Profil de travailleur | 23 octobre 2023<\/p><h3 class=\"mb-1\">Jordan\u202fRegnier<\/h3><p>Vous &ecirc;tes-vous d&eacute;j&agrave; demand&eacute; &agrave; quoi ressemble le quotidien d&rsquo;une technicienne en &eacute;oliennes, juch&eacute;e &agrave; 150 m&egrave;tres dans les airs? Ou celui d&rsquo;un &eacute;lectricien dans une centrale solaire, qui harnache la puissance du Soleil pour recharger une batterie g&eacute;ante? Avec ses profils de carri&egrave;re en &eacute;nergie propre, CanREA interroge les travailleurs canadiens du renouvelable et [&hellip;]<\/p>\n<\/div><div class=\"block--recommended--item\">\n        <a href=\"https:\/\/renewablesassociation.ca\/fr\/emilia-ligeti\/\" class=\"block--recommended--link\"><span class=\"sr-only\">Emilia Ligeti<\/span><\/a><figure class=\"ratio--fixed ratio--4-3 mb-4\"><img decoding=\"async\" width=\"768\" height=\"623\" src=\"https:\/\/renewablesassociation.ca\/wp-content\/smush-webp\/2023\/10\/Emilia-graphic-FR-768x623.png.webp\" class=\"attachment-medium_large size-medium_large wp-post-image\" alt=\"\" srcset=\"https:\/\/renewablesassociation.ca\/wp-content\/smush-webp\/2023\/10\/Emilia-graphic-FR-768x623.png.webp 768w, https:\/\/renewablesassociation.ca\/wp-content\/smush-webp\/2023\/10\/Emilia-graphic-FR-300x243.png.webp 300w, https:\/\/renewablesassociation.ca\/wp-content\/smush-webp\/2023\/10\/Emilia-graphic-FR.png.webp 1024w\" sizes=\"(max-width: 768px) 100vw, 768px\" loading=\"lazy\" \/><\/figure><p class=\"block--recommended--meta mb-1\">Profil de travailleur | 23 octobre 2023<\/p><h3 class=\"mb-1\">Emilia Ligeti<\/h3><p>Vous &ecirc;tes-vous d&eacute;j&agrave; demand&eacute; &agrave; quoi ressemble le quotidien d&rsquo;une technicienne en &eacute;oliennes, juch&eacute;e &agrave; 150 m&egrave;tres dans les airs? Ou celui d&rsquo;un &eacute;lectricien dans une centrale solaire, qui harnache la puissance du Soleil pour recharger une batterie g&eacute;ante? Avec ses profils de carri&egrave;re en &eacute;nergie propre, CanREA interroge les travailleurs canadiens du renouvelable et [&hellip;]<\/p>\n<\/div><\/div><\/div>","protected":false},"excerpt":{"rendered":"<p>Vous &ecirc;tes-vous d&eacute;j&agrave; demand&eacute; &agrave; quoi ressemble le quotidien d&rsquo;une technicienne en &eacute;oliennes, juch&eacute;e &agrave; 150 m&egrave;tres dans les airs? Ou celui d&rsquo;un &eacute;lectricien dans une centrale solaire, qui harnache la puissance du Soleil pour recharger une batterie g&eacute;ante? Avec ses profils de carri&egrave;re en &eacute;nergie propre, CanREA interroge les travailleurs canadiens du renouvelable et [&hellip;]<\/p>\n","protected":false},"author":1582,"featured_media":0,"parent":0,"menu_order":30,"comment_status":"closed","ping_status":"closed","template":"","meta":{"_acf_changed":false,"_eb_attr":"","_uag_custom_page_level_css":"","footnotes":""},"tags":[],"class_list":["post-1407","page","type-page","status-publish","hentry"],"acf":[],"uagb_featured_image_src":{"full":false,"thumbnail":false,"medium":false,"medium_large":false,"large":false,"1536x1536":false,"2048x2048":false,"alm-thumbnail":false,"alm-cta":false,"alm-gallery":false,"news-img-2x":false,"news-img":false,"gform-image-choice-sm":false,"gform-image-choice-md":false,"gform-image-choice-lg":false},"uagb_author_info":{"display_name":"Melissa McDougall","author_link":"https:\/\/renewablesassociation.ca\/fr\/author\/bff89ed1-c4f1-4277-9caa-d943ba5a306a\/"},"uagb_comment_info":0,"uagb_excerpt":"Vous &ecirc;tes-vous d&eacute;j&agrave; demand&eacute; &agrave; quoi ressemble le quotidien d&rsquo;une technicienne en &eacute;oliennes, juch&eacute;e &agrave; 150 m&egrave;tres dans les airs? Ou celui d&rsquo;un &eacute;lectricien dans une centrale solaire, qui harnache la puissance du Soleil pour recharger une batterie g&eacute;ante? Avec ses profils de carri&egrave;re en &eacute;nergie propre, CanREA interroge les travailleurs canadiens du renouvelable et\u2026","_links":{"self":[{"href":"https:\/\/renewablesassociation.ca\/fr\/wp-json\/wp\/v2\/pages\/1407","targetHints":{"allow":["GET"]}}],"collection":[{"href":"https:\/\/renewablesassociation.ca\/fr\/wp-json\/wp\/v2\/pages"}],"about":[{"href":"https:\/\/renewablesassociation.ca\/fr\/wp-json\/wp\/v2\/types\/page"}],"author":[{"embeddable":true,"href":"https:\/\/renewablesassociation.ca\/fr\/wp-json\/wp\/v2\/users\/1582"}],"replies":[{"embeddable":true,"href":"https:\/\/renewablesassociation.ca\/fr\/wp-json\/wp\/v2\/comments?post=1407"}],"version-history":[{"count":149,"href":"https:\/\/renewablesassociation.ca\/fr\/wp-json\/wp\/v2\/pages\/1407\/revisions"}],"predecessor-version":[{"id":21317,"href":"https:\/\/renewablesassociation.ca\/fr\/wp-json\/wp\/v2\/pages\/1407\/revisions\/21317"}],"wp:attachment":[{"href":"https:\/\/renewablesassociation.ca\/fr\/wp-json\/wp\/v2\/media?parent=1407"}],"wp:term":[{"taxonomy":"post_tag","embeddable":true,"href":"https:\/\/renewablesassociation.ca\/fr\/wp-json\/wp\/v2\/tags?post=1407"}],"curies":[{"name":"wp","href":"https:\/\/api.w.org\/{rel}","templated":true}]}}