{"id":1401,"date":"2020-06-16T16:48:43","date_gmt":"2020-06-16T16:48:43","guid":{"rendered":"https:\/\/renewablesassociation.ca\/?page_id=1401"},"modified":"2023-12-11T17:47:57","modified_gmt":"2023-12-11T21:47:57","slug":"board-of-directors","status":"publish","type":"page","link":"https:\/\/renewablesassociation.ca\/fr\/board-of-directors\/","title":{"rendered":"Notre conseil d\u2019administration"},"content":{"rendered":"\n<p>\u00c0 titre d\u2019association sans but lucratif, l\u2019Association canadienne de l\u2019\u00e9nergie renouvelable est dirig\u00e9e par un conseil d\u2019administration et celui-ci compte seize membres, dont quatre postes de direction (pr\u00e9sident, vice-pr\u00e9sident, secr\u00e9taire et tr\u00e9sorier). En tant que dirigeants de l\u2019industrie, les membres mettent \u00e0 profit leur expertise et leurs connaissances et sont de fervents d\u00e9fenseurs du d\u00e9veloppement de l\u2019\u00e9nergie \u00e9olienne, de l\u2019\u00e9nergie solaire et du stockage d\u2019\u00e9nergie au Canada.<\/p>\n\n\n<div class=\"block--people per row-3\"><div class=\"person\">\n                <div class=\"person--thumbnail ratio--fixed ratio--5-7 img--cover\"><img fetchpriority=\"high\" decoding=\"async\" width=\"432\" height=\"648\" src=\"https:\/\/renewablesassociation.ca\/wp-content\/smush-webp\/2023\/10\/Colleen-Giroux-Schmidt.jpeg.webp\" class=\"attachment-post-thumbnail size-post-thumbnail wp-post-image\" alt=\"\" srcset=\"https:\/\/renewablesassociation.ca\/wp-content\/smush-webp\/2023\/10\/Colleen-Giroux-Schmidt.jpeg.webp 432w, https:\/\/renewablesassociation.ca\/wp-content\/smush-webp\/2023\/10\/Colleen-Giroux-Schmidt-200x300.jpeg.webp 200w\" sizes=\"(max-width: 432px) 100vw, 432px\" \/><\/div>\n                <div class=\"person--content\">\n                    <h3 class=\"person--name h5\">Colleen Giroux-Schmidt<\/h3>\n                    <!-- wp:paragraph -->\n<p><a href=\"https:\/\/www.innergex.com\/fr\">Innergex Renewable Energy<\/a><br><strong>Pr\u00e9sidente du conseil d&#8217;administration<\/strong><br><em>Mandat: 2023-2026<\/em><\/p>\n<!-- \/wp:paragraph -->\n                <\/div>\n            <\/div><div class=\"person\">\n                <div class=\"person--thumbnail ratio--fixed ratio--5-7 img--cover\"><img decoding=\"async\" width=\"423\" height=\"561\" src=\"https:\/\/renewablesassociation.ca\/wp-content\/smush-webp\/2023\/12\/Adam-Rosso-lores-cropped-2-USE-THIS-ONE.png.webp\" class=\"attachment-post-thumbnail size-post-thumbnail wp-post-image\" alt=\"\" srcset=\"https:\/\/renewablesassociation.ca\/wp-content\/smush-webp\/2023\/12\/Adam-Rosso-lores-cropped-2-USE-THIS-ONE.png.webp 423w, https:\/\/renewablesassociation.ca\/wp-content\/smush-webp\/2023\/12\/Adam-Rosso-lores-cropped-2-USE-THIS-ONE-226x300.png.webp 226w\" sizes=\"(max-width: 423px) 100vw, 423px\" loading=\"lazy\" \/><\/div>\n                <div class=\"person--content\">\n                    <h3 class=\"person--name h5\">Adam Rosso<\/h3>\n                    <!-- wp:paragraph -->\n<p><a href=\"https:\/\/www.boralex.com\/fr\/\">Boralex Inc.<\/a><br><strong>Vice-pr\u00e9sident du conseil d&#8217;administration<\/strong><br>Membre, Comit\u00e9 de l\u2019adh\u00e9sion et des nominations<br><em>Mandat: 2023-2026<\/em><br><\/p>\n<!-- \/wp:paragraph -->\n                <\/div>\n            <\/div><div class=\"person\">\n                <div class=\"person--thumbnail ratio--fixed ratio--5-7 img--cover\"><img decoding=\"async\" width=\"200\" height=\"268\" src=\"https:\/\/renewablesassociation.ca\/wp-content\/smush-webp\/2022\/03\/Lisa_Asbreuk.png.webp\" class=\"attachment-post-thumbnail size-post-thumbnail wp-post-image\" alt=\"\" loading=\"lazy\" \/><\/div>\n                <div class=\"person--content\">\n                    <h3 class=\"person--name h5\">Lisa Asbreuk<\/h3>\n                    <!-- wp:paragraph -->\n<p><a href=\"https:\/\/cswan.com\/\">Cunningham Swan LLP<\/a><br><strong>Secr\u00e9taire<\/strong><br>Membre, Comit\u00e9 des v\u00e9rifications, des finances et des investissements\u00a0<br><em>Mandat: 2023-2026<\/em><br><\/p>\n<!-- \/wp:paragraph -->\n                <\/div>\n            <\/div><div class=\"person\">\n                <div class=\"person--thumbnail ratio--fixed ratio--5-7 img--cover\"><img loading=\"lazy\" decoding=\"async\" width=\"1707\" height=\"2560\" src=\"https:\/\/renewablesassociation.ca\/wp-content\/smush-webp\/2024\/11\/FTM-Davis-JJ-3-scaled-1.jpg.webp\" class=\"attachment-post-thumbnail size-post-thumbnail wp-post-image\" alt=\"\" srcset=\"https:\/\/renewablesassociation.ca\/wp-content\/smush-webp\/2024\/11\/FTM-Davis-JJ-3-scaled-1.jpg.webp 1707w, https:\/\/renewablesassociation.ca\/wp-content\/smush-webp\/2024\/11\/FTM-Davis-JJ-3-scaled-1-200x300.jpg.webp 200w, https:\/\/renewablesassociation.ca\/wp-content\/smush-webp\/2024\/11\/FTM-Davis-JJ-3-scaled-1-683x1024.jpg.webp 683w, https:\/\/renewablesassociation.ca\/wp-content\/smush-webp\/2024\/11\/FTM-Davis-JJ-3-scaled-1-768x1152.jpg.webp 768w, https:\/\/renewablesassociation.ca\/wp-content\/smush-webp\/2024\/11\/FTM-Davis-JJ-3-scaled-1-1024x1536.jpg.webp 1024w, https:\/\/renewablesassociation.ca\/wp-content\/smush-webp\/2024\/11\/FTM-Davis-JJ-3-scaled-1-1366x2048.jpg.webp 1366w\" sizes=\"(max-width: 1707px) 100vw, 1707px\" \/><\/div>\n                <div class=\"person--content\">\n                    <h3 class=\"person--name h5\">J.J. Davis<\/h3>\n                    <!-- wp:paragraph -->\n<p><a href=\"https:\/\/energy.kruger.com\/\">Kruger Energy<\/a><br><strong>Tr\u00e9sorier<\/strong><br>Pr\u00e9sident, Comit\u00e9 des v\u00e9rifications, des finances et des investissements<br><em>Mandat: 2024-2027<\/em><\/p>\n<!-- \/wp:paragraph -->\n\n<!-- wp:paragraph -->\n<p><\/p>\n<!-- \/wp:paragraph -->\n                <\/div>\n            <\/div><div class=\"person\">\n                <div class=\"person--thumbnail ratio--fixed ratio--5-7 img--cover\"><img loading=\"lazy\" decoding=\"async\" width=\"200\" height=\"268\" src=\"https:\/\/renewablesassociation.ca\/wp-content\/smush-webp\/2022\/03\/Cory_Basil.png.webp\" class=\"attachment-post-thumbnail size-post-thumbnail wp-post-image\" alt=\"\" \/><\/div>\n                <div class=\"person--content\">\n                    <h3 class=\"person--name h5\">Cory Basil<\/h3>\n                    <!-- wp:paragraph -->\n<p><a href=\"https:\/\/www.edf-re.com\/fr\/\">EDF Renewables<\/a><br>Membre, Comit\u00e9 des v\u00e9rifications, des finances et des investissements\u00a0<br>Membre, Comit\u00e9 de la gouvernance et des ressources humaines<br><em>Mandat: 2024-2027<\/em><\/p>\n<!-- \/wp:paragraph -->\n\n<!-- wp:paragraph -->\n<p><\/p>\n<!-- \/wp:paragraph -->\n                <\/div>\n            <\/div><div class=\"person\">\n                <div class=\"person--thumbnail ratio--fixed ratio--5-7 img--cover\"><img loading=\"lazy\" decoding=\"async\" width=\"1707\" height=\"2560\" src=\"https:\/\/renewablesassociation.ca\/wp-content\/smush-webp\/2023\/12\/20250603-183626-Isabelle-scaled.jpg.webp\" class=\"attachment-post-thumbnail size-post-thumbnail wp-post-image\" alt=\"\" srcset=\"https:\/\/renewablesassociation.ca\/wp-content\/smush-webp\/2023\/12\/20250603-183626-Isabelle-scaled.jpg.webp 1707w, https:\/\/renewablesassociation.ca\/wp-content\/smush-webp\/2023\/12\/20250603-183626-Isabelle-200x300.jpg.webp 200w, https:\/\/renewablesassociation.ca\/wp-content\/smush-webp\/2023\/12\/20250603-183626-Isabelle-683x1024.jpg.webp 683w, https:\/\/renewablesassociation.ca\/wp-content\/smush-webp\/2023\/12\/20250603-183626-Isabelle-768x1152.jpg.webp 768w, https:\/\/renewablesassociation.ca\/wp-content\/smush-webp\/2023\/12\/20250603-183626-Isabelle-1024x1536.jpg.webp 1024w, https:\/\/renewablesassociation.ca\/wp-content\/smush-webp\/2023\/12\/20250603-183626-Isabelle-1365x2048.jpg.webp 1365w\" sizes=\"(max-width: 1707px) 100vw, 1707px\" \/><\/div>\n                <div class=\"person--content\">\n                    <h3 class=\"person--name h5\">Isabelle Deguise<\/h3>\n                    <!-- wp:paragraph -->\n<p><a href=\"https:\/\/www.res-group.com\/fr\/\">Renewable Energy Systems (RES) Canada Inc.<\/a><br>Pr\u00e9sidente, Comit\u00e9 de la gouvernance et des ressources humaines<br><em>Mandat: 2023-2026<\/em><\/p>\n<!-- \/wp:paragraph -->\n\n<!-- wp:paragraph -->\n<p><\/p>\n<!-- \/wp:paragraph -->\n                <\/div>\n            <\/div><div class=\"person\">\n                <div class=\"person--thumbnail ratio--fixed ratio--5-7 img--cover\"><img loading=\"lazy\" decoding=\"async\" width=\"200\" height=\"268\" src=\"https:\/\/renewablesassociation.ca\/wp-content\/smush-webp\/2021\/11\/Jackie-Forrest.png.webp\" class=\"attachment-post-thumbnail size-post-thumbnail wp-post-image\" alt=\"\" \/><\/div>\n                <div class=\"person--content\">\n                    <h3 class=\"person--name h5\">Jackie Forrest<\/h3>\n                    <!-- wp:paragraph -->\n<p><a href=\"https:\/\/www.arcenergyinstitute.com\/\">ARC Energy Research Institute<\/a><br>Pr\u00e9sidente, Comit\u00e9 de l\u2019adh\u00e9sion et des nominations<br><em>Mandat: 2024-2027<\/em><\/p>\n<!-- \/wp:paragraph -->\n                <\/div>\n            <\/div><div class=\"person\">\n                <div class=\"person--thumbnail ratio--fixed ratio--5-7 img--cover\"><img loading=\"lazy\" decoding=\"async\" width=\"2048\" height=\"2560\" src=\"https:\/\/renewablesassociation.ca\/wp-content\/smush-webp\/2023\/12\/FTM-Hiltz-Bonnie-2-scaled.jpg.webp\" class=\"attachment-post-thumbnail size-post-thumbnail wp-post-image\" alt=\"\" srcset=\"https:\/\/renewablesassociation.ca\/wp-content\/smush-webp\/2023\/12\/FTM-Hiltz-Bonnie-2-scaled.jpg.webp 2048w, https:\/\/renewablesassociation.ca\/wp-content\/smush-webp\/2023\/12\/FTM-Hiltz-Bonnie-2-240x300.jpg.webp 240w, https:\/\/renewablesassociation.ca\/wp-content\/smush-webp\/2023\/12\/FTM-Hiltz-Bonnie-2-819x1024.jpg.webp 819w, https:\/\/renewablesassociation.ca\/wp-content\/smush-webp\/2023\/12\/FTM-Hiltz-Bonnie-2-768x960.jpg.webp 768w, https:\/\/renewablesassociation.ca\/wp-content\/smush-webp\/2023\/12\/FTM-Hiltz-Bonnie-2-1229x1536.jpg.webp 1229w, https:\/\/renewablesassociation.ca\/wp-content\/smush-webp\/2023\/12\/FTM-Hiltz-Bonnie-2-1638x2048.jpg.webp 1638w\" sizes=\"(max-width: 2048px) 100vw, 2048px\" \/><\/div>\n                <div class=\"person--content\">\n                    <h3 class=\"person--name h5\">Bonnie Hiltz<\/h3>\n                    <!-- wp:paragraph -->\n<p><a href=\"https:\/\/www.hydroone.com\/\">Hydro One<\/a><br>Membre, Comit\u00e9 de la gouvernance et des ressources humaines<br><em>Mandat: 2024-2027<\/em><\/p>\n<!-- \/wp:paragraph -->\n                <\/div>\n            <\/div><div class=\"person\">\n                <div class=\"person--thumbnail ratio--fixed ratio--5-7 img--cover\"><img loading=\"lazy\" decoding=\"async\" width=\"200\" height=\"279\" src=\"https:\/\/renewablesassociation.ca\/wp-content\/smush-webp\/2023\/02\/Matt-Jamieson-headshot-e1677001810680.jpg.webp\" class=\"attachment-post-thumbnail size-post-thumbnail wp-post-image\" alt=\"\" \/><\/div>\n                <div class=\"person--content\">\n                    <h3 class=\"person--name h5\">Matt Jamieson<\/h3>\n                    <!-- wp:paragraph -->\n<p><a href=\"https:\/\/sndevcorp.ca\/\">Six Nations of the Grand River Development Corporation<\/a><br>Membre, Comit\u00e9 de l\u2019adh\u00e9sion et des nominations<br><em>Mandat: 2024-2027<\/em><\/p>\n<!-- \/wp:paragraph -->\n                <\/div>\n            <\/div><div class=\"person\">\n                <div class=\"person--thumbnail ratio--fixed ratio--5-7 img--cover\"><img loading=\"lazy\" decoding=\"async\" width=\"262\" height=\"350\" src=\"https:\/\/renewablesassociation.ca\/wp-content\/smush-webp\/2025\/10\/262x350-FTM_Leitch_Patrick-for-web.png.webp\" class=\"attachment-post-thumbnail size-post-thumbnail wp-post-image\" alt=\"\" srcset=\"https:\/\/renewablesassociation.ca\/wp-content\/smush-webp\/2025\/10\/262x350-FTM_Leitch_Patrick-for-web.png.webp 262w, https:\/\/renewablesassociation.ca\/wp-content\/smush-webp\/2025\/10\/262x350-FTM_Leitch_Patrick-for-web-225x300.png.webp 225w\" sizes=\"(max-width: 262px) 100vw, 262px\" \/><\/div>\n                <div class=\"person--content\">\n                    <h3 class=\"person--name h5\">Patrick Leitch<\/h3>\n                    <!-- wp:paragraph -->\n<p><a href=\"https:\/\/capstoneinfrastructure.com\/\">Capstone Infrastructure<\/a><br>Membre, Comit\u00e9 de la gouvernance et des ressources humaines<br><em>Mandat: 2025-202<\/em>8<\/p>\n<!-- \/wp:paragraph -->\n                <\/div>\n            <\/div><div class=\"person\">\n                <div class=\"person--thumbnail ratio--fixed ratio--5-7 img--cover\"><img loading=\"lazy\" decoding=\"async\" width=\"262\" height=\"350\" src=\"https:\/\/renewablesassociation.ca\/wp-content\/smush-webp\/2023\/12\/262x350-BTM_MacAulay_Jeff-for-web-1-1.png.webp\" class=\"attachment-post-thumbnail size-post-thumbnail wp-post-image\" alt=\"\" srcset=\"https:\/\/renewablesassociation.ca\/wp-content\/smush-webp\/2023\/12\/262x350-BTM_MacAulay_Jeff-for-web-1-1.png.webp 262w, https:\/\/renewablesassociation.ca\/wp-content\/smush-webp\/2023\/12\/262x350-BTM_MacAulay_Jeff-for-web-1-1-225x300.png.webp 225w\" sizes=\"(max-width: 262px) 100vw, 262px\" \/><\/div>\n                <div class=\"person--content\">\n                    <h3 class=\"person--name h5\">Jeff MacAulay<\/h3>\n                    <!-- wp:paragraph -->\n<p><a href=\"https:\/\/www.chargesolar.com\/\">Charge Solar<\/a><br><em>Mandat: 2025-202<\/em>8<\/p>\n<!-- \/wp:paragraph -->\n                <\/div>\n            <\/div><div class=\"person\">\n                <div class=\"person--thumbnail ratio--fixed ratio--5-7 img--cover\"><img loading=\"lazy\" decoding=\"async\" width=\"200\" height=\"267\" src=\"https:\/\/renewablesassociation.ca\/wp-content\/smush-webp\/2022\/03\/Ian_MacRobbie.jpg.webp\" class=\"attachment-post-thumbnail size-post-thumbnail wp-post-image\" alt=\"\" \/><\/div>\n                <div class=\"person--content\">\n                    <h3 class=\"person--name h5\">Ian MacRobbie<\/h3>\n                    <!-- wp:paragraph -->\n<p><a href=\"https:\/\/liftwerx.com\/\" target=\"_blank\" rel=\"noreferrer noopener\">LiftWerx<\/a><br>Membre, Comit\u00e9 des v\u00e9rifications, des finances et des investissements\u00a0<br><em>Mandat: 2023-2026<\/em><br><\/p>\n<!-- \/wp:paragraph -->\n                <\/div>\n            <\/div><div class=\"person\">\n                <div class=\"person--thumbnail ratio--fixed ratio--5-7 img--cover\"><img loading=\"lazy\" decoding=\"async\" width=\"262\" height=\"350\" src=\"https:\/\/renewablesassociation.ca\/wp-content\/smush-webp\/2025\/10\/262x350-BTM_Reijerse_Fidel-for-web.png.webp\" class=\"attachment-post-thumbnail size-post-thumbnail wp-post-image\" alt=\"\" srcset=\"https:\/\/renewablesassociation.ca\/wp-content\/smush-webp\/2025\/10\/262x350-BTM_Reijerse_Fidel-for-web.png.webp 262w, https:\/\/renewablesassociation.ca\/wp-content\/smush-webp\/2025\/10\/262x350-BTM_Reijerse_Fidel-for-web-225x300.png.webp 225w\" sizes=\"(max-width: 262px) 100vw, 262px\" \/><\/div>\n                <div class=\"person--content\">\n                    <h3 class=\"person--name h5\">Fidel Reijerse<\/h3>\n                    <!-- wp:paragraph -->\n<p><a href=\"https:\/\/rescoenergy.com\/\">RESCo Energy Inc.<\/a><br>Membre, Comit\u00e9 de la gouvernance et des ressources humaines<br><em>Mandat: 2025-202<\/em>8<\/p>\n<!-- \/wp:paragraph -->\n                <\/div>\n            <\/div><div class=\"person\">\n                <div class=\"person--thumbnail ratio--fixed ratio--5-7 img--cover\"><img loading=\"lazy\" decoding=\"async\" width=\"262\" height=\"350\" src=\"https:\/\/renewablesassociation.ca\/wp-content\/smush-webp\/2025\/10\/262x350-FTM_Rumas_Jennifer-for-web.png.webp\" class=\"attachment-post-thumbnail size-post-thumbnail wp-post-image\" alt=\"\" srcset=\"https:\/\/renewablesassociation.ca\/wp-content\/smush-webp\/2025\/10\/262x350-FTM_Rumas_Jennifer-for-web.png.webp 262w, https:\/\/renewablesassociation.ca\/wp-content\/smush-webp\/2025\/10\/262x350-FTM_Rumas_Jennifer-for-web-225x300.png.webp 225w\" sizes=\"(max-width: 262px) 100vw, 262px\" \/><\/div>\n                <div class=\"person--content\">\n                    <h3 class=\"person--name h5\">Jennifer Rumas<\/h3>\n                    <!-- wp:paragraph -->\n<p><a href=\"https:\/\/www.atco.com\/en-ca.html\"> ATCO<\/a><br><em>Mandat: 2025-202<\/em>8<\/p>\n<!-- \/wp:paragraph -->\n                <\/div>\n            <\/div><div class=\"person\">\n                <div class=\"person--thumbnail ratio--fixed ratio--5-7 img--cover\"><img loading=\"lazy\" decoding=\"async\" width=\"828\" height=\"1198\" src=\"https:\/\/renewablesassociation.ca\/wp-content\/smush-webp\/2025\/11\/FTM_Shemie_William-1.png.webp\" class=\"attachment-post-thumbnail size-post-thumbnail wp-post-image\" alt=\"\" srcset=\"https:\/\/renewablesassociation.ca\/wp-content\/smush-webp\/2025\/11\/FTM_Shemie_William-1.png.webp 828w, https:\/\/renewablesassociation.ca\/wp-content\/smush-webp\/2025\/11\/FTM_Shemie_William-1-207x300.png.webp 207w, https:\/\/renewablesassociation.ca\/wp-content\/smush-webp\/2025\/11\/FTM_Shemie_William-1-708x1024.png.webp 708w, https:\/\/renewablesassociation.ca\/wp-content\/smush-webp\/2025\/11\/FTM_Shemie_William-1-768x1111.png.webp 768w\" sizes=\"(max-width: 828px) 100vw, 828px\" \/><\/div>\n                <div class=\"person--content\">\n                    <h3 class=\"person--name h5\">William Shemie<\/h3>\n                    <!-- wp:paragraph -->\n<p><a href=\"https:\/\/patternenergy.com\/\">Pattern Energy<\/a><br>Membre, Comit\u00e9 de la gouvernance et des ressources humaines<br><em>Mandat: 2025-202<\/em>8<\/p>\n<!-- \/wp:paragraph -->\n\n<!-- wp:paragraph -->\n<p><\/p>\n<!-- \/wp:paragraph -->\n                <\/div>\n            <\/div><div class=\"person\">\n                <div class=\"person--thumbnail ratio--fixed ratio--5-7 img--cover\"><img loading=\"lazy\" decoding=\"async\" width=\"2560\" height=\"1707\" src=\"https:\/\/renewablesassociation.ca\/wp-content\/smush-webp\/2023\/12\/BTM-Vonesch-David-1-scaled.jpeg.webp\" class=\"attachment-post-thumbnail size-post-thumbnail wp-post-image\" alt=\"\" srcset=\"https:\/\/renewablesassociation.ca\/wp-content\/smush-webp\/2023\/12\/BTM-Vonesch-David-1-scaled.jpeg.webp 2560w, https:\/\/renewablesassociation.ca\/wp-content\/smush-webp\/2023\/12\/BTM-Vonesch-David-1-300x200.jpeg.webp 300w, https:\/\/renewablesassociation.ca\/wp-content\/smush-webp\/2023\/12\/BTM-Vonesch-David-1-1024x683.jpeg.webp 1024w, https:\/\/renewablesassociation.ca\/wp-content\/smush-webp\/2023\/12\/BTM-Vonesch-David-1-768x512.jpeg.webp 768w, https:\/\/renewablesassociation.ca\/wp-content\/smush-webp\/2023\/12\/BTM-Vonesch-David-1-1536x1024.jpeg.webp 1536w, https:\/\/renewablesassociation.ca\/wp-content\/smush-webp\/2023\/12\/BTM-Vonesch-David-1-2048x1366.jpeg.webp 2048w\" sizes=\"(max-width: 2560px) 100vw, 2560px\" \/><\/div>\n                <div class=\"person--content\">\n                    <h3 class=\"person--name h5\">David Vonesch<\/h3>\n                    <!-- wp:paragraph -->\n<p><a href=\"https:\/\/skyfireenergy.com\/\">SkyFire Energy<\/a><br>Membre, Comit\u00e9 de l\u2019adh\u00e9sion et des nominations<br><em>Mandat: 2024-2027<\/em><\/p>\n<!-- \/wp:paragraph -->\n                <\/div>\n            <\/div><\/div>","protected":false},"excerpt":{"rendered":"<p><a href=\"https:\/\/skyfireenergy.com\/\">SkyFire Energy<\/a>Membre, Comit&eacute; de l&rsquo;adh&eacute;sion et des nominationsMandat: 2024-2027<\/p>\n","protected":false},"author":2,"featured_media":0,"parent":0,"menu_order":26,"comment_status":"closed","ping_status":"closed","template":"","meta":{"_acf_changed":false,"_eb_attr":"","_uag_custom_page_level_css":"","footnotes":""},"tags":[],"class_list":["post-1401","page","type-page","status-publish","hentry"],"acf":[],"uagb_featured_image_src":{"full":false,"thumbnail":false,"medium":false,"medium_large":false,"large":false,"1536x1536":false,"2048x2048":false,"alm-thumbnail":false,"alm-cta":false,"alm-gallery":false,"news-img-2x":false,"news-img":false,"gform-image-choice-sm":false,"gform-image-choice-md":false,"gform-image-choice-lg":false},"uagb_author_info":{"display_name":"John Churchill","author_link":"https:\/\/renewablesassociation.ca\/fr\/author\/john\/"},"uagb_comment_info":0,"uagb_excerpt":"SkyFire EnergyMembre, Comit&eacute; de l&rsquo;adh&eacute;sion et des nominationsMandat: 2024-2027","_links":{"self":[{"href":"https:\/\/renewablesassociation.ca\/fr\/wp-json\/wp\/v2\/pages\/1401","targetHints":{"allow":["GET"]}}],"collection":[{"href":"https:\/\/renewablesassociation.ca\/fr\/wp-json\/wp\/v2\/pages"}],"about":[{"href":"https:\/\/renewablesassociation.ca\/fr\/wp-json\/wp\/v2\/types\/page"}],"author":[{"embeddable":true,"href":"https:\/\/renewablesassociation.ca\/fr\/wp-json\/wp\/v2\/users\/2"}],"replies":[{"embeddable":true,"href":"https:\/\/renewablesassociation.ca\/fr\/wp-json\/wp\/v2\/comments?post=1401"}],"version-history":[{"count":80,"href":"https:\/\/renewablesassociation.ca\/fr\/wp-json\/wp\/v2\/pages\/1401\/revisions"}],"predecessor-version":[{"id":18602,"href":"https:\/\/renewablesassociation.ca\/fr\/wp-json\/wp\/v2\/pages\/1401\/revisions\/18602"}],"wp:attachment":[{"href":"https:\/\/renewablesassociation.ca\/fr\/wp-json\/wp\/v2\/media?parent=1401"}],"wp:term":[{"taxonomy":"post_tag","embeddable":true,"href":"https:\/\/renewablesassociation.ca\/fr\/wp-json\/wp\/v2\/tags?post=1401"}],"curies":[{"name":"wp","href":"https:\/\/api.w.org\/{rel}","templated":true}]}}