{"id":1395,"date":"2020-06-19T20:25:12","date_gmt":"2020-06-19T20:25:12","guid":{"rendered":"https:\/\/renewablesassociation.ca\/?page_id=1395"},"modified":"2025-09-23T16:14:51","modified_gmt":"2025-09-23T20:14:51","slug":"categories-dadhesion","status":"publish","type":"page","link":"https:\/\/renewablesassociation.ca\/fr\/categories-dadhesion\/","title":{"rendered":"Niveaux d\u2019adh\u00e9sion"},"content":{"rendered":"\n<p>Choisissez l\u2019\u00e9chelon d\u2019adh\u00e9sion qui concorde avec les avantages et les services que vous souhaitez ainsi que le degr\u00e9 dans lequel vous \u00eates pr\u00eat \u00e0 investir et \u00e0 vous impliquer aupr\u00e8s de CanREA.<\/p>\n\n\n\n<p>1. <strong>Leader de l\u2019industrie<\/strong>, pour les entreprises qui ouvrent la marche dans le secteur des \u00e9nergies renouvelables et du stockage d\u2019\u00e9nergie. Figures de proue de l\u2019\u00e9conomie propre au Canada, les membres Leaders de l\u2019industrie travaillent \u00e9troitement avec le conseil d\u2019administration de CanREA sur nos strat\u00e9gies et positionnements et ont droit \u00e0 la pleine gamme des avantages de l\u2019adh\u00e9sion.<\/p>\n\n\n\n<p>2. <strong>T\u00e9rawatt<\/strong>, pour les entreprises qui contribuent \u00e0 \u00e9tablir l\u2019orientation du secteur. L\u2019adh\u00e9sion T\u00e9rawatt permet de jouer un r\u00f4le influent dans les activit\u00e9s de CanREA.<\/p>\n\n\n\n<p>3. <strong>Gigawatt<\/strong>, pour les entreprises qui souhaitent \u00e9tendre leur influence en participant \u00e0 des discussions strat\u00e9giques et avoir un acc\u00e8s prioritaire \u00e0 l\u2019expertise du personnel de CanREA.<\/p>\n\n\n\n<p>4.<strong> M\u00e9gawatt+<\/strong>, pour les entreprises souhaitant b\u00e9n\u00e9ficier d&#8217;un acc\u00e8s complet aux opportunit\u00e9s de connaissances sectorielles et int\u00e9ress\u00e9es par la participation \u00e0 un (1) r\u00e9seau r\u00e9gional, au r\u00e9seau des programme des op\u00e9rateurs et aux comit\u00e9s.<\/p>\n\n\n\n<p>5. <strong>M\u00e9gawatt<\/strong>, pour les entreprises qui souhaitent tirer pleinement avantage des ressources informatives sur l\u2019industrie et prendre part au r\u00e9seau des programme des op\u00e9rateurs ainsi qu\u2019aux comit\u00e9s.<\/p>\n\n\n\n<p>6. <strong>Kilowatt<\/strong>, pour les entreprises qui souhaitent tirer pleinement avantage des ressources informatives sur l\u2019industrie et des occasions de r\u00e9seautage d\u2019affaires, le tout en \u00e9conomisant de l\u2019argent.<\/p>\n\n\n\n<p>7. <strong>Installateur<\/strong>, pour les entreprises d\u2019installation r\u00e9sidentielles et commerciales \u00e0 petite \u00e9chelle qui veulent des nouvelles du secteur, des possibilit\u00e9s de r\u00e9seautage et une entr\u00e9e dans la liste du <a href=\"https:\/\/renewablesassociation.ca\/fr\/?page_id=1378\" target=\"_blank\" rel=\"noreferrer noopener\">Guide Transition vers le solaire de CanREA<\/a>, le tout en \u00e9conomisant de l\u2019argent.<\/p>\n\n\n\n<p>Vous ne savez pas quel niveau convient le mieux \u00e0 vos besoins? <a href=\"mailto:membres@associationrenouvelable.ca\">Communiquez avec nous d\u00e8s aujourd\u2019hui<\/a>!<\/p>\n\n\n\n<p>Pour en savoir plus, <a href=\"https:\/\/renewablesassociation.ca\/fr\/?page_id=1387\" target=\"_blank\" rel=\"noreferrer noopener\">consultez les avantages pour les membres.<\/a><\/p>\n","protected":false},"excerpt":{"rendered":"<p>Choisissez l&rsquo;&eacute;chelon d&rsquo;adh&eacute;sion qui concorde avec les avantages et les services que vous souhaitez ainsi que le degr&eacute; dans lequel vous &ecirc;tes pr&ecirc;t &agrave; investir et &agrave; vous impliquer aupr&egrave;s de CanREA. [&hellip;]<\/p>\n","protected":false},"author":1582,"featured_media":2163,"parent":0,"menu_order":34,"comment_status":"closed","ping_status":"closed","template":"","meta":{"_acf_changed":false,"_eb_attr":"","_uag_custom_page_level_css":"","footnotes":""},"tags":[],"class_list":["post-1395","page","type-page","status-publish","has-post-thumbnail","hentry"],"acf":[],"uagb_featured_image_src":{"full":["https:\/\/renewablesassociation.ca\/wp-content\/uploads\/2020\/06\/categories_img@2x.jpg",1380,808,false],"thumbnail":["https:\/\/renewablesassociation.ca\/wp-content\/uploads\/2020\/06\/categories_img@2x-150x150.jpg",150,150,true],"medium":["https:\/\/renewablesassociation.ca\/wp-content\/uploads\/2020\/06\/categories_img@2x-300x176.jpg",300,176,true],"medium_large":["https:\/\/renewablesassociation.ca\/wp-content\/uploads\/2020\/06\/categories_img@2x-768x450.jpg",768,450,true],"large":["https:\/\/renewablesassociation.ca\/wp-content\/uploads\/2020\/06\/categories_img@2x-1024x600.jpg",1024,600,true],"1536x1536":["https:\/\/renewablesassociation.ca\/wp-content\/uploads\/2020\/06\/categories_img@2x.jpg",1380,808,false],"2048x2048":["https:\/\/renewablesassociation.ca\/wp-content\/uploads\/2020\/06\/categories_img@2x.jpg",1380,808,false],"alm-thumbnail":["https:\/\/renewablesassociation.ca\/wp-content\/uploads\/2020\/06\/categories_img@2x.jpg",150,88,false],"alm-cta":["https:\/\/renewablesassociation.ca\/wp-content\/uploads\/2020\/06\/categories_img@2x.jpg",769,450,false],"alm-gallery":["https:\/\/renewablesassociation.ca\/wp-content\/uploads\/2020\/06\/categories_img@2x.jpg",800,468,false],"news-img-2x":["https:\/\/renewablesassociation.ca\/wp-content\/uploads\/2020\/06\/categories_img@2x.jpg",1380,808,false],"news-img":["https:\/\/renewablesassociation.ca\/wp-content\/uploads\/2020\/06\/categories_img@2x-690x515.jpg",690,515,true],"gform-image-choice-sm":["https:\/\/renewablesassociation.ca\/wp-content\/uploads\/2020\/06\/categories_img@2x.jpg",300,176,false],"gform-image-choice-md":["https:\/\/renewablesassociation.ca\/wp-content\/uploads\/2020\/06\/categories_img@2x.jpg",400,234,false],"gform-image-choice-lg":["https:\/\/renewablesassociation.ca\/wp-content\/uploads\/2020\/06\/categories_img@2x.jpg",600,351,false]},"uagb_author_info":{"display_name":"Melissa McDougall","author_link":"https:\/\/renewablesassociation.ca\/fr\/author\/bff89ed1-c4f1-4277-9caa-d943ba5a306a\/"},"uagb_comment_info":0,"uagb_excerpt":"Choisissez l&rsquo;&eacute;chelon d&rsquo;adh&eacute;sion qui concorde avec les avantages et les services que vous souhaitez ainsi que le degr&eacute; dans lequel vous &ecirc;tes pr&ecirc;t &agrave; investir et &agrave; vous impliquer aupr&egrave;s de CanREA. [&hellip;]","_links":{"self":[{"href":"https:\/\/renewablesassociation.ca\/fr\/wp-json\/wp\/v2\/pages\/1395","targetHints":{"allow":["GET"]}}],"collection":[{"href":"https:\/\/renewablesassociation.ca\/fr\/wp-json\/wp\/v2\/pages"}],"about":[{"href":"https:\/\/renewablesassociation.ca\/fr\/wp-json\/wp\/v2\/types\/page"}],"author":[{"embeddable":true,"href":"https:\/\/renewablesassociation.ca\/fr\/wp-json\/wp\/v2\/users\/1582"}],"replies":[{"embeddable":true,"href":"https:\/\/renewablesassociation.ca\/fr\/wp-json\/wp\/v2\/comments?post=1395"}],"version-history":[{"count":26,"href":"https:\/\/renewablesassociation.ca\/fr\/wp-json\/wp\/v2\/pages\/1395\/revisions"}],"predecessor-version":[{"id":24311,"href":"https:\/\/renewablesassociation.ca\/fr\/wp-json\/wp\/v2\/pages\/1395\/revisions\/24311"}],"wp:featuredmedia":[{"embeddable":true,"href":"https:\/\/renewablesassociation.ca\/fr\/wp-json\/wp\/v2\/media\/2163"}],"wp:attachment":[{"href":"https:\/\/renewablesassociation.ca\/fr\/wp-json\/wp\/v2\/media?parent=1395"}],"wp:term":[{"taxonomy":"post_tag","embeddable":true,"href":"https:\/\/renewablesassociation.ca\/fr\/wp-json\/wp\/v2\/tags?post=1395"}],"curies":[{"name":"wp","href":"https:\/\/api.w.org\/{rel}","templated":true}]}}