{"id":1389,"date":"2020-06-19T20:13:28","date_gmt":"2020-06-19T20:13:28","guid":{"rendered":"https:\/\/renewablesassociation.ca\/?page_id=1389"},"modified":"2025-09-23T16:13:54","modified_gmt":"2025-09-23T20:13:54","slug":"caucus-et-comites","status":"publish","type":"page","link":"https:\/\/renewablesassociation.ca\/fr\/caucus-et-comites\/","title":{"rendered":"R\u00e9seaux"},"content":{"rendered":"\n<p>Les r\u00e9seaux et groupes de travail r\u00e9serv\u00e9s aux membres de CanREA sont d\u2019abord et avant tout les instances o\u00f9 s\u2019\u00e9tablissent nos positions de principe. CanREA poss\u00e8de huit r\u00e9seaux&nbsp;: cinq r\u00e9gionaux et trois nationaux.<\/p>\n\n\n\n<p>Dans chaque r\u00e9seau, il y a plusieurs comit\u00e9s et groupes de travail qui se concentrent sur des enjeux r\u00e9gionaux et nationaux particuliers, comme le groupe de travail sur le budget f\u00e9d\u00e9ral, le groupe de travail sur la conservation des chauves-souris de l\u2019Alberta et le comit\u00e9 sur le d\u00e9veloppement de la main-d\u2019\u0153uvre.<\/p>\n\n\n\n<div class=\"wp-block-columns aqua-boxes is-layout-flex wp-container-core-columns-is-layout-9d6595d7 wp-block-columns-is-layout-flex\">\n<div class=\"wp-block-column is-layout-flow wp-block-column-is-layout-flow\">\n<p><strong><strong>R\u00e9seaux r\u00e9gionaux de CanREA<\/strong><\/strong><\/p>\n\n\n\n<ul class=\"wp-block-list\">\n<li>R\u00e9seau de l\u2019Alberta<\/li>\n\n\n\n<li>R\u00e9seau de la Saskatchewan<\/li>\n\n\n\n<li>R\u00e9seau de l\u2019Ontario<\/li>\n\n\n\n<li>R\u00e9seau du Qu\u00e9bec<\/li>\n\n\n\n<li>R\u00e9seau de l&#8217;Atlantique<\/li>\n\n\n\n<li>Groupe de travail pour la Colombie-Britannique<\/li>\n<\/ul>\n\n\n\n<p><a id=\"_msocom_1\"><\/a><\/p>\n<\/div>\n\n\n\n<div class=\"wp-block-column is-layout-flow wp-block-column-is-layout-flow\">\n<p><strong>R\u00e9seaux nationaux<\/strong><\/p>\n\n\n\n<ul class=\"wp-block-list\">\n<li>R\u00e9seau f\u00e9d\u00e9ral<\/li>\n\n\n\n<li>Programme des op\u00e9rateurs<\/li>\n\n\n\n<li>Programme solaire et de stockage \u00e0 l\u2019arri\u00e8re du compteur<\/li>\n\n\n\n<li>Programme d\u2019int\u00e9gration au r\u00e9seau \u00e9lectrique<\/li>\n<\/ul>\n<\/div>\n<\/div>\n\n\n\n<p>Le droit de participer aux r\u00e9seaux d\u00e9pend de l\u2019\u00e9chelon d\u2019adh\u00e9sion. Pour en savoir plus, <a href=\"https:\/\/renewablesassociation.ca\/fr\/?page_id=1387\">consultez la page des avantages pour les membres.<\/a><\/p>\n\n\n\n<p>\u00cates-vous un membre admissible de CanREA? <a href=\"https:\/\/form.jotform.com\/CanREA_Members\/caucus-committee-sign-up\">Inscrivez-vous ici<\/a>.<\/p>\n\n\n\n<p>Pour en savoir plus sur les r\u00e9seaux de CanREA, <a href=\"mailto:membres@associationrenouvelable.ca\">veuillez contacter l\u2019\u00e9quipe<\/a> responsable de l\u2019adh\u00e9sion ou au 1&nbsp;613&nbsp;552-8589.<\/p>\n","protected":false},"excerpt":{"rendered":"<p>Les r&eacute;seaux et groupes de travail r&eacute;serv&eacute;s aux membres de CanREA sont d&rsquo;abord et avant tout les instances o&ugrave; s&rsquo;&eacute;tablissent nos positions de principe. CanREA poss&egrave;de huit r&eacute;seaux: cinq r&eacute;gionaux et trois nationaux. [&hellip;]<\/p>\n","protected":false},"author":1582,"featured_media":2159,"parent":0,"menu_order":35,"comment_status":"closed","ping_status":"closed","template":"","meta":{"_acf_changed":false,"_eb_attr":"","_uag_custom_page_level_css":"","footnotes":""},"tags":[],"class_list":["post-1389","page","type-page","status-publish","has-post-thumbnail","hentry"],"acf":[],"uagb_featured_image_src":{"full":["https:\/\/renewablesassociation.ca\/wp-content\/uploads\/2020\/06\/caucuses_img@2x.jpg",1380,808,false],"thumbnail":["https:\/\/renewablesassociation.ca\/wp-content\/uploads\/2020\/06\/caucuses_img@2x-150x150.jpg",150,150,true],"medium":["https:\/\/renewablesassociation.ca\/wp-content\/uploads\/2020\/06\/caucuses_img@2x-300x176.jpg",300,176,true],"medium_large":["https:\/\/renewablesassociation.ca\/wp-content\/uploads\/2020\/06\/caucuses_img@2x-768x450.jpg",768,450,true],"large":["https:\/\/renewablesassociation.ca\/wp-content\/uploads\/2020\/06\/caucuses_img@2x-1024x600.jpg",1024,600,true],"1536x1536":["https:\/\/renewablesassociation.ca\/wp-content\/uploads\/2020\/06\/caucuses_img@2x.jpg",1380,808,false],"2048x2048":["https:\/\/renewablesassociation.ca\/wp-content\/uploads\/2020\/06\/caucuses_img@2x.jpg",1380,808,false],"alm-thumbnail":["https:\/\/renewablesassociation.ca\/wp-content\/uploads\/2020\/06\/caucuses_img@2x.jpg",150,88,false],"alm-cta":["https:\/\/renewablesassociation.ca\/wp-content\/uploads\/2020\/06\/caucuses_img@2x.jpg",769,450,false],"alm-gallery":["https:\/\/renewablesassociation.ca\/wp-content\/uploads\/2020\/06\/caucuses_img@2x.jpg",800,468,false],"news-img-2x":["https:\/\/renewablesassociation.ca\/wp-content\/uploads\/2020\/06\/caucuses_img@2x.jpg",1380,808,false],"news-img":["https:\/\/renewablesassociation.ca\/wp-content\/uploads\/2020\/06\/caucuses_img@2x.jpg",690,404,false],"gform-image-choice-sm":["https:\/\/renewablesassociation.ca\/wp-content\/uploads\/2020\/06\/caucuses_img@2x.jpg",300,176,false],"gform-image-choice-md":["https:\/\/renewablesassociation.ca\/wp-content\/uploads\/2020\/06\/caucuses_img@2x.jpg",400,234,false],"gform-image-choice-lg":["https:\/\/renewablesassociation.ca\/wp-content\/uploads\/2020\/06\/caucuses_img@2x.jpg",600,351,false]},"uagb_author_info":{"display_name":"Melissa McDougall","author_link":"https:\/\/renewablesassociation.ca\/fr\/author\/bff89ed1-c4f1-4277-9caa-d943ba5a306a\/"},"uagb_comment_info":0,"uagb_excerpt":"Les r&eacute;seaux et groupes de travail r&eacute;serv&eacute;s aux membres de CanREA sont d&rsquo;abord et avant tout les instances o&ugrave; s&rsquo;&eacute;tablissent nos positions de principe. CanREA poss&egrave;de huit r&eacute;seaux: cinq r&eacute;gionaux et trois nationaux. [&hellip;]","_links":{"self":[{"href":"https:\/\/renewablesassociation.ca\/fr\/wp-json\/wp\/v2\/pages\/1389","targetHints":{"allow":["GET"]}}],"collection":[{"href":"https:\/\/renewablesassociation.ca\/fr\/wp-json\/wp\/v2\/pages"}],"about":[{"href":"https:\/\/renewablesassociation.ca\/fr\/wp-json\/wp\/v2\/types\/page"}],"author":[{"embeddable":true,"href":"https:\/\/renewablesassociation.ca\/fr\/wp-json\/wp\/v2\/users\/1582"}],"replies":[{"embeddable":true,"href":"https:\/\/renewablesassociation.ca\/fr\/wp-json\/wp\/v2\/comments?post=1389"}],"version-history":[{"count":32,"href":"https:\/\/renewablesassociation.ca\/fr\/wp-json\/wp\/v2\/pages\/1389\/revisions"}],"predecessor-version":[{"id":24309,"href":"https:\/\/renewablesassociation.ca\/fr\/wp-json\/wp\/v2\/pages\/1389\/revisions\/24309"}],"wp:featuredmedia":[{"embeddable":true,"href":"https:\/\/renewablesassociation.ca\/fr\/wp-json\/wp\/v2\/media\/2159"}],"wp:attachment":[{"href":"https:\/\/renewablesassociation.ca\/fr\/wp-json\/wp\/v2\/media?parent=1389"}],"wp:term":[{"taxonomy":"post_tag","embeddable":true,"href":"https:\/\/renewablesassociation.ca\/fr\/wp-json\/wp\/v2\/tags?post=1389"}],"curies":[{"name":"wp","href":"https:\/\/api.w.org\/{rel}","templated":true}]}}