{"id":1387,"date":"2020-06-19T20:12:11","date_gmt":"2020-06-19T20:12:11","guid":{"rendered":"https:\/\/renewablesassociation.ca\/?page_id=1387"},"modified":"2026-01-23T14:11:59","modified_gmt":"2026-01-23T18:11:59","slug":"avantages-pour-les-membres","status":"publish","type":"page","link":"https:\/\/renewablesassociation.ca\/fr\/avantages-pour-les-membres\/","title":{"rendered":"Avantages pour les membres"},"content":{"rendered":"\n<div class=\"wp-block-buttons is-layout-flex wp-block-buttons-is-layout-flex\">\n<div class=\"wp-block-button\"><a class=\"wp-block-button__link wp-element-button\" href=\"https:\/\/renewablesassociation.ca\/wp-content\/uploads\/2025\/10\/2026-CanREA-Benefits-Chart_FR_V2.pdf\" target=\"_blank\" rel=\"noreferrer noopener\">Vous trouverez la liste de tous les avantages de l\u2019adh\u00e9sion ici<\/a><\/div>\n<\/div>\n\n\n\n<p>CanREA propose une offre attrayante aux entreprises selon diff\u00e9rents \u00e9chelons d\u2019adh\u00e9sion. Choisissez l\u2019\u00e9chelon qui concorde les avantages et les services que vous souhaitez ainsi que le degr\u00e9 dans lequel vous \u00eates pr\u00eat \u00e0 investir et \u00e0 vous impliquer aupr\u00e8s de CanREA et du secteur.<\/p>\n\n\n\n<h3 class=\"wp-block-heading\">Les nombreux avantages et services pour les membres de CanREA se divisent en cinq cat\u00e9gories :<\/h3>\n\n\n\n<h2 class=\"wp-block-heading\">Promotion et positionnements <\/h2>\n\n\n\n<p>Participez \u00e0 des r\u00e9seaux, comit\u00e9s directeurs et groupes de travail r\u00e9glementaires visant des r\u00e9gions ou des groupes d\u2019int\u00e9r\u00eat particuliers. Ces tribunes vous permettent de fa\u00e7onner les recommandations et les positions de CanREA \u00e0 communiquer aux gouvernements, aux organismes et \u00e0 d\u2019autres intervenants majeurs.<\/p>\n\n\n\n<h2 class=\"wp-block-heading\">Visibilit\u00e9 et image de marque<\/h2>\n\n\n\n<p>Faites rayonner votre entreprise et renforcez votre marque gr\u00e2ce aux vitrines exclusives que sont le site Web de CanREA, le r\u00e9pertoire des membres et nos \u00e9v\u00e9nements fort courus. Profitez de notre porte-voix unique \u00e0 l\u2019\u00e9chelle nationale et de notre vaste r\u00e9seau sectoriel.<\/p>\n\n\n\n<h2 class=\"wp-block-heading\">Information sur l\u2019industrie <\/h2>\n\n\n\n<p>En cette \u00e9poque o\u00f9 tout \u00e9volue \u00e0 vitesse grand V, restez au fait des donn\u00e9es, actualit\u00e9s sectorielles et nouvelles du march\u00e9 dont a besoin votre entreprise pour garder sa longueur d\u2019avance. Les membres se voient servir des nouvelles et des renseignements in\u00e9dits par divers canaux, dont un site Web exclusif et des \u00e9v\u00e9nements r\u00e9serv\u00e9s aux membres.<\/p>\n\n\n\n<h2 class=\"wp-block-heading\">Influence et gouvernance&nbsp;<\/h2>\n\n\n\n<p>Impliquez-vous aupr\u00e8s de CanREA et faites-vous entendre! Les membres \u00e9lisent le conseil d\u2019administration et peuvent y poser leur candidature; selon l\u2019\u00e9chelon d\u2019adh\u00e9sion, ils peuvent aussi participer \u00e0 la planification strat\u00e9gique de CanREA et avoir des entretiens r\u00e9guliers avec le CA et la direction.<\/p>\n\n\n\n<h2 class=\"wp-block-heading\">Programmes d\u2019affinit\u00e9 \u00e9conomiques <\/h2>\n\n\n\n<p>Nos programmes d\u2019affinit\u00e9 exclusifs vous permettront de r\u00e9duire vos co\u00fbts et d\u2019\u00e9conomiser sur diverses d\u00e9penses d\u2019entreprise, ainsi que d\u2019offrir des avantages suppl\u00e9mentaires \u00e0 vos employ\u00e9s. Tous les membres profitent de tarifs r\u00e9duits pour les kiosques et les laissez-passer aux \u00e9v\u00e9nements de CanREA. Consultez la zone r\u00e9serv\u00e9e aux membres pour acc\u00e9der aux programmes d\u2019\u00e9conomies.<\/p>\n\n\n\n<h3 class=\"wp-block-heading\">Voici les programmes d\u2019affinit\u00e9 r\u00e9serv\u00e9s aux membres de l\u2019Association canadienne de l\u2019\u00e9nergie renouvelable :<\/h3>\n\n\n\n<div class=\"wp-block-columns is-layout-flex wp-container-core-columns-is-layout-9d6595d7 wp-block-columns-is-layout-flex\">\n<div class=\"wp-block-column is-layout-flow wp-block-column-is-layout-flow\" style=\"flex-basis:33.33%\">\n<figure class=\"wp-block-image size-large\"><img fetchpriority=\"high\" decoding=\"async\" width=\"1024\" height=\"223\" src=\"https:\/\/renewablesassociation.ca\/wp-content\/smush-webp\/2024\/03\/Picture1-2-1024x223.png.webp\" alt=\"\" class=\"wp-image-19392\" srcset=\"https:\/\/renewablesassociation.ca\/wp-content\/smush-webp\/2024\/03\/Picture1-2-1024x223.png.webp 1024w, https:\/\/renewablesassociation.ca\/wp-content\/smush-webp\/2024\/03\/Picture1-2-300x65.png.webp 300w, https:\/\/renewablesassociation.ca\/wp-content\/smush-webp\/2024\/03\/Picture1-2-768x168.png.webp 768w, https:\/\/renewablesassociation.ca\/wp-content\/smush-webp\/2024\/03\/Picture1-2.png.webp 1430w\" sizes=\"(max-width: 1024px) 100vw, 1024px\" \/><\/figure>\n<\/div>\n\n\n\n<div class=\"wp-block-column is-layout-flow wp-block-column-is-layout-flow\" style=\"flex-basis:66.66%\">\n<p><strong>\u00c0 propos de GroupHEALTH<\/strong><strong><\/strong><\/p>\n\n\n\n<p>Depuis plus de 40&nbsp;ans, GroupHEALTH Solutions d\u2019assurance collective transforme la fa\u00e7on dont les Canadiens se pr\u00e9valent de leurs avantages sociaux gr\u00e2ce aux solutions des plus \u00e9conomiques, modulables et utilisables qu\u2019il con\u00e7oit et livre aux entreprises d\u2019ici.<\/p>\n\n\n\n<p>Chefs de file des r\u00e9gimes d\u2019avantages sociaux et de l\u2019assurance collective, les entreprises affili\u00e9es de GroupHEALTH emploient plus d\u2019un millier de personnes dans leurs bureaux de Vancouver, de Surrey, de Prince George, de Calgary, d\u2019Edmonton, d\u2019Etobicoke, de Woodbridge et de Barrie.<\/p>\n\n\n\n<p>GroupHEALTH fournit la cr\u00e8me des services d\u2019avantages sociaux \u00e0 plus de 4&nbsp;000&nbsp;organisations clientes du secteur public et priv\u00e9 au Canada repr\u00e9sentant plus de 450&nbsp;000&nbsp;Canadiens et leurs familles.<\/p>\n\n\n\n<p>GroupHEALTH est fier d&#8217;offrir aux entreprises membres de CanREA une combinaison unique de valeurs et de fonctionnalit\u00e9 \u00e0 travers ses r\u00e9gimes, comprenant la viabilit\u00e9 financi\u00e8re, une administration sans tracas et de meilleurs outils et caract\u00e9ristiques perfectionn\u00e9s qui am\u00e9liorent l\u2019exp\u00e9rience des souscripteurs et des b\u00e9n\u00e9ficiaires.<\/p>\n\n\n\n<p><a href=\"https:\/\/www.grouphealth.ca\/canrea\/\">Cliquez ici<\/a> pour obtenir votre devis personnalis\u00e9 ou en savoir plus sur le programme.<\/p>\n<\/div>\n<\/div>\n\n\n\n<div class=\"wp-block-columns is-layout-flex wp-container-core-columns-is-layout-9d6595d7 wp-block-columns-is-layout-flex\">\n<div class=\"wp-block-column is-layout-flow wp-block-column-is-layout-flow\" style=\"flex-basis:33.33%\">\n<figure class=\"wp-block-image size-large\"><img decoding=\"async\" width=\"1024\" height=\"318\" src=\"https:\/\/renewablesassociation.ca\/wp-content\/smush-webp\/2025\/02\/HUB-Horizontal-Full-Colour-CMYK_hr-1-1024x318.png.webp\" alt=\"\" class=\"wp-image-22034\" srcset=\"https:\/\/renewablesassociation.ca\/wp-content\/smush-webp\/2025\/02\/HUB-Horizontal-Full-Colour-CMYK_hr-1-1024x318.png.webp 1024w, https:\/\/renewablesassociation.ca\/wp-content\/smush-webp\/2025\/02\/HUB-Horizontal-Full-Colour-CMYK_hr-1-300x93.png.webp 300w, https:\/\/renewablesassociation.ca\/wp-content\/smush-webp\/2025\/02\/HUB-Horizontal-Full-Colour-CMYK_hr-1-768x238.png.webp 768w, https:\/\/renewablesassociation.ca\/wp-content\/smush-webp\/2025\/02\/HUB-Horizontal-Full-Colour-CMYK_hr-1.png.webp 1519w\" sizes=\"(max-width: 1024px) 100vw, 1024px\" loading=\"lazy\" \/><\/figure>\n<\/div>\n\n\n\n<div class=\"wp-block-column is-layout-flow wp-block-column-is-layout-flow\" style=\"flex-basis:66.66%\">\n<p><strong>Boutique d\u2019avantages pour les membres CanREA, en partenariat avec HUB&nbsp;International<\/strong><strong><\/strong><\/p>\n\n\n\n<p>En tant que membre CanREA, vous avez droit \u00e0 un ensemble complet d\u2019avantages volontaires dont vous pouvez tirer profit quand bon vous semble.<\/p>\n\n\n\n<p>Dans la boutique d\u2019avantages pour les membres, vous trouverez des produits d\u2019assurance et des services exclusifs ainsi que des rabais r\u00e9serv\u00e9s aux membres sur des biens et services de la vie courante et de voyage, qui vous permettront de mener une vie saine et \u00e9panouie sans compromettre votre \u00e9quilibre financier.<\/p>\n\n\n\n<p>La boutique regroupe des milliers de fournisseurs canadiens qui vous offrent encore plus de remises et rabais exclusifs pour les marques connues que vous aimez. Vous n\u2019avez qu\u2019\u00e0 cr\u00e9er votre compte personnel \u2013 pour le suivi de votre \u00ab&nbsp;portefeuille num\u00e9rique&nbsp;\u00bb \u2013, puis \u00e0 magasiner en ligne comme \u00e0 l\u2019habitude en profitant des \u00e9conomies!<\/p>\n<\/div>\n<\/div>\n\n\n\n<div class=\"wp-block-columns is-layout-flex wp-container-core-columns-is-layout-9d6595d7 wp-block-columns-is-layout-flex\">\n<div class=\"wp-block-column is-layout-flow wp-block-column-is-layout-flow\" style=\"flex-basis:33.33%\">\n<figure class=\"wp-block-image size-full is-resized\"><img decoding=\"async\" width=\"400\" height=\"100\" src=\"https:\/\/renewablesassociation.ca\/wp-content\/smush-webp\/2023\/09\/Similan-Logo.png.webp\" alt=\"\" class=\"wp-image-17479\" style=\"width:285px;height:71px\" srcset=\"https:\/\/renewablesassociation.ca\/wp-content\/smush-webp\/2023\/09\/Similan-Logo.png.webp 400w, https:\/\/renewablesassociation.ca\/wp-content\/smush-webp\/2023\/09\/Similan-Logo-300x75.png.webp 300w\" sizes=\"(max-width: 400px) 100vw, 400px\" loading=\"lazy\" \/><\/figure>\n<\/div>\n\n\n\n<div class=\"wp-block-column is-layout-flow wp-block-column-is-layout-flow\" style=\"flex-basis:66.66%\">\n<p><a href=\"https:\/\/www.similan.ca\/\" target=\"_blank\" rel=\"noreferrer noopener\">Similan Consulting<\/a> offre aux membres de CanREA un rabais important sur les abonnements aux pr\u00e9visions trimestrielles. &nbsp;Similan Consulting Reports fournit des pr\u00e9visions \u00e0 long terme sur les prix de l\u2019\u00e9lectricit\u00e9 en Alberta afin d\u2019appuyer la budg\u00e9tisation, les d\u00e9cisions de couverture et l\u2019\u00e9laboration de projets. Les hypoth\u00e8ses de pr\u00e9vision de Similan Consulting sont fond\u00e9es sur plus de 40 ans d\u2019exp\u00e9rience concr\u00e8te sur le march\u00e9 de l\u2019Alberta.&nbsp; La pr\u00e9vision des prix de l\u2019\u00e9lectricit\u00e9 en Alberta de Similan comprend un rapport d\u00e9taill\u00e9 et des tableaux de donn\u00e9es pour les 20 prochaines ann\u00e9es.&nbsp;&nbsp;<\/p>\n\n\n\n<div class=\"wp-block-buttons is-layout-flex wp-block-buttons-is-layout-flex\">\n<div class=\"wp-block-button\"><a class=\"wp-block-button__link wp-element-button\" href=\"https:\/\/form.jotform.com\/CanREA_Members\/canrea-similan-consulting\" target=\"_blank\" rel=\"noreferrer noopener\">Cliquez ici pour \u00e9conomiser sur les pr\u00e9visions<\/a><\/div>\n<\/div>\n<\/div>\n<\/div>\n\n\n\n<div class=\"wp-block-columns is-layout-flex wp-container-core-columns-is-layout-9d6595d7 wp-block-columns-is-layout-flex\">\n<div class=\"wp-block-column is-layout-flow wp-block-column-is-layout-flow\" style=\"flex-basis:33.33%\">\n<figure class=\"wp-block-image size-large\"><img decoding=\"async\" src=\"https:\/\/renewablesassociation.ca\/wp-content\/smush-webp\/2020\/06\/member-benefit-logo-goodlife@2x.png.webp\" alt=\"\" class=\"wp-image-2188\" loading=\"lazy\" \/><\/figure>\n<\/div>\n\n\n\n<div class=\"wp-block-column is-layout-flow wp-block-column-is-layout-flow\" style=\"flex-basis:66.66%\">\n<p><a class=\"rank-math-link\" href=\"https:\/\/www.goodlifefitness.com\/\" target=\"_blank\" rel=\"noreferrer noopener\">GoodLife Fitness<\/a> offre aux membres de CanREA l\u2019inscription \u00e0 0&nbsp;$ et un rabais de 20&nbsp;% sur l\u2019abonnement, applicable \u00e0 plus de 200&nbsp;centres GoodLife au Canada ainsi qu\u2019\u00e0 l\u2019acc\u00e8s temporaire aux centres am\u00e9ricains.<\/p>\n<\/div>\n<\/div>\n\n\n\n<div class=\"wp-block-columns is-layout-flex wp-container-core-columns-is-layout-9d6595d7 wp-block-columns-is-layout-flex\">\n<div class=\"wp-block-column is-layout-flow wp-block-column-is-layout-flow\" style=\"flex-basis:33.33%\">\n<figure class=\"wp-block-image size-full\"><img decoding=\"async\" src=\"https:\/\/renewablesassociation.ca\/wp-content\/smush-webp\/2020\/06\/member-benefit-logo-via@2x.png.webp\" alt=\"\" class=\"wp-image-2190\" loading=\"lazy\" \/><\/figure>\n<\/div>\n\n\n\n<div class=\"wp-block-column is-layout-flow wp-block-column-is-layout-flow\" style=\"flex-basis:66.66%\">\n<p><strong>Rabais pour entreprise de VIA Rail<br><\/strong>L\u2019Association canadienne de l\u2019\u00e9nergie renouvelable est heureuse d\u2019annoncer son partenariat avec <a href=\"https:\/\/www.viarail.ca\/fr\" target=\"_blank\" rel=\"noreferrer noopener\">VIA Rail Canada<\/a>. Ce partenariat permet aux membres de l\u2019association de b\u00e9n\u00e9ficier d\u2019un rabais de <strong>7,5 %<\/strong> chaque fois qu\u2019ils voyagent avec VIA Rail. Ce tarif corporatif s\u2019applique \u00e0 toutes les destinations et \u00e0 toutes les cat\u00e9gories de tarifs (\u00e0 l\u2019exception du tarif \u00c9vasion, de la classe Prestige ou de tout tarif promotionnel n\u00e9cessitant un code de r\u00e9duction, des laissez-passer multi-trajets, ainsi que de toute autre promotion, offre, rabais ou tarif dont les conditions pr\u00e9cisent qu\u2019ils ne peuvent \u00eatre combin\u00e9s avec des tarifs d\u2019affaires).<\/p>\n\n\n\n<p>Ce rabais peut \u00eatre utilis\u00e9 pour des d\u00e9placements professionnels ou personnels, et peut s\u2019appliquer \u00e0 jusqu\u2019\u00e0 trois amis, membres de la famille ou coll\u00e8gues, \u00e0 condition qu\u2019ils voyagent avec vous du point A au point B.<\/p>\n<\/div>\n<\/div>\n\n\n\n<p>Visitez la <a href=\"https:\/\/canrea-login.wicketcloud.com\/login?service=https:\/\/renewablesassociation.ca\/fr\/creer-un-compte\/\/fr\/account-centre\/&amp;locale=fr\">zone r\u00e9serv\u00e9e aux membres<\/a> pour acc\u00e9der aux programmes d\u2019\u00e9conomies.<\/p>\n\n\n\n<hr class=\"wp-block-separator has-alpha-channel-opacity\"\/>\n\n\n\n<p><a id=\"_msocom_1\"><\/a><\/p>\n\n\n\n<p><\/p>\n\n\n\n<p>Pour discuter des options d\u2019adh\u00e9sion, communiquez avec nous \u00e0 <a href=\"mailto:membres@associationrenouvelable.ca\">membres@associationrenouvelable.ca <\/a>ou au 613-552-8589.<\/p>\n","protected":false},"excerpt":{"rendered":"<p><a class=\"wp-block-button__link wp-element-button\" href=\"https:\/\/renewablesassociation.ca\/wp-content\/uploads\/2025\/10\/2026-CanREA-Benefits-Chart_FR_V2.pdf\" target=\"_blank\" rel=\"noreferrer noopener\">Vous trouverez la liste de tous les avantages de l&rsquo;adh&eacute;sion ici<\/a> [&hellip;]<\/p>\n","protected":false},"author":1582,"featured_media":2161,"parent":0,"menu_order":23,"comment_status":"closed","ping_status":"closed","template":"","meta":{"_acf_changed":false,"_eb_attr":"","_uag_custom_page_level_css":"","footnotes":""},"tags":[],"class_list":["post-1387","page","type-page","status-publish","has-post-thumbnail","hentry"],"acf":[],"uagb_featured_image_src":{"full":["https:\/\/renewablesassociation.ca\/wp-content\/uploads\/2020\/06\/benefits_img@2x.jpg",1380,808,false],"thumbnail":["https:\/\/renewablesassociation.ca\/wp-content\/uploads\/2020\/06\/benefits_img@2x-150x150.jpg",150,150,true],"medium":["https:\/\/renewablesassociation.ca\/wp-content\/uploads\/2020\/06\/benefits_img@2x-300x176.jpg",300,176,true],"medium_large":["https:\/\/renewablesassociation.ca\/wp-content\/uploads\/2020\/06\/benefits_img@2x-768x450.jpg",768,450,true],"large":["https:\/\/renewablesassociation.ca\/wp-content\/uploads\/2020\/06\/benefits_img@2x-1024x600.jpg",1024,600,true],"1536x1536":["https:\/\/renewablesassociation.ca\/wp-content\/uploads\/2020\/06\/benefits_img@2x.jpg",1380,808,false],"2048x2048":["https:\/\/renewablesassociation.ca\/wp-content\/uploads\/2020\/06\/benefits_img@2x.jpg",1380,808,false],"alm-thumbnail":["https:\/\/renewablesassociation.ca\/wp-content\/uploads\/2020\/06\/benefits_img@2x.jpg",150,88,false],"alm-cta":["https:\/\/renewablesassociation.ca\/wp-content\/uploads\/2020\/06\/benefits_img@2x.jpg",769,450,false],"alm-gallery":["https:\/\/renewablesassociation.ca\/wp-content\/uploads\/2020\/06\/benefits_img@2x.jpg",800,468,false],"news-img-2x":["https:\/\/renewablesassociation.ca\/wp-content\/uploads\/2020\/06\/benefits_img@2x.jpg",1380,808,false],"news-img":["https:\/\/renewablesassociation.ca\/wp-content\/uploads\/2020\/06\/benefits_img@2x.jpg",690,404,false],"gform-image-choice-sm":["https:\/\/renewablesassociation.ca\/wp-content\/uploads\/2020\/06\/benefits_img@2x.jpg",300,176,false],"gform-image-choice-md":["https:\/\/renewablesassociation.ca\/wp-content\/uploads\/2020\/06\/benefits_img@2x.jpg",400,234,false],"gform-image-choice-lg":["https:\/\/renewablesassociation.ca\/wp-content\/uploads\/2020\/06\/benefits_img@2x.jpg",600,351,false]},"uagb_author_info":{"display_name":"Melissa McDougall","author_link":"https:\/\/renewablesassociation.ca\/fr\/author\/bff89ed1-c4f1-4277-9caa-d943ba5a306a\/"},"uagb_comment_info":0,"uagb_excerpt":"Vous trouverez la liste de tous les avantages de l&rsquo;adh&eacute;sion ici [&hellip;]","_links":{"self":[{"href":"https:\/\/renewablesassociation.ca\/fr\/wp-json\/wp\/v2\/pages\/1387","targetHints":{"allow":["GET"]}}],"collection":[{"href":"https:\/\/renewablesassociation.ca\/fr\/wp-json\/wp\/v2\/pages"}],"about":[{"href":"https:\/\/renewablesassociation.ca\/fr\/wp-json\/wp\/v2\/types\/page"}],"author":[{"embeddable":true,"href":"https:\/\/renewablesassociation.ca\/fr\/wp-json\/wp\/v2\/users\/1582"}],"replies":[{"embeddable":true,"href":"https:\/\/renewablesassociation.ca\/fr\/wp-json\/wp\/v2\/comments?post=1387"}],"version-history":[{"count":68,"href":"https:\/\/renewablesassociation.ca\/fr\/wp-json\/wp\/v2\/pages\/1387\/revisions"}],"predecessor-version":[{"id":25232,"href":"https:\/\/renewablesassociation.ca\/fr\/wp-json\/wp\/v2\/pages\/1387\/revisions\/25232"}],"wp:featuredmedia":[{"embeddable":true,"href":"https:\/\/renewablesassociation.ca\/fr\/wp-json\/wp\/v2\/media\/2161"}],"wp:attachment":[{"href":"https:\/\/renewablesassociation.ca\/fr\/wp-json\/wp\/v2\/media?parent=1387"}],"wp:term":[{"taxonomy":"post_tag","embeddable":true,"href":"https:\/\/renewablesassociation.ca\/fr\/wp-json\/wp\/v2\/tags?post=1387"}],"curies":[{"name":"wp","href":"https:\/\/api.w.org\/{rel}","templated":true}]}}