{"id":1384,"date":"2020-06-16T14:37:18","date_gmt":"2020-06-16T14:37:18","guid":{"rendered":"https:\/\/renewablesassociation.ca\/?page_id=1384"},"modified":"2025-03-31T23:17:25","modified_gmt":"2025-04-01T03:17:25","slug":"adhesion","status":"publish","type":"page","link":"https:\/\/renewablesassociation.ca\/fr\/adhesion\/","title":{"rendered":"Adh\u00e9sion"},"content":{"rendered":"\n<p>L\u2019Association canadienne de l\u2019\u00e9nergie renouvelable (CanREA) s\u2019efforce d\u2019\u00e9largir le march\u00e9 et de cr\u00e9er des possibilit\u00e9s d\u2019affaires pour ses membres. CanREA, c\u2019est <em>la<\/em> voix des secteurs du solaire, de l\u2019\u00e9olien et du stockage d\u2019\u00e9nergie. Aucune autre association canadienne ne poss\u00e8de sa composition, son ampleur, son expertise et son influence.<\/p>\n\n\n\n<p>En travaillant avec CanREA, vous pouvez faire cro\u00eetre votre entreprise et fa\u00e7onner l\u2019avenir \u00e9nerg\u00e9tique du Canada.<\/p>\n\n\n\n<p>Le secteur de l\u2019\u00e9nergie repr\u00e9sente un potentiel d\u2019investissement de plus de 50&nbsp;milliards de dollars. En effet, le Canada a besoin de d\u00e9ployer au moins 30&nbsp;GW de nouvelle \u00e9nergie \u00e9olienne et solaire d\u2019ici 2030 pour atteindre ses cibles de carboneutralit\u00e9.<\/p>\n\n\n\n<p>Votre implication peut aider \u00e0 financer l\u2019effort coordonn\u00e9 pour saisir cette occasion sans pareil. CanREA militera pour une action transformatrice au sein du paysage r\u00e9glementaire et du march\u00e9 tout en vous proposant de l\u2019information, des d\u00e9bouch\u00e9s et des occasions de r\u00e9seauter pour d\u00e9velopper votre entreprise.<\/p>\n\n\n\n<p>Devenez membre d\u00e8s aujourd\u2019hui&nbsp;:<\/p>\n\n\n\n<ul class=\"wp-block-list\">\n<li>pour rester courant de ce qui se passe dans le secteur, sur le march\u00e9 et du c\u00f4t\u00e9 des politiques;<\/li>\n\n\n\n<li>pour aider \u00e0 fa\u00e7onner les positions de principe de l\u2019association et amplifier la voix de notre secteur;<\/li>\n\n\n\n<li>pour appartenir \u00e0 une communaut\u00e9 dans laquelle r\u00e9seauter, \u00e9changer et vous faire conna\u00eetre.<\/li>\n<\/ul>\n\n\n\n<p>Nos membres contribuent activement \u00e0 la gouvernance de CanREA, tout en aidant les parties prenantes \u00e0 mieux comprendre l\u2019importance des solutions que fournit notre secteur. Nous offrons d\u2019ailleurs une valeur ajout\u00e9e \u00e0 nos membres par des programmes d\u2019affinit\u00e9 \u00e9conomiques.<\/p>\n\n\n\n<p>Pour en savoir plus sur les cat\u00e9gories d\u2019adh\u00e9sion, veuillez contacter CanREA \u00e0 <a href=\"mailto:membres@associationrenouvelable.ca\">membres@associationrenouvelable.ca<\/a> ou au 613&nbsp;552-8589.<\/p>\n\n\n\n<div class=\"wp-block-buttons is-layout-flex wp-block-buttons-is-layout-flex\">\n<div class=\"wp-block-button\"><a class=\"wp-block-button__link wp-element-button\" href=\"mailto:membres@associationrenouvelable.ca\">En savoir plus<\/a><\/div>\n<\/div>\n\n\n\n<h2 class=\"wp-block-heading\">D\u00e9couvrir davantage: <\/h2>\n\n\n\n<div class=\"wp-block-columns is-layout-flex wp-container-core-columns-is-layout-9d6595d7 wp-block-columns-is-layout-flex\">\n<div class=\"wp-block-column explore_more_column is-layout-flow wp-block-column-is-layout-flow\"><div class=\"wp-block-image\">\n<figure class=\"aligncenter size-large is-resized\"><a href=\"https:\/\/renewablesassociation.ca\/fr\/categories-dadhesion\/\"><img decoding=\"async\" src=\"https:\/\/renewablesassociation.ca\/wp-content\/uploads\/2020\/06\/sitemap-light-1.svg\" alt=\"\" class=\"wp-image-1707\" style=\"width:47px;height:38px\" loading=\"lazy\" \/><\/a><\/figure>\n<\/div>\n\n\n<div style=\"height:16px\" aria-hidden=\"true\" class=\"wp-block-spacer\"><\/div>\n\n\n\n<h4 class=\"wp-block-heading has-text-align-center mb-0\"><strong><a class=\"rank-math-link rank-math-link\" href=\"https:\/\/renewablesassociation.ca\/fr\/categories-dadhesion\/\">Niveaux d\u2019adh\u00e9sion<\/a><\/strong><\/h4>\n<\/div>\n\n\n\n<div class=\"wp-block-column explore_more_column is-layout-flow wp-block-column-is-layout-flow\"><div class=\"wp-block-image\">\n<figure class=\"aligncenter size-large is-resized\"><a href=\"https:\/\/renewablesassociation.ca\/fr\/avantages-pour-les-membres\/\"><img decoding=\"async\" src=\"https:\/\/renewablesassociation.ca\/wp-content\/uploads\/2020\/06\/badge-check-light-1.svg\" alt=\"\" class=\"wp-image-1705\" style=\"width:38px;height:38px\" loading=\"lazy\" \/><\/a><\/figure>\n<\/div>\n\n\n<div style=\"height:16px\" aria-hidden=\"true\" class=\"wp-block-spacer\"><\/div>\n\n\n\n<h4 class=\"wp-block-heading has-text-align-center mb-0\"><strong><a class=\"rank-math-link rank-math-link\" href=\"https:\/\/renewablesassociation.ca\/fr\/avantages-pour-les-membres\/\">Avantages et services<\/a><\/strong><\/h4>\n<\/div>\n\n\n\n<div class=\"wp-block-column explore_more_column is-layout-flow wp-block-column-is-layout-flow\"><div class=\"wp-block-image\">\n<figure class=\"aligncenter size-large is-resized\"><a href=\"https:\/\/renewablesassociation.ca\/fr\/caucus-et-comites\/\"><img decoding=\"async\" src=\"https:\/\/renewablesassociation.ca\/wp-content\/uploads\/2020\/06\/users-class-light-1.svg\" alt=\"\" class=\"wp-image-1711\" style=\"width:47px;height:38px\" loading=\"lazy\" \/><\/a><\/figure>\n<\/div>\n\n\n<div style=\"height:16px\" aria-hidden=\"true\" class=\"wp-block-spacer\"><\/div>\n\n\n\n<h4 class=\"wp-block-heading has-text-align-center mb-0\"><strong><a class=\"rank-math-link\" href=\"https:\/\/renewablesassociation.ca\/fr\/caucus-et-comites\/\">R\u00e9seaux et comit\u00e9s<\/a><\/strong><\/h4>\n<\/div>\n<\/div>\n\n\n\n<div style=\"height:6px\" aria-hidden=\"true\" class=\"wp-block-spacer\"><\/div>\n\n\n\n<div class=\"wp-block-columns is-layout-flex wp-container-core-columns-is-layout-9d6595d7 wp-block-columns-is-layout-flex\">\n<div class=\"wp-block-column explore_more_column is-layout-flow wp-block-column-is-layout-flow\"><div class=\"wp-block-image\">\n<figure class=\"aligncenter size-large is-resized\"><a href=\"https:\/\/renewablesassociation.ca\/fr\/?page_id=1391\"><img decoding=\"async\" src=\"https:\/\/renewablesassociation.ca\/wp-content\/uploads\/2020\/06\/thumbs-up-light-1.svg\" alt=\"\" class=\"wp-image-1709\" style=\"width:38px;height:38px\" loading=\"lazy\" \/><\/a><\/figure>\n<\/div>\n\n\n<div style=\"height:16px\" aria-hidden=\"true\" class=\"wp-block-spacer\"><\/div>\n\n\n\n<h4 class=\"wp-block-heading has-text-align-center mb-0\"><strong><a href=\"https:\/\/renewablesassociation.ca\/fr\/?page_id=8002\" data-type=\"URL\" data-id=\"https:\/\/renewablesassociation.ca\/fr\/creer-un-compte\/\">Adh\u00e9rez aujourd\u2019hui<\/a><\/strong><\/h4>\n<\/div>\n\n\n\n<div class=\"wp-block-column explore_more_column is-layout-flow wp-block-column-is-layout-flow\"><div class=\"wp-block-image\">\n<figure class=\"aligncenter size-large is-resized\"><a href=\"\/?page_id=1397\"><img decoding=\"async\" src=\"https:\/\/renewablesassociation.ca\/wp-content\/uploads\/2020\/06\/address-book-light.svg\" alt=\"\" class=\"wp-image-1669\" style=\"width:33px;height:38px\" loading=\"lazy\" \/><\/a><\/figure>\n<\/div>\n\n\n<div style=\"height:16px\" aria-hidden=\"true\" class=\"wp-block-spacer\"><\/div>\n\n\n\n<h4 class=\"wp-block-heading has-text-align-center mb-0\"><strong><a class=\"rank-math-link rank-math-link rank-math-link\" href=\"\/?page_id=1397\">R\u00e9pertoire des membres<\/a><\/strong><\/h4>\n<\/div>\n\n\n\n<div class=\"wp-block-column explore_more_column is-layout-flow wp-block-column-is-layout-flow\"><div class=\"wp-block-image\">\n<figure class=\"aligncenter size-large is-resized\"><a href=\"https:\/\/renewablesassociation.ca\/fr\/?page_id=1399\"><img decoding=\"async\" src=\"https:\/\/renewablesassociation.ca\/wp-content\/uploads\/2020\/06\/handshake-light.svg\" alt=\"\" class=\"wp-image-1658\" style=\"width:63px;height:38px\" loading=\"lazy\" \/><\/a><\/figure>\n<\/div>\n\n\n<div style=\"height:16px\" aria-hidden=\"true\" class=\"wp-block-spacer\"><\/div>\n\n\n\n<h4 class=\"wp-block-heading has-text-align-center mb-0\"><a class=\"rank-math-link\" href=\"https:\/\/renewablesassociation.ca\/fr\/?page_id=1399\"><\/a><strong><a class=\"rank-math-link rank-math-link rank-math-link\" href=\"https:\/\/renewablesassociation.ca\/fr\/?page_id=1399\">Programme de partisans<\/a><\/strong><\/h4>\n<\/div>\n<\/div>\n\n\n\n<div style=\"height:6px\" aria-hidden=\"true\" class=\"wp-block-spacer\"><\/div>\n\n\n\n<div class=\"wp-block-columns is-layout-flex wp-container-core-columns-is-layout-9d6595d7 wp-block-columns-is-layout-flex\">\n<div class=\"wp-block-column explore_more_column is-layout-flow wp-block-column-is-layout-flow\"><div class=\"wp-block-image\">\n<figure class=\"aligncenter size-large is-resized\"><img fetchpriority=\"high\" decoding=\"async\" width=\"1024\" height=\"850\" src=\"https:\/\/renewablesassociation.ca\/wp-content\/smush-webp\/2022\/08\/micro-1-1024x850.png.webp\" alt=\"\" class=\"wp-image-12510\" style=\"width:44px;height:38px\" srcset=\"https:\/\/renewablesassociation.ca\/wp-content\/smush-webp\/2022\/08\/micro-1-1024x850.png.webp 1024w, https:\/\/renewablesassociation.ca\/wp-content\/smush-webp\/2022\/08\/micro-1-300x249.png.webp 300w, https:\/\/renewablesassociation.ca\/wp-content\/smush-webp\/2022\/08\/micro-1-768x638.png.webp 768w, https:\/\/renewablesassociation.ca\/wp-content\/smush-webp\/2022\/08\/micro-1.png.webp 1167w\" sizes=\"(max-width: 1024px) 100vw, 1024px\" \/><\/figure>\n<\/div>\n\n\n<div style=\"height:16px\" aria-hidden=\"true\" class=\"wp-block-spacer\"><\/div>\n\n\n\n<h4 class=\"wp-block-heading has-text-align-center mb-0\"><a href=\"https:\/\/renewablesassociation.ca\/fr\/?page_id=8438\">Publicit\u00e9<\/a><\/h4>\n<\/div>\n<\/div>\n\n\n\n<h2 class=\"wp-block-heading\">Contactez-nous<\/h2>\n\n\n\n<p>Pour discuter des options d\u2019adh\u00e9sion, communiquez avec nous \u00e0 <a class=\"rank-math-link\" href=\"mailto:membres@associationrenouvelable.ca\">membres@associationrenouvelable.ca<\/a> ou au 613-552-8589.<\/p>\n","protected":false},"excerpt":{"rendered":"<p>L&rsquo;Association canadienne de l&rsquo;&eacute;nergie renouvelable (CanREA) s&rsquo;efforce d&rsquo;&eacute;largir le march&eacute; et de cr&eacute;er des possibilit&eacute;s d&rsquo;affaires pour ses membres. CanREA, c&rsquo;est la voix des secteurs du solaire, de l&rsquo;&eacute;olien et du stockage d&rsquo;&eacute;nergie. Aucune autre association canadienne ne poss&egrave;de sa composition, son ampleur, son expertise et son influence. [&hellip;]<\/p>\n","protected":false},"author":2,"featured_media":2143,"parent":0,"menu_order":16,"comment_status":"closed","ping_status":"closed","template":"","meta":{"_acf_changed":false,"_eb_attr":"","_uag_custom_page_level_css":"","footnotes":""},"tags":[],"class_list":["post-1384","page","type-page","status-publish","has-post-thumbnail","hentry"],"acf":[],"uagb_featured_image_src":{"full":["https:\/\/renewablesassociation.ca\/wp-content\/uploads\/2020\/06\/what_we_do_img@2x.jpg",1380,422,false],"thumbnail":["https:\/\/renewablesassociation.ca\/wp-content\/uploads\/2020\/06\/what_we_do_img@2x-150x150.jpg",150,150,true],"medium":["https:\/\/renewablesassociation.ca\/wp-content\/uploads\/2020\/06\/what_we_do_img@2x-300x92.jpg",300,92,true],"medium_large":["https:\/\/renewablesassociation.ca\/wp-content\/uploads\/2020\/06\/what_we_do_img@2x-768x235.jpg",768,235,true],"large":["https:\/\/renewablesassociation.ca\/wp-content\/uploads\/2020\/06\/what_we_do_img@2x-1024x313.jpg",1024,313,true],"1536x1536":["https:\/\/renewablesassociation.ca\/wp-content\/uploads\/2020\/06\/what_we_do_img@2x.jpg",1380,422,false],"2048x2048":["https:\/\/renewablesassociation.ca\/wp-content\/uploads\/2020\/06\/what_we_do_img@2x.jpg",1380,422,false],"alm-thumbnail":["https:\/\/renewablesassociation.ca\/wp-content\/uploads\/2020\/06\/what_we_do_img@2x.jpg",150,46,false],"alm-cta":["https:\/\/renewablesassociation.ca\/wp-content\/uploads\/2020\/06\/what_we_do_img@2x.jpg",800,245,false],"alm-gallery":["https:\/\/renewablesassociation.ca\/wp-content\/uploads\/2020\/06\/what_we_do_img@2x.jpg",800,245,false],"news-img-2x":["https:\/\/renewablesassociation.ca\/wp-content\/uploads\/2020\/06\/what_we_do_img@2x.jpg",1380,422,false],"news-img":["https:\/\/renewablesassociation.ca\/wp-content\/uploads\/2020\/06\/what_we_do_img@2x.jpg",690,211,false],"gform-image-choice-sm":["https:\/\/renewablesassociation.ca\/wp-content\/uploads\/2020\/06\/what_we_do_img@2x.jpg",300,92,false],"gform-image-choice-md":["https:\/\/renewablesassociation.ca\/wp-content\/uploads\/2020\/06\/what_we_do_img@2x.jpg",400,122,false],"gform-image-choice-lg":["https:\/\/renewablesassociation.ca\/wp-content\/uploads\/2020\/06\/what_we_do_img@2x.jpg",600,183,false]},"uagb_author_info":{"display_name":"John Churchill","author_link":"https:\/\/renewablesassociation.ca\/fr\/author\/john\/"},"uagb_comment_info":0,"uagb_excerpt":"L&rsquo;Association canadienne de l&rsquo;&eacute;nergie renouvelable (CanREA) s&rsquo;efforce d&rsquo;&eacute;largir le march&eacute; et de cr&eacute;er des possibilit&eacute;s d&rsquo;affaires pour ses membres. CanREA, c&rsquo;est la voix des secteurs du solaire, de l&rsquo;&eacute;olien et du stockage d&rsquo;&eacute;nergie. Aucune autre association canadienne ne poss&egrave;de sa composition, son ampleur, son expertise et son influence. [&hellip;]","_links":{"self":[{"href":"https:\/\/renewablesassociation.ca\/fr\/wp-json\/wp\/v2\/pages\/1384","targetHints":{"allow":["GET"]}}],"collection":[{"href":"https:\/\/renewablesassociation.ca\/fr\/wp-json\/wp\/v2\/pages"}],"about":[{"href":"https:\/\/renewablesassociation.ca\/fr\/wp-json\/wp\/v2\/types\/page"}],"author":[{"embeddable":true,"href":"https:\/\/renewablesassociation.ca\/fr\/wp-json\/wp\/v2\/users\/2"}],"replies":[{"embeddable":true,"href":"https:\/\/renewablesassociation.ca\/fr\/wp-json\/wp\/v2\/comments?post=1384"}],"version-history":[{"count":49,"href":"https:\/\/renewablesassociation.ca\/fr\/wp-json\/wp\/v2\/pages\/1384\/revisions"}],"predecessor-version":[{"id":22456,"href":"https:\/\/renewablesassociation.ca\/fr\/wp-json\/wp\/v2\/pages\/1384\/revisions\/22456"}],"wp:featuredmedia":[{"embeddable":true,"href":"https:\/\/renewablesassociation.ca\/fr\/wp-json\/wp\/v2\/media\/2143"}],"wp:attachment":[{"href":"https:\/\/renewablesassociation.ca\/fr\/wp-json\/wp\/v2\/media?parent=1384"}],"wp:term":[{"taxonomy":"post_tag","embeddable":true,"href":"https:\/\/renewablesassociation.ca\/fr\/wp-json\/wp\/v2\/tags?post=1384"}],"curies":[{"name":"wp","href":"https:\/\/api.w.org\/{rel}","templated":true}]}}