{"id":1382,"date":"2020-06-16T14:37:30","date_gmt":"2020-06-16T14:37:30","guid":{"rendered":"https:\/\/renewablesassociation.ca\/?page_id=1382"},"modified":"2021-03-25T10:55:29","modified_gmt":"2021-03-25T14:55:29","slug":"evenements-a-venir","status":"publish","type":"page","link":"https:\/\/renewablesassociation.ca\/fr\/evenements-a-venir\/","title":{"rendered":"\u00c9v\u00e9nements \u00e0 venir"},"content":{"rendered":"\n<h2 class=\"wp-block-heading\"><strong>Les \u00e9v\u00e9nements de l\u2019Association canadienne de l\u2019\u00e9nergie renouvelable sont des occasions in\u00e9gal\u00e9es de r\u00e9seautage, de collaboration, de perfectionnement professionnel et d\u2019\u00e9change de renseignements sur les march\u00e9s et plus encore.<\/strong><\/h2>\n\n\n\n<p>Notre programme diversifi\u00e9 comprend des \u00e9v\u00e9nements virtuels et en personne dans l\u2019ensemble des principaux march\u00e9s canadiens. Les participants peuvent s\u2019informer sur les avanc\u00e9es de l\u2019industrie et les nouvelles politiques, la conjoncture \u00e9conomique, les conditions du march\u00e9 ainsi que les pratiques exemplaires en mati\u00e8re d\u2019op\u00e9rations, tout en \u00e9tablissant des relations concr\u00e8tes avec les leaders de l\u2019industrie et les d\u00e9cideurs.<\/p>\n\n\n\n<p>Les membres et les partenaires de l\u2019industrie qui souhaitent se faire conna\u00eetre et promouvoir leur marque en commanditant un \u00e9v\u00e9nement ou en y tenant un kiosque sont invit\u00e9s \u00e0 consulter <a href=\"https:\/\/renewablesassociation.ca\/fr\/demarquez-vous\/\" class=\"rank-math-link\">la page D\u00e9marquez-vous<\/a> ou \u00e0 \u00e9crire \u00e0 <a href=\"mailto:ventes@associationrenouvelable.ca\">ventes@associationrenouvelable.ca<\/a>.<\/p>\n","protected":false},"excerpt":{"rendered":"<p>Notre programme diversifi&eacute; comprend des &eacute;v&eacute;nements virtuels et en personne dans l&rsquo;ensemble des principaux march&eacute;s canadiens. Les participants peuvent s&rsquo;informer sur les avanc&eacute;es de l&rsquo;industrie et les nouvelles politiques, la conjoncture &eacute;conomique, les conditions du march&eacute; ainsi que les pratiques exemplaires en mati&egrave;re d&rsquo;op&eacute;rations, tout en &eacute;tablissant des relations concr&egrave;tes avec les leaders de l&rsquo;industrie [&hellip;]<\/p>\n","protected":false},"author":2,"featured_media":2165,"parent":0,"menu_order":17,"comment_status":"closed","ping_status":"closed","template":"page-templates\/events.php","meta":{"_acf_changed":false,"_eb_attr":"","_uag_custom_page_level_css":"","footnotes":""},"tags":[],"class_list":["post-1382","page","type-page","status-publish","has-post-thumbnail","hentry"],"acf":[],"uagb_featured_image_src":{"full":["https:\/\/renewablesassociation.ca\/wp-content\/uploads\/2020\/06\/featured_events_img@2x.jpg",1380,808,false],"thumbnail":["https:\/\/renewablesassociation.ca\/wp-content\/uploads\/2020\/06\/featured_events_img@2x-150x150.jpg",150,150,true],"medium":["https:\/\/renewablesassociation.ca\/wp-content\/uploads\/2020\/06\/featured_events_img@2x-300x176.jpg",300,176,true],"medium_large":["https:\/\/renewablesassociation.ca\/wp-content\/uploads\/2020\/06\/featured_events_img@2x-768x450.jpg",768,450,true],"large":["https:\/\/renewablesassociation.ca\/wp-content\/uploads\/2020\/06\/featured_events_img@2x-1024x600.jpg",1024,600,true],"1536x1536":["https:\/\/renewablesassociation.ca\/wp-content\/uploads\/2020\/06\/featured_events_img@2x.jpg",1380,808,false],"2048x2048":["https:\/\/renewablesassociation.ca\/wp-content\/uploads\/2020\/06\/featured_events_img@2x.jpg",1380,808,false],"alm-thumbnail":["https:\/\/renewablesassociation.ca\/wp-content\/uploads\/2020\/06\/featured_events_img@2x.jpg",150,88,false],"alm-cta":["https:\/\/renewablesassociation.ca\/wp-content\/uploads\/2020\/06\/featured_events_img@2x.jpg",769,450,false],"alm-gallery":["https:\/\/renewablesassociation.ca\/wp-content\/uploads\/2020\/06\/featured_events_img@2x.jpg",800,468,false],"news-img-2x":["https:\/\/renewablesassociation.ca\/wp-content\/uploads\/2020\/06\/featured_events_img@2x.jpg",1380,808,false],"news-img":["https:\/\/renewablesassociation.ca\/wp-content\/uploads\/2020\/06\/featured_events_img@2x.jpg",690,404,false],"gform-image-choice-sm":["https:\/\/renewablesassociation.ca\/wp-content\/uploads\/2020\/06\/featured_events_img@2x.jpg",300,176,false],"gform-image-choice-md":["https:\/\/renewablesassociation.ca\/wp-content\/uploads\/2020\/06\/featured_events_img@2x.jpg",400,234,false],"gform-image-choice-lg":["https:\/\/renewablesassociation.ca\/wp-content\/uploads\/2020\/06\/featured_events_img@2x.jpg",600,351,false]},"uagb_author_info":{"display_name":"John Churchill","author_link":"https:\/\/renewablesassociation.ca\/fr\/author\/john\/"},"uagb_comment_info":0,"uagb_excerpt":"Notre programme diversifi&eacute; comprend des &eacute;v&eacute;nements virtuels et en personne dans l&rsquo;ensemble des principaux march&eacute;s canadiens. Les participants peuvent s&rsquo;informer sur les avanc&eacute;es de l&rsquo;industrie et les nouvelles politiques, la conjoncture &eacute;conomique, les conditions du march&eacute; ainsi que les pratiques exemplaires en mati&egrave;re d&rsquo;op&eacute;rations, tout en &eacute;tablissant des relations concr&egrave;tes avec les leaders de l&rsquo;industrie\u2026","_links":{"self":[{"href":"https:\/\/renewablesassociation.ca\/fr\/wp-json\/wp\/v2\/pages\/1382","targetHints":{"allow":["GET"]}}],"collection":[{"href":"https:\/\/renewablesassociation.ca\/fr\/wp-json\/wp\/v2\/pages"}],"about":[{"href":"https:\/\/renewablesassociation.ca\/fr\/wp-json\/wp\/v2\/types\/page"}],"author":[{"embeddable":true,"href":"https:\/\/renewablesassociation.ca\/fr\/wp-json\/wp\/v2\/users\/2"}],"replies":[{"embeddable":true,"href":"https:\/\/renewablesassociation.ca\/fr\/wp-json\/wp\/v2\/comments?post=1382"}],"version-history":[{"count":26,"href":"https:\/\/renewablesassociation.ca\/fr\/wp-json\/wp\/v2\/pages\/1382\/revisions"}],"predecessor-version":[{"id":3748,"href":"https:\/\/renewablesassociation.ca\/fr\/wp-json\/wp\/v2\/pages\/1382\/revisions\/3748"}],"wp:featuredmedia":[{"embeddable":true,"href":"https:\/\/renewablesassociation.ca\/fr\/wp-json\/wp\/v2\/media\/2165"}],"wp:attachment":[{"href":"https:\/\/renewablesassociation.ca\/fr\/wp-json\/wp\/v2\/media?parent=1382"}],"wp:term":[{"taxonomy":"post_tag","embeddable":true,"href":"https:\/\/renewablesassociation.ca\/fr\/wp-json\/wp\/v2\/tags?post=1382"}],"curies":[{"name":"wp","href":"https:\/\/api.w.org\/{rel}","templated":true}]}}