{"id":1378,"date":"2020-06-19T19:45:12","date_gmt":"2020-06-19T19:45:12","guid":{"rendered":"https:\/\/renewablesassociation.ca\/?page_id=1378"},"modified":"2025-03-31T17:04:20","modified_gmt":"2025-03-31T21:04:20","slug":"guide-transition-vers-le-solaire-3","status":"publish","type":"page","link":"https:\/\/renewablesassociation.ca\/fr\/guide-transition-vers-le-solaire-3\/","title":{"rendered":"Guide Transition vers le solaire"},"content":{"rendered":"<p>Aujourd\u2019hui, plus de propri\u00e9taires que jamais installent des panneaux solaires, et comme le co\u00fbt de la technologie a diminu\u00e9 de plus de 80\u00a0% depuis 2010, il est facile de comprendre pourquoi. Il n\u2019y a jamais eu de meilleur moment pour exploiter la puissance du soleil!<\/p>\n<p>En plus des avantages environnementaux de l\u2019\u00e9nergie solaire, la production de votre propre \u00e9nergie \u00e0 partir du soleil, gr\u00e2ce \u00e0 l\u2019\u00e9nergie solaire photovolta\u00efque (PV), vous permet d\u2019\u00e9conomiser sur vos factures d\u2019\u00e9lectricit\u00e9 et, lorsqu\u2019elle est jumel\u00e9e au stockage d\u2019\u00e9nergie, de vous assurer que votre maison est pr\u00eate en cas de panne d\u2019\u00e9lectricit\u00e9 ou de catastrophe naturelle.<\/p>\n<p>Un syst\u00e8me solaire photovolta\u00efque repr\u00e9sente un investissement important dans votre avenir, et comme pour toute d\u00e9cision importante, il est important de savoir ce que cela implique avant de prendre un engagement.<\/p>\n<p>Le <em>Guide Transition vers le solaire<\/em> de CanREA traite de tout ce dont vous devez tenir compte lorsque vous d\u00e9cidez de passer \u00e0 l\u2019\u00e9nergie solaire, comme la d\u00e9termination de votre potentiel solaire, la facturation nette, les programmes incitatifs, le financement de votre installation, les questions \u00e0 poser \u00e0 votre installateur, et bien plus encore.<\/p>\n<p>On y trouve \u00e9galement une liste de 45 installateurs de panneaux solaires et 14 fournisseurs d&#8217;\u00e9quipements et autres prestataires de services qui sont membres en r\u00e8gle de la CanREA et qui ont sign\u00e9 le code de conduite des membres de la CanREA, desservant diverses provinces du Canada. Il est donc facile de trouver une entreprise membre de CanREA pr\u00e8s de chez vous pour installer votre syst\u00e8me solaire photovolta\u00efque.<\/p>\n<p>D\u00e9couvrez pourquoi le <em>Guide Transition vers le solaire<\/em> de CanREA est la ressource incontournable pour les propri\u00e9taires canadiens et les petites entreprises qui souhaitent installer des panneaux solaires photovolta\u00efques chez eux. T\u00e9l\u00e9chargez votre exemplaire gratuit d\u00e8s aujourd\u2019hui!<\/p>\n<p><em><strong>Pour t\u00e9l\u00e9charger le Guide Transition vers le solaire\u00a0de CanREA (en anglais seulement),\u00a0<\/strong><\/em><a style=\"background-color: #ffffff; font-size: 0.938rem;\" href=\"https:\/\/renewablesassociation.ca\/?page_id=191\" target=\"_blank\" rel=\"noopener\">cliquez ici.<\/a><em><br \/>\n<\/em><\/p>\n<p>Pour figurer dans le <em>Guide<\/em> de l\u2019an prochain, veuillez communiquer avec l\u2019\u00e9quipe des membres de CanREA \u00e0 <a href=\"mailto:members@renewablesassociation.ca\">members@renewablesassociation.ca<\/a><\/p>\n","protected":false},"excerpt":{"rendered":"<p>Aujourd&rsquo;hui, plus de propri&eacute;taires que jamais installent des panneaux solaires, et comme le co&ucirc;t de la technologie a diminu&eacute; de plus de 80&nbsp;% depuis 2010, il est facile de comprendre pourquoi. Il n&rsquo;y a jamais eu de meilleur moment pour exploiter la puissance du soleil! [&hellip;]<\/p>\n","protected":false},"author":1582,"featured_media":16598,"parent":0,"menu_order":20,"comment_status":"closed","ping_status":"closed","template":"","meta":{"_acf_changed":false,"_eb_attr":"","_uag_custom_page_level_css":"","footnotes":""},"tags":[],"class_list":["post-1378","page","type-page","status-publish","has-post-thumbnail","hentry"],"acf":[],"uagb_featured_image_src":{"full":["https:\/\/renewablesassociation.ca\/wp-content\/uploads\/2023\/06\/gosolar_FR-1.png",640,478,false],"thumbnail":["https:\/\/renewablesassociation.ca\/wp-content\/uploads\/2023\/06\/gosolar_FR-1-150x150.png",150,150,true],"medium":["https:\/\/renewablesassociation.ca\/wp-content\/uploads\/2023\/06\/gosolar_FR-1-300x224.png",300,224,true],"medium_large":["https:\/\/renewablesassociation.ca\/wp-content\/uploads\/2023\/06\/gosolar_FR-1.png",640,478,false],"large":["https:\/\/renewablesassociation.ca\/wp-content\/uploads\/2023\/06\/gosolar_FR-1.png",640,478,false],"1536x1536":["https:\/\/renewablesassociation.ca\/wp-content\/uploads\/2023\/06\/gosolar_FR-1.png",640,478,false],"2048x2048":["https:\/\/renewablesassociation.ca\/wp-content\/uploads\/2023\/06\/gosolar_FR-1.png",640,478,false],"alm-thumbnail":["https:\/\/renewablesassociation.ca\/wp-content\/uploads\/2023\/06\/gosolar_FR-1-150x150.png",150,150,true],"alm-cta":["https:\/\/renewablesassociation.ca\/wp-content\/uploads\/2023\/06\/gosolar_FR-1-640x450.png",640,450,true],"alm-gallery":["https:\/\/renewablesassociation.ca\/wp-content\/uploads\/2023\/06\/gosolar_FR-1.png",640,478,false],"news-img-2x":["https:\/\/renewablesassociation.ca\/wp-content\/uploads\/2023\/06\/gosolar_FR-1.png",640,478,false],"news-img":["https:\/\/renewablesassociation.ca\/wp-content\/uploads\/2023\/06\/gosolar_FR-1.png",640,478,false],"gform-image-choice-sm":["https:\/\/renewablesassociation.ca\/wp-content\/uploads\/2023\/06\/gosolar_FR-1.png",300,224,false],"gform-image-choice-md":["https:\/\/renewablesassociation.ca\/wp-content\/uploads\/2023\/06\/gosolar_FR-1.png",400,299,false],"gform-image-choice-lg":["https:\/\/renewablesassociation.ca\/wp-content\/uploads\/2023\/06\/gosolar_FR-1.png",600,448,false]},"uagb_author_info":{"display_name":"Melissa McDougall","author_link":"https:\/\/renewablesassociation.ca\/fr\/author\/bff89ed1-c4f1-4277-9caa-d943ba5a306a\/"},"uagb_comment_info":0,"uagb_excerpt":"Aujourd&rsquo;hui, plus de propri&eacute;taires que jamais installent des panneaux solaires, et comme le co&ucirc;t de la technologie a diminu&eacute; de plus de 80&nbsp;% depuis 2010, il est facile de comprendre pourquoi. Il n&rsquo;y a jamais eu de meilleur moment pour exploiter la puissance du soleil! [&hellip;]","_links":{"self":[{"href":"https:\/\/renewablesassociation.ca\/fr\/wp-json\/wp\/v2\/pages\/1378","targetHints":{"allow":["GET"]}}],"collection":[{"href":"https:\/\/renewablesassociation.ca\/fr\/wp-json\/wp\/v2\/pages"}],"about":[{"href":"https:\/\/renewablesassociation.ca\/fr\/wp-json\/wp\/v2\/types\/page"}],"author":[{"embeddable":true,"href":"https:\/\/renewablesassociation.ca\/fr\/wp-json\/wp\/v2\/users\/1582"}],"replies":[{"embeddable":true,"href":"https:\/\/renewablesassociation.ca\/fr\/wp-json\/wp\/v2\/comments?post=1378"}],"version-history":[{"count":21,"href":"https:\/\/renewablesassociation.ca\/fr\/wp-json\/wp\/v2\/pages\/1378\/revisions"}],"predecessor-version":[{"id":20495,"href":"https:\/\/renewablesassociation.ca\/fr\/wp-json\/wp\/v2\/pages\/1378\/revisions\/20495"}],"wp:featuredmedia":[{"embeddable":true,"href":"https:\/\/renewablesassociation.ca\/fr\/wp-json\/wp\/v2\/media\/16598"}],"wp:attachment":[{"href":"https:\/\/renewablesassociation.ca\/fr\/wp-json\/wp\/v2\/media?parent=1378"}],"wp:term":[{"taxonomy":"post_tag","embeddable":true,"href":"https:\/\/renewablesassociation.ca\/fr\/wp-json\/wp\/v2\/tags?post=1378"}],"curies":[{"name":"wp","href":"https:\/\/api.w.org\/{rel}","templated":true}]}}