{"id":1372,"date":"2020-06-16T14:34:50","date_gmt":"2020-06-16T14:34:50","guid":{"rendered":"https:\/\/renewablesassociation.ca\/?page_id=1372"},"modified":"2023-06-09T15:06:22","modified_gmt":"2023-06-09T19:06:22","slug":"milieux-daccueil","status":"publish","type":"page","link":"https:\/\/renewablesassociation.ca\/fr\/milieux-daccueil\/","title":{"rendered":"Milieux d\u2019accueil"},"content":{"rendered":"\n<p>L\u2019une des forces des projets d\u2019\u00e9nergie \u00e9olienne, d\u2019\u00e9nergie solaire et de stockage d\u2019\u00e9nergie, c\u2019est qu\u2019ils sont r\u00e9partis sur un grand territoire, ce qui am\u00e9liore la r\u00e9silience du r\u00e9seau et rapproche bien souvent la production d\u2019\u00e9lectricit\u00e9 de son lieu d\u2019utilisation. Et il y a de bonnes raisons qui font que des centaines de collectivit\u00e9s partout au Canada ont bien accueilli les projets de nos membres.<\/p>\n\n\n\n<h3 class=\"wp-block-heading\">Revitaliser l\u2019\u00e9conomie locale<\/h3>\n\n\n\n<div class=\"wp-block-columns is-layout-flex wp-container-core-columns-is-layout-9d6595d7 wp-block-columns-is-layout-flex\">\n<div class=\"wp-block-column empty_column is-layout-flow wp-block-column-is-layout-flow\" style=\"flex-basis:15%\"><\/div>\n\n\n\n<div class=\"wp-block-column text_right_column is-layout-flow wp-block-column-is-layout-flow\" style=\"flex-basis:85%\">\n<p>Les projets d\u2019\u00e9nergie \u00e9olienne, d\u2019\u00e9nergie solaire et de stockage d\u2019\u00e9nergie contribuent de plusieurs mani\u00e8res \u00e0 l\u2019\u00e9conomie locale :<\/p>\n\n\n\n<ul class=\"wp-block-list\">\n<li>Ils favorisent la diversification \u00e9conomique, un objectif de premier plan pour beaucoup de petites collectivit\u00e9s rurales, en engendrant des activit\u00e9s de construction et de d\u00e9veloppement, ainsi que des occasions d\u2019emploi et d\u2019approvisionnement et d\u2019autres retomb\u00e9es pendant leur exploitation.<\/li>\n\n\n\n<li>Ils g\u00e9n\u00e8rent de nouveaux revenus sous forme d\u2019imp\u00f4t foncier pour les municipalit\u00e9s et de paiements de location pour les propri\u00e9taires de terrains et d\u2019immeubles, ce qui offre souvent un suppl\u00e9ment aux revenus variables dans les secteurs comme l\u2019agriculture.<\/li>\n\n\n\n<li>Ils permettent, dans bien des cas, la participation au capital et d\u2019autres formes de partage direct des b\u00e9n\u00e9fices pour les collectivit\u00e9s d\u2019accueil, soit souvent les participants aux projets et les communaut\u00e9s autochtones.<\/li>\n<\/ul>\n<\/div>\n<\/div>\n\n\n\n<h3 class=\"wp-block-heading\">Participation des intervenants locaux<\/h3>\n\n\n\n<div class=\"wp-block-columns is-layout-flex wp-container-core-columns-is-layout-9d6595d7 wp-block-columns-is-layout-flex\">\n<div class=\"wp-block-column empty_column is-layout-flow wp-block-column-is-layout-flow\" style=\"flex-basis:15%\"><\/div>\n\n\n\n<div class=\"wp-block-column text_right_column is-layout-flow wp-block-column-is-layout-flow\" style=\"flex-basis:85%\">\n<p>L\u2019Association canadienne de l\u2019\u00e9nergie renouvelable et ses membres reconnaissent et comprennent qu\u2019il faut mobiliser les municipalit\u00e9s, les peuples autochtones et divers intervenants d\u00e8s qu\u2019un projet est propos\u00e9 et tout au long de celui-ci. C\u2019est le seul moyen de faire en sorte que tout le monde ait une r\u00e9ponse \u00e0 ses questions et que les projets, une fois termin\u00e9s, s\u2019int\u00e8grent parfaitement au paysage local et respectent les priorit\u00e9s des collectivit\u00e9s.<\/p>\n\n\n\n<p>Pour mener \u00e0 bien un projet d\u2019\u00e9nergie renouvelable, il faut compter sur la participation active et concr\u00e8te de la collectivit\u00e9 qui l\u2019h\u00e9berge, et notre industrie travaille constamment \u00e0 am\u00e9liorer et \u00e0 renforcer ses approches.<\/p>\n\n\n\n<p><a href=\"https:\/\/renewablesassociation.ca\/wp-content\/uploads\/2020\/06\/Pratiques-d\u2019excellence-en-mati\u00e8re-d\u2019engagement-communautaire-juin2020.pdf\" target=\"_blank\" aria-label=\" (opens in a new tab)\" rel=\"noreferrer noopener\" class=\"rank-math-link\">D\u00e9veloppement de projets \u00e9oliens \u2013 Pratiques d\u2019excellence en mati\u00e8re d\u2019engagement des Autochtones et du public<\/a>&nbsp;est un guide visant \u00e0 aider les acteurs de l\u2019industrie dans leurs d\u00e9marches de consultation, de mobilisation et de communication dans le cadre de projets \u00e9oliens. Regroupant tout un \u00e9ventail de points de vue, il oriente nos membres et donne aux intervenants une id\u00e9e du d\u00e9roulement d\u2019un projet dans leur collectivit\u00e9.<\/p>\n<\/div>\n<\/div>\n","protected":false},"excerpt":{"rendered":"<p>L&rsquo;une des forces des projets d&rsquo;&eacute;nergie &eacute;olienne, d&rsquo;&eacute;nergie solaire et de stockage d&rsquo;&eacute;nergie, c&rsquo;est qu&rsquo;ils sont r&eacute;partis sur un grand territoire, ce qui am&eacute;liore la r&eacute;silience du r&eacute;seau et rapproche bien souvent la production d&rsquo;&eacute;lectricit&eacute; de son lieu d&rsquo;utilisation. Et il y a de bonnes raisons qui font que des centaines de collectivit&eacute;s partout au [&hellip;]<\/p>\n","protected":false},"author":2,"featured_media":2118,"parent":0,"menu_order":19,"comment_status":"closed","ping_status":"closed","template":"","meta":{"_acf_changed":false,"_eb_attr":"","_uag_custom_page_level_css":"","footnotes":""},"tags":[],"class_list":["post-1372","page","type-page","status-publish","has-post-thumbnail","hentry"],"acf":[],"uagb_featured_image_src":{"full":["https:\/\/renewablesassociation.ca\/wp-content\/uploads\/2020\/06\/community_img@2x.jpg",1380,808,false],"thumbnail":["https:\/\/renewablesassociation.ca\/wp-content\/uploads\/2020\/06\/community_img@2x-150x150.jpg",150,150,true],"medium":["https:\/\/renewablesassociation.ca\/wp-content\/uploads\/2020\/06\/community_img@2x-300x176.jpg",300,176,true],"medium_large":["https:\/\/renewablesassociation.ca\/wp-content\/uploads\/2020\/06\/community_img@2x-768x450.jpg",768,450,true],"large":["https:\/\/renewablesassociation.ca\/wp-content\/uploads\/2020\/06\/community_img@2x-1024x600.jpg",1024,600,true],"1536x1536":["https:\/\/renewablesassociation.ca\/wp-content\/uploads\/2020\/06\/community_img@2x.jpg",1380,808,false],"2048x2048":["https:\/\/renewablesassociation.ca\/wp-content\/uploads\/2020\/06\/community_img@2x.jpg",1380,808,false],"alm-thumbnail":["https:\/\/renewablesassociation.ca\/wp-content\/uploads\/2020\/06\/community_img@2x.jpg",150,88,false],"alm-cta":["https:\/\/renewablesassociation.ca\/wp-content\/uploads\/2020\/06\/community_img@2x.jpg",769,450,false],"alm-gallery":["https:\/\/renewablesassociation.ca\/wp-content\/uploads\/2020\/06\/community_img@2x.jpg",800,468,false],"news-img-2x":["https:\/\/renewablesassociation.ca\/wp-content\/uploads\/2020\/06\/community_img@2x.jpg",1380,808,false],"news-img":["https:\/\/renewablesassociation.ca\/wp-content\/uploads\/2020\/06\/community_img@2x.jpg",690,404,false],"gform-image-choice-sm":["https:\/\/renewablesassociation.ca\/wp-content\/uploads\/2020\/06\/community_img@2x.jpg",300,176,false],"gform-image-choice-md":["https:\/\/renewablesassociation.ca\/wp-content\/uploads\/2020\/06\/community_img@2x.jpg",400,234,false],"gform-image-choice-lg":["https:\/\/renewablesassociation.ca\/wp-content\/uploads\/2020\/06\/community_img@2x.jpg",600,351,false]},"uagb_author_info":{"display_name":"John Churchill","author_link":"https:\/\/renewablesassociation.ca\/fr\/author\/john\/"},"uagb_comment_info":0,"uagb_excerpt":"L&rsquo;une des forces des projets d&rsquo;&eacute;nergie &eacute;olienne, d&rsquo;&eacute;nergie solaire et de stockage d&rsquo;&eacute;nergie, c&rsquo;est qu&rsquo;ils sont r&eacute;partis sur un grand territoire, ce qui am&eacute;liore la r&eacute;silience du r&eacute;seau et rapproche bien souvent la production d&rsquo;&eacute;lectricit&eacute; de son lieu d&rsquo;utilisation. Et il y a de bonnes raisons qui font que des centaines de collectivit&eacute;s partout au\u2026","_links":{"self":[{"href":"https:\/\/renewablesassociation.ca\/fr\/wp-json\/wp\/v2\/pages\/1372","targetHints":{"allow":["GET"]}}],"collection":[{"href":"https:\/\/renewablesassociation.ca\/fr\/wp-json\/wp\/v2\/pages"}],"about":[{"href":"https:\/\/renewablesassociation.ca\/fr\/wp-json\/wp\/v2\/types\/page"}],"author":[{"embeddable":true,"href":"https:\/\/renewablesassociation.ca\/fr\/wp-json\/wp\/v2\/users\/2"}],"replies":[{"embeddable":true,"href":"https:\/\/renewablesassociation.ca\/fr\/wp-json\/wp\/v2\/comments?post=1372"}],"version-history":[{"count":11,"href":"https:\/\/renewablesassociation.ca\/fr\/wp-json\/wp\/v2\/pages\/1372\/revisions"}],"predecessor-version":[{"id":16323,"href":"https:\/\/renewablesassociation.ca\/fr\/wp-json\/wp\/v2\/pages\/1372\/revisions\/16323"}],"wp:featuredmedia":[{"embeddable":true,"href":"https:\/\/renewablesassociation.ca\/fr\/wp-json\/wp\/v2\/media\/2118"}],"wp:attachment":[{"href":"https:\/\/renewablesassociation.ca\/fr\/wp-json\/wp\/v2\/media?parent=1372"}],"wp:term":[{"taxonomy":"post_tag","embeddable":true,"href":"https:\/\/renewablesassociation.ca\/fr\/wp-json\/wp\/v2\/tags?post=1372"}],"curies":[{"name":"wp","href":"https:\/\/api.w.org\/{rel}","templated":true}]}}