{"id":12317,"date":"2022-07-20T11:08:55","date_gmt":"2022-07-20T15:08:55","guid":{"rendered":"https:\/\/renewablesassociation.ca\/?page_id=12317"},"modified":"2022-07-20T11:08:58","modified_gmt":"2022-07-20T15:08:58","slug":"canrea-gestionnaire-des-ventes-adhesion","status":"publish","type":"page","link":"https:\/\/renewablesassociation.ca\/fr\/carrieres\/canrea-gestionnaire-des-ventes-adhesion\/","title":{"rendered":"CanREA-Gestionnaire des ventes\u00a0\u2013\u00a0adh\u00e9sion"},"content":{"rendered":"\n<h3 class=\"wp-block-heading\">Le poste<\/h3>\n\n\n\n<p>Vous \u00eates une professionnelle ou un professionnel des ventes dynamique et dot\u00e9 d\u2019un remarquable entregent? Vous excellez dans les r\u00e9unions commerciales gr\u00e2ce \u00e0 votre grande compr\u00e9hension des objectifs et des besoins d\u2019une entreprise et \u00e0 votre capacit\u00e9 \u00e0 proposer des solutions pour l\u2019aider \u00e0 atteindre ses buts strat\u00e9giques avec \u00e9loquence? Vous ma\u00eetrisez l\u2019art d\u2019inciter les clients potentiels \u00e0 prendre une d\u00e9cision commerciale pour \u00ab&nbsp;conclure la vente&nbsp;\u00bb? Les \u00e9nergies renouvelables vous passionnent et vous connaissez bien (ou avez la capacit\u00e9 d\u2019apprendre rapidement) l\u2019industrie et le march\u00e9 des \u00e9nergies renouvelables du Canada? Si vous vous reconnaissez dans cette description, vous pourriez \u00eatre la personne id\u00e9ale pour le nouveau poste de <strong>gestionnaire des ventes&nbsp;\u2013&nbsp;adh\u00e9sion <\/strong>\u00e0 CanREA. Il s\u2019agit d\u2019une occasion r\u00eav\u00e9e pour les adeptes de gestion durable et d\u2019environnement qui aspirent \u00e0 participer activement \u00e0 la transformation du bouquet \u00e9nerg\u00e9tique canadien.<\/p>\n\n\n\n<p>Relevant du vice-pr\u00e9sident, D\u00e9veloppement des affaires, finances et op\u00e9rations, le ou la gestionnaire sera responsable du recrutement des membres et des d\u00e9marches visant \u00e0 inciter les membres \u00e0 passer \u00e0 un \u00e9chelon sup\u00e9rieur, en cr\u00e9ant et en entretenant des relations, en g\u00e9rant une liste de membres potentiels et en suivant l\u2019avancement et la conclusion des ventes. Il s\u2019agit d\u2019un <strong>poste contractuel <\/strong>avec possibilit\u00e9 de prolongation ou de transition vers un poste \u00e0 temps plein.<\/p>\n\n\n\n<h3 class=\"wp-block-heading\">Fonctions et responsabilit\u00e9s<\/h3>\n\n\n\n<ul class=\"wp-block-list\"><li><strong>Mener le recrutement des membres et les activit\u00e9s visant \u00e0 inciter les membres actuels \u00e0 passer \u00e0 un \u00e9chelon sup\u00e9rieur <\/strong>au moyen de diverses techniques de promotion commerciale, et r\u00e9unir et pr\u00e9parer les membres de l\u2019\u00e9quipe de CanREA concern\u00e9s en vue de r\u00e9unions sur les ventes potentielles majeures.<\/li><li><strong>Comprendre, articuler et pr\u00e9senter clairement la proposition de valeur de CanREA aux membres potentiels et actuels, <\/strong>afin de d\u00e9montrer l\u2019immense potentiel commercial des \u00e9nergies renouvelables au Canada, tout en exposant les avantages et les cat\u00e9gories d\u2019adh\u00e9sion de CanREA.<\/li><li><strong>Cr\u00e9er et entretenir des relations avec les membres actuels et potentiels, <\/strong>dans le but de multiplier les occasions de recruter de nouveaux membres et d\u2019encourager les membres actuels \u00e0 augmenter leur degr\u00e9 d\u2019engagement dans l\u2019Association.<\/li><li><strong>G\u00e9rer et mettre \u00e0 jour les listes de membres potentiels <\/strong>\u00e0 l\u2019aide du syst\u00e8me de gestion de CanREA (Wicket), en collaboration avec l\u2019assistant ou l\u2019assistante aux ventes.<\/li><li><strong>Faire le suivi de la progression et de la conclusion des ventes, <\/strong>et fournir des rapports de mise \u00e0 jour \u00e0 la haute direction.<\/li><li><strong>Contribuer \u00e0 l\u2019atteinte des objectifs de revenus associ\u00e9s au recrutement et \u00e0 l\u2019avancement d\u2019\u00e9chelon des membres, <\/strong>en collaboration avec l\u2019\u00e9quipe d\u2019adh\u00e9sion et de d\u00e9veloppement des affaires, selon les cibles fix\u00e9es par la direction.<\/li><li><strong>Mener des recherches sur les entreprises d\u2019int\u00e9r\u00eat <\/strong>pour mieux comprendre leur cr\u00e9neau \u00e9conomique et leurs objectifs g\u00e9n\u00e9raux, en collaboration avec l\u2019assistant ou l\u2019assistante aux ventes, dans le but de leur fournir des solutions d\u2019adh\u00e9sion fond\u00e9es sur la proposition de valeur de CanREA.<\/li><li><strong>Rester au courant des actualit\u00e9s du secteur des \u00e9nergies renouvelables et des tendances du march\u00e9 <\/strong>en conversant avec les acteurs de l\u2019industrie et l\u2019\u00e9quipe des politiques de CanREA, et en suivant les nouvelles de CanREA, les articles de presse sur l\u2019industrie, les publications en ligne, les fils de m\u00e9dias sociaux, etc.<\/li><li>Autres t\u00e2ches et responsabilit\u00e9s d\u00e9finies par la haute direction, le cas \u00e9ch\u00e9ant.<\/li><\/ul>\n\n\n\n<h3 class=\"wp-block-heading\">Comp\u00e9tences<\/h3>\n\n\n\n<ul class=\"wp-block-list\"><li>Dipl\u00f4me universitaire dans un domaine pertinent ou combinaison acceptable d\u2019\u00e9tudes et d\u2019exp\u00e9rience pertinente.<\/li><li>Au moins 4&nbsp;ans d\u2019exp\u00e9rience professionnelle dans la vente et le service \u00e0 la client\u00e8le.<\/li><li>Connaissance \u00e9prouv\u00e9e des techniques de vente.<\/li><li>Excellentes habilet\u00e9s de communication et de pr\u00e9sentation, capacit\u00e9 \u00e0 \u00ab&nbsp;conclure la vente&nbsp;\u00bb et \u00e0 synth\u00e9tiser des id\u00e9es complexes et \u00e0 les communiquer aux parties prenantes tant \u00e0 l\u2019interne qu\u2019\u00e0 l\u2019externe de fa\u00e7on claire, concise et facile \u00e0 comprendre.<\/li><li>Solide capacit\u00e9 \u00e0 r\u00e9pondre aux objections commerciales et \u00e0 proposer rapidement des solutions.<\/li><li>Grande aptitude pour la recherche sur les entreprises et les march\u00e9s.<\/li><li>Connaissance g\u00e9n\u00e9rale de l\u2019industrie des \u00e9nergies renouvelables et du stockage d\u2019\u00e9nergie, un atout.<\/li><li>Exp\u00e9rience avec des organisations \u00e0 but non lucratif ou de membres ou au sein de telles organisations, un atout.<\/li><li>Ma\u00eetrise de l\u2019anglais (parl\u00e9 et \u00e9crit). Ma\u00eetrise du fran\u00e7ais (parl\u00e9 et \u00e9crit), un atout.<\/li><li>Capacit\u00e9 \u00e0 concilier travail en autonomie et travail en \u00e9quipe gr\u00e2ce \u00e0 une \u00e9thique de travail rigoureuse, un souci du travail bien fait, une bonne gestion du temps, un bon sens de l\u2019organisation, une intelligence \u00e9motionnelle et une aptitude au dialogue.<\/li><li>Capacit\u00e9 \u00e0 travailler efficacement sous pression, \u00e0 faire preuve de discr\u00e9tion, de tact, de jugement et de respect envers les autres et \u00e0 garder son sens de l\u2019humour, m\u00eame en p\u00e9riode fort occup\u00e9e ou en cas de changement de priorit\u00e9s ou d\u2019\u00e9ch\u00e9ances.<\/li><li>Souci des r\u00e9sultats, motivation personnelle, grand dynamisme, enthousiasme et esprit d\u2019initiative.<\/li><li>Grand souci du d\u00e9tail.<\/li><li>Curiosit\u00e9 et volont\u00e9 d\u2019apprendre.<\/li><li>Ma\u00eetrise des syst\u00e8mes logiciels, y compris Microsoft Word, Excel, PowerPoint, et des syst\u00e8mes de gestion de l\u2019information (syst\u00e8mes de base de donn\u00e9es).<\/li><li>Exp\u00e9rience de t\u00e9l\u00e9travail, avec ses avantages et ses inconv\u00e9nients.<\/li><\/ul>\n\n\n\n<h3 class=\"wp-block-heading\">Avantages<\/h3>\n\n\n\n<ul class=\"wp-block-list\"><li>Trois semaines de vacances pay\u00e9es.<\/li><li>Cong\u00e9s pay\u00e9s du 20&nbsp;d\u00e9cembre au 1<sup>er<\/sup>&nbsp;janvier.<\/li><\/ul>\n\n\n\n<p><strong>Veuillez noter que CanREA s\u2019est dot\u00e9e d\u2019une politique de vaccination obligatoire contre la COVID-19 pour tous ses employ\u00e9s.<\/strong><\/p>\n\n\n\n<h3 class=\"wp-block-heading\">Lieu<\/h3>\n\n\n\n<p>Notre \u00e9quipe travaille maintenant exclusivement \u00e0 distance. Des d\u00e9placements occasionnels sont \u00e0 pr\u00e9voir dans l\u2019avenir <strong>(de 10 \u00e0 20&nbsp;%)<\/strong>, principalement au Canada.<\/p>\n\n\n\n<h3 class=\"wp-block-heading\">Pour soumettre votre candidature<\/h3>\n\n\n\n<p>Veuillez soumettre un curriculum vit\u00e6 et une lettre de pr\u00e9sentation \u00e0 <a href=\"mailto:careers@businesssherpagroup.com\">careers@businesssherpagroup.com<\/a>\u00a0expliquant en quoi vous r\u00e9pondez parfaitement aux exigences du poste.<\/p>\n\n\n\n<p>CanREA remercie l\u2019ensemble des candidates et candidats pour leur int\u00e9r\u00eat; toutefois, seules les personnes retenues pour une entrevue seront contact\u00e9es.<\/p>\n\n\n\n<h3 class=\"wp-block-heading\">Qui nous sommes<\/h3>\n\n\n\n<p>L\u2019Association canadienne de l\u2019\u00e9nergie renouvelable (CanREA) travaille \u00e0 assurer une place centrale aux \u00e9nergies \u00e9olienne et solaire et au stockage d\u2019\u00e9nergie dans l\u2019\u00e9volution du bouquet \u00e9nerg\u00e9tique canadien, en faisant valoir tout le potentiel synergique que rec\u00e8lent ces technologies pour l\u2019offre de solutions \u00e9nerg\u00e9tiques propres, flexibles et abordables. Nous sommes une association sectorielle repr\u00e9sentant pr\u00e8s de 300&nbsp;entreprises membres aupr\u00e8s des gouvernements provinciaux et f\u00e9d\u00e9ral. CanREA vise \u00e0 faire bouger les choses en mati\u00e8re l\u00e9gislative et r\u00e9glementaire dans le secteur de l\u2019\u00e9lectricit\u00e9 pour assurer un avenir durable au Canada et aux g\u00e9n\u00e9rations futures.<\/p>\n\n\n\n<p>CanREA souscrit au principe de l\u2019\u00e9galit\u00e9 des chances, et ses politiques et pratiques visent \u00e0 cr\u00e9er un milieu de travail inclusif et accessible. Si vous avez besoin de mesures d\u2019adaptation durant le processus de recrutement, veuillez l\u2019indiquer dans votre lettre de pr\u00e9sentation&nbsp;: nous ferons tout en notre possible pour r\u00e9pondre \u00e0 votre demande.<\/p>\n","protected":false},"excerpt":{"rendered":"<p>Le poste [&hellip;]<\/p>\n","protected":false},"author":1630,"featured_media":0,"parent":1407,"menu_order":106,"comment_status":"closed","ping_status":"closed","template":"","meta":{"_acf_changed":false,"_eb_attr":"","_uag_custom_page_level_css":"","footnotes":""},"tags":[],"class_list":["post-12317","page","type-page","status-publish","hentry"],"acf":[],"uagb_featured_image_src":{"full":false,"thumbnail":false,"medium":false,"medium_large":false,"large":false,"1536x1536":false,"2048x2048":false,"alm-thumbnail":false,"alm-cta":false,"alm-gallery":false,"news-img-2x":false,"news-img":false,"gform-image-choice-sm":false,"gform-image-choice-md":false,"gform-image-choice-lg":false},"uagb_author_info":{"display_name":"Judy Mitri","author_link":"https:\/\/renewablesassociation.ca\/fr\/author\/c5b476ad-aca6-4fa9-a7a5-db06884587b1\/"},"uagb_comment_info":0,"uagb_excerpt":"Le poste [&hellip;]","_links":{"self":[{"href":"https:\/\/renewablesassociation.ca\/fr\/wp-json\/wp\/v2\/pages\/12317","targetHints":{"allow":["GET"]}}],"collection":[{"href":"https:\/\/renewablesassociation.ca\/fr\/wp-json\/wp\/v2\/pages"}],"about":[{"href":"https:\/\/renewablesassociation.ca\/fr\/wp-json\/wp\/v2\/types\/page"}],"author":[{"embeddable":true,"href":"https:\/\/renewablesassociation.ca\/fr\/wp-json\/wp\/v2\/users\/1630"}],"replies":[{"embeddable":true,"href":"https:\/\/renewablesassociation.ca\/fr\/wp-json\/wp\/v2\/comments?post=12317"}],"version-history":[{"count":1,"href":"https:\/\/renewablesassociation.ca\/fr\/wp-json\/wp\/v2\/pages\/12317\/revisions"}],"predecessor-version":[{"id":12318,"href":"https:\/\/renewablesassociation.ca\/fr\/wp-json\/wp\/v2\/pages\/12317\/revisions\/12318"}],"up":[{"embeddable":true,"href":"https:\/\/renewablesassociation.ca\/fr\/wp-json\/wp\/v2\/pages\/1407"}],"wp:attachment":[{"href":"https:\/\/renewablesassociation.ca\/fr\/wp-json\/wp\/v2\/media?parent=12317"}],"wp:term":[{"taxonomy":"post_tag","embeddable":true,"href":"https:\/\/renewablesassociation.ca\/fr\/wp-json\/wp\/v2\/tags?post=12317"}],"curies":[{"name":"wp","href":"https:\/\/api.w.org\/{rel}","templated":true}]}}