{"id":12023,"date":"2022-06-13T16:13:40","date_gmt":"2022-06-13T20:13:40","guid":{"rendered":"https:\/\/renewablesassociation.ca\/?page_id=12023"},"modified":"2022-06-13T16:15:14","modified_gmt":"2022-06-13T20:15:14","slug":"enercon-canada-technicien-eolien-electrique-st-ferdinand-qc","status":"publish","type":"page","link":"https:\/\/renewablesassociation.ca\/fr\/carrieres\/enercon-canada-technicien-eolien-electrique-st-ferdinand-qc\/","title":{"rendered":"ENERCON Canada &#8211; Technicien \u00e9olien \u00e9lectrique &#8211; St-Ferdinand, QC"},"content":{"rendered":"\n<h3 class=\"wp-block-heading\">Lieu <\/h3>\n\n\n\n<p>St-Ferdinand, QC<\/p>\n\n\n\n<h3 class=\"wp-block-heading\">Responsabilit\u00e9s principales<\/h3>\n\n\n\n<p>\u2022 Planifier le travail \u00e0 effectuer et pr\u00e9parer les outils, les mat\u00e9riaux et l\u2019\u00e9quipement n\u00e9cessaires; Lire et suivre les instructions pour effectuer l\u2019entretien pr\u00e9ventif pr\u00e9vu<br>\u2022 Faire l\u2019entretien correctif, r\u00e9trofit, mise \u00e0 jour de l\u2019\u00e9quipement et logiciel<br>\u2022 Effectuer des diagnostics, identifier les probl\u00e8mes des syst\u00e8mes \u00e9lectriques et m\u00e9caniques et effectuer les r\u00e9parations ou les modifications n\u00e9cessaires<br>\u2022 Analyser et faire des d\u00e9ductions logiques pour trouver la source d\u2019un probl\u00e8me, proposer des solutions potentielles<br>\u2022 Proc\u00e9der \u00e0 des inspections pr\u00e9ventives \u00e0 l\u2019int\u00e9rieur et \u00e0 l\u2019ext\u00e9rieur des panneaux de commande<br>\u2022 Proc\u00e9der \u00e0 des inspections ext\u00e9rieures et int\u00e9rieures des pales de nos \u00e9oliennes<br>\u2022 Resserrer des vis et tensionner des pi\u00e8ces \u00e0 l\u2019aide d\u2019outils de pr\u00e9cision<br>\u2022 Appliquer les politiques et proc\u00e9dures de sant\u00e9 et de s\u00e9curit\u00e9 g\u00e9n\u00e9rales, \u00e9lectriques et m\u00e9caniques<br>\u2022 \u00c9valuer les dangers avant le travail, planifier une s\u00e9quence de travail s\u00fbre en utilisant les donn\u00e9es disponibles<br>\u2022 Identifier les dangers \u00e0 proximit\u00e9 des \u00e9oliennes et suivre les proc\u00e9dures en place pour les incidents \u00e0 signaler et les passerproche<br>\u2022 Participer \u00e0 l\u2019am\u00e9lioration continue des programmes Sant\u00e9-S\u00e9curit\u00e9 en place<br>\u2022 R\u00e9diger des rapports sur les travaux effectu\u00e9s et les \u00e9quipements\/ mat\u00e9riaux utilis\u00e9s dans le syst\u00e8me informatique via tablette \u00e9lectronique et t\u00e9l\u00e9phone intelligent<br>\u2022 Suivre une formation continue offerte par ENERCON : sant\u00e9 et s\u00e9curit\u00e9 (travail et sauvetage en hauteur, espace clos, s\u00e9curit\u00e9 \u00e9lectrique, etc.), technique d\u2019entretien et mise \u00e0 jour des m\u00e9thodes de travail<br>\u2022 Inspecter et entretenir le v\u00e9hicule ENERCON avant son utilisation;<br>\u2022 Se d\u00e9placer r\u00e9guli\u00e8rement pour aider d\u2019autres parcs \u00e9oliens de la r\u00e9gion ou \u00e0 travers le Canada<br>\u2022 Ex\u00e9cuter toutes les autres t\u00e2ches quotidiennes en respectant strictement les normes de qualit\u00e9 et de s\u00e9curit\u00e9 d\u2019ENERCON<\/p>\n\n\n\n<h3 class=\"wp-block-heading\">Exigences<\/h3>\n\n\n\n<p>\u2022 Programme de formation professionnelle en \u00e9lectricit\u00e9, en \u00e9lectrom\u00e9canique ou Programme coll\u00e9gial en maintenance des turbines \u00e9oliennes ou toute autre formation connexe<br>\u2022 0 \u00e0 6 ans d\u2019exp\u00e9rience en maintenance \u00e9lectrique ou m\u00e9canique<br>\u2022 Certificat de compagnon \u00e9lectricien et sceau rouge (un atout)<br>\u2022 Comp\u00e9tences informatiques de base (MS Office)<br>\u2022 Permis de conduire valide<br>\u2022 Autonome et analytique avec de bonnes aptitudes interpersonnelles et capacit\u00e9 de travailler en \u00e9quipe<br>\u2022 Disponibilit\u00e9 pour les heures suppl\u00e9mentaires, les quarts de fin de semaine sur appel et pour les d\u00e9placements sur demande<\/p>\n\n\n\n<h3 class=\"wp-block-heading\">Comp\u00e9tences<\/h3>\n\n\n\n<p>\u2022 Capacit\u00e9 \u00e0 travailler en hauteur et en espaces clos de fa\u00e7on s\u00e9curitaire<br>\u2022 Connaissance de base de premiers soins et pratique de sauvetage en hauteur<br>\u2022 Connaitre les normes de s\u00e9curit\u00e9 \u00e9lectrique et m\u00e9canique g\u00e9n\u00e9rales de l\u2019industrie<br>\u2022 Capacit\u00e9 de lire et d\u2019appliquer le guide des instructions de travail;<br>\u2022 Identifier et d\u00e9crire les sch\u00e9mas et plans (\u00e9lectriques, hydrauliques et techniques)<br>\u2022 Savoir op\u00e9rer des appareillages (switchgears) de moyenne tension et travailler sur un transformateur.<br>\u2022 Connaissances de base en math\u00e9matiques et en conversion d\u2019unit\u00e9s<br>\u2022 Connaitre les \u00e9quipements de protection individuelle (\u00c9PI) et normes standards de l\u2019industrie<\/p>\n\n\n\n<h3 class=\"wp-block-heading\">Ce qu\u2019ENERCON vous offre<\/h3>\n\n\n\n<p>\u2022 Vous joindre \u00e0 notre \u00e9quipe de techniciens \u00e9oliens proactive, d\u00e9vou\u00e9e et passionn\u00e9e<br>\u2022 Une carri\u00e8re comme technicien \u00e9olien au sein d\u2019une organisation de renomm\u00e9e mondiale pour sa technologie avant-gardiste dans le secteur des \u00e9nergies renouvelables<br>\u2022 Environnement de travail en plein air, en \u00e9quipe, avec un minimum de supervision.<br>\u2022 Possibilit\u00e9 de faire reconnaitre vos heures pour le programme d\u2019apprenti \u00e9lectricien<br>\u2022 Un plan de r\u00e9mun\u00e9ration comp\u00e9titif qui vous offre des avantages sociaux g\u00e9n\u00e9reux <br>\u2022 Programme flexible d\u2019assurance collective adapt\u00e9 aux besoins de l\u2019employ\u00e9 incluant notamment : m\u00e9dicaments, les soins m\u00e9dicaux\/param\u00e9dicaux, soins dentaires, vision, etc.<br>\u2022 Assurance vie, maladie grave, invalidit\u00e9 courte et longue dur\u00e9e<br>\u2022 Primes de fin de semaine pour le travail sur appel<br>\u2022 \u00c9valuation annuelle et possibilit\u00e9 de bonus selon les performances<br>\u2022 5 journ\u00e9es personnelles pay\u00e9es par ann\u00e9e<br>\u2022 Programme contributif de retraite (REER collectif); ENERCON \u00e9galise les contributions jusqu\u2019\u00e0 3%<br>\u2022 Programme de formation continue au Centre de formation ENERCON bas\u00e9 \u00e0 Boucherville, QC<br>\u2022 Outils, v\u00eatements, bottes, \u00e9quipements de travail de haute qualit\u00e9 fournis<\/p>\n\n\n\n<h3 class=\"wp-block-heading\">ENERCON Canada<\/h3>\n\n\n\n<p>Fond\u00e9e en Allemagne il y a plus de 35 ans, la soci\u00e9t\u00e9 ENERCON est un chef de file mondial en mati\u00e8re de conception et de fabrication d\u2019\u00e9oliennes. Connue dans le monde entier pour ses technologies de g\u00e9n\u00e9ratrice \u00e0 entra\u00eenement direct, ses normes de qualit\u00e9 \u00e9lev\u00e9es et ses contrats de service de longue dur\u00e9e, la compagnie est devenue synonyme de fiabilit\u00e9 et de performance. La gamme de produits d\u2019ENERCON varie de 800 kW \u00e0 5,5 MW. \u00c0 ce jour, la compagnie a install\u00e9 plus de 31 400 \u00e9oliennes dans le monde entier, ce qui repr\u00e9sente une capacit\u00e9 totale de 57 GW. Avec son si\u00e8ge social nord-am\u00e9ricain \u00e0 Montr\u00e9al (Qu\u00e9bec), des centres de service d\u2019un oc\u00e9an \u00e0 l\u2019autre, ainsi qu\u2019un entrep\u00f4t et un centre de formation accr\u00e9dit\u00e9 \u00e0 Boucherville (Qu\u00e9bec), ENERCON occupe une place importante sur le march\u00e9 canadien depuis ses d\u00e9buts en 2001. L\u2019entreprise repr\u00e9sente actuellement plus de 2 400 MW de capacit\u00e9 install\u00e9e \u00e0 travers huit provinces et territoires \u00e0 travers le Canada.<\/p>\n\n\n\n<p>Envoyez votre candidature \u00e0 : <a href=\"mailto:recrutement-canada@enercon.de\" target=\"_blank\" rel=\"noreferrer noopener\">recrutement-canada@enercon.de<\/a><\/p>\n\n\n\n<p>Seuls les candidats (es) s\u00e9lectionn\u00e9s seront contact\u00e9s.<\/p>\n\n\n\n<p>*Le masculin est utilis\u00e9 uniquement dans le but d\u2019all\u00e9ger le texte.<\/p>\n","protected":false},"excerpt":{"rendered":"<p>Lieu [&hellip;]<\/p>\n","protected":false},"author":1173,"featured_media":0,"parent":1407,"menu_order":101,"comment_status":"closed","ping_status":"closed","template":"","meta":{"_acf_changed":false,"_eb_attr":"","_uag_custom_page_level_css":"","footnotes":""},"tags":[],"class_list":["post-12023","page","type-page","status-publish","hentry"],"acf":[],"uagb_featured_image_src":{"full":false,"thumbnail":false,"medium":false,"medium_large":false,"large":false,"1536x1536":false,"2048x2048":false,"alm-thumbnail":false,"alm-cta":false,"alm-gallery":false,"news-img-2x":false,"news-img":false,"gform-image-choice-sm":false,"gform-image-choice-md":false,"gform-image-choice-lg":false},"uagb_author_info":{"display_name":"Lauren Scott","author_link":"https:\/\/renewablesassociation.ca\/fr\/author\/4f2bdac1-c935-4a21-87ce-25cf41f96e7f\/"},"uagb_comment_info":0,"uagb_excerpt":"Lieu [&hellip;]","_links":{"self":[{"href":"https:\/\/renewablesassociation.ca\/fr\/wp-json\/wp\/v2\/pages\/12023","targetHints":{"allow":["GET"]}}],"collection":[{"href":"https:\/\/renewablesassociation.ca\/fr\/wp-json\/wp\/v2\/pages"}],"about":[{"href":"https:\/\/renewablesassociation.ca\/fr\/wp-json\/wp\/v2\/types\/page"}],"author":[{"embeddable":true,"href":"https:\/\/renewablesassociation.ca\/fr\/wp-json\/wp\/v2\/users\/1173"}],"replies":[{"embeddable":true,"href":"https:\/\/renewablesassociation.ca\/fr\/wp-json\/wp\/v2\/comments?post=12023"}],"version-history":[{"count":1,"href":"https:\/\/renewablesassociation.ca\/fr\/wp-json\/wp\/v2\/pages\/12023\/revisions"}],"predecessor-version":[{"id":12024,"href":"https:\/\/renewablesassociation.ca\/fr\/wp-json\/wp\/v2\/pages\/12023\/revisions\/12024"}],"up":[{"embeddable":true,"href":"https:\/\/renewablesassociation.ca\/fr\/wp-json\/wp\/v2\/pages\/1407"}],"wp:attachment":[{"href":"https:\/\/renewablesassociation.ca\/fr\/wp-json\/wp\/v2\/media?parent=12023"}],"wp:term":[{"taxonomy":"post_tag","embeddable":true,"href":"https:\/\/renewablesassociation.ca\/fr\/wp-json\/wp\/v2\/tags?post=12023"}],"curies":[{"name":"wp","href":"https:\/\/api.w.org\/{rel}","templated":true}]}}