{"id":11688,"date":"2022-05-30T11:38:09","date_gmt":"2022-05-30T15:38:09","guid":{"rendered":"https:\/\/renewablesassociation.ca\/?page_id=11688"},"modified":"2025-05-29T11:19:27","modified_gmt":"2025-05-29T15:19:27","slug":"integration-au-reseau-2","status":"publish","type":"page","link":"https:\/\/renewablesassociation.ca\/fr\/integration-au-reseau-2\/","title":{"rendered":"Programme d\u2019int\u00e9gration au r\u00e9seau \u00e9lectrique"},"content":{"rendered":"\n<p>Le programme d\u2019int\u00e9gration au r\u00e9seau \u00e9lectrique de CanREA, lanc\u00e9 en 2025, vise \u00e0 acc\u00e9l\u00e9rer la transition \u00e9nerg\u00e9tique en appuyant l\u2019int\u00e9gration d\u2019\u00e9lectricit\u00e9 propre, abordable et fiable aux r\u00e9seaux du Canada. Le programme est con\u00e7u pour les services d\u2019\u00e9lectricit\u00e9 du pays et pour un groupe d\u2019organisations \u00e9largi cherchant \u00e0 int\u00e9grer l\u2019\u00e9nergie renouvelable et le stockage de l\u2019\u00e9nergie aux r\u00e9seaux canadiens, soit&nbsp;:<\/p>\n\n\n\n<ul class=\"wp-block-list\">\n<li>les gouvernements (municipalit\u00e9s, provinces, organismes f\u00e9d\u00e9raux, etc.);<\/li>\n\n\n\n<li>les autorit\u00e9s de r\u00e9glementation;<\/li>\n\n\n\n<li>les gestionnaires de r\u00e9seaux ind\u00e9pendants;<\/li>\n\n\n\n<li>les distributeurs et les ONG.<\/li>\n<\/ul>\n\n\n\n<p>Le programme d\u2019int\u00e9gration au r\u00e9seau \u00e9lectrique est issu du Centre de transition \u00e9lectrique de CanREA (2022-2025), qui avait r\u00e9ussi \u00e0 rassembler fournisseurs de services publics d\u2019\u00e9lectricit\u00e9 et op\u00e9rateurs de r\u00e9seaux pour renforcer les capacit\u00e9s n\u00e9cessaires aux projets d\u2019\u00e9nergies renouvelables et de modernisation du r\u00e9seau au Canada. Le Centre \u00e9tait un programme ind\u00e9pendant de CanREA financ\u00e9 par Ressources naturelles Canada par l\u2019entremise du Programme des \u00e9nergies renouvelables intelligentes et de trajectoires d\u2019\u00e9lectrification (ERITE).<strong> <\/strong><a href=\"https:\/\/renewablesassociation.ca\/fr\/?p=13194\" target=\"_blank\" rel=\"noreferrer noopener\">Lire le communiqu\u00e9 original annon\u00e7ant le financement<\/a>.<\/p>\n\n\n\n<p>Le programme d\u2019int\u00e9gration au r\u00e9seau \u00e9lectrique reprend les progr\u00e8s, le partage de connaissance et le travail de mobilisation issus des trois ann\u00e9es d\u2019activit\u00e9 du Centre et les combine avec tous les avantages de l\u2019adh\u00e9sion \u00e0 CanREA&nbsp;:<\/p>\n\n\n\n<ul class=\"wp-block-list\">\n<li>R\u00e9unions r\u00e9guli\u00e8res du programme (environ huit par ann\u00e9e)<\/li>\n\n\n\n<li>Soutien offert par le personnel sp\u00e9cialement assign\u00e9 de CanREA<\/li>\n\n\n\n<li>Infolettre trimestrielle du programme<\/li>\n\n\n\n<li>Acc\u00e8s aux programmes d\u2019\u00e9nergie solaire et de stockage en aval de CanREA<\/li>\n\n\n\n<li>Infolettres et communiqu\u00e9s de presse r\u00e9guliers de CanREA sur les politiques et le march\u00e9<\/li>\n\n\n\n<li>Rapports sommaires annuels sur les donn\u00e9es<\/li>\n\n\n\n<li>Rabais sur les \u00e9v\u00e9nements<\/li>\n\n\n\n<li>Acc\u00e8s \u00e0 la biblioth\u00e8que du Centre de transition \u00e9lectrique, le d\u00e9p\u00f4t num\u00e9rique de CanREA pour les renseignements et les pratiques exemplaires<\/li>\n<\/ul>\n\n\n\n<p>La biblioth\u00e8que du Centre de transition \u00e9lectrique est le d\u00e9p\u00f4t central de CanREA pour les rapports, les articles, les nouvelles, les \u00e9v\u00e9nements et le contenu sur la transition \u00e9nerg\u00e9tique. Les membres ont un acc\u00e8s exclusif \u00e0 des milliers de ressources sur des sujets techniques, r\u00e9glementaires et commerciaux, s\u00e9lectionn\u00e9es, organis\u00e9es et \u00e9tiquet\u00e9es pour la facilit\u00e9 de recherche, y compris du contenu original, des web\u00e9missions enregistr\u00e9es et des outils interactifs.<\/p>\n\n\n\n<p>Nous invitons tous les services publics, les gouvernements (municipaux, provinciaux et f\u00e9d\u00e9ral), les autorit\u00e9s de r\u00e9glementation, les gestionnaires de r\u00e9seaux ind\u00e9pendants, les distributeurs et les ONG du Canada \u00e0 se joindre au programme d\u2019int\u00e9gration au r\u00e9seau \u00e9lectrique.<\/p>\n\n\n\n<p>Pour en savoir plus, <a href=\"https:\/\/renewablesassociation.ca\/fr\/?page_id=1389\" target=\"_blank\" rel=\"noreferrer noopener\">visitez la page d\u2019adh\u00e9sion \u00e0 CanREA<\/a> au ou <a href=\"mailto:members@renewablesassociation.ca\">communiquez avec notre \u00e9quipe des services aux membres<\/a>.<\/p>\n\n\n\n<p>Ensemble, nous pouvons aider \u00e0 acc\u00e9l\u00e9rer l\u2019int\u00e9gration d\u2019\u00e9lectricit\u00e9 abordable, fiable et propre aux r\u00e9seaux canadiens.<\/p>\n\n\n\n<div class=\"wp-block-buttons is-layout-flex wp-block-buttons-is-layout-flex\">\n<div class=\"wp-block-button\"><a class=\"wp-block-button__link wp-element-button\" href=\"https:\/\/renewablesassociation.ca\/fr\/?page_id=1389\" target=\"_blank\" rel=\"noreferrer noopener\"><strong>Informez-vous sur l\u2019adh\u00e9sion au programme!<\/strong><\/a><\/div>\n<\/div>\n\n\n\n<p><\/p>\n","protected":false},"excerpt":{"rendered":"<p>Le programme d\u2019int\u00e9gration au r\u00e9seau \u00e9lectrique de CanREA vise \u00e0 acc\u00e9l\u00e9rer la transition \u00e9nerg\u00e9tique en appuyant l\u2019int\u00e9gration d\u2019\u00e9lectricit\u00e9 propre, abordable et fiable aux r\u00e9seaux canadiens. Il est con\u00e7u pour les services d\u2019\u00e9lectricit\u00e9 publics, les gouvernements (municipaux, provinciaux et f\u00e9d\u00e9ral), les autorit\u00e9s de r\u00e9glementation, les gestionnaires de r\u00e9seaux ind\u00e9pendants, les distributeurs et les ONG du Canada.<\/p>\n","protected":false},"author":1582,"featured_media":23092,"parent":0,"menu_order":167,"comment_status":"closed","ping_status":"closed","template":"","meta":{"_acf_changed":false,"_eb_attr":"","_uag_custom_page_level_css":"","footnotes":""},"tags":[435,433],"class_list":["post-11688","page","type-page","status-publish","has-post-thumbnail","hentry","tag-centredetransition","tag-servicespublics"],"acf":[],"uagb_featured_image_src":{"full":["https:\/\/renewablesassociation.ca\/wp-content\/uploads\/2025\/05\/GRID-Logo-ONLY-IMAGE-with-white-background-1.png",1024,600,false],"thumbnail":["https:\/\/renewablesassociation.ca\/wp-content\/uploads\/2025\/05\/GRID-Logo-ONLY-IMAGE-with-white-background-1-150x150.png",150,150,true],"medium":["https:\/\/renewablesassociation.ca\/wp-content\/uploads\/2025\/05\/GRID-Logo-ONLY-IMAGE-with-white-background-1-300x176.png",300,176,true],"medium_large":["https:\/\/renewablesassociation.ca\/wp-content\/uploads\/2025\/05\/GRID-Logo-ONLY-IMAGE-with-white-background-1-768x450.png",768,450,true],"large":["https:\/\/renewablesassociation.ca\/wp-content\/uploads\/2025\/05\/GRID-Logo-ONLY-IMAGE-with-white-background-1.png",1024,600,false],"1536x1536":["https:\/\/renewablesassociation.ca\/wp-content\/uploads\/2025\/05\/GRID-Logo-ONLY-IMAGE-with-white-background-1.png",1024,600,false],"2048x2048":["https:\/\/renewablesassociation.ca\/wp-content\/uploads\/2025\/05\/GRID-Logo-ONLY-IMAGE-with-white-background-1.png",1024,600,false],"alm-thumbnail":["https:\/\/renewablesassociation.ca\/wp-content\/uploads\/2025\/05\/GRID-Logo-ONLY-IMAGE-with-white-background-1-150x150.png",150,150,true],"alm-cta":["https:\/\/renewablesassociation.ca\/wp-content\/uploads\/2025\/05\/GRID-Logo-ONLY-IMAGE-with-white-background-1-800x450.png",800,450,true],"alm-gallery":["https:\/\/renewablesassociation.ca\/wp-content\/uploads\/2025\/05\/GRID-Logo-ONLY-IMAGE-with-white-background-1-800x600.png",800,600,true],"news-img-2x":["https:\/\/renewablesassociation.ca\/wp-content\/uploads\/2025\/05\/GRID-Logo-ONLY-IMAGE-with-white-background-1.png",1024,600,false],"news-img":["https:\/\/renewablesassociation.ca\/wp-content\/uploads\/2025\/05\/GRID-Logo-ONLY-IMAGE-with-white-background-1-690x515.png",690,515,true],"gform-image-choice-sm":["https:\/\/renewablesassociation.ca\/wp-content\/uploads\/2025\/05\/GRID-Logo-ONLY-IMAGE-with-white-background-1.png",300,176,false],"gform-image-choice-md":["https:\/\/renewablesassociation.ca\/wp-content\/uploads\/2025\/05\/GRID-Logo-ONLY-IMAGE-with-white-background-1.png",400,234,false],"gform-image-choice-lg":["https:\/\/renewablesassociation.ca\/wp-content\/uploads\/2025\/05\/GRID-Logo-ONLY-IMAGE-with-white-background-1.png",600,352,false]},"uagb_author_info":{"display_name":"Melissa McDougall","author_link":"https:\/\/renewablesassociation.ca\/fr\/author\/bff89ed1-c4f1-4277-9caa-d943ba5a306a\/"},"uagb_comment_info":0,"uagb_excerpt":"Le programme d\u2019int\u00e9gration au r\u00e9seau \u00e9lectrique de CanREA vise \u00e0 acc\u00e9l\u00e9rer la transition \u00e9nerg\u00e9tique en appuyant l\u2019int\u00e9gration d\u2019\u00e9lectricit\u00e9 propre, abordable et fiable aux r\u00e9seaux canadiens. Il est con\u00e7u pour les services d\u2019\u00e9lectricit\u00e9 publics, les gouvernements (municipaux, provinciaux et f\u00e9d\u00e9ral), les autorit\u00e9s de r\u00e9glementation, les gestionnaires de r\u00e9seaux ind\u00e9pendants, les distributeurs et les ONG du Canada.","_links":{"self":[{"href":"https:\/\/renewablesassociation.ca\/fr\/wp-json\/wp\/v2\/pages\/11688","targetHints":{"allow":["GET"]}}],"collection":[{"href":"https:\/\/renewablesassociation.ca\/fr\/wp-json\/wp\/v2\/pages"}],"about":[{"href":"https:\/\/renewablesassociation.ca\/fr\/wp-json\/wp\/v2\/types\/page"}],"author":[{"embeddable":true,"href":"https:\/\/renewablesassociation.ca\/fr\/wp-json\/wp\/v2\/users\/1582"}],"replies":[{"embeddable":true,"href":"https:\/\/renewablesassociation.ca\/fr\/wp-json\/wp\/v2\/comments?post=11688"}],"version-history":[{"count":15,"href":"https:\/\/renewablesassociation.ca\/fr\/wp-json\/wp\/v2\/pages\/11688\/revisions"}],"predecessor-version":[{"id":23094,"href":"https:\/\/renewablesassociation.ca\/fr\/wp-json\/wp\/v2\/pages\/11688\/revisions\/23094"}],"wp:featuredmedia":[{"embeddable":true,"href":"https:\/\/renewablesassociation.ca\/fr\/wp-json\/wp\/v2\/media\/23092"}],"wp:attachment":[{"href":"https:\/\/renewablesassociation.ca\/fr\/wp-json\/wp\/v2\/media?parent=11688"}],"wp:term":[{"taxonomy":"post_tag","embeddable":true,"href":"https:\/\/renewablesassociation.ca\/fr\/wp-json\/wp\/v2\/tags?post=11688"}],"curies":[{"name":"wp","href":"https:\/\/api.w.org\/{rel}","templated":true}]}}